{"id":7083,"date":"2024-12-16T12:20:46","date_gmt":"2024-12-16T10:20:46","guid":{"rendered":"https:\/\/klaasikunst.ee\/?page_id=7083"},"modified":"2026-02-17T13:00:23","modified_gmt":"2026-02-17T11:00:23","slug":"elle-kannike","status":"publish","type":"page","link":"https:\/\/klaasikunst.ee\/?page_id=7083","title":{"rendered":"Elle Kannike"},"content":{"rendered":"<p><a href=\"http:\/\/klaasikunst.ee\/wp-content\/uploads\/2026\/02\/elle-768x632-1.webp\"><img loading=\"lazy\" decoding=\"async\" class=\"alignright size-medium wp-image-7651\" src=\"http:\/\/klaasikunst.ee\/wp-content\/uploads\/2026\/02\/elle-768x632-1-300x247.webp\" alt=\"\" width=\"300\" height=\"247\" srcset=\"https:\/\/klaasikunst.ee\/wp-content\/uploads\/2026\/02\/elle-768x632-1-300x247.webp 300w, https:\/\/klaasikunst.ee\/wp-content\/uploads\/2026\/02\/elle-768x632-1-624x514.webp 624w, https:\/\/klaasikunst.ee\/wp-content\/uploads\/2026\/02\/elle-768x632-1.webp 768w\" sizes=\"auto, (max-width: 300px) 100vw, 300px\" \/><\/a>Elle Kannike (s 1980) on Tallinnas elav ja t\u00f6\u00f6tav klaasi- ja mosaiigikunstnik. Teda intrigeerib k\u00fcsimus, kuidas peab kunstnik ennast \u00fcmber m\u00f5testama homses post-antropotsentrilises maailmas. 2024. aastal l\u00f5petas Kannike Eesti kunstiakadeemias magistriastmes disaini ja rakenduskunsti eriala (cum laude), kus tema praktika keskmes oli klaasi agentsuse uurimine. 2023. a Kannikese isikun\u00e4itus \u201cKeelen\u00e4itajad\u201d galeriis OKAPI k\u00e4sitles inimese p\u00f5hjustatud keskkonnamuutusi ning t\u00f5stis fookusesse inimese ja vee vahelisi suhteid. 2025.\/2026. a isikun\u00e4itus \u201cPol\u00fcloog: Pidup\u00e4ev\u201d galeriis OKAPI uuris koosloome v\u00f5imalusi materjaliga, n\u00e4ituse raames olid erinevatel klaasekraanidel ja klaasskulptuuride sees eksponeeritud videod seeriast \u201cAgentsed klaasmaastikud\u201d. Elle Kannike on rahvusvahelise kaasaegsete mosaiigikunstnike assotsiatsiooni AIMC liige, samuti kuulub ta Eesti klaasikunstnike \u00fchendusse.<\/p>\n<p>Koduleht: <a href=\"https:\/\/www.ellekannike.ee\" target=\"_blank\" rel=\"noopener\">https:\/\/www.ellekannike.ee<\/a><\/p>\n\n\t\t<style type=\"text\/css\">\n\t\t\t#gallery-1 {\n\t\t\t\tmargin: auto;\n\t\t\t}\n\t\t\t#gallery-1 .gallery-item {\n\t\t\t\tfloat: left;\n\t\t\t\tmargin-top: 10px;\n\t\t\t\ttext-align: center;\n\t\t\t\twidth: 20%;\n\t\t\t}\n\t\t\t#gallery-1 img {\n\t\t\t\tborder: 2px solid #cfcfcf;\n\t\t\t}\n\t\t\t#gallery-1 .gallery-caption {\n\t\t\t\tmargin-left: 0;\n\t\t\t}\n\t\t\t\/* see gallery_shortcode() in wp-includes\/media.php *\/\n\t\t<\/style>\n\t\t<div id='gallery-1' class='gallery galleryid-7083 gallery-columns-5 gallery-size-thumbnail'><dl class='gallery-item'>\n\t\t\t<dt class='gallery-icon portrait'>\n\t\t\t\t<a href='https:\/\/klaasikunst.ee\/wp-content\/uploads\/2025\/12\/PXL_20251204_172140821.jpg'><img loading=\"lazy\" decoding=\"async\" width=\"150\" height=\"150\" src=\"https:\/\/klaasikunst.ee\/wp-content\/uploads\/2025\/12\/PXL_20251204_172140821-150x150.jpg\" class=\"attachment-thumbnail size-thumbnail\" alt=\"\" \/><\/a>\n\t\t\t<\/dt><\/dl><dl class='gallery-item'>\n\t\t\t<dt class='gallery-icon portrait'>\n\t\t\t\t<a href='https:\/\/klaasikunst.ee\/wp-content\/uploads\/2025\/12\/PXL_20251204_172124157.jpg'><img loading=\"lazy\" decoding=\"async\" width=\"150\" height=\"150\" src=\"https:\/\/klaasikunst.ee\/wp-content\/uploads\/2025\/12\/PXL_20251204_172124157-150x150.jpg\" class=\"attachment-thumbnail size-thumbnail\" alt=\"\" \/><\/a>\n\t\t\t<\/dt><\/dl><dl class='gallery-item'>\n\t\t\t<dt class='gallery-icon portrait'>\n\t\t\t\t<a href='https:\/\/klaasikunst.ee\/wp-content\/uploads\/2025\/12\/PXL_20251204_172119374.jpg'><img loading=\"lazy\" decoding=\"async\" width=\"150\" height=\"150\" src=\"https:\/\/klaasikunst.ee\/wp-content\/uploads\/2025\/12\/PXL_20251204_172119374-150x150.jpg\" class=\"attachment-thumbnail size-thumbnail\" alt=\"\" \/><\/a>\n\t\t\t<\/dt><\/dl><dl class='gallery-item'>\n\t\t\t<dt class='gallery-icon portrait'>\n\t\t\t\t<a href='https:\/\/klaasikunst.ee\/wp-content\/uploads\/2025\/12\/PXL_20251204_172037972.jpg'><img loading=\"lazy\" decoding=\"async\" width=\"150\" height=\"150\" src=\"https:\/\/klaasikunst.ee\/wp-content\/uploads\/2025\/12\/PXL_20251204_172037972-150x150.jpg\" class=\"attachment-thumbnail size-thumbnail\" alt=\"\" \/><\/a>\n\t\t\t<\/dt><\/dl><dl class='gallery-item'>\n\t\t\t<dt class='gallery-icon portrait'>\n\t\t\t\t<a href='https:\/\/klaasikunst.ee\/wp-content\/uploads\/2025\/12\/PXL_20251204_172026914.jpg'><img loading=\"lazy\" decoding=\"async\" width=\"150\" height=\"150\" src=\"https:\/\/klaasikunst.ee\/wp-content\/uploads\/2025\/12\/PXL_20251204_172026914-150x150.jpg\" class=\"attachment-thumbnail size-thumbnail\" alt=\"\" \/><\/a>\n\t\t\t<\/dt><\/dl><br style=\"clear: both\" \/><dl class='gallery-item'>\n\t\t\t<dt class='gallery-icon portrait'>\n\t\t\t\t<a href='https:\/\/klaasikunst.ee\/wp-content\/uploads\/2025\/12\/IMG-20251208-WA0017.jpg'><img loading=\"lazy\" decoding=\"async\" width=\"150\" height=\"150\" src=\"https:\/\/klaasikunst.ee\/wp-content\/uploads\/2025\/12\/IMG-20251208-WA0017-150x150.jpg\" class=\"attachment-thumbnail size-thumbnail\" alt=\"\" \/><\/a>\n\t\t\t<\/dt><\/dl><dl class='gallery-item'>\n\t\t\t<dt class='gallery-icon portrait'>\n\t\t\t\t<a href='https:\/\/klaasikunst.ee\/wp-content\/uploads\/2025\/12\/IMG-20251208-WA0009.jpg'><img loading=\"lazy\" decoding=\"async\" width=\"150\" height=\"150\" src=\"https:\/\/klaasikunst.ee\/wp-content\/uploads\/2025\/12\/IMG-20251208-WA0009-150x150.jpg\" class=\"attachment-thumbnail size-thumbnail\" alt=\"\" \/><\/a>\n\t\t\t<\/dt><\/dl><dl class='gallery-item'>\n\t\t\t<dt class='gallery-icon landscape'>\n\t\t\t\t<a href='https:\/\/klaasikunst.ee\/wp-content\/uploads\/2025\/12\/DSC4391.jpg'><img loading=\"lazy\" decoding=\"async\" width=\"150\" height=\"150\" src=\"https:\/\/klaasikunst.ee\/wp-content\/uploads\/2025\/12\/DSC4391-150x150.jpg\" class=\"attachment-thumbnail size-thumbnail\" alt=\"\" \/><\/a>\n\t\t\t<\/dt><\/dl><dl class='gallery-item'>\n\t\t\t<dt class='gallery-icon landscape'>\n\t\t\t\t<a href='https:\/\/klaasikunst.ee\/wp-content\/uploads\/2025\/12\/DSC4344.jpg'><img loading=\"lazy\" decoding=\"async\" width=\"150\" height=\"150\" src=\"https:\/\/klaasikunst.ee\/wp-content\/uploads\/2025\/12\/DSC4344-150x150.jpg\" class=\"attachment-thumbnail size-thumbnail\" alt=\"\" \/><\/a>\n\t\t\t<\/dt><\/dl><dl class='gallery-item'>\n\t\t\t<dt class='gallery-icon landscape'>\n\t\t\t\t<a href='https:\/\/klaasikunst.ee\/wp-content\/uploads\/2025\/12\/DSC4337.jpg'><img loading=\"lazy\" decoding=\"async\" width=\"150\" height=\"150\" src=\"https:\/\/klaasikunst.ee\/wp-content\/uploads\/2025\/12\/DSC4337-150x150.jpg\" class=\"attachment-thumbnail size-thumbnail\" alt=\"\" \/><\/a>\n\t\t\t<\/dt><\/dl><br style=\"clear: both\" \/><dl class='gallery-item'>\n\t\t\t<dt class='gallery-icon landscape'>\n\t\t\t\t<a href='https:\/\/klaasikunst.ee\/wp-content\/uploads\/2025\/12\/DSC4333.jpg'><img loading=\"lazy\" decoding=\"async\" width=\"150\" height=\"150\" src=\"https:\/\/klaasikunst.ee\/wp-content\/uploads\/2025\/12\/DSC4333-150x150.jpg\" class=\"attachment-thumbnail size-thumbnail\" alt=\"\" \/><\/a>\n\t\t\t<\/dt><\/dl>\n\t\t\t<br style='clear: both' \/>\n\t\t<\/div>\n\n","protected":false},"excerpt":{"rendered":"<p>Elle Kannike (s 1980) on Tallinnas elav ja t\u00f6\u00f6tav klaasi- ja mosaiigikunstnik. Teda intrigeerib k\u00fcsimus, kuidas peab kunstnik ennast \u00fcmber m\u00f5testama homses post-antropotsentrilises maailmas. 2024. aastal l\u00f5petas Kannike Eesti kunstiakadeemias magistriastmes disaini ja rakenduskunsti eriala (cum laude), kus tema praktika keskmes oli klaasi agentsuse uurimine. 2023. a Kannikese isikun\u00e4itus \u201cKeelen\u00e4itajad\u201d galeriis OKAPI k\u00e4sitles inimese p\u00f5hjustatud [&hellip;]<\/p>\n","protected":false},"author":1,"featured_media":0,"parent":154,"menu_order":0,"comment_status":"closed","ping_status":"closed","template":"","meta":{"footnotes":""},"class_list":["post-7083","page","type-page","status-publish","hentry"],"aioseo_notices":[],"_links":{"self":[{"href":"https:\/\/klaasikunst.ee\/index.php?rest_route=\/wp\/v2\/pages\/7083","targetHints":{"allow":["GET"]}}],"collection":[{"href":"https:\/\/klaasikunst.ee\/index.php?rest_route=\/wp\/v2\/pages"}],"about":[{"href":"https:\/\/klaasikunst.ee\/index.php?rest_route=\/wp\/v2\/types\/page"}],"author":[{"embeddable":true,"href":"https:\/\/klaasikunst.ee\/index.php?rest_route=\/wp\/v2\/users\/1"}],"replies":[{"embeddable":true,"href":"https:\/\/klaasikunst.ee\/index.php?rest_route=%2Fwp%2Fv2%2Fcomments&post=7083"}],"version-history":[{"count":6,"href":"https:\/\/klaasikunst.ee\/index.php?rest_route=\/wp\/v2\/pages\/7083\/revisions"}],"predecessor-version":[{"id":7652,"href":"https:\/\/klaasikunst.ee\/index.php?rest_route=\/wp\/v2\/pages\/7083\/revisions\/7652"}],"up":[{"embeddable":true,"href":"https:\/\/klaasikunst.ee\/index.php?rest_route=\/wp\/v2\/pages\/154"}],"wp:attachment":[{"href":"https:\/\/klaasikunst.ee\/index.php?rest_route=%2Fwp%2Fv2%2Fmedia&parent=7083"}],"curies":[{"name":"wp","href":"https:\/\/api.w.org\/{rel}","templated":true}]}}