{"id":7,"date":"2013-10-26T13:37:44","date_gmt":"2013-10-26T13:37:44","guid":{"rendered":"http:\/\/klaasikunst.ee\/?page_id=7"},"modified":"2023-12-13T18:53:15","modified_gmt":"2023-12-13T16:53:15","slug":"pohikiri","status":"publish","type":"page","link":"https:\/\/klaasikunst.ee\/?page_id=7","title":{"rendered":"Eesti Klaasikunstnike \u00dchenduse p\u00f5hikiri"},"content":{"rendered":"<p><b>MT\u00dc <\/b><b>Eesti Klaasikunstnike \u00dchendus p\u00f5hikiri<\/b><\/p>\n<p>Mittetulundus\u00fchingu \u201cEesti Klaasikunstnike \u00dchendus\u201d (edaspidi: \u201c\u00dchendus\u201d) p\u00f5hikiri on\u00a0kinnitatud 10.12.2001.aastal, muudetud 28.12.2022. aastal.<\/p>\n<p><b>I \u00dclds\u00e4tted, \u00dchenduse nimi, asukoht ja majandusaasta<\/b><\/p>\n<p>1.1. \u00dchendus on professionaalsete klaasikunstnike vabatahtlik, loominguline ja\u00a0mittetulunduslik \u00fchendus.<\/p>\n<p>1.2. \u00dchendus on juriidiline isik, mis juhindub oma tegevuses Eesti Vabariigis kehtivast\u00a0seadusandlusest, k\u00e4esolevast p\u00f5hikirjast ja juhtorganite otsustest.<\/p>\n<p>1.3. \u00dchendus on Eesti Kunstnike Liidu Klaasikunstnike sektori \u00f5igusj\u00e4rglane ning Eesti\u00a0Kunstnike Liidu liikmesorganisatsioon.<\/p>\n<p>1.4. \u00dchenduse ametlik nimi on Eesti Klaasikunstnike \u00dchendus.<\/p>\n<p>1.5. \u00dchenduse asukohaks on Vabaduse v\u00e4ljak 6, Tallinn, Eesti Vabariik.<\/p>\n<p>1.6. \u00dchenduse majandusaasta algab 1. jaanuaril ja l\u00f5peb 31. detsembril.<\/p>\n<p>1.7. \u00dchendus on asutatud t\u00e4htajatult.<\/p>\n<p><b>II \u00dchenduse eesm\u00e4rgid<\/b><\/p>\n<p>2.1. \u00dchenduse eesm\u00e4rgiks on:<\/p>\n<p>-1. Eesti klaasikunsti edendamine;<\/p>\n<p>-2. kunstniku moraalse, juriidilise ja materiaalse seisundi kaitsmine ja parandamine;<\/p>\n<p>-3. oma liikmetele esinemisv\u00f5imaluste loomine;<\/p>\n<p>-4. informatsiooni kogumine ja vahetamine, mis on seotud kunstnike t\u00f6\u00f6 ja vahetusega;<\/p>\n<p>-5. erialaste kontaktide loomine ja koost\u00f6\u00f6 arendamine erinevate organisatsioonide ja\u00a0kunstnike vahel nii kodu- kui ka v\u00e4lismaal.<\/p>\n<p><b>III \u00dchenduse liikmed, liikmeks vastuv\u00f5tmine, \u00dchendusest v\u00e4ljaastumise ja v\u00e4ljaarvamise tingimused ja kord<\/b><\/p>\n<p>3.1. \u00dchenduse liikmed jagunevad:<\/p>\n<p>-1. tegevliikmed;<\/p>\n<p>-2. auliikmed.<\/p>\n<p>3.2 Tegevliikmeks v\u00f5ib astuda vastava taotluse esitamisel ja kahe \/2\/ \u00dchenduse tegevliikme\u00a0soovitusel kunstnik, kes tegeleb professionaalse loometegevusga klaasikunsti valdkonnas.<\/p>\n<p>3.3. \u00dchenduse liikme vastuv\u00f5tmise otsustab \u00fcldkogu.<\/p>\n<p>3.4. Auliikmeks v\u00f5ib \u00dchenduse \u00fcldkogu \u00dchenduse juhatuse v\u00f5i v\u00e4hemalt kolme \u00dchenduse liikme ettepanekul valida:<\/p>\n<p>-1. teeneka klaasikunstniku;<\/p>\n<p>-2. isiku, kes ei tegutse aktiivselt klaasikunstnikuna, kuid toetab muul viisil oma tegevusega\u00a0Eesti klaasikunsti edendamist;<\/p>\n<p>-3. v\u00e4lisriigi klaasikunstniku.<\/p>\n<p>3.5. \u00dchendusest v\u00e4ljaastumiseks esitab liige \u00dchenduse juhatusele kirjaliku avalduse, mis j\u00f5ustub kolme \/3\/ kuu m\u00f6\u00f6dumisel avalduse esitamise p\u00e4evast.<\/p>\n<p>3.6. \u00dchenduse liikme v\u00f5ib \u00dchendusest v\u00e4lja arvata, kui:<\/p>\n<p>-1. \u00dchenduse liige ei ole viimase kolme aasta jooksul tasunud ilma m\u00f5juva p\u00f5hjuseta \u00fcldkogu\u00a0poolt kehtestatud liikmemaksu;<\/p>\n<p>-2. \u00dchenduse liige ei ole viimase kolme aasta jooksul osalenud ilma m\u00f5juva p\u00f5hjuseta \u00fchelgi\u00a0\u00dchenduse \u00fcldkogul v\u00f5i \u00dchenduse poolt korraldatud \u00fcritusel.<\/p>\n<p>3.7. \u00dchenduse liikme v\u00e4ljaarvamise otsustab \u00fcldkogu, teatades selle k\u00fcsimuse arutelust\u00a0v\u00e4ljaarvatavale liikmele kirjalikult v\u00e4hemalt kaks \/2\/ n\u00e4dalat enne \u00fcldkogu toimumist.\u00a0V\u00e4ljaarvataval \u00fchenduse liikmel on \u00f5igus osaleda s\u00f5na\u00f5igusega oma v\u00e4ljaarvamise k\u00fcsimuse arutamisel \u00fcldkogul.<\/p>\n<p><b>IV \u00dchenduse liikme \u00f5igused ja kohustused<\/b><\/p>\n<p>4.1. \u00dchenduse liikmel on \u00f5igus:<\/p>\n<p>-1. osaleda h\u00e4\u00e4le\u00f5igusega \u00dchenduse \u00fcldkogul;<\/p>\n<p>-2. valida ja olla valitud \u00dchenduse juhatusse, esimehe kohale v\u00f5i revisjonikomisjoni;<\/p>\n<p>-3. saada \u00fcldkogult ja juhatuselt informatsiooni \u00dchenduse tegevust puudutavates\u00a0k\u00fcsimustes,<\/p>\n<p>-4. teha ettepanekuid \u00dchenduse p\u00f5hikirja muutmiseks;<\/p>\n<p>-5. algatada \u00fcldkogu kokkukutsumise menetlust p\u00f5hikirjas s\u00e4testatud korras;<\/p>\n<p>-6. algatada projekte \u00dchenduse p\u00f5hikirjaliste eesm\u00e4rkide t\u00e4itmiseks.<\/p>\n<p>4.2. \u00dchenduse liige on kohustatud:<\/p>\n<p>-1. j\u00e4rgima k\u00e4esolevat p\u00f5hikirja ning t\u00e4itma \u00fcldkogu otsuseid;<\/p>\n<p>-2. tasuma \u00fcldkogu poolt kehtestatud liikmemaksu;<\/p>\n<p>-3. hoiduma k\u00e4itumisest, mis v\u00f5ib diskrediteerida \u00dchenduse mainet;<\/p>\n<p>-4. informeerima \u00dchendust oma kontaktandmete muutumisest.<\/p>\n<p>4.3 \u00dchenduse auliikmel puudub \u00f5igus algatada \u00fcldkogu kokkukutsumist, h\u00e4\u00e4le\u00f5igus \u00fcldkogul ning \u00f5igus olla valitud \u00dchenduse organitesse. Kui auliikme nimetus omistatakse \u00dchenduse liikmele, siis k\u00e4esolevas l\u00f5igus s\u00e4testatud piirangud tema kohta ei kehti.<span class=\"Apple-converted-space\">\u00a0<\/span><\/p>\n<p>4.4 \u00dchenduse auliikmel puudub kohustus tasuda liikmemaksu.<\/p>\n<p><b>V \u00dcldkogu<\/b><\/p>\n<p>5.1. \u00dchenduse k\u00f5rgeimaks organiks on \u00dchenduse liikmete \u00fcldkogu.<\/p>\n<p>5.2. \u00dchenduse liige v\u00f5ib volitada kirjalikult teist \u00dchenduse liiget ennast \u00fcldkogul esindama.<\/p>\n<p>5.3. \u00dchenduse \u00fcldkogu p\u00e4devuses on:<\/p>\n<p>-1. p\u00f5hikirja muutmine;<\/p>\n<p>-2. eesm\u00e4rgi muutmine;<\/p>\n<p>-3. juhatuse valimine;<\/p>\n<p>-4. esimehe valimine;<\/p>\n<p>-5. liikmete liikmemaksu suuruse ja tasumise korra kinnitamine;<\/p>\n<p>-6. otsuste vastuv\u00f5tmine k\u00f5igis \u00dchenduse tegevust puudutavates k\u00fcsimustes;<\/p>\n<p>-7. \u00dchenduse juhatuse aruande \u00e4rakuulamine ja hinnangu andmine;<\/p>\n<p>-8. revisjonitoimkonna aruande \u00e4rakuulamine.<\/p>\n<p>5.4. \u00dchenduse \u00fcldkogu kutsutakse kokku vastavalt vajadusele, kuid mitte harvem kui \u00fcks\u00a0kord aastas:<\/p>\n<p>-1. juhatuse poolt;<\/p>\n<p>-2. juhul kui seda n\u00f5uab v\u00e4hemalt \u00bc \u00dchenduse liikmetest.<\/p>\n<p>5.5. \u00dcldkogu kokkukutsumisest teatab juhataja v\u00e4hemalt kaks \/2\/ n\u00e4dalat enne \u00fcldkogu toimumist \u00dchenduse liikmetele \u00fcldkogu toimumise aja, koha ja p\u00e4evakorra.<\/p>\n<p>5.6. \u00dcldkogu on otsustusv\u00f5imeline, kui sellest v\u00f5tab osa v\u00f5i on esindatud v\u00e4hemalt 1\/3 \u00dchenduse tegevliikmetest. Kui \u00fcldkogu ei ole otsustusv\u00f5imeline, kutsub \u00dchenduse juhataja kolme \/3\/ n\u00e4dala jooksul kokku sama p\u00e4evakorraga uue \u00fcldkogu, mis on p\u00e4dev vastu v\u00f5tma otsuseid s\u00f5ltumata \u00fcldkogul osalevate v\u00f5i esindatud liikmete arvust, kui neid on rohkem kui kaks.<\/p>\n<p>5.7. \u00dcldkogu otsus on vastu v\u00f5etud, kui selle poolt h\u00e4\u00e4letab \u00fcle poole \u00fcldkogul osalenud\u00a0v\u00f5i esindatud \u00dchenduse liikmetest. Igal \u00dchenduse liikmel on otsuse vastu v\u00f5tmisel \u00fcks h\u00e4\u00e4l.<\/p>\n<p>5.8. \u00dchenduse p\u00f5hikirja muutmiseks on vaja, et muudatuse poolt h\u00e4\u00e4letaks v\u00e4hemalt 2\/3 \u00fcldkogul osalenud\u00a0v\u00f5i esindatud \u00dchenduse liikmetest. \u00dchenduse eesm\u00e4rgi muutmiseks on vajalik k\u00f5igi \u00dchenduse liikmete n\u00f5usolek, kusjuures \u00fcldkogul mitteosalenud liikmete n\u00f5usolek peab olema esitatud kirjalikult.<\/p>\n<p><b>VI Juhatus<\/b><\/p>\n<p>6.1. \u00dchenduse \u00fcldkogude vahelist tegevust juhib ja esindab juhatus.<\/p>\n<p>6.2. Juhatus juhindub oma tegevuses k\u00e4esolevast p\u00f5hikirjast ning \u00fcldkogu otsustest.<\/p>\n<p>6.3. Juhatus kinnitab eelarve ja tegevuskava ning t\u00e4idab neid.<\/p>\n<p>6.4. Juhatus koosneb \u00fcldkogu poolt valitud esimehest ja kahest esimehe poolt esitatud ja \u00fcldkogu poolt nimeliselt kinnitatud liikmest.<\/p>\n<p>6.5. Juhatus valitakse kaheks aastaks.<\/p>\n<p>6.6. Juhatuse koosolekud toimuvad vastavalt vajadusele, kuid mitte harvemini kui \u00fcks kord kvartalis. Juhatuse otsuse vastu v\u00f5tmiseks on vajalik juhatuse liikmete poolth\u00e4\u00e4lte enamus.<\/p>\n<p><b>VII Esimees<\/b><\/p>\n<p>7.1. \u00dchenduse esimees valitakse \u00fcldkogu poolt kaheks aastaks.<\/p>\n<p>7.2. Esimehe p\u00e4devuses on:<\/p>\n<p>-1. juhatuse koosolekute vahelisel ajal \u00dchenduse t\u00f6\u00f6 korraldamine;<\/p>\n<p>-2. juhatuse kokku kutsumine ja selle t\u00f6\u00f6 juhtimine;<\/p>\n<p>-3. \u00dchenduse esindamine seadusandlikes ja teistes riiklikes ning mitteriiklikes ja rahvusvahelistes asutustes ja organisatsioonides;<\/p>\n<p>-4. juhindumine oma tegevuses k\u00e4esolevast p\u00f5hikirjast;<\/p>\n<p>-5. informatsiooni hankimine ja vahendamine kunstnike staatust, \u00f5igusi ja materiaalseid huvisid puudutavates k\u00fcsimustes.<\/p>\n<p>7.3. Esimees k\u00e4sutab \u00dchenduse rahalisi vahendeid vastavalt \u00fcldkogu ja juhatuse otsustele.<\/p>\n<p>7.4. Esimees esitab \u00fcldkogul juhatuse aastaaruande.<\/p>\n<p><b>VIII Revisjonitoimkond<\/b><\/p>\n<p>8.1. Kaheliikmeline revisjonitoimkond valitakse \u00fcldkogu poolt kaheks aastaks.<\/p>\n<p>8.2. Toimkond tuleb kokku \u00fcks kord aastas.<\/p>\n<p>8.3. Toimkond esitab aruande \u00dchenduse tegevuse kohta \u00fcldkoosolekul kinnitamiseks.<\/p>\n<p><b>XI Rahalised vahendid. Raamatupidamine.<\/b><\/p>\n<p>9.1. \u00dchenduse rahalised vahendid moodustuvad:<\/p>\n<p>-1. liikmemaksudest;<\/p>\n<p>-2. annetustest, kingitustest;<\/p>\n<p>-3. eraldistest fondidelt, sihtkapitalidelt.<\/p>\n<p>9.2. \u00dchendus peab raamatupidamise arvestust ja maksab makse vastavalt kehtivale seadusandlusele.<\/p>\n<p><b>X \u00dchinemine. Likvideerimine.<\/b><\/p>\n<p>10.1 \u00dchenduse \u00fchinemine ja likvideerimine toimuvad seaduses s\u00e4testatud korras.<\/p>\n<p>10.2 \u00dchenduse tegevus l\u00f5petatakse \u00fcldkogu otsusega v\u00f5i ta lakkab olemast, kui koosolekuid ei ole kokku kutsutud viie \/5\/ aasta jooksul.<\/p>\n<p>10.3 \u00dchenduse likvideerimise korral antakse varad \u00fcle Eesti Kunstnike Liidule, mille liikmesorganisatsioon Eesti Klaasikunstnike \u00dchendus on.<\/p>\n","protected":false},"excerpt":{"rendered":"<p>MT\u00dc Eesti Klaasikunstnike \u00dchendus p\u00f5hikiri Mittetulundus\u00fchingu \u201cEesti Klaasikunstnike \u00dchendus\u201d (edaspidi: \u201c\u00dchendus\u201d) p\u00f5hikiri on\u00a0kinnitatud 10.12.2001.aastal, muudetud 28.12.2022. aastal. I \u00dclds\u00e4tted, \u00dchenduse nimi, asukoht ja majandusaasta 1.1. \u00dchendus on professionaalsete klaasikunstnike vabatahtlik, loominguline ja\u00a0mittetulunduslik \u00fchendus. 1.2. \u00dchendus on juriidiline isik, mis juhindub oma tegevuses Eesti Vabariigis kehtivast\u00a0seadusandlusest, k\u00e4esolevast p\u00f5hikirjast ja juhtorganite otsustest. 1.3. \u00dchendus on Eesti Kunstnike [&hellip;]<\/p>\n","protected":false},"author":1,"featured_media":0,"parent":4,"menu_order":0,"comment_status":"closed","ping_status":"closed","template":"","meta":{"footnotes":""},"class_list":["post-7","page","type-page","status-publish","hentry"],"aioseo_notices":[],"_links":{"self":[{"href":"https:\/\/klaasikunst.ee\/index.php?rest_route=\/wp\/v2\/pages\/7","targetHints":{"allow":["GET"]}}],"collection":[{"href":"https:\/\/klaasikunst.ee\/index.php?rest_route=\/wp\/v2\/pages"}],"about":[{"href":"https:\/\/klaasikunst.ee\/index.php?rest_route=\/wp\/v2\/types\/page"}],"author":[{"embeddable":true,"href":"https:\/\/klaasikunst.ee\/index.php?rest_route=\/wp\/v2\/users\/1"}],"replies":[{"embeddable":true,"href":"https:\/\/klaasikunst.ee\/index.php?rest_route=%2Fwp%2Fv2%2Fcomments&post=7"}],"version-history":[{"count":15,"href":"https:\/\/klaasikunst.ee\/index.php?rest_route=\/wp\/v2\/pages\/7\/revisions"}],"predecessor-version":[{"id":6499,"href":"https:\/\/klaasikunst.ee\/index.php?rest_route=\/wp\/v2\/pages\/7\/revisions\/6499"}],"up":[{"embeddable":true,"href":"https:\/\/klaasikunst.ee\/index.php?rest_route=\/wp\/v2\/pages\/4"}],"wp:attachment":[{"href":"https:\/\/klaasikunst.ee\/index.php?rest_route=%2Fwp%2Fv2%2Fmedia&parent=7"}],"curies":[{"name":"wp","href":"https:\/\/api.w.org\/{rel}","templated":true}]}}