{"id":6509,"date":"2023-12-13T19:05:24","date_gmt":"2023-12-13T17:05:24","guid":{"rendered":"https:\/\/klaasikunst.ee\/?page_id=6509"},"modified":"2025-11-12T14:29:01","modified_gmt":"2025-11-12T12:29:01","slug":"erki-kannus","status":"publish","type":"page","link":"https:\/\/klaasikunst.ee\/?page_id=6509","title":{"rendered":"Erki Kannus"},"content":{"rendered":"<p>Erki Kannus<br \/>\n<a href=\"https:\/\/erkikannus.raplakunst.eu\/\" target=\"_blank\" rel=\"nofollow noopener\">https:\/\/erkikannus.raplakunst.eu\/<\/a><br \/>\nE-mail: <a href=\"javascript:secureDecryptAndNavigate('9mKGcZ4iJdEl8WnFsr8i7Fnb8zJ+yrad+cWrY8g1VlP\/gWn+8CZeLgL2biaD3wnvkE47bRsVIxY2wNQUaVsY23CdcVs28B8\/cBKi\/Q==', '3676280a68af271c25ee9598e755fddfbbd9da6cbad6358d6a6319c7119140f6')\">erki [dot] kannus [at] gmail [dot] com<\/a><br \/>\nPhone: +372 56985131<\/p>\n<p>CV<br \/>\nBorn 23.05.1958 Tallinn, Estonia<br \/>\nStudied: 1977-1981 Estonian Art Academy, glass department<br \/>\nMember of the Estonian Artists\u2019 Union since 2019<br \/>\nMember of the Estonian Watercolour Society 2021<\/p>\n\n\t\t<style type=\"text\/css\">\n\t\t\t#gallery-1 {\n\t\t\t\tmargin: auto;\n\t\t\t}\n\t\t\t#gallery-1 .gallery-item {\n\t\t\t\tfloat: left;\n\t\t\t\tmargin-top: 10px;\n\t\t\t\ttext-align: center;\n\t\t\t\twidth: 25%;\n\t\t\t}\n\t\t\t#gallery-1 img {\n\t\t\t\tborder: 2px solid #cfcfcf;\n\t\t\t}\n\t\t\t#gallery-1 .gallery-caption {\n\t\t\t\tmargin-left: 0;\n\t\t\t}\n\t\t\t\/* see gallery_shortcode() in wp-includes\/media.php *\/\n\t\t<\/style>\n\t\t<div id='gallery-1' class='gallery galleryid-6509 gallery-columns-4 gallery-size-thumbnail'><dl class='gallery-item'>\n\t\t\t<dt class='gallery-icon portrait'>\n\t\t\t\t<a href='https:\/\/klaasikunst.ee\/wp-content\/uploads\/2023\/12\/velloklaasid.jpg'><img loading=\"lazy\" decoding=\"async\" width=\"150\" height=\"150\" src=\"https:\/\/klaasikunst.ee\/wp-content\/uploads\/2023\/12\/velloklaasid-150x150.jpg\" class=\"attachment-thumbnail size-thumbnail\" alt=\"\" \/><\/a>\n\t\t\t<\/dt><\/dl><dl class='gallery-item'>\n\t\t\t<dt class='gallery-icon portrait'>\n\t\t\t\t<a href='https:\/\/klaasikunst.ee\/wp-content\/uploads\/2023\/12\/lyps.jpg'><img loading=\"lazy\" decoding=\"async\" width=\"150\" height=\"150\" src=\"https:\/\/klaasikunst.ee\/wp-content\/uploads\/2023\/12\/lyps-150x150.jpg\" class=\"attachment-thumbnail size-thumbnail\" alt=\"\" \/><\/a>\n\t\t\t<\/dt><\/dl><dl class='gallery-item'>\n\t\t\t<dt class='gallery-icon landscape'>\n\t\t\t\t<a href='https:\/\/klaasikunst.ee\/wp-content\/uploads\/2023\/12\/156474031_10224762716644856_4619947814585727620_o.jpg'><img loading=\"lazy\" decoding=\"async\" width=\"150\" height=\"150\" src=\"https:\/\/klaasikunst.ee\/wp-content\/uploads\/2023\/12\/156474031_10224762716644856_4619947814585727620_o-150x150.jpg\" class=\"attachment-thumbnail size-thumbnail\" alt=\"\" \/><\/a>\n\t\t\t<\/dt><\/dl><dl class='gallery-item'>\n\t\t\t<dt class='gallery-icon landscape'>\n\t\t\t\t<a href='https:\/\/klaasikunst.ee\/wp-content\/uploads\/2023\/12\/klaasipliit.jpg'><img loading=\"lazy\" decoding=\"async\" width=\"150\" height=\"150\" src=\"https:\/\/klaasikunst.ee\/wp-content\/uploads\/2023\/12\/klaasipliit-150x150.jpg\" class=\"attachment-thumbnail size-thumbnail\" alt=\"\" \/><\/a>\n\t\t\t<\/dt><\/dl><br style=\"clear: both\" \/><dl class='gallery-item'>\n\t\t\t<dt class='gallery-icon portrait'>\n\t\t\t\t<a href='https:\/\/klaasikunst.ee\/wp-content\/uploads\/2023\/12\/dialog.jpg'><img loading=\"lazy\" decoding=\"async\" width=\"150\" height=\"150\" src=\"https:\/\/klaasikunst.ee\/wp-content\/uploads\/2023\/12\/dialog-150x150.jpg\" class=\"attachment-thumbnail size-thumbnail\" alt=\"\" \/><\/a>\n\t\t\t<\/dt><\/dl><dl class='gallery-item'>\n\t\t\t<dt class='gallery-icon landscape'>\n\t\t\t\t<a href='https:\/\/klaasikunst.ee\/wp-content\/uploads\/2023\/12\/aeglus.jpg'><img loading=\"lazy\" decoding=\"async\" width=\"150\" height=\"150\" src=\"https:\/\/klaasikunst.ee\/wp-content\/uploads\/2023\/12\/aeglus-150x150.jpg\" class=\"attachment-thumbnail size-thumbnail\" alt=\"\" \/><\/a>\n\t\t\t<\/dt><\/dl><dl class='gallery-item'>\n\t\t\t<dt class='gallery-icon portrait'>\n\t\t\t\t<a href='https:\/\/klaasikunst.ee\/wp-content\/uploads\/2023\/12\/rannariided2.jpg'><img loading=\"lazy\" decoding=\"async\" width=\"150\" height=\"150\" src=\"https:\/\/klaasikunst.ee\/wp-content\/uploads\/2023\/12\/rannariided2-150x150.jpg\" class=\"attachment-thumbnail size-thumbnail\" alt=\"\" \/><\/a>\n\t\t\t<\/dt><\/dl><dl class='gallery-item'>\n\t\t\t<dt class='gallery-icon portrait'>\n\t\t\t\t<a href='https:\/\/klaasikunst.ee\/wp-content\/uploads\/2023\/12\/rannariided1.jpg'><img loading=\"lazy\" decoding=\"async\" width=\"150\" height=\"150\" src=\"https:\/\/klaasikunst.ee\/wp-content\/uploads\/2023\/12\/rannariided1-150x150.jpg\" class=\"attachment-thumbnail size-thumbnail\" alt=\"\" \/><\/a>\n\t\t\t<\/dt><\/dl><br style=\"clear: both\" \/><dl class='gallery-item'>\n\t\t\t<dt class='gallery-icon portrait'>\n\t\t\t\t<a href='https:\/\/klaasikunst.ee\/wp-content\/uploads\/2023\/12\/P1042824-1.jpg'><img loading=\"lazy\" decoding=\"async\" width=\"150\" height=\"150\" src=\"https:\/\/klaasikunst.ee\/wp-content\/uploads\/2023\/12\/P1042824-1-150x150.jpg\" class=\"attachment-thumbnail size-thumbnail\" alt=\"\" \/><\/a>\n\t\t\t<\/dt><\/dl><dl class='gallery-item'>\n\t\t\t<dt class='gallery-icon portrait'>\n\t\t\t\t<a href='https:\/\/klaasikunst.ee\/wp-content\/uploads\/2023\/12\/P1042823-1.jpg'><img loading=\"lazy\" decoding=\"async\" width=\"150\" height=\"150\" src=\"https:\/\/klaasikunst.ee\/wp-content\/uploads\/2023\/12\/P1042823-1-150x150.jpg\" class=\"attachment-thumbnail size-thumbnail\" alt=\"\" \/><\/a>\n\t\t\t<\/dt><\/dl><dl class='gallery-item'>\n\t\t\t<dt class='gallery-icon portrait'>\n\t\t\t\t<a href='https:\/\/klaasikunst.ee\/wp-content\/uploads\/2023\/12\/P1042822-1.jpg'><img loading=\"lazy\" decoding=\"async\" width=\"150\" height=\"150\" src=\"https:\/\/klaasikunst.ee\/wp-content\/uploads\/2023\/12\/P1042822-1-150x150.jpg\" class=\"attachment-thumbnail size-thumbnail\" alt=\"\" \/><\/a>\n\t\t\t<\/dt><\/dl>\n\t\t\t<br style='clear: both' \/>\n\t\t<\/div>\n\n<p>Solo exhibitions:<br \/>\n1993 THE BEAUTY OF DESTRUCTION, cafe-gallery Franklin25, Minneapolis, USA<br \/>\n1998 SKARPO, American Swedish Institute, Minneapolis, USA<br \/>\n1999\/2001 Open Studio Project, StPaul Art Crawl, StPaul, USA<br \/>\n2003 87,3 SOUND LITRES, St Catherine\u2019s Church, Tallinn, Estonia<br \/>\n2003 UNTUNED, R.Sagrits Museum, Karepa, Estonia<br \/>\n2003 BIRD ANTON AND THE REST, Kondas Centre, Viljandi, Estonia<br \/>\n2004 PURE CHANCE, City Gallery, Tallinn (with Merle Kannus)<br \/>\n2004 STAINS OF CHANCE dance performance in Tallinn and Tartu.<br \/>\n2005 DO IT YOURSELF, Viinistu Art Museum (with Merle Kannus)<br \/>\n2006 TILINATORIUM (Tilinatorium 3), Albu manor (with Merle Kannus &amp; Others)<br \/>\n2008 ERKI KANNUS 50, Viinistu Art Museum<br \/>\n2011 TILINATOORUIM 5, Rapla County Centre For Contemporary Art<br \/>\n2011 TILINATOORIUM 6, P\u00e4rnu Museum of New Art<br \/>\n2013 TILINATOORIUM 8, Kostivere Manor<br \/>\n2013 TILINATOORIUM 9, Loo Cultural Centre<br \/>\n2014 TILINATOORIUM 10, Tallinn Lillek\u00fcla High School<br \/>\n2014 TILINATOORIUM 12, J\u00e4rvakandi Glass Gallery<br \/>\n2019 REAL AND SURREAL (with Merle Kannus), Elva Cultural Centre<br \/>\n2019 SEDNA, Rapla County Centre for Contemporary Art (with Kairi Orgusaar)<br \/>\n2021 DEPARTURE FROM MARS, A. Adamson Studiogallery, Paldiski<br \/>\nGroup exhibitions and events:<br \/>\n1976 PARNU\u201976, Parnu, Estonia<br \/>\n1976, 1977, 1982, 1984, 1986 Annual State Art Shows, Tallinn<br \/>\n1982, 1988 Annual Young Art Shows, Tallinn, Tartu<br \/>\n1988 Baltic Applied Art Triennial (with Kristel Kannus) , Jurmala, Latvia<br \/>\n1989 AKTA (with Kristel Kannus), Tallinn, Estonia<br \/>\n2002 Site-specific Art Workshop MEHR SCHNEE IN PALAMUSE, Jogevamaa, Estonia<br \/>\n2002 KONSENSUS , Tallinn, Estonia<br \/>\n2003 HEAVY ESTONIAN AIR, Glass Gallery, Riga, Latvia<br \/>\n2003 TIME\/SPACE\/MOVEMENT, Paide, Estonia<br \/>\n2003 St. Paul Art Crawl<br \/>\n2005 WHITE GLASS, Haapsalu, Evald Okas Museum<br \/>\n2005 TEMPORARY GARDENS, Tartu, land art festival (with Merle Kannus and Ave Avalo)<br \/>\n2006 PLEKTRUM, Culture Factory, Tallinn<br \/>\n2007 PLEKTRUM, Von Krahl Theatre, Tallinn<br \/>\n2007 EKS.N\u00e4IB, Cultural Centre Kannel, V\u00f5ru<br \/>\n2008 OPERATIIVM\u00c4LU, V\u00f5ru City Gallery, P\u00e4rnu City Gallery<br \/>\n2009 MINU KALLIS PARANOIA, Vaal Gallery, Tallinn<br \/>\n2010 M\u00d5TLEVAD MASINAD, Design Gallery, Tallinn<br \/>\n2010 KAHEM\u00d5TTETU, Rapla County Centre for Contemporary Art<br \/>\n2012 ME USUME(Tilinatoorium 7), Chateau Saint Auvent, France<br \/>\n2014 P\u00dcHAD(Tilinatoorium 11), Ukraine\u2019s spiritual Treasures\u2019 Museum, Kiev<br \/>\n2014 RUUM RUUMIS(Tilinatoorium 13) Cultural Centre Kannel, V\u00f5ru<br \/>\n2015 J\u00c4ETD J\u00c4LJED, Haapsalu Kunstikooi galerii<br \/>\n2016 THE IDEALISTS, Tallinn Art Hall<br \/>\n2016 \u00d5, Kuressaare Castle<br \/>\n2016 WHATIF, Vincas Grybase muuseum, Jurbarkas, Lithuania<br \/>\n2017 BIOGLASS, Evald Okas Museum, Haapsalu<br \/>\n2018 A DIFFERENT ANGLE, Evald Okas Museum, Haapsalu<br \/>\n2018 ESTONIA: A MINDSCAPE, Rapla County Centre for Contemporary Art<br \/>\n2018 PIMENEMINE \/ DARKENING, Janina Monkute-Marks Museum, Kedainiai, Lithuania<br \/>\n2019 INTERPLAY, hot glass workshop and exhibition in Haapsalu<br \/>\n2019 ARTS AND LIGHTS IN TALLINN, fountain at Apollo Square<br \/>\n2019 MAN. WOMAN. FREEDOM. P\u00e4rnu Museum of New Art<br \/>\n2020 SLOW LIGHT, Rapla County Centre for Contemporary Art<br \/>\n2021 MENTAL IMAGE, EWS Annual Exibition<br \/>\n2021 IMPULSE Tallinn Drawing Triennial<br \/>\n2021 MAN. WOMAN. ESTONIAN WOMAN \u2013 POWER AND SPIRIT. P\u00e4rnu Museum of New Art<br \/>\n2021 SUMMRFUSION, P\u00e4rnu Museum of New Art<br \/>\n2021 MENTAL IMAGE 2, Cultural Center KAJA Tallinn<br \/>\n2021 QUINTESSENT T\u00fcri Cultural Center<br \/>\nInstallations:<br \/>\n2001 FLYING TEXTILE, Skulpturens Hus, Stockholm, Sweden<br \/>\n2005 AN ODE FOR TRAVELERS, Haapsalu railway station<br \/>\nVideos:<br \/>\n2002 VIOLI<br \/>\n2003 HUMANS\u2019 ROOM, MORNING<br \/>\n2003 FAUCETS<br \/>\n2003 6 SOUND LITERS<br \/>\n2004 BOXCAR PROJECT (with Brian Jeans and Stephen Rife)<br \/>\n2004 MINNESOTA: THE NATIVE AMERICAN NAME FOR LEMONADE (with Stephen Rife)<br \/>\nScholarships:<br \/>\n1996 Grant for Emerging Artist, Jerome Foundation, USA<br \/>\nCommissions:<br \/>\n1985 AGRO stained glass window, Ministry of Agriculture, Tallinn, Estonia<br \/>\n1985 KOOPERATOR stained glass window, Tallinn, Estonia<br \/>\n1986 MOOD stained glass window, Tallinn, Estonia<br \/>\n1986 LINN stained glass window, Tallinn, Estonia<br \/>\n1987 MAINOR stained glass window, Tallinn, Estonia<br \/>\n1996 PLAY stained glass window, Edina Library, Edina, USA<br \/>\n1999 READ stained glass window, Merriam Park Library, StPaul, USA<br \/>\n1987 AWARD glass sculpture<br \/>\nTeaching:<br \/>\n2002-2004 Estonian Art Academy<\/p>\n","protected":false},"excerpt":{"rendered":"<p>Erki Kannus https:\/\/erkikannus.raplakunst.eu\/ E-mail: erki [dot] kannus [at] gmail [dot] com Phone: +372 56985131 CV Born 23.05.1958 Tallinn, Estonia Studied: 1977-1981 Estonian Art Academy, glass department Member of the Estonian Artists\u2019 Union since 2019 Member of the Estonian Watercolour Society 2021 Solo exhibitions: 1993 THE BEAUTY OF DESTRUCTION, cafe-gallery Franklin25, Minneapolis, USA 1998 SKARPO, American [&hellip;]<\/p>\n","protected":false},"author":1,"featured_media":0,"parent":159,"menu_order":0,"comment_status":"closed","ping_status":"closed","template":"","meta":{"footnotes":""},"class_list":["post-6509","page","type-page","status-publish","hentry"],"aioseo_notices":[],"_links":{"self":[{"href":"https:\/\/klaasikunst.ee\/index.php?rest_route=\/wp\/v2\/pages\/6509","targetHints":{"allow":["GET"]}}],"collection":[{"href":"https:\/\/klaasikunst.ee\/index.php?rest_route=\/wp\/v2\/pages"}],"about":[{"href":"https:\/\/klaasikunst.ee\/index.php?rest_route=\/wp\/v2\/types\/page"}],"author":[{"embeddable":true,"href":"https:\/\/klaasikunst.ee\/index.php?rest_route=\/wp\/v2\/users\/1"}],"replies":[{"embeddable":true,"href":"https:\/\/klaasikunst.ee\/index.php?rest_route=%2Fwp%2Fv2%2Fcomments&post=6509"}],"version-history":[{"count":6,"href":"https:\/\/klaasikunst.ee\/index.php?rest_route=\/wp\/v2\/pages\/6509\/revisions"}],"predecessor-version":[{"id":7289,"href":"https:\/\/klaasikunst.ee\/index.php?rest_route=\/wp\/v2\/pages\/6509\/revisions\/7289"}],"up":[{"embeddable":true,"href":"https:\/\/klaasikunst.ee\/index.php?rest_route=\/wp\/v2\/pages\/159"}],"wp:attachment":[{"href":"https:\/\/klaasikunst.ee\/index.php?rest_route=%2Fwp%2Fv2%2Fmedia&parent=6509"}],"curies":[{"name":"wp","href":"https:\/\/api.w.org\/{rel}","templated":true}]}}