{"id":6501,"date":"2023-12-13T19:05:24","date_gmt":"2023-12-13T17:05:24","guid":{"rendered":"https:\/\/klaasikunst.ee\/?page_id=6501"},"modified":"2025-11-12T14:28:34","modified_gmt":"2025-11-12T12:28:34","slug":"erki-kannus","status":"publish","type":"page","link":"https:\/\/klaasikunst.ee\/?page_id=6501","title":{"rendered":"Erki Kannus"},"content":{"rendered":"<p>Erki Kannus<br \/>\n<a href=\"https:\/\/erkikannus.raplakunst.eu\/\" target=\"_blank\" rel=\"nofollow noopener\">https:\/\/erkikannus.raplakunst.eu\/<\/a><br \/>\nE-mail: <a href=\"javascript:secureDecryptAndNavigate('6CRrBH60UBVGv9TqUGewZcnntIb\/NanHdauFvL0A7pHOIYWXXkeRj0dg5XIbPCL1UCasaWP4ySZF7AiZ1YIjKfYDlLtCC6Ax7eGAag==', '3676280a68af271c25ee9598e755fddfbbd9da6cbad6358d6a6319c7119140f6')\">erki [dot] kannus [at] gmail [dot] com<\/a><br \/>\nTel: +372 56985131<\/p>\n<p>CV<br \/>\ns. 23.05.1958 Tallinnas<br \/>\n\u00d5ppis: 1977-1981 Eesti Kunstiinstituudi klaasiosakonnas<br \/>\nEesti Kunstnike Liidu liige alates 2019<br \/>\nEesti Akvarrellistide \u00dchenduse liige aastast 2021<\/p>\n\n\t\t<style type=\"text\/css\">\n\t\t\t#gallery-1 {\n\t\t\t\tmargin: auto;\n\t\t\t}\n\t\t\t#gallery-1 .gallery-item {\n\t\t\t\tfloat: left;\n\t\t\t\tmargin-top: 10px;\n\t\t\t\ttext-align: center;\n\t\t\t\twidth: 25%;\n\t\t\t}\n\t\t\t#gallery-1 img {\n\t\t\t\tborder: 2px solid #cfcfcf;\n\t\t\t}\n\t\t\t#gallery-1 .gallery-caption {\n\t\t\t\tmargin-left: 0;\n\t\t\t}\n\t\t\t\/* see gallery_shortcode() in wp-includes\/media.php *\/\n\t\t<\/style>\n\t\t<div id='gallery-1' class='gallery galleryid-6501 gallery-columns-4 gallery-size-thumbnail'><dl class='gallery-item'>\n\t\t\t<dt class='gallery-icon portrait'>\n\t\t\t\t<a href='https:\/\/klaasikunst.ee\/wp-content\/uploads\/2023\/12\/velloklaasid.jpg'><img loading=\"lazy\" decoding=\"async\" width=\"150\" height=\"150\" src=\"https:\/\/klaasikunst.ee\/wp-content\/uploads\/2023\/12\/velloklaasid-150x150.jpg\" class=\"attachment-thumbnail size-thumbnail\" alt=\"\" \/><\/a>\n\t\t\t<\/dt><\/dl><dl class='gallery-item'>\n\t\t\t<dt class='gallery-icon portrait'>\n\t\t\t\t<a href='https:\/\/klaasikunst.ee\/wp-content\/uploads\/2023\/12\/lyps.jpg'><img loading=\"lazy\" decoding=\"async\" width=\"150\" height=\"150\" src=\"https:\/\/klaasikunst.ee\/wp-content\/uploads\/2023\/12\/lyps-150x150.jpg\" class=\"attachment-thumbnail size-thumbnail\" alt=\"\" \/><\/a>\n\t\t\t<\/dt><\/dl><dl class='gallery-item'>\n\t\t\t<dt class='gallery-icon landscape'>\n\t\t\t\t<a href='https:\/\/klaasikunst.ee\/wp-content\/uploads\/2023\/12\/156474031_10224762716644856_4619947814585727620_o.jpg'><img loading=\"lazy\" decoding=\"async\" width=\"150\" height=\"150\" src=\"https:\/\/klaasikunst.ee\/wp-content\/uploads\/2023\/12\/156474031_10224762716644856_4619947814585727620_o-150x150.jpg\" class=\"attachment-thumbnail size-thumbnail\" alt=\"\" \/><\/a>\n\t\t\t<\/dt><\/dl><dl class='gallery-item'>\n\t\t\t<dt class='gallery-icon landscape'>\n\t\t\t\t<a href='https:\/\/klaasikunst.ee\/wp-content\/uploads\/2023\/12\/klaasipliit.jpg'><img loading=\"lazy\" decoding=\"async\" width=\"150\" height=\"150\" src=\"https:\/\/klaasikunst.ee\/wp-content\/uploads\/2023\/12\/klaasipliit-150x150.jpg\" class=\"attachment-thumbnail size-thumbnail\" alt=\"\" \/><\/a>\n\t\t\t<\/dt><\/dl><br style=\"clear: both\" \/><dl class='gallery-item'>\n\t\t\t<dt class='gallery-icon portrait'>\n\t\t\t\t<a href='https:\/\/klaasikunst.ee\/wp-content\/uploads\/2023\/12\/dialog.jpg'><img loading=\"lazy\" decoding=\"async\" width=\"150\" height=\"150\" src=\"https:\/\/klaasikunst.ee\/wp-content\/uploads\/2023\/12\/dialog-150x150.jpg\" class=\"attachment-thumbnail size-thumbnail\" alt=\"\" \/><\/a>\n\t\t\t<\/dt><\/dl><dl class='gallery-item'>\n\t\t\t<dt class='gallery-icon landscape'>\n\t\t\t\t<a href='https:\/\/klaasikunst.ee\/wp-content\/uploads\/2023\/12\/aeglus.jpg'><img loading=\"lazy\" decoding=\"async\" width=\"150\" height=\"150\" src=\"https:\/\/klaasikunst.ee\/wp-content\/uploads\/2023\/12\/aeglus-150x150.jpg\" class=\"attachment-thumbnail size-thumbnail\" alt=\"\" \/><\/a>\n\t\t\t<\/dt><\/dl><dl class='gallery-item'>\n\t\t\t<dt class='gallery-icon portrait'>\n\t\t\t\t<a href='https:\/\/klaasikunst.ee\/wp-content\/uploads\/2023\/12\/P1042822-1.jpg'><img loading=\"lazy\" decoding=\"async\" width=\"150\" height=\"150\" src=\"https:\/\/klaasikunst.ee\/wp-content\/uploads\/2023\/12\/P1042822-1-150x150.jpg\" class=\"attachment-thumbnail size-thumbnail\" alt=\"\" aria-describedby=\"gallery-1-6641\" \/><\/a>\n\t\t\t<\/dt>\n\t\t\t\t<dd class='wp-caption-text gallery-caption' id='gallery-1-6641'>\n\t\t\t\tErki Kannus\n\t\t\t\t<\/dd><\/dl><dl class='gallery-item'>\n\t\t\t<dt class='gallery-icon portrait'>\n\t\t\t\t<a href='https:\/\/klaasikunst.ee\/wp-content\/uploads\/2023\/12\/P1042823-1.jpg'><img loading=\"lazy\" decoding=\"async\" width=\"150\" height=\"150\" src=\"https:\/\/klaasikunst.ee\/wp-content\/uploads\/2023\/12\/P1042823-1-150x150.jpg\" class=\"attachment-thumbnail size-thumbnail\" alt=\"\" \/><\/a>\n\t\t\t<\/dt><\/dl><br style=\"clear: both\" \/><dl class='gallery-item'>\n\t\t\t<dt class='gallery-icon portrait'>\n\t\t\t\t<a href='https:\/\/klaasikunst.ee\/wp-content\/uploads\/2023\/12\/P1042824-1.jpg'><img loading=\"lazy\" decoding=\"async\" width=\"150\" height=\"150\" src=\"https:\/\/klaasikunst.ee\/wp-content\/uploads\/2023\/12\/P1042824-1-150x150.jpg\" class=\"attachment-thumbnail size-thumbnail\" alt=\"\" \/><\/a>\n\t\t\t<\/dt><\/dl><dl class='gallery-item'>\n\t\t\t<dt class='gallery-icon portrait'>\n\t\t\t\t<a href='https:\/\/klaasikunst.ee\/wp-content\/uploads\/2023\/12\/rannariided1.jpg'><img loading=\"lazy\" decoding=\"async\" width=\"150\" height=\"150\" src=\"https:\/\/klaasikunst.ee\/wp-content\/uploads\/2023\/12\/rannariided1-150x150.jpg\" class=\"attachment-thumbnail size-thumbnail\" alt=\"\" \/><\/a>\n\t\t\t<\/dt><\/dl><dl class='gallery-item'>\n\t\t\t<dt class='gallery-icon portrait'>\n\t\t\t\t<a href='https:\/\/klaasikunst.ee\/wp-content\/uploads\/2023\/12\/rannariided2.jpg'><img loading=\"lazy\" decoding=\"async\" width=\"150\" height=\"150\" src=\"https:\/\/klaasikunst.ee\/wp-content\/uploads\/2023\/12\/rannariided2-150x150.jpg\" class=\"attachment-thumbnail size-thumbnail\" alt=\"\" \/><\/a>\n\t\t\t<\/dt><\/dl>\n\t\t\t<br style='clear: both' \/>\n\t\t<\/div>\n\n<p>Personaaln\u00e4itused:<br \/>\n1993 THE BEAUTY OF DESTRUCTION, kohvik-galerii Franklin25, Minneapolis, USA<br \/>\n1998 SKARPO, American Swedish Institute, Minneapolis, USA<br \/>\n1999\/2001 Open Studio Project, StPaul Art Crawl, StPaul, USA<br \/>\n2003 87,3 SOUND LITRES, Katariina kirik, Tallinn<br \/>\n2003 H\u00c4\u00c4LESTAMATA, R.Sagritsa Muuseum, Karepa<br \/>\n2003 LIND ANTON JA \u00dcLEJ\u00c4\u00c4NUD, Kondase keskus, Viljandi<br \/>\n2004 PUHAS JUHUS(Tilinatoorium 1), Linnagalerii, Tallinn (koos Merle Kannusega);<br \/>\n2005 TEE ISE(Tilinatoorium 2), Viinistu Kunstimuuseum (koos Merle Kannusega)<br \/>\n2006 TILINATOORIUM(Tilinatoorium 3), Albu m\u00f5isahoone (koos Merle Kannusega)<br \/>\n2008 ERKI KANNUS 50, Viinistu kunstimuuseum<br \/>\n2011 TILINATOORUIM 5, Raplamaa Kaasaegse Kunsti Keskus<br \/>\n2011 TILINATOORIUM 6, P\u00e4rnu Uue Kunsti Muuseum<br \/>\n2013 TILINATOORIUM 7, Kostivere KultuuriM\u00f5is<br \/>\n2014 TILINATOORIUM 8, J\u00e4rvakandi Klaasigalerii<br \/>\n2019 REAALNE JA S\u00dcRREAALNE (koos Merle Kannusega), Elva Kultuurikeskus<br \/>\n2019 SEDNA, Raplamaa Kaasaegse Kunsti Keskus, (koos Kairi Orgusaarega)<br \/>\n2021 LAHKUMINE MARSILT A. Adamsoni ateljeemuuseum Paldiski<br \/>\nGrupin\u00e4itused jm kunsti\u00fcritused:<br \/>\n1976 P\u00c4RNU\u201976, P\u00e4rnu<br \/>\n1976, 1977, 1982, 1984, 1986 Eesti kunsti \u00fclevaaten\u00e4itused, Tallinn<br \/>\n1982, 1988 noorte kunsti \u00fclevaaten\u00e4itused, Tallinn, Tartu<br \/>\n1988 Baltimaade Tarbekunstitriennaal, Jurmala<br \/>\n1989 AKTA, Tallinn<br \/>\n2002 Kohaspetsiifilise kunsti workshop MEHR SCHNEE IN PALAMUSE, Jogevamaa<br \/>\n2002 KONSENSUS , Tallinn<br \/>\n2003 HEAVY ESTONIAN AIR, Stikls Galerija, Riia<br \/>\n2003 AEG\/RUUM\/LIIKUMINE, Paide<br \/>\n2003 St. Paul Art Crawl USA, Minnesota<br \/>\n2005 AJUTISED AIAD, maakunsti festival, Tartu<br \/>\n2006 PLEKTRUM, Kultuuritehas, Tallinn<br \/>\n2007 PLEKTRUM, Von Krahli Teater, Tallinn<br \/>\n2007 EKS.N\u00e4IB, Kultuurimaja Kannel, V\u00f5ru<br \/>\n2008 OPERATIIVM\u00c4LU, V\u00f5ru linnagalerii, P\u00e4rnu linnagalerii<br \/>\n2009 MINU KALLIS PARANOIA, Vaal galerii, Tallinn<br \/>\n2010 M\u00d5TLEVAD MASINAD, Disainigalerii, Tallinn<br \/>\n2010 KAHEM\u00d5TTETU, Raplamaa Kaasaegse Kunsti Keskus<br \/>\n2012 ME USUME \/ NOUS CROYONS, Saint Auvent\u2019i loss, Prantsusmaa<br \/>\n2013 TILINATOORIUM , Loo Kultuurikeskus<br \/>\n2014 TILINATOORIUM , Tallinna Lillek\u00fcla G\u00fcmnaasium<br \/>\n2014 P\u00dcHAD, Ukraina Vaimsete Aarete Muuseum, Kiiev<br \/>\n2014 RUUM RUUMIS, Kultuurimaja Kannel, V\u00f5ru<br \/>\n2015 J\u00c4ETUD J\u00c4LJED, Haapsalu Kunstikooli galerii<br \/>\n2016 IDEALISTID, Kunstihoone, Tallinn<br \/>\n2016 \u00d5, Kuressaare linnus<br \/>\n2016 WHATIF, Vincas Grybase muuseum, Jurbarkas, Leedu<br \/>\n2017 BIOGLASS, Evald Okase muuseum, Haapsalu<br \/>\n2018 TEINE VAATENURK, rahvusvaheline klaasikunsti n\u00e4itus, Evald Okase muuseum, Haapsalu<br \/>\n2018 EESTI KUI M\u00d5TTELINE RUUM, Raplamaa kaasaegse kunsti keskus<br \/>\n2018 PIMENEMINE, Janina Monkute-Marks Museum, Kedainiai, LeedU<br \/>\n2019 KOOSM\u00d5JU, Haapsalu kuuma klaasi workshop ja n\u00e4itus<br \/>\n2019 VALGUS K\u00d5NNIB KADRIORUS, Apollo platsi purskkaev, Tallinn<br \/>\n2019 MEES, NAINE JA VABADUS, Uue Kunsti Muuseum, P\u00e4rnu<br \/>\n2020 AEGLANE VALGUS, Raplamaa Kaasaegse Kunsti Keskus<br \/>\n2021 M\u00d5TTEPILT(Eesti Akvarellistide \u00dchenduse aastan\u00e4itus) Raplamaa Kaasaegse Kunsti Keskus<br \/>\n2021 Tallinna VI Joonistutrienaal IMPULSS, Tallinn, ARS\u2019i projektiruum<br \/>\n2021 Aktin\u00e4itus MEES JA NAINE \u2013 EESTI NAISE V\u00d5IM NING VAIM, Uue Kunsti Muuseum, P\u00e4rnu<br \/>\n2021 Akvarellin\u00e4itus SUVINE FUSIOON, Uue Kunsti Muuseum, P\u00e4rnu<br \/>\n2021 Akvarellin\u00e4itus M\u00d5TTEPILT 2, Kaja Kultuurikeskus, Tallinn<br \/>\n2021 Akvarellin\u00e4itus SUVINE FUSIOON, Uue Kunsti Muuseum, P\u00e4rnu<br \/>\n2021 Akvarellin\u00e4itus KVINTESSENTS, T\u00fcri Kultuurikeskus, T\u00fcri<br \/>\nPerformance:<br \/>\n2004 tantsuetendus JUHUSE PLEKID Kanuti Gildi SAAL\u2019i tantsijate osav\u00f5tul, Linnagalerii, Tallinn;<br \/>\n2004 sama etendus Tartus koost\u00f6\u00f6s MT\u00dc Loovkeskusega.<br \/>\n2009 TILINATORIUM 4 Arts&amp;Lights Festival Tallinn, 2009 (kaastegevad Hello Upan ja Piibe Piirma)<br \/>\n2014 UNESK\u00d5NDIMISE TANTS, filmifestival \u201cSleepwalkers\u201d l\u00f5pugala (tants Sofi Ar\u0161has)<br \/>\n2015 FOR SPY, Raplamaa Kaasaegse Kunsti Keskus (vokaal Eleonora Tikas)<br \/>\n2016 AUTOPORTREE, P\u00e4rnu Uue Kunsti Muuseum (tants Sofi Ar\u0161has)<br \/>\nInstallatsioonid:<br \/>\n2001 FLYING TEXTILE, Skulpturens Hus, Stockholm<br \/>\n2005 REISIJATELE, Haapsalu raudteejaama perroon<br \/>\nVideo projektid:<br \/>\n2008 V\u00d5LUTRUMM Hobuveski, Tallinn \u2013 Villu Veski ja Okeiko<br \/>\n2010 TANGO LATINO tuur, Villu Veskiga<br \/>\n2010 KULTUURIPEALINN Video Mapping Vabaduse Plats, Tallinn<br \/>\n2011 INNOVATIVE LIFE, KUMU &amp; Von Krahl, koos Villu Veskiga<br \/>\n2011 KLAASIMAAILM, Von Krahli Teater, Terje Isungset ja Arve Henriksen(Norra), EKA klaasiosakonna \u00f5pilased<br \/>\n2011 V\u00d5LTRUMM: Tallinn-Monte Carlo Ralli avamine, Estonia kontserdisaal (Villu Veski, Tiit Kikas)<br \/>\n2015 V\u00d5LTRUMM: ELEMENT MAA, Lennusadam (Villu Veski)<br \/>\nVideod:<br \/>\n2002 VIOLI<br \/>\n2003 HUMANS\u2019 ROOM, MORNING<br \/>\n2003 6.KORRUS<br \/>\n2003 6 SOUND LITERS<br \/>\n2004 BOXCAR PROJECT (koos Brian Jeans\u2019i ja Stephen Rife\u2019iga)<br \/>\n2004 MINNESOTA: THE NATIVE AMERICAN NAME FOR LEMONADE (Koos Stephen Rife\u2019iga)<br \/>\n2005 REISIJATELE<br \/>\nStipendiumid:<br \/>\n1996 Grant for Emerging Artist, Jerome Foundation, USA<br \/>\nTellimust\u00f6\u00f6d:<br \/>\n1985 AGRO vitraazaken, P\u00f5llumajandusministeeriumi hoone, Tallinn<br \/>\n1985 KOOPERATOR vitraazaken, Tallinn<br \/>\n1986 MOOD vitraazaken, Tallinn<br \/>\n1986 LINN vitraazaken, Tallinn<br \/>\n1987 MAINOR vitraazaken, Tallinn<br \/>\n1996 PLAY vitraazaken, Edina Library, Edina, USA<br \/>\n1999 READ vitraazaken, Merriam Park Library, StPaul, USA<br \/>\n1987 AWARD klaasskulptuur<br \/>\n\u00d5petanud:<br \/>\n2002-2010 Eesti Kunstiakadeemia<\/p>\n","protected":false},"excerpt":{"rendered":"<p>Erki Kannus https:\/\/erkikannus.raplakunst.eu\/ E-mail: erki [dot] kannus [at] gmail [dot] com Tel: +372 56985131 CV s. 23.05.1958 Tallinnas \u00d5ppis: 1977-1981 Eesti Kunstiinstituudi klaasiosakonnas Eesti Kunstnike Liidu liige alates 2019 Eesti Akvarrellistide \u00dchenduse liige aastast 2021 Personaaln\u00e4itused: 1993 THE BEAUTY OF DESTRUCTION, kohvik-galerii Franklin25, Minneapolis, USA 1998 SKARPO, American Swedish Institute, Minneapolis, USA 1999\/2001 Open Studio [&hellip;]<\/p>\n","protected":false},"author":1,"featured_media":0,"parent":154,"menu_order":0,"comment_status":"closed","ping_status":"closed","template":"","meta":{"footnotes":""},"class_list":["post-6501","page","type-page","status-publish","hentry"],"aioseo_notices":[],"_links":{"self":[{"href":"https:\/\/klaasikunst.ee\/index.php?rest_route=\/wp\/v2\/pages\/6501","targetHints":{"allow":["GET"]}}],"collection":[{"href":"https:\/\/klaasikunst.ee\/index.php?rest_route=\/wp\/v2\/pages"}],"about":[{"href":"https:\/\/klaasikunst.ee\/index.php?rest_route=\/wp\/v2\/types\/page"}],"author":[{"embeddable":true,"href":"https:\/\/klaasikunst.ee\/index.php?rest_route=\/wp\/v2\/users\/1"}],"replies":[{"embeddable":true,"href":"https:\/\/klaasikunst.ee\/index.php?rest_route=%2Fwp%2Fv2%2Fcomments&post=6501"}],"version-history":[{"count":9,"href":"https:\/\/klaasikunst.ee\/index.php?rest_route=\/wp\/v2\/pages\/6501\/revisions"}],"predecessor-version":[{"id":7288,"href":"https:\/\/klaasikunst.ee\/index.php?rest_route=\/wp\/v2\/pages\/6501\/revisions\/7288"}],"up":[{"embeddable":true,"href":"https:\/\/klaasikunst.ee\/index.php?rest_route=\/wp\/v2\/pages\/154"}],"wp:attachment":[{"href":"https:\/\/klaasikunst.ee\/index.php?rest_route=%2Fwp%2Fv2%2Fmedia&parent=6501"}],"curies":[{"name":"wp","href":"https:\/\/api.w.org\/{rel}","templated":true}]}}