{"id":6204,"date":"2023-01-07T18:28:51","date_gmt":"2023-01-07T16:28:51","guid":{"rendered":"https:\/\/klaasikunst.ee\/?page_id=6204"},"modified":"2026-02-20T17:26:04","modified_gmt":"2026-02-20T15:26:04","slug":"sigrid-luitsalu","status":"publish","type":"page","link":"https:\/\/klaasikunst.ee\/?page_id=6204","title":{"rendered":"Sigrid Luitsalu"},"content":{"rendered":"<p><a href=\"http:\/\/klaasikunst.ee\/wp-content\/uploads\/2024\/12\/sigrid_gender.jpg\"><img loading=\"lazy\" decoding=\"async\" class=\"alignright size-medium wp-image-7112\" src=\"http:\/\/klaasikunst.ee\/wp-content\/uploads\/2024\/12\/sigrid_gender-300x300.jpg\" alt=\"\" width=\"300\" height=\"300\" srcset=\"https:\/\/klaasikunst.ee\/wp-content\/uploads\/2024\/12\/sigrid_gender-300x300.jpg 300w, https:\/\/klaasikunst.ee\/wp-content\/uploads\/2024\/12\/sigrid_gender-1024x1024.jpg 1024w, https:\/\/klaasikunst.ee\/wp-content\/uploads\/2024\/12\/sigrid_gender-150x150.jpg 150w, https:\/\/klaasikunst.ee\/wp-content\/uploads\/2024\/12\/sigrid_gender-768x768.jpg 768w, https:\/\/klaasikunst.ee\/wp-content\/uploads\/2024\/12\/sigrid_gender-1536x1536.jpg 1536w, https:\/\/klaasikunst.ee\/wp-content\/uploads\/2024\/12\/sigrid_gender-624x624.jpg 624w, https:\/\/klaasikunst.ee\/wp-content\/uploads\/2024\/12\/sigrid_gender.jpg 1661w\" sizes=\"auto, (max-width: 300px) 100vw, 300px\" \/><\/a>E-post: <a href=\"javascript:secureDecryptAndNavigate('SbAD5b2bNxnXWirS1O3UHetO2pxTGLhFt21arUvoz+D0QPc12XF9tMIycHWQAxDUUwPqoZb1pO1RNazNWwEwJ96CNBDGCG6rIm7EOLrAWHY=', '3676280a68af271c25ee9598e755fddfbbd9da6cbad6358d6a6319c7119140f6')\">sigrid [dot] luitsalu [at] gmail [dot] com<\/a><br \/>\nKoduleht: <a href=\"https:\/\/www.sigridluitsalu.com\">https:\/\/www.sigridluitsalu.com<\/a><\/p>\n<p>\u201cIgap\u00e4eva realism on igap\u00e4eva maagia&#8221;\u2013 see on minu k\u00e4ivitav j\u00f5ud ja loomingu aines. Mulle meeldib klaas ja ilu ja olu.Otsin l\u00e4bi oma loomingu enda keskpunkti, klaas v\u00f5imaldab mulle meditatiivset vaikusehetke. Mind huvitavad lood, mida k\u00f5nelevad tavalised esemed meie \u00fcmber, mustrid looduses ja meis endis, metamorfoos m\u00f5tetes ja tunnetes. Klaasi mitmek\u00fclgsus sobib minu muutliku natuuriga, v\u00f5imaldades mul v\u00e4ljendada nii haprust, \u00f5rnust kui ka tugevust, j\u00e4ikust.<\/p>\n<p><strong>Haridus<\/strong><br \/>\n2013 \u2013 2016 Klaasikunst-ja disain, BA Eesti Kunstiakadeemia<br \/>\n2009 \u2013 2011 \u00d5igusteadus, Tartu \u00dclikool<br \/>\n2007 \u2013 2009 Filosoofia ja Jaapani uuringud, Tallinna \u00dclikool<br \/>\n<strong>\u00dchendused:<\/strong><br \/>\n2024 Eesti Klaasikunstnike \u00dchendus<br \/>\n<strong>T\u00f6\u00f6kogemus<\/strong><br \/>\nAlates 2020 \u2013 stuudio omanik ja loovus-coach. Lisaks t\u00f6\u00f6tanud sisekujundajana ja vabakutselise t\u00f5lgina ning personaalassistendina.<br \/>\nOlulisemad projektid &amp; n\u00e4itused<br \/>\n2025 Rahvusvaheline klaasibiennaal Sofias, Bulgaarias<br \/>\n2024 \u201cMaestria\u201d The European Prize for Applied Arts, Mons, Belgia<br \/>\n2024 \u201cMurmurs and Roars\u201d, r\u00fchman\u00e4itus, NYC, USA<br \/>\n2023 \u201cThe Art of Fire \u2013 Venice Glass Week\u201d Under35, Veneetsia, Itaalia<br \/>\n2023 \u201cInner Patterns of Repetition\u201d (isikun\u00e4itus), HOP Gallery, Tallinn<br \/>\n2023 Osalemine mitmetel rahvusvahelistel ja piirkondlikel klaasikunsti n\u00e4itustel (Poola, M\u00fcnchen, Milano, Hiiumaa jne)<br \/>\n<strong>Preemiad &amp; stipendiumid<\/strong><br \/>\nOtt Kikkase stipendium (EKA), tunnustus loomingulisuse ja materjalikeskse uurimist\u00f6\u00f6 eest. Finalist BKV-Preis F\u00fcr Junges Kunsthandwerk 2023 n\u00e4itusel M\u00fcnchenis.<br \/>\n<strong>Workshop\u2019id ja t\u00e4ienduskoolitused<\/strong><br \/>\nOsalemine mitmetel klaasi- ja kunstipraktika t\u00f6\u00f6tubadel (sh pate de verre, klaasimaal, mosaiik, puhumine) alates 2013.<\/p>\n<p>&nbsp;<\/p>\n","protected":false},"excerpt":{"rendered":"<p>E-post: sigrid [dot] luitsalu [at] gmail [dot] com Koduleht: https:\/\/www.sigridluitsalu.com \u201cIgap\u00e4eva realism on igap\u00e4eva maagia&#8221;\u2013 see on minu k\u00e4ivitav j\u00f5ud ja loomingu aines. Mulle meeldib klaas ja ilu ja olu.Otsin l\u00e4bi oma loomingu enda keskpunkti, klaas v\u00f5imaldab mulle meditatiivset vaikusehetke. Mind huvitavad lood, mida k\u00f5nelevad tavalised esemed meie \u00fcmber, mustrid looduses ja meis endis, metamorfoos [&hellip;]<\/p>\n","protected":false},"author":1,"featured_media":0,"parent":154,"menu_order":0,"comment_status":"closed","ping_status":"closed","template":"","meta":{"footnotes":""},"class_list":["post-6204","page","type-page","status-publish","hentry"],"aioseo_notices":[],"_links":{"self":[{"href":"https:\/\/klaasikunst.ee\/index.php?rest_route=\/wp\/v2\/pages\/6204","targetHints":{"allow":["GET"]}}],"collection":[{"href":"https:\/\/klaasikunst.ee\/index.php?rest_route=\/wp\/v2\/pages"}],"about":[{"href":"https:\/\/klaasikunst.ee\/index.php?rest_route=\/wp\/v2\/types\/page"}],"author":[{"embeddable":true,"href":"https:\/\/klaasikunst.ee\/index.php?rest_route=\/wp\/v2\/users\/1"}],"replies":[{"embeddable":true,"href":"https:\/\/klaasikunst.ee\/index.php?rest_route=%2Fwp%2Fv2%2Fcomments&post=6204"}],"version-history":[{"count":5,"href":"https:\/\/klaasikunst.ee\/index.php?rest_route=\/wp\/v2\/pages\/6204\/revisions"}],"predecessor-version":[{"id":7728,"href":"https:\/\/klaasikunst.ee\/index.php?rest_route=\/wp\/v2\/pages\/6204\/revisions\/7728"}],"up":[{"embeddable":true,"href":"https:\/\/klaasikunst.ee\/index.php?rest_route=\/wp\/v2\/pages\/154"}],"wp:attachment":[{"href":"https:\/\/klaasikunst.ee\/index.php?rest_route=%2Fwp%2Fv2%2Fmedia&parent=6204"}],"curies":[{"name":"wp","href":"https:\/\/api.w.org\/{rel}","templated":true}]}}