{"id":5548,"date":"2021-12-30T15:57:43","date_gmt":"2021-12-30T13:57:43","guid":{"rendered":"http:\/\/klaasikunst.ee\/?page_id=5548"},"modified":"2025-12-30T15:10:22","modified_gmt":"2025-12-30T13:10:22","slug":"uldkoosolekute-protokollid","status":"publish","type":"page","link":"https:\/\/klaasikunst.ee\/?page_id=5548","title":{"rendered":"\u00dcldkogu protokollid"},"content":{"rendered":"<div style=\"min-width: 180px; float: left; font-size: 15px;\"><a href=\"https:\/\/klaasikunst.ee\/?page_id=7636\">2025 s\u00fcgis<\/a><br \/>\n<a href=\"https:\/\/klaasikunst.ee\/?page_id=7182\">2025 kevad<\/a><br \/>\n<a href=\"https:\/\/klaasikunst.ee\/?page_id=7078\">2024 s\u00fcgis<\/a><br \/>\n<a href=\"https:\/\/klaasikunst.ee\/?page_id=6792\">2024 kevad<\/a><br \/>\n<a href=\"https:\/\/klaasikunst.ee\/?page_id=6494\">2023 s\u00fcgis<\/a><br \/>\n<a href=\"https:\/\/klaasikunst.ee\/?page_id=6425\">2023 kevad<\/a><br \/>\n<a href=\"https:\/\/klaasikunst.ee\/?page_id=6223\">2022 s\u00fcgis<\/a><br \/>\n<a href=\"https:\/\/klaasikunst.ee\/?page_id=5974\">2022 kevad<\/a><br \/>\n<a href=\"http:\/\/klaasikunst.ee\/?page_id=5553\">2021s\u00fcgis<\/a><br \/>\n<a href=\"http:\/\/klaasikunst.ee\/?page_id=5556\">2021 kevad<\/a><br \/>\n<a href=\"http:\/\/klaasikunst.ee\/?page_id=5558\">2020 s\u00fcgis<\/a><\/div>\n<div style=\"min-width: 180px; float: left; font-size: 15px;\"><a href=\"http:\/\/klaasikunst.ee\/?page_id=5568\">2019 s\u00fcgis<\/a><br \/>\n<a href=\"http:\/\/klaasikunst.ee\/?page_id=5562\">2019 kevad<\/a><br \/>\n<a href=\"http:\/\/klaasikunst.ee\/?page_id=5570\">2018 s\u00fcgis<\/a><br \/>\n<a href=\"http:\/\/klaasikunst.ee\/?page_id=5572\">2018 kevad<\/a><br \/>\n<a href=\"http:\/\/klaasikunst.ee\/?page_id=5574\">2017 s\u00fcgis<\/a><br \/>\n<a href=\"http:\/\/klaasikunst.ee\/?page_id=5576\">2017 kevad<\/a><br \/>\n<a href=\"http:\/\/klaasikunst.ee\/?page_id=5578\">2016 s\u00fcgis<\/a><br \/>\n<a href=\"http:\/\/klaasikunst.ee\/?page_id=5580\">2016 kevad<\/a><br \/>\n<a href=\"http:\/\/klaasikunst.ee\/?page_id=5582\">2015 s\u00fcgis<\/a><br \/>\n<a href=\"http:\/\/klaasikunst.ee\/?page_id=5584\">2015 kevad<\/a><br \/>\n<a href=\"http:\/\/klaasikunst.ee\/?page_id=5586\">2014 s\u00fcgis<\/a><br \/>\n<a href=\"http:\/\/klaasikunst.ee\/?page_id=5588\">2014 kevad<\/a><br \/>\n<a href=\"http:\/\/klaasikunst.ee\/?page_id=5590\">2013 s\u00fcgis<\/a><br \/>\n<a href=\"http:\/\/klaasikunst.ee\/?page_id=5592\">2013 kevad<\/a><br \/>\n<a href=\"http:\/\/klaasikunst.ee\/?page_id=5594\">2012 s\u00fcgis<\/a><br \/>\n<a href=\"http:\/\/klaasikunst.ee\/?page_id=5596\">2012 kevad<\/a><br \/>\n<a href=\"http:\/\/klaasikunst.ee\/?page_id=5598\">2011 s\u00fcgis<\/a><br \/>\n<a href=\"http:\/\/klaasikunst.ee\/?page_id=5600\">2011 kevad<\/a><br \/>\n<a href=\"http:\/\/klaasikunst.ee\/?page_id=5602\">2010 s\u00fcgis<\/a><br \/>\n<a href=\"http:\/\/klaasikunst.ee\/?page_id=5604\">2010 kevad<\/a><\/div>\n<div style=\"min-width: 180px; float: left; font-size: 15px;\"><a href=\"http:\/\/klaasikunst.ee\/?page_id=5606\">2009 s\u00fcgis<\/a><br \/>\n<a href=\"http:\/\/klaasikunst.ee\/?page_id=5608\">2009 kevad<\/a><br \/>\n<a href=\"http:\/\/klaasikunst.ee\/?page_id=5610\">2008 s\u00fcgis<\/a><br \/>\n<a href=\"http:\/\/klaasikunst.ee\/?page_id=5612\">2008 kevad<\/a><br \/>\n<a href=\"http:\/\/klaasikunst.ee\/?page_id=5614\">2007 s\u00fcgis<\/a><br \/>\n<a href=\"http:\/\/klaasikunst.ee\/?page_id=5616\">2007 kevad<\/a><br \/>\n<a href=\"http:\/\/klaasikunst.ee\/?page_id=2054\">2006 s\u00fcgis<\/a><br \/>\n<a href=\"http:\/\/klaasikunst.ee\/?page_id=2058\">2006 kevad<\/a><br \/>\n<a href=\"http:\/\/klaasikunst.ee\/?page_id=2072\">2005 s\u00fcgis<\/a><br \/>\n<a href=\"http:\/\/klaasikunst.ee\/?page_id=2075\">2005 kevad<\/a><br \/>\n<a href=\"http:\/\/klaasikunst.ee\/?page_id=2077\">2004 s\u00fcgis<\/a><br \/>\n<a href=\"http:\/\/klaasikunst.ee\/?page_id=2024\">2004 kevad<\/a><br \/>\n<a href=\"http:\/\/klaasikunst.ee\/?page_id=5703\">2003 s\u00fcgis<\/a><br \/>\n<a href=\"http:\/\/klaasikunst.ee\/?page_id=5705\">2003 kevad<\/a><br \/>\n<a href=\"http:\/\/klaasikunst.ee\/?page_id=5707\">2002 s\u00fcgis<\/a><br \/>\n<a href=\"http:\/\/klaasikunst.ee\/?page_id=5709\">2002 kevad<\/a><br \/>\n<a href=\"http:\/\/klaasikunst.ee\/?page_id=5671\">2001 s\u00fcgis<\/a><br \/>\n<a href=\"http:\/\/klaasikunst.ee\/?page_id=5677\">2001 kevad<\/a><br \/>\n<a href=\"http:\/\/klaasikunst.ee\/?page_id=5680\">2001 talv<\/a><br \/>\n<a href=\"http:\/\/klaasikunst.ee\/?page_id=5674\">2000 kevad<\/a><\/div>\n<div><a href=\"http:\/\/klaasikunst.ee\/?page_id=5712\">1999 s\u00fcgis<\/a><\/div>\n<div><a href=\"http:\/\/klaasikunst.ee\/?page_id=5683\">1999 kevad<\/a><\/div>\n","protected":false},"excerpt":{"rendered":"<p>2025 s\u00fcgis 2025 kevad 2024 s\u00fcgis 2024 kevad 2023 s\u00fcgis 2023 kevad 2022 s\u00fcgis 2022 kevad 2021s\u00fcgis 2021 kevad 2020 s\u00fcgis 2019 s\u00fcgis 2019 kevad 2018 s\u00fcgis 2018 kevad 2017 s\u00fcgis 2017 kevad 2016 s\u00fcgis 2016 kevad 2015 s\u00fcgis 2015 kevad 2014 s\u00fcgis 2014 kevad 2013 s\u00fcgis 2013 kevad 2012 s\u00fcgis 2012 kevad 2011 s\u00fcgis [&hellip;]<\/p>\n","protected":false},"author":1,"featured_media":0,"parent":0,"menu_order":0,"comment_status":"closed","ping_status":"closed","template":"","meta":{"footnotes":""},"class_list":["post-5548","page","type-page","status-publish","hentry"],"aioseo_notices":[],"_links":{"self":[{"href":"https:\/\/klaasikunst.ee\/index.php?rest_route=\/wp\/v2\/pages\/5548","targetHints":{"allow":["GET"]}}],"collection":[{"href":"https:\/\/klaasikunst.ee\/index.php?rest_route=\/wp\/v2\/pages"}],"about":[{"href":"https:\/\/klaasikunst.ee\/index.php?rest_route=\/wp\/v2\/types\/page"}],"author":[{"embeddable":true,"href":"https:\/\/klaasikunst.ee\/index.php?rest_route=\/wp\/v2\/users\/1"}],"replies":[{"embeddable":true,"href":"https:\/\/klaasikunst.ee\/index.php?rest_route=%2Fwp%2Fv2%2Fcomments&post=5548"}],"version-history":[{"count":40,"href":"https:\/\/klaasikunst.ee\/index.php?rest_route=\/wp\/v2\/pages\/5548\/revisions"}],"predecessor-version":[{"id":7643,"href":"https:\/\/klaasikunst.ee\/index.php?rest_route=\/wp\/v2\/pages\/5548\/revisions\/7643"}],"wp:attachment":[{"href":"https:\/\/klaasikunst.ee\/index.php?rest_route=%2Fwp%2Fv2%2Fmedia&parent=5548"}],"curies":[{"name":"wp","href":"https:\/\/api.w.org\/{rel}","templated":true}]}}