{"id":5257,"date":"2020-03-14T16:05:09","date_gmt":"2020-03-14T14:05:09","guid":{"rendered":"http:\/\/klaasikunst.ee\/?page_id=5257"},"modified":"2026-02-20T21:31:21","modified_gmt":"2026-02-20T19:31:21","slug":"piret-meos","status":"publish","type":"page","link":"https:\/\/klaasikunst.ee\/?page_id=5257","title":{"rendered":"Piret Uibotalu"},"content":{"rendered":"<p><a href=\"https:\/\/www.instagram.com\/piretpipi\/?hl=en\" target=\"_blank\" rel=\"nofollow noopener\">https:\/\/www.instagram.com\/piretpipi\/?hl=en<\/a><\/p>\n<p>PIRET UIBOTALU<br \/>\n(s. 1968) on \u00f5ppinud klaasikunsti, skulptuuri ja kunstipedagoogikat. Ta loob eri materjalidest kunstiteoseid, mis on ajendatud lootusest ja lootusetusest elus eneses. Teemadeks ilu ja ime ootus, m\u00e4ngulisus, p\u00f5hjatud peegeldused, m\u00f5tlemapanevad meeleseisundid, uus vaatenurk lihtsatele asjadele. Ka disainesemed on loodud eelnevast l\u00e4htuvalt.<br \/>\nMaterjalid kingib loodus, maaelu keskkond, leidlik meel. Taaskasutus on tema jaoks v\u00e4ga olulisel kohal.<br \/>\nOsaleb n\u00e4itustel alates 2017. aastast.<br \/>\nPiret kuulub Eesti Klaasikunstnike \u00dchendusse, Eesti Kujurite \u00dchendusse ja on aktiivne kunsti\u00f5petaja.<\/p>\n","protected":false},"excerpt":{"rendered":"<p>https:\/\/www.instagram.com\/piretpipi\/?hl=en PIRET UIBOTALU (s. 1968) on \u00f5ppinud klaasikunsti, skulptuuri ja kunstipedagoogikat. Ta loob eri materjalidest kunstiteoseid, mis on ajendatud lootusest ja lootusetusest elus eneses. Teemadeks ilu ja ime ootus, m\u00e4ngulisus, p\u00f5hjatud peegeldused, m\u00f5tlemapanevad meeleseisundid, uus vaatenurk lihtsatele asjadele. Ka disainesemed on loodud eelnevast l\u00e4htuvalt. Materjalid kingib loodus, maaelu keskkond, leidlik meel. Taaskasutus on tema jaoks [&hellip;]<\/p>\n","protected":false},"author":1,"featured_media":0,"parent":154,"menu_order":0,"comment_status":"closed","ping_status":"closed","template":"","meta":{"footnotes":""},"class_list":["post-5257","page","type-page","status-publish","hentry"],"aioseo_notices":[],"_links":{"self":[{"href":"https:\/\/klaasikunst.ee\/index.php?rest_route=\/wp\/v2\/pages\/5257","targetHints":{"allow":["GET"]}}],"collection":[{"href":"https:\/\/klaasikunst.ee\/index.php?rest_route=\/wp\/v2\/pages"}],"about":[{"href":"https:\/\/klaasikunst.ee\/index.php?rest_route=\/wp\/v2\/types\/page"}],"author":[{"embeddable":true,"href":"https:\/\/klaasikunst.ee\/index.php?rest_route=\/wp\/v2\/users\/1"}],"replies":[{"embeddable":true,"href":"https:\/\/klaasikunst.ee\/index.php?rest_route=%2Fwp%2Fv2%2Fcomments&post=5257"}],"version-history":[{"count":4,"href":"https:\/\/klaasikunst.ee\/index.php?rest_route=\/wp\/v2\/pages\/5257\/revisions"}],"predecessor-version":[{"id":7740,"href":"https:\/\/klaasikunst.ee\/index.php?rest_route=\/wp\/v2\/pages\/5257\/revisions\/7740"}],"up":[{"embeddable":true,"href":"https:\/\/klaasikunst.ee\/index.php?rest_route=\/wp\/v2\/pages\/154"}],"wp:attachment":[{"href":"https:\/\/klaasikunst.ee\/index.php?rest_route=%2Fwp%2Fv2%2Fmedia&parent=5257"}],"curies":[{"name":"wp","href":"https:\/\/api.w.org\/{rel}","templated":true}]}}