{"id":4321,"date":"2015-05-09T08:25:52","date_gmt":"2015-05-09T06:25:41","guid":{"rendered":"http:\/\/klaasikunst.ee\/?page_id=4321"},"modified":"2025-11-12T13:48:24","modified_gmt":"2025-11-12T11:48:24","slug":"aleksandra-pavlenkova","status":"publish","type":"page","link":"https:\/\/klaasikunst.ee\/?page_id=4321","title":{"rendered":"Aleksandra Ehrensv\u00e4rd"},"content":{"rendered":"<p><a href=\"http:\/\/klaasikunst.ee\/wp-content\/uploads\/2020\/03\/Kosta-Boda-photo-cred-W.Jansen-scaled.jpg\"><img loading=\"lazy\" decoding=\"async\" class=\"alignright size-medium wp-image-5348\" src=\"http:\/\/klaasikunst.ee\/wp-content\/uploads\/2020\/03\/Kosta-Boda-photo-cred-W.Jansen-300x300.jpg\" alt=\"\" width=\"300\" height=\"300\" srcset=\"https:\/\/klaasikunst.ee\/wp-content\/uploads\/2020\/03\/Kosta-Boda-photo-cred-W.Jansen-300x300.jpg 300w, https:\/\/klaasikunst.ee\/wp-content\/uploads\/2020\/03\/Kosta-Boda-photo-cred-W.Jansen-1024x1024.jpg 1024w, https:\/\/klaasikunst.ee\/wp-content\/uploads\/2020\/03\/Kosta-Boda-photo-cred-W.Jansen-150x150.jpg 150w, https:\/\/klaasikunst.ee\/wp-content\/uploads\/2020\/03\/Kosta-Boda-photo-cred-W.Jansen-768x768.jpg 768w, https:\/\/klaasikunst.ee\/wp-content\/uploads\/2020\/03\/Kosta-Boda-photo-cred-W.Jansen-1536x1536.jpg 1536w, https:\/\/klaasikunst.ee\/wp-content\/uploads\/2020\/03\/Kosta-Boda-photo-cred-W.Jansen-2048x2048.jpg 2048w, https:\/\/klaasikunst.ee\/wp-content\/uploads\/2020\/03\/Kosta-Boda-photo-cred-W.Jansen-624x624.jpg 624w\" sizes=\"auto, (max-width: 300px) 100vw, 300px\" \/><\/a>Koduleht: <a href=\"https:\/\/www.sashaehrensvard.com\" target=\"_blank\" rel=\"nofollow noopener\">https:\/\/www.sashaehrensvard.com<\/a><\/p>\n<p>E-mail: <a href=\"javascript:secureDecryptAndNavigate('fj1gVMLNqMCFzn2QMWP3vYqyWaD9\/hPR98qmQsYlZuVj7aFKpBYYTdx3sl37O9qO4TP+vLiWGtTrb1OwW9mp6R6vpC1uZ4vay3\/yh8uNps0VI195Hw==', '3676280a68af271c25ee9598e755fddfbbd9da6cbad6358d6a6319c7119140f6')\">pavlenkovaaleksandra [at] gmail [dot] com<\/a><br \/>\nTel. +372 5585466<\/p>\n<p>Haridus<br \/>\n2012-2015 Eesti Kunstiakadeemia, Tarbekunst ja Disain (Klaas), MA<br \/>\n2009-2012 Tallinna \u00dclikool, Kunsti\u00f5petus, BA<\/p>\n<p>Alates 2020 tegutseb stuudios Stockholms Glasbruk koos abikaasa Martin Ehrendv\u00e4rdiga.<br \/>\n2014-2019 Olustvere Klaasikoja klaasikunstnik ja \u00f5petaja.<br \/>\nAleksandra on \u00fcks MSK Glass br\u00e4ndi disaineritest.<\/p>\n<p>Tegevusalad: klaasikunst- ja disain, klaasipuhumine, klaasi sulatustehnikad ja k\u00fclmt\u00f6\u00f6tlus.<\/p>\n\n\t\t<style type=\"text\/css\">\n\t\t\t#gallery-1 {\n\t\t\t\tmargin: auto;\n\t\t\t}\n\t\t\t#gallery-1 .gallery-item {\n\t\t\t\tfloat: left;\n\t\t\t\tmargin-top: 10px;\n\t\t\t\ttext-align: center;\n\t\t\t\twidth: 33%;\n\t\t\t}\n\t\t\t#gallery-1 img {\n\t\t\t\tborder: 2px solid #cfcfcf;\n\t\t\t}\n\t\t\t#gallery-1 .gallery-caption {\n\t\t\t\tmargin-left: 0;\n\t\t\t}\n\t\t\t\/* see gallery_shortcode() in wp-includes\/media.php *\/\n\t\t<\/style>\n\t\t<div id='gallery-1' class='gallery galleryid-4321 gallery-columns-3 gallery-size-thumbnail'><dl class='gallery-item'>\n\t\t\t<dt class='gallery-icon landscape'>\n\t\t\t\t<a href='https:\/\/klaasikunst.ee\/wp-content\/uploads\/2020\/03\/Blue-Badger-scaled.jpg'><img loading=\"lazy\" decoding=\"async\" width=\"150\" height=\"150\" src=\"https:\/\/klaasikunst.ee\/wp-content\/uploads\/2020\/03\/Blue-Badger-150x150.jpg\" class=\"attachment-thumbnail size-thumbnail\" alt=\"\" \/><\/a>\n\t\t\t<\/dt><\/dl><dl class='gallery-item'>\n\t\t\t<dt class='gallery-icon landscape'>\n\t\t\t\t<a href='https:\/\/klaasikunst.ee\/wp-content\/uploads\/2020\/03\/Butcher-Chef-Restaurant-Tallinn.jpg'><img loading=\"lazy\" decoding=\"async\" width=\"150\" height=\"150\" src=\"https:\/\/klaasikunst.ee\/wp-content\/uploads\/2020\/03\/Butcher-Chef-Restaurant-Tallinn-150x150.jpg\" class=\"attachment-thumbnail size-thumbnail\" alt=\"\" \/><\/a>\n\t\t\t<\/dt><\/dl><dl class='gallery-item'>\n\t\t\t<dt class='gallery-icon landscape'>\n\t\t\t\t<a href='https:\/\/klaasikunst.ee\/wp-content\/uploads\/2020\/03\/glass-heart-detail-scaled.jpg'><img loading=\"lazy\" decoding=\"async\" width=\"150\" height=\"150\" src=\"https:\/\/klaasikunst.ee\/wp-content\/uploads\/2020\/03\/glass-heart-detail-150x150.jpg\" class=\"attachment-thumbnail size-thumbnail\" alt=\"\" \/><\/a>\n\t\t\t<\/dt><\/dl><br style=\"clear: both\" \/><dl class='gallery-item'>\n\t\t\t<dt class='gallery-icon portrait'>\n\t\t\t\t<a href='https:\/\/klaasikunst.ee\/wp-content\/uploads\/2020\/03\/glass-heart-scaled.jpg'><img loading=\"lazy\" decoding=\"async\" width=\"150\" height=\"150\" src=\"https:\/\/klaasikunst.ee\/wp-content\/uploads\/2020\/03\/glass-heart-150x150.jpg\" class=\"attachment-thumbnail size-thumbnail\" alt=\"\" \/><\/a>\n\t\t\t<\/dt><\/dl><dl class='gallery-item'>\n\t\t\t<dt class='gallery-icon landscape'>\n\t\t\t\t<a href='https:\/\/klaasikunst.ee\/wp-content\/uploads\/2020\/03\/Hare-detail-scaled.jpg'><img loading=\"lazy\" decoding=\"async\" width=\"150\" height=\"150\" src=\"https:\/\/klaasikunst.ee\/wp-content\/uploads\/2020\/03\/Hare-detail-150x150.jpg\" class=\"attachment-thumbnail size-thumbnail\" alt=\"\" \/><\/a>\n\t\t\t<\/dt><\/dl><dl class='gallery-item'>\n\t\t\t<dt class='gallery-icon landscape'>\n\t\t\t\t<a href='https:\/\/klaasikunst.ee\/wp-content\/uploads\/2020\/03\/Viljandimaa-ettev\u00f5tjate-auhinnad-photo-credit-Marko-Saarm-1-scaled.jpg'><img loading=\"lazy\" decoding=\"async\" width=\"150\" height=\"150\" src=\"https:\/\/klaasikunst.ee\/wp-content\/uploads\/2020\/03\/Viljandimaa-ettev\u00f5tjate-auhinnad-photo-credit-Marko-Saarm-1-150x150.jpg\" class=\"attachment-thumbnail size-thumbnail\" alt=\"\" \/><\/a>\n\t\t\t<\/dt><\/dl><br style=\"clear: both\" \/>\n\t\t<\/div>\n\n","protected":false},"excerpt":{"rendered":"<p>Koduleht: https:\/\/www.sashaehrensvard.com E-mail: pavlenkovaaleksandra [at] gmail [dot] com Tel. +372 5585466 Haridus 2012-2015 Eesti Kunstiakadeemia, Tarbekunst ja Disain (Klaas), MA 2009-2012 Tallinna \u00dclikool, Kunsti\u00f5petus, BA Alates 2020 tegutseb stuudios Stockholms Glasbruk koos abikaasa Martin Ehrendv\u00e4rdiga. 2014-2019 Olustvere Klaasikoja klaasikunstnik ja \u00f5petaja. Aleksandra on \u00fcks MSK Glass br\u00e4ndi disaineritest. Tegevusalad: klaasikunst- ja disain, klaasipuhumine, klaasi sulatustehnikad [&hellip;]<\/p>\n","protected":false},"author":1,"featured_media":0,"parent":154,"menu_order":0,"comment_status":"closed","ping_status":"closed","template":"","meta":{"footnotes":""},"class_list":["post-4321","page","type-page","status-publish","hentry"],"aioseo_notices":[],"_links":{"self":[{"href":"https:\/\/klaasikunst.ee\/index.php?rest_route=\/wp\/v2\/pages\/4321","targetHints":{"allow":["GET"]}}],"collection":[{"href":"https:\/\/klaasikunst.ee\/index.php?rest_route=\/wp\/v2\/pages"}],"about":[{"href":"https:\/\/klaasikunst.ee\/index.php?rest_route=\/wp\/v2\/types\/page"}],"author":[{"embeddable":true,"href":"https:\/\/klaasikunst.ee\/index.php?rest_route=\/wp\/v2\/users\/1"}],"replies":[{"embeddable":true,"href":"https:\/\/klaasikunst.ee\/index.php?rest_route=%2Fwp%2Fv2%2Fcomments&post=4321"}],"version-history":[{"count":11,"href":"https:\/\/klaasikunst.ee\/index.php?rest_route=\/wp\/v2\/pages\/4321\/revisions"}],"predecessor-version":[{"id":7278,"href":"https:\/\/klaasikunst.ee\/index.php?rest_route=\/wp\/v2\/pages\/4321\/revisions\/7278"}],"up":[{"embeddable":true,"href":"https:\/\/klaasikunst.ee\/index.php?rest_route=\/wp\/v2\/pages\/154"}],"wp:attachment":[{"href":"https:\/\/klaasikunst.ee\/index.php?rest_route=%2Fwp%2Fv2%2Fmedia&parent=4321"}],"curies":[{"name":"wp","href":"https:\/\/api.w.org\/{rel}","templated":true}]}}