{"id":3641,"date":"2014-02-13T07:53:08","date_gmt":"2014-02-13T06:59:34","guid":{"rendered":"http:\/\/klaasikunst.ee\/?page_id=3641"},"modified":"2014-06-18T10:34:15","modified_gmt":"2014-06-18T08:34:15","slug":"avaleht","status":"publish","type":"page","link":"https:\/\/klaasikunst.ee\/?page_id=3641","title":{"rendered":"Avaleht"},"content":{"rendered":"<p><span class=\"Apple-style-span\" style=\"color: #000000;\"><script type=\"text\/javascript\">jQuery(document).ready(function() {\n\t\t   \t\tjQuery(\".smooth_slider_fouc .smooth_slider\").show();\n\t\t\t});jQuery(document).ready(function() {\n\t\tjQuery(\"#smooth_slider_1\").smooth({ \n\t\t\tfx: \"fade\",\n\t\t\tspeed:\"1000\",\n\t\t\ttimeout: 8000,pause: 1\n\t\t\t,slideExpr: \"div.smooth_slideri\"\n\t\t});\n\t\tjQuery(\"#smooth_slider_1\").touchwipe({\n\t\t\twipeLeft: function() {\n\t\t\t\tjQuery(\"#smooth_slider_1\").smooth(\"next\");\n\t\t\t},\n\t\t\twipeRight: function() {\n\t\t\t\tjQuery(\"#smooth_slider_1\").smooth(\"prev\");\n\t\t\t},\n\t\t\tpreventDefaultEvents: false\n\t\t});jQuery(\"#smooth_slider_1\").smoothSlider({\n\t\t\t\t\tsliderWidth\t\t:880,\n\t\t\t\t\tsliderHeight\t\t:240,\n\t\t\t\t\tnavArr\t\t\t:0,\n\t\t\t\t\timg_align\t\t:\"left\"\n\t\t\t});});<\/script><noscript><p><strong>Eesti Klaasikunstnike \u00dchendus on Eesti Kunstnike Liidu alaliit, mis koondab endasse professionaalseid klaasikunstnikke.  \u00dchenduse eesm\u00e4rgiks on eesti klaasikunsti igak\u00fclgne arendamine, oma liikmetele esinemisv\u00f5imaluste loomine, klaasikunstnike t\u00f6\u00f6ga seotud teabe kogumine ja vahendamine ning mitmesuguste erialaste kontaktide loomine. Klaasikunstnike \u00dchenduse juhatus on kolmeliikmeline \u2013 juhataja Sofi Ar\u0161as, juhatuse liikmed Piret Ellamaa ja Kateriin RIkken.<\/strong><\/p><\/noscript><div id=\"smooth_slider_1\" class=\"smooth_slider\" style=\"max-width:880px;height:240px;min-height:240px;background-color:transparent;border:0px solid #999999;\"><div class=\"smooth_sliderb\"><div class=\"smooth_slideri\" style=\"max-width:880px;margin:0px 0px 0px 0px;\">\n\t\t\t<!-- smooth_slideri --><a href=\"https:\/\/klaasikunst.ee\/?p=7711\" title=\"2026 Erki Kannus TULIVESIV\u00c4RV\"  ><img decoding=\"async\" src=\"https:\/\/klaasikunst.ee\/wp-content\/uploads\/2026\/02\/tulivesi2-300x224.jpg\" alt=\"\" class=\"slider_thumbnail medium smooth_slider_thumbnail\" width=\"300\" height=\"\" style=\"float:left;margin:0 10px 0 0px;max-height:200px;border:0px solid #000000;width:300px;\" \/><\/a><h2 style=\"clear:none;line-height:27px;font-family:Georgia,serif;font-size:24px;font-weight:normal;font-style:normal;color:#444;margin:0 0 5px 0;\"><a style=\"color:#444;font-size:24px;font-weight:normal;font-style:normal;\" href=\"https:\/\/klaasikunst.ee\/?p=7711\">2026 Erki Kannus TULIVESIV\u00c4RV<\/a><\/h2><span style=\"font-family:Arial,Helvetica,sans-serif;font-size:14px;font-weight:normal;font-style:normal;color:#666;\"> Reedel, 13. veebruaril kell 17.00 avab kunstnik Erki Kannus Vabaduse galeriis n\u00e4ituse \u201etulivesiv\u00e4rv\u201c. N\u00e4itus j\u00e4\u00e4b avatuks kuni 11. m\u00e4rtsini 2026.\r\rErki Kannus on paberile lahti lasknud kolm stiihiat \u2013 tule, vee ...<\/span>\n\t\t\t\t<p class=\"smooth_more\"><a href=\"https:\/\/klaasikunst.ee\/?p=7711\" style=\"color:#333;font-family:Arial,Helvetica,sans-serif;font-size:14px;margin-left: 10px;\">\u2192<\/a><\/p>\n\t\t\t\n\t\t\t\t<!-- \/smooth_slideri -->\n\t\t\t<\/div><div class=\"smooth_slideri\" style=\"max-width:880px;margin:0px 0px 0px 0px;\">\n\t\t\t<!-- smooth_slideri --><a href=\"https:\/\/klaasikunst.ee\/?p=7693\" title=\"2026 Rait L\u00f5hmus DEKRISTALLISATSIOON\"  ><img decoding=\"async\" src=\"https:\/\/klaasikunst.ee\/wp-content\/uploads\/2026\/02\/raitlohmus_dekris-300x157.jpg\" alt=\"\" class=\"slider_thumbnail medium smooth_slider_thumbnail\" width=\"300\" height=\"\" style=\"float:left;margin:0 10px 0 0px;max-height:200px;border:0px solid #000000;width:300px;\" \/><\/a><h2 style=\"clear:none;line-height:27px;font-family:Georgia,serif;font-size:24px;font-weight:normal;font-style:normal;color:#444;margin:0 0 5px 0;\"><a style=\"color:#444;font-size:24px;font-weight:normal;font-style:normal;\" href=\"https:\/\/klaasikunst.ee\/?p=7693\">2026 Rait L\u00f5hmus DEKRISTALLISATSIOON<\/a><\/h2><span style=\"font-family:Arial,Helvetica,sans-serif;font-size:14px;font-weight:normal;font-style:normal;color:#666;\"> Rait L\u00f5hmus\rDEKRISTALLISATSIOON\rHOP galerii\r12-26.02.2026\r\rRait L\u00f5hmuse isikun\u00e4itus \u201eDekristallisatsioon \/ Decrystallization\u201c Hop galeriis on j\u00e4tk autori magistri\u00f5pingute jooksul v\u00e4ljat\u00f6\u00f6tatud materjalik\u00e4sitlusele. L\u00f5hmus uuris magistrit\u00f6\u00f6 raames\rklaasist valmisvormide kasutamist klaasipuhumisstuudios ning pakkus alternatiivse l\u00e4henemise stuudioklaasile \u2013 ...<\/span>\n\t\t\t\t<p class=\"smooth_more\"><a href=\"https:\/\/klaasikunst.ee\/?p=7693\" style=\"color:#333;font-family:Arial,Helvetica,sans-serif;font-size:14px;margin-left: 10px;\">\u2192<\/a><\/p>\n\t\t\t\n\t\t\t\t<!-- \/smooth_slideri -->\n\t\t\t<\/div><div class=\"smooth_slideri\" style=\"max-width:880px;margin:0px 0px 0px 0px;\">\n\t\t\t<!-- smooth_slideri --><a href=\"https:\/\/klaasikunst.ee\/?p=7697\" title=\"2026 Kairi Orgusaar H\u00c4\u00c4LESTUS. HARMOONIA VALEM\"  ><img decoding=\"async\" src=\"https:\/\/klaasikunst.ee\/wp-content\/uploads\/2026\/02\/haalestus-300x157.jpg\" alt=\"\" class=\"slider_thumbnail medium smooth_slider_thumbnail\" width=\"300\" height=\"\" style=\"float:left;margin:0 10px 0 0px;max-height:200px;border:0px solid #000000;width:300px;\" \/><\/a><h2 style=\"clear:none;line-height:27px;font-family:Georgia,serif;font-size:24px;font-weight:normal;font-style:normal;color:#444;margin:0 0 5px 0;\"><a style=\"color:#444;font-size:24px;font-weight:normal;font-style:normal;\" href=\"https:\/\/klaasikunst.ee\/?p=7697\">2026 Kairi Orgusaar H\u00c4\u00c4LESTUS. HARMOONIA VALEM<\/a><\/h2><span style=\"font-family:Arial,Helvetica,sans-serif;font-size:14px;font-weight:normal;font-style:normal;color:#666;\"> Kairi Orgusaar\rH\u00c4\u00c4LESTUS. HARMOONIA VALEM\rHOP galeriis\r19.12.2025 -11.01.2026\r\rNeljap\u00e4eval, 18. detsembril kell 17.00 avatakse Kairi Orgusaare n\u00e4itus \u201eH\u00e4\u00e4lestus. Harmoonia valem\u201c Hop galeriis.\r\u201eKui maailm oleks t\u00e4iuslik, puuduks kunstil m\u00f5te \u2013 inimene ei otsiks sel ...<\/span>\n\t\t\t\t<p class=\"smooth_more\"><a href=\"https:\/\/klaasikunst.ee\/?p=7697\" style=\"color:#333;font-family:Arial,Helvetica,sans-serif;font-size:14px;margin-left: 10px;\">\u2192<\/a><\/p>\n\t\t\t\n\t\t\t\t<!-- \/smooth_slideri -->\n\t\t\t<\/div><div class=\"smooth_slideri\" style=\"max-width:880px;margin:0px 0px 0px 0px;\">\n\t\t\t<!-- smooth_slideri --><a href=\"https:\/\/klaasikunst.ee\/?p=7684\" title=\"2025 Tiina Sarapu KOGO galeriis\"  ><img decoding=\"async\" src=\"https:\/\/klaasikunst.ee\/wp-content\/uploads\/2026\/02\/594061352_10235924077575069_1735590297263006334_n-300x225.jpg\" alt=\"\" class=\"slider_thumbnail medium smooth_slider_thumbnail\" width=\"300\" height=\"\" style=\"float:left;margin:0 10px 0 0px;max-height:200px;border:0px solid #000000;width:300px;\" \/><\/a><h2 style=\"clear:none;line-height:27px;font-family:Georgia,serif;font-size:24px;font-weight:normal;font-style:normal;color:#444;margin:0 0 5px 0;\"><a style=\"color:#444;font-size:24px;font-weight:normal;font-style:normal;\" href=\"https:\/\/klaasikunst.ee\/?p=7684\">2025 Tiina Sarapu KOGO galeriis<\/a><\/h2><span style=\"font-family:Arial,Helvetica,sans-serif;font-size:14px;font-weight:normal;font-style:normal;color:#666;\"> V\u00e4lkn\u00e4itus\r\u201eAasta pikim \u00f6\u00f6\u201d\rKuraator: Stella M\u00f5ttus\r29.11.2025 \u2013 7.2.2026\r\r29. novembrist on Kogo galeriis avatud meie talvine v\u00e4lkn\u00e4itus \u201eAasta pikim \u00f6\u00f6\u201c, kus n\u00e4eb t\u00f6id seitsmelt kunstnikult Eestist, L\u00e4tist ja Suurbritanniast. Osalevad Agate T\u016bna, ...<\/span>\n\t\t\t\t<p class=\"smooth_more\"><a href=\"https:\/\/klaasikunst.ee\/?p=7684\" style=\"color:#333;font-family:Arial,Helvetica,sans-serif;font-size:14px;margin-left: 10px;\">\u2192<\/a><\/p>\n\t\t\t\n\t\t\t\t<!-- \/smooth_slideri -->\n\t\t\t<\/div><\/div><div class=\"sldr_clearlt\"><\/div><div class=\"sldr_clearrt\"><\/div>\n<\/div><script type=\"text\/javascript\">jQuery(\"html\").addClass(\"smooth_slider_fouc\");jQuery(\".smooth_slider_fouc .smooth_slider\").hide();<\/script><\/span><\/p>\n","protected":false},"excerpt":{"rendered":"","protected":false},"author":1,"featured_media":0,"parent":0,"menu_order":0,"comment_status":"closed","ping_status":"closed","template":"page-templates\/front-page.php","meta":{"footnotes":""},"class_list":["post-3641","page","type-page","status-publish","hentry"],"aioseo_notices":[],"_links":{"self":[{"href":"https:\/\/klaasikunst.ee\/index.php?rest_route=\/wp\/v2\/pages\/3641","targetHints":{"allow":["GET"]}}],"collection":[{"href":"https:\/\/klaasikunst.ee\/index.php?rest_route=\/wp\/v2\/pages"}],"about":[{"href":"https:\/\/klaasikunst.ee\/index.php?rest_route=\/wp\/v2\/types\/page"}],"author":[{"embeddable":true,"href":"https:\/\/klaasikunst.ee\/index.php?rest_route=\/wp\/v2\/users\/1"}],"replies":[{"embeddable":true,"href":"https:\/\/klaasikunst.ee\/index.php?rest_route=%2Fwp%2Fv2%2Fcomments&post=3641"}],"version-history":[{"count":14,"href":"https:\/\/klaasikunst.ee\/index.php?rest_route=\/wp\/v2\/pages\/3641\/revisions"}],"predecessor-version":[{"id":4123,"href":"https:\/\/klaasikunst.ee\/index.php?rest_route=\/wp\/v2\/pages\/3641\/revisions\/4123"}],"wp:attachment":[{"href":"https:\/\/klaasikunst.ee\/index.php?rest_route=%2Fwp%2Fv2%2Fmedia&parent=3641"}],"curies":[{"name":"wp","href":"https:\/\/api.w.org\/{rel}","templated":true}]}}