{"id":3152,"date":"2014-02-04T14:22:30","date_gmt":"2014-02-04T14:22:30","guid":{"rendered":"http:\/\/klaasikunst.ee\/?page_id=3152"},"modified":"2014-03-02T09:06:45","modified_gmt":"2014-03-02T09:06:45","slug":"logo","status":"publish","type":"page","link":"https:\/\/klaasikunst.ee\/?page_id=3152","title":{"rendered":"Logo"},"content":{"rendered":"<p>Tr\u00fckistel EKK\u00dc logo kasutamiseks laadige alla j\u00e4rgnev PDF fail:<\/p>\n<p><a href=\"http:\/\/klaasikunst.ee\/wp-content\/uploads\/2004\/04\/ekky-logo.pdf\">EKK\u00dc logo (pdf)<\/a><\/p>\n","protected":false},"excerpt":{"rendered":"<p>Tr\u00fckistel EKK\u00dc logo kasutamiseks laadige alla j\u00e4rgnev PDF fail: EKK\u00dc logo (pdf)<\/p>\n","protected":false},"author":1,"featured_media":0,"parent":4,"menu_order":0,"comment_status":"closed","ping_status":"closed","template":"","meta":{"footnotes":""},"class_list":["post-3152","page","type-page","status-publish","hentry"],"aioseo_notices":[],"_links":{"self":[{"href":"https:\/\/klaasikunst.ee\/index.php?rest_route=\/wp\/v2\/pages\/3152","targetHints":{"allow":["GET"]}}],"collection":[{"href":"https:\/\/klaasikunst.ee\/index.php?rest_route=\/wp\/v2\/pages"}],"about":[{"href":"https:\/\/klaasikunst.ee\/index.php?rest_route=\/wp\/v2\/types\/page"}],"author":[{"embeddable":true,"href":"https:\/\/klaasikunst.ee\/index.php?rest_route=\/wp\/v2\/users\/1"}],"replies":[{"embeddable":true,"href":"https:\/\/klaasikunst.ee\/index.php?rest_route=%2Fwp%2Fv2%2Fcomments&post=3152"}],"version-history":[{"count":3,"href":"https:\/\/klaasikunst.ee\/index.php?rest_route=\/wp\/v2\/pages\/3152\/revisions"}],"predecessor-version":[{"id":3773,"href":"https:\/\/klaasikunst.ee\/index.php?rest_route=\/wp\/v2\/pages\/3152\/revisions\/3773"}],"up":[{"embeddable":true,"href":"https:\/\/klaasikunst.ee\/index.php?rest_route=\/wp\/v2\/pages\/4"}],"wp:attachment":[{"href":"https:\/\/klaasikunst.ee\/index.php?rest_route=%2Fwp%2Fv2%2Fmedia&parent=3152"}],"curies":[{"name":"wp","href":"https:\/\/api.w.org\/{rel}","templated":true}]}}