{"id":159,"date":"2013-10-26T19:50:27","date_gmt":"2013-10-26T19:45:08","guid":{"rendered":"http:\/\/klaasikunst.ee\/?page_id=159"},"modified":"2025-06-20T08:21:17","modified_gmt":"2025-06-20T06:21:17","slug":"members","status":"publish","type":"page","link":"https:\/\/klaasikunst.ee\/?page_id=159","title":{"rendered":"Members"},"content":{"rendered":"<div style=\"width: 180px; float: left; font-size: 15px;\">\n<ul>\n<li><a title=\"Aet Andresma-Tamm\" href=\"http:\/\/klaasikunst.ee\/?page_id=4332\">Aet Andresma-Tamm<\/a><\/li>\n<li><a title=\"Kairit Annus\" href=\"http:\/\/klaasikunst.ee\/?page_id=4336\">Kairit\u00a0Annus<\/a><\/li>\n<li><a title=\"Sofi Ar\u0161as\" href=\"http:\/\/klaasikunst.ee\/?page_id=3123\">Sofi\u00a0Ar\u0161as<\/a><\/li>\n<li><a title=\"Tatjana Buhhenskaja\" href=\"http:\/\/klaasikunst.ee\/?page_id=4344\">Tatjana\u00a0Buhhenskaja<\/a><\/li>\n<li><a href=\"http:\/\/klaasikunst.ee\/?page_id=4356\">Valentina Drovjannikova<\/a><\/li>\n<li><a href=\"http:\/\/klaasikunst.ee\/?page_id=4323\">Aleksandra Ehrensv\u00e4rd<\/a><\/li>\n<li><a title=\"Piret Ellamaa\" href=\"http:\/\/klaasikunst.ee\/?page_id=4359\">Piret\u00a0Ellamaa<\/a><\/li>\n<li><a title=\"Aljona Gustavson\" href=\"http:\/\/klaasikunst.ee\/?page_id=4339\">Aljona\u00a0Gustavson<\/a><\/li>\n<li><a title=\"Riho H\u00fctt\" href=\"http:\/\/klaasikunst.ee\/?page_id=4362\">Riho\u00a0H\u00fctt<\/a><\/li>\n<li><a title=\"Liisi Junolainen\" href=\"http:\/\/klaasikunst.ee\/?page_id=4368\">Liisi\u00a0Junolainen<\/a><\/li>\n<li><a title=\"Eha-Pilvi J\u00f5gi\" href=\"http:\/\/klaasikunst.ee\/?page_id=4365\">Eha- Pilvi\u00a0J\u00f5gi<\/a><\/li>\n<li><a href=\"https:\/\/klaasikunst.ee\/?page_id=7085\">Elle Kannike<\/a><\/li>\n<li><a href=\"https:\/\/klaasikunst.ee\/?page_id=6509\">Erki Kannus<\/a><\/li>\n<li><a title=\"Merle Kannus\" href=\"http:\/\/klaasikunst.ee\/?page_id=3111\">Merle\u00a0Kannus<\/a><\/li>\n<li><a title=\"Malle Karik-Hallim\u00e4e\" href=\"http:\/\/klaasikunst.ee\/?page_id=4394\">Malle\u00a0Karik-Hallim\u00e4e<\/a><\/li>\n<li><a title=\"Viivi-Ann Keerdo\" href=\"http:\/\/klaasikunst.ee\/?page_id=4397\">Viivi-Ann\u00a0Keerdo<\/a><\/li>\n<li><a title=\"Kati Kerstna\" href=\"http:\/\/klaasikunst.ee\/?page_id=4488\">Kati\u00a0Kerstna<\/a><\/li>\n<li><a title=\"Virve Kiil\" href=\"http:\/\/klaasikunst.ee\/?page_id=3137\">Virve\u00a0Kiil<\/a><\/li>\n<li><a title=\"Kai Kiudsoo-V\u00e4rv\" href=\"http:\/\/klaasikunst.ee\/?page_id=4401\">Kai\u00a0Kiudsoo-V\u00e4rv<\/a><\/li>\n<li><a title=\"Eve Koha\" href=\"http:\/\/klaasikunst.ee\/?page_id=4404\">Eve\u00a0Koha<\/a><\/li>\n<li><a title=\"Inga Koppel\" href=\"http:\/\/klaasikunst.ee\/?page_id=4407\">Inga\u00a0Koppel<\/a><\/li>\n<li><a title=\"Kai Koppel\" href=\"http:\/\/klaasikunst.ee\/?page_id=4410\">Kai\u00a0Koppel<\/a><\/li>\n<\/ul>\n<\/div>\n<div style=\"width: 182px; float: left; font-size: 15px;\">\n<ul>\n<li style=\"list-style-type: none;\">\n<ul>\n<li><a title=\"Helena Kreem\" href=\"http:\/\/klaasikunst.ee\/?page_id=4413\">Helena\u00a0Kreem<\/a><\/li>\n<li><a title=\"Marilin Kristjuhan\" href=\"http:\/\/klaasikunst.ee\/?page_id=3105\">Marilin\u00a0Kristjuhan<\/a><\/li>\n<li><a title=\"Eeva K\u00e4sper\" href=\"http:\/\/klaasikunst.ee\/?page_id=4419\">Eeva\u00a0K\u00e4sper<\/a><\/li>\n<li><a href=\"http:\/\/klaasikunst.ee\/?page_id=5314\">Marilin Laas<\/a><\/li>\n<li><a title=\"Anne-Liis Leht\" href=\"http:\/\/klaasikunst.ee\/?page_id=3026\">Anne-Liis\u00a0Leht<\/a><\/li>\n<li><a href=\"http:\/\/klaasikunst.ee\/?page_id=4352\">Merle Lobjakas<\/a><\/li>\n<li><a href=\"https:\/\/klaasikunst.ee\/?page_id=6207\">Sigrid Luitsalu<\/a><\/li>\n<li><a href=\"http:\/\/klaasikunst.ee\/?page_id=5322\">Rait L\u00f5hmus<\/a><\/li>\n<li><a href=\"http:\/\/klaasikunst.ee\/?page_id=4425\">Maie\u00a0Mikof-Liivik<\/a><\/li>\n<li><a href=\"http:\/\/klaasikunst.ee\/?page_id=4977\">Toomas M\u00e4elt<\/a><\/li>\n<li><a href=\"http:\/\/klaasikunst.ee\/?page_id=4972\">Maarja M\u00e4emets<\/a><\/li>\n<li><a href=\"http:\/\/klaasikunst.ee\/?page_id=5389\">Annika M\u00e4tlik<\/a><\/li>\n<li><a title=\"Karin M\u00f6lder\" href=\"http:\/\/klaasikunst.ee\/?page_id=4431\">Karin\u00a0M\u00f6lder<\/a><\/li>\n<li><a title=\"Jana N\u00f5mm\" href=\"http:\/\/klaasikunst.ee\/?page_id=4434\">Jana\u00a0N\u00f5mm<\/a><\/li>\n<li><a title=\"Pilvi Ojamaa\" href=\"http:\/\/klaasikunst.ee\/?page_id=4437\">Pilvi\u00a0Ojamaa<\/a><\/li>\n<li><a title=\"Anne Oks\" href=\"http:\/\/klaasikunst.ee\/?page_id=4341\">Anne\u00a0Oks<\/a><\/li>\n<li><a title=\"Kairi Orgusaar\" href=\"http:\/\/klaasikunst.ee\/?page_id=4458\">Kairi Orgusaar<\/a><\/li>\n<li><a href=\"https:\/\/klaasikunst.ee\/?page_id=7188\">\u00d5nne Paulus<\/a><\/li>\n<li><a title=\"Heli Press\" href=\"http:\/\/klaasikunst.ee\/?page_id=4440\">Heli\u00a0Press<\/a><\/li>\n<li><a title=\"Rait Pr\u00e4\u00e4ts\" href=\"http:\/\/klaasikunst.ee\/?page_id=3117\">Rait\u00a0Pr\u00e4\u00e4ts<\/a><\/li>\n<li><a href=\"http:\/\/klaasikunst.ee\/?page_id=5393\">Tiia P\u00f5ldmets<\/a><\/li>\n<li><a title=\"Birgit P\u00e4hlapuu\" href=\"http:\/\/klaasikunst.ee\/?page_id=4443\">Birgit\u00a0P\u00e4hlapuu<\/a><\/li>\n<\/ul>\n<\/li>\n<\/ul>\n<\/div>\n<div style=\"width: 180px; float: left; font-size: 15px;\">\n<ul>\n<li><a title=\"Maie-Ann Raun\" href=\"http:\/\/klaasikunst.ee\/?page_id=4449\">Maie-Ann\u00a0Raun<\/a><\/li>\n<li><a title=\"Kateriin Rikken\" href=\"http:\/\/klaasikunst.ee\/?page_id=4452\">Kateriin\u00a0Rikken<\/a><\/li>\n<li><a title=\"Kristi Ringkjob\" href=\"http:\/\/klaasikunst.ee\/?page_id=4455\">Kristi\u00a0Ringkjob<\/a><\/li>\n<li><a href=\"http:\/\/klaasikunst.ee\/?page_id=5336\">Kai Roosaar<\/a><\/li>\n<li><a title=\"Maret Sarapu\" href=\"http:\/\/klaasikunst.ee\/?page_id=3103\">Maret\u00a0Sarapu<\/a><\/li>\n<li><a title=\"Tiina Sarapu\" href=\"http:\/\/klaasikunst.ee\/?page_id=3130\">Tiina\u00a0Sarapu<\/a><\/li>\n<li><a title=\"Kalli Sein\" href=\"http:\/\/klaasikunst.ee\/?page_id=3073\">Kalli\u00a0Sein<\/a><\/li>\n<li><a title=\"Eili Soon\" href=\"http:\/\/klaasikunst.ee\/?page_id=3035\">Eili\u00a0Soon<\/a><\/li>\n<li><a title=\"Mare Soovik-Lobjakas\" href=\"http:\/\/klaasikunst.ee\/?page_id=4461\">Mare\u00a0Soovik-Lobjakas<\/a><\/li>\n<li><a href=\"http:\/\/klaasikunst.ee\/?page_id=5318\">Maria Tamm<\/a><\/li>\n<li><a title=\"Elve Tauts\" href=\"http:\/\/klaasikunst.ee\/?page_id=4464\">Elve\u00a0Tauts<\/a><\/li>\n<li><a href=\"https:\/\/klaasikunst.ee\/?page_id=6505\">Agnes Torm<\/a><\/li>\n<li><a title=\"Katrin Tukmann\" href=\"http:\/\/klaasikunst.ee\/?page_id=4467\">Katrin\u00a0Tukmann<\/a><\/li>\n<li><a href=\"http:\/\/klaasikunst.ee\/?page_id=5262\">Piret Uibotalu<\/a><\/li>\n<li><a title=\"Anna-Maria Vaino\" href=\"http:\/\/klaasikunst.ee\/?page_id=3022\">Anna-Maria\u00a0Vaino<\/a><\/li>\n<li><a href=\"https:\/\/klaasikunst.ee\/?page_id=7089\">Kaie Vakepea<\/a><\/li>\n<li><a title=\"Kersti Vaks\" href=\"http:\/\/klaasikunst.ee\/?page_id=4476\">Kersti\u00a0Vaks<\/a><\/li>\n<li><a title=\"Kaire-Leen Varik\" href=\"http:\/\/klaasikunst.ee\/?page_id=4479\">Kaire-Leen\u00a0Varik<\/a><\/li>\n<li><a title=\"Madli Viires\" href=\"http:\/\/klaasikunst.ee\/?page_id=4482\">Madli\u00a0Viires<\/a><\/li>\n<li><a title=\"Tiia-Lena Vilde\" href=\"http:\/\/klaasikunst.ee\/?page_id=4485\">Tiia-Lena\u00a0Vilde<\/a><\/li>\n<\/ul>\n<\/div>\n","protected":false},"excerpt":{"rendered":"<p>Aet Andresma-Tamm Kairit\u00a0Annus Sofi\u00a0Ar\u0161as Tatjana\u00a0Buhhenskaja Valentina Drovjannikova Aleksandra Ehrensv\u00e4rd Piret\u00a0Ellamaa Aljona\u00a0Gustavson Riho\u00a0H\u00fctt Liisi\u00a0Junolainen Eha- Pilvi\u00a0J\u00f5gi Elle Kannike Erki Kannus Merle\u00a0Kannus Malle\u00a0Karik-Hallim\u00e4e Viivi-Ann\u00a0Keerdo Kati\u00a0Kerstna Virve\u00a0Kiil Kai\u00a0Kiudsoo-V\u00e4rv Eve\u00a0Koha Inga\u00a0Koppel Kai\u00a0Koppel Helena\u00a0Kreem Marilin\u00a0Kristjuhan Eeva\u00a0K\u00e4sper Marilin Laas Anne-Liis\u00a0Leht Merle Lobjakas Sigrid Luitsalu Rait L\u00f5hmus Maie\u00a0Mikof-Liivik Toomas M\u00e4elt Maarja M\u00e4emets Annika M\u00e4tlik Karin\u00a0M\u00f6lder Jana\u00a0N\u00f5mm Pilvi\u00a0Ojamaa Anne\u00a0Oks Kairi Orgusaar \u00d5nne Paulus [&hellip;]<\/p>\n","protected":false},"author":1,"featured_media":0,"parent":0,"menu_order":0,"comment_status":"closed","ping_status":"closed","template":"","meta":{"footnotes":""},"class_list":["post-159","page","type-page","status-publish","hentry"],"aioseo_notices":[],"_links":{"self":[{"href":"https:\/\/klaasikunst.ee\/index.php?rest_route=\/wp\/v2\/pages\/159","targetHints":{"allow":["GET"]}}],"collection":[{"href":"https:\/\/klaasikunst.ee\/index.php?rest_route=\/wp\/v2\/pages"}],"about":[{"href":"https:\/\/klaasikunst.ee\/index.php?rest_route=\/wp\/v2\/types\/page"}],"author":[{"embeddable":true,"href":"https:\/\/klaasikunst.ee\/index.php?rest_route=\/wp\/v2\/users\/1"}],"replies":[{"embeddable":true,"href":"https:\/\/klaasikunst.ee\/index.php?rest_route=%2Fwp%2Fv2%2Fcomments&post=159"}],"version-history":[{"count":91,"href":"https:\/\/klaasikunst.ee\/index.php?rest_route=\/wp\/v2\/pages\/159\/revisions"}],"predecessor-version":[{"id":7191,"href":"https:\/\/klaasikunst.ee\/index.php?rest_route=\/wp\/v2\/pages\/159\/revisions\/7191"}],"wp:attachment":[{"href":"https:\/\/klaasikunst.ee\/index.php?rest_route=%2Fwp%2Fv2%2Fmedia&parent=159"}],"curies":[{"name":"wp","href":"https:\/\/api.w.org\/{rel}","templated":true}]}}