{"id":1216,"date":"2015-05-14T18:03:54","date_gmt":"2013-11-04T18:20:46","guid":{"rendered":"http:\/\/klaasikunst.ee\/?page_id=1216"},"modified":"2014-02-05T09:10:01","modified_gmt":"2014-02-05T09:10:01","slug":"tiia-lena-vilde","status":"publish","type":"page","link":"https:\/\/klaasikunst.ee\/?page_id=1216","title":{"rendered":"Tiia-Lena Vilde"},"content":{"rendered":"<div id=\"attachment_1352\" style=\"width: 310px\" class=\"wp-caption alignright\"><a href=\"http:\/\/klaasikunst.ee\/wp-content\/uploads\/2013\/11\/414.png\"><img loading=\"lazy\" decoding=\"async\" aria-describedby=\"caption-attachment-1352\" class=\"size-medium wp-image-1352 \" alt=\"414\" src=\"http:\/\/klaasikunst.ee\/wp-content\/uploads\/2013\/11\/414-300x192.png\" width=\"300\" height=\"192\" srcset=\"https:\/\/klaasikunst.ee\/wp-content\/uploads\/2013\/11\/414-300x192.png 300w, https:\/\/klaasikunst.ee\/wp-content\/uploads\/2013\/11\/414.png 545w\" sizes=\"auto, (max-width: 300px) 100vw, 300px\" \/><\/a><p id=\"caption-attachment-1352\" class=\"wp-caption-text\">M\u00f5rsja, 1982<\/p><\/div>\n<p>telefon: 653 95 23<\/p>\n<p>CV<br \/>\nS\u00fcnd. 26.06.1944, Rakvere<\/p>\n<p>Haridus<br \/>\n1969 Eesti Riiklik Kunstiinstituut, klaasikunsti eriala<br \/>\nTeenistusk\u00e4ik<br \/>\n1969-1994 kunstnik, tehas \u201cTarbeklaas\u201d, Tallinn,<br \/>\n1994-2000 disainer AS \u201cSkankristall\u201d<br \/>\nKuuluvus liitudesse<br \/>\n1993- Kunstnike Liidu liige<br \/>\n1989- Disainerite Liidu liige<br \/>\nValik n\u00e4itusi:<br \/>\nIsikn\u00e4itused<br \/>\n1987 Rakvere Koduloomuuseum (T.-L. Vilde, K. Kits-Karm, I. K\u00e4rmik, E. Valk-Falk)<br \/>\n1982 Rakvere Koduloomuuseum (T.-L. Vilde, K. Kits-Karm, E. Tammpere ja I. K\u00e4rmik)<\/p>\n<p>\u00dcldn\u00e4itused:<br \/>\n1997 \u201cEesti klaas 60\u201d, Tallinna Kunstihoone, Tallinn<br \/>\n1993 \u201cTarbeklaasi kunstnikud\u201d, Tarbekunstimuuseum, Tallinn<br \/>\n1975, 1982, 1983, 1989 eesti klaasi \u00fclevaaten\u00e4itused, Tallinn, Tartu<\/p>\n<p>Tunnustusi<br \/>\n1981 laureaat, \u00fcleliiduline t\u00f6\u00f6stustoodangu konkurss<br \/>\n1975 pronksmedal, RMSN, Moskva<br \/>\nT\u00f6\u00f6d kogudes<br \/>\nEesti Tarbekunsti- ja Disainimuuseum, Eesti Kunstifond, Tallinna Linnamuuseum, Eesti Kultuuriministeerium<\/p>\n<p>&nbsp;<\/p>\n","protected":false},"excerpt":{"rendered":"<p>telefon: 653 95 23 CV S\u00fcnd. 26.06.1944, Rakvere Haridus 1969 Eesti Riiklik Kunstiinstituut, klaasikunsti eriala Teenistusk\u00e4ik 1969-1994 kunstnik, tehas \u201cTarbeklaas\u201d, Tallinn, 1994-2000 disainer AS \u201cSkankristall\u201d Kuuluvus liitudesse 1993- Kunstnike Liidu liige 1989- Disainerite Liidu liige Valik n\u00e4itusi: Isikn\u00e4itused 1987 Rakvere Koduloomuuseum (T.-L. Vilde, K. Kits-Karm, I. K\u00e4rmik, E. Valk-Falk) 1982 Rakvere Koduloomuuseum (T.-L. Vilde, K. [&hellip;]<\/p>\n","protected":false},"author":1,"featured_media":0,"parent":154,"menu_order":0,"comment_status":"closed","ping_status":"closed","template":"","meta":{"footnotes":""},"class_list":["post-1216","page","type-page","status-publish","hentry"],"aioseo_notices":[],"_links":{"self":[{"href":"https:\/\/klaasikunst.ee\/index.php?rest_route=\/wp\/v2\/pages\/1216","targetHints":{"allow":["GET"]}}],"collection":[{"href":"https:\/\/klaasikunst.ee\/index.php?rest_route=\/wp\/v2\/pages"}],"about":[{"href":"https:\/\/klaasikunst.ee\/index.php?rest_route=\/wp\/v2\/types\/page"}],"author":[{"embeddable":true,"href":"https:\/\/klaasikunst.ee\/index.php?rest_route=\/wp\/v2\/users\/1"}],"replies":[{"embeddable":true,"href":"https:\/\/klaasikunst.ee\/index.php?rest_route=%2Fwp%2Fv2%2Fcomments&post=1216"}],"version-history":[{"count":3,"href":"https:\/\/klaasikunst.ee\/index.php?rest_route=\/wp\/v2\/pages\/1216\/revisions"}],"predecessor-version":[{"id":3495,"href":"https:\/\/klaasikunst.ee\/index.php?rest_route=\/wp\/v2\/pages\/1216\/revisions\/3495"}],"up":[{"embeddable":true,"href":"https:\/\/klaasikunst.ee\/index.php?rest_route=\/wp\/v2\/pages\/154"}],"wp:attachment":[{"href":"https:\/\/klaasikunst.ee\/index.php?rest_route=%2Fwp%2Fv2%2Fmedia&parent=1216"}],"curies":[{"name":"wp","href":"https:\/\/api.w.org\/{rel}","templated":true}]}}