{"id":1214,"date":"2015-05-14T18:02:46","date_gmt":"2013-11-04T18:20:12","guid":{"rendered":"http:\/\/klaasikunst.ee\/?page_id=1214"},"modified":"2017-05-25T16:32:14","modified_gmt":"2017-05-25T14:32:14","slug":"madli-viires","status":"publish","type":"page","link":"https:\/\/klaasikunst.ee\/?page_id=1214","title":{"rendered":"Madli Viires"},"content":{"rendered":"<p><a href=\"http:\/\/klaasikunst.ee\/wp-content\/uploads\/2013\/11\/11.png\"><img loading=\"lazy\" decoding=\"async\" class=\"size-medium wp-image-1225 alignright\" src=\"http:\/\/klaasikunst.ee\/wp-content\/uploads\/2013\/11\/11-300x200.png\" alt=\"11\" width=\"300\" height=\"200\" srcset=\"https:\/\/klaasikunst.ee\/wp-content\/uploads\/2013\/11\/11-300x200.png 300w, https:\/\/klaasikunst.ee\/wp-content\/uploads\/2013\/11\/11.png 420w\" sizes=\"auto, (max-width: 300px) 100vw, 300px\" \/><\/a> <a href=\"http:\/\/klaasikunst.ee\/wp-content\/uploads\/2013\/11\/12.png\"><img loading=\"lazy\" decoding=\"async\" class=\"size-medium wp-image-1226 alignright\" src=\"http:\/\/klaasikunst.ee\/wp-content\/uploads\/2013\/11\/12-300x200.png\" alt=\"12\" width=\"300\" height=\"200\" srcset=\"https:\/\/klaasikunst.ee\/wp-content\/uploads\/2013\/11\/12-300x200.png 300w, https:\/\/klaasikunst.ee\/wp-content\/uploads\/2013\/11\/12.png 420w\" sizes=\"auto, (max-width: 300px) 100vw, 300px\" \/><\/a>E-mail:<a href=\"javascript:secureDecryptAndNavigate('DCpBRtA7SEz4fkdK6bPgxXtGeUik5BTjSaedoZ\/orWNIU4GuW+Wse\/BCYGXZuvuAS4eKQoEHhLWNzpjla9LSNG\/CwxxZymCNvqu5GxE=', '3676280a68af271c25ee9598e755fddfbbd9da6cbad6358d6a6319c7119140f6')\">madli [dot] viires [at] gmail [dot] com<\/a><br \/>\nTelefon:\u00a0+372 55 97 29 27<\/p>\n<p>1980 l\u00f5petanud ERKI klaasi eriala<br \/>\n1993 EKA klaasi eriala abi\u00f5ppej\u00f5ud<br \/>\nAlates 1993 Kunstnike Liidu liige<br \/>\nVabakutseline kunstnik<br \/>\nTegevusalad : plastiline lihv, kuumt\u00f6\u00f6tlustehnikad<br \/>\nAlates 1981 esineb n\u00e4itustel<br \/>\nTeoseid omab : Eesti Kunstifond<\/p>\n<p>&nbsp;<\/p>\n","protected":false},"excerpt":{"rendered":"<p>E-mail:madli [dot] viires [at] gmail [dot] com Telefon:\u00a0+372 55 97 29 27 1980 l\u00f5petanud ERKI klaasi eriala 1993 EKA klaasi eriala abi\u00f5ppej\u00f5ud Alates 1993 Kunstnike Liidu liige Vabakutseline kunstnik Tegevusalad : plastiline lihv, kuumt\u00f6\u00f6tlustehnikad Alates 1981 esineb n\u00e4itustel Teoseid omab : Eesti Kunstifond &nbsp;<\/p>\n","protected":false},"author":1,"featured_media":0,"parent":154,"menu_order":0,"comment_status":"closed","ping_status":"closed","template":"","meta":{"footnotes":""},"class_list":["post-1214","page","type-page","status-publish","hentry"],"aioseo_notices":[],"_links":{"self":[{"href":"https:\/\/klaasikunst.ee\/index.php?rest_route=\/wp\/v2\/pages\/1214","targetHints":{"allow":["GET"]}}],"collection":[{"href":"https:\/\/klaasikunst.ee\/index.php?rest_route=\/wp\/v2\/pages"}],"about":[{"href":"https:\/\/klaasikunst.ee\/index.php?rest_route=\/wp\/v2\/types\/page"}],"author":[{"embeddable":true,"href":"https:\/\/klaasikunst.ee\/index.php?rest_route=\/wp\/v2\/users\/1"}],"replies":[{"embeddable":true,"href":"https:\/\/klaasikunst.ee\/index.php?rest_route=%2Fwp%2Fv2%2Fcomments&post=1214"}],"version-history":[{"count":5,"href":"https:\/\/klaasikunst.ee\/index.php?rest_route=\/wp\/v2\/pages\/1214\/revisions"}],"predecessor-version":[{"id":4940,"href":"https:\/\/klaasikunst.ee\/index.php?rest_route=\/wp\/v2\/pages\/1214\/revisions\/4940"}],"up":[{"embeddable":true,"href":"https:\/\/klaasikunst.ee\/index.php?rest_route=\/wp\/v2\/pages\/154"}],"wp:attachment":[{"href":"https:\/\/klaasikunst.ee\/index.php?rest_route=%2Fwp%2Fv2%2Fmedia&parent=1214"}],"curies":[{"name":"wp","href":"https:\/\/api.w.org\/{rel}","templated":true}]}}