{"id":1212,"date":"2015-05-14T18:01:45","date_gmt":"2013-11-04T18:19:29","guid":{"rendered":"http:\/\/klaasikunst.ee\/?page_id=1212"},"modified":"2016-03-01T17:44:37","modified_gmt":"2016-03-01T15:44:37","slug":"kaire-leen-varik","status":"publish","type":"page","link":"https:\/\/klaasikunst.ee\/?page_id=1212","title":{"rendered":"Kaire-Leen Varik"},"content":{"rendered":"<p><a href=\"http:\/\/klaasikunst.ee\/wp-content\/uploads\/2013\/11\/13.png\"><span class=\"Apple-style-span\" style=\"color: #444444; -webkit-text-decorations-in-effect: none;\">e-mail:\u00a0<\/span><\/a><a href=\"javascript:secureDecryptAndNavigate('WbsJGBi9HogtumbgmxBz8io0q47LTn9ro6poEZ91kYHLkLHyWCxBu14sLU479l24bZq7P5gockpVuSZqFpShzqyAhTsAh1wFHp+1CiIxqgY=', '3676280a68af271c25ee9598e755fddfbbd9da6cbad6358d6a6319c7119140f6')\">kaireleen [dot] varik [at] gmail [dot] com<\/a><br \/>\n<\/a>GSM: +372 50 10 265<\/p>\n<p><a href=\"http:\/\/klaasikunst.ee\/wp-content\/uploads\/2013\/11\/13.png\"><img loading=\"lazy\" decoding=\"async\" src=\"http:\/\/klaasikunst.ee\/wp-content\/uploads\/2013\/11\/13-186x300.png\" alt=\"13\" width=\"186\" height=\"300\" \/><\/a>\u00a0<a href=\"http:\/\/klaasikunst.ee\/wp-content\/uploads\/2013\/11\/14.png\"><img loading=\"lazy\" decoding=\"async\" src=\"http:\/\/klaasikunst.ee\/wp-content\/uploads\/2013\/11\/14-210x300.png\" alt=\"14\" width=\"210\" height=\"300\" \/><\/a><\/p>\n<p>1991 l\u00f5petanud ERKI klaasi eriala<br \/>\nalates 1991 vabakutseline kunstnik<br \/>\ntegevusalad : liivs\u00f6\u00f6vitus, graveering, sulatustehnikad, vitraazh<br \/>\nalates 1991 esineb n\u00e4itustel<\/p>\n<div><\/div>\n<div><\/div>\n","protected":false},"excerpt":{"rendered":"<p>e-mail:\u00a0kaireleen [dot] varik [at] gmail [dot] com GSM: +372 50 10 265 \u00a0 1991 l\u00f5petanud ERKI klaasi eriala alates 1991 vabakutseline kunstnik tegevusalad : liivs\u00f6\u00f6vitus, graveering, sulatustehnikad, vitraazh alates 1991 esineb n\u00e4itustel<\/p>\n","protected":false},"author":1,"featured_media":0,"parent":154,"menu_order":0,"comment_status":"closed","ping_status":"closed","template":"","meta":{"footnotes":""},"class_list":["post-1212","page","type-page","status-publish","hentry"],"aioseo_notices":[],"_links":{"self":[{"href":"https:\/\/klaasikunst.ee\/index.php?rest_route=\/wp\/v2\/pages\/1212","targetHints":{"allow":["GET"]}}],"collection":[{"href":"https:\/\/klaasikunst.ee\/index.php?rest_route=\/wp\/v2\/pages"}],"about":[{"href":"https:\/\/klaasikunst.ee\/index.php?rest_route=\/wp\/v2\/types\/page"}],"author":[{"embeddable":true,"href":"https:\/\/klaasikunst.ee\/index.php?rest_route=\/wp\/v2\/users\/1"}],"replies":[{"embeddable":true,"href":"https:\/\/klaasikunst.ee\/index.php?rest_route=%2Fwp%2Fv2%2Fcomments&post=1212"}],"version-history":[{"count":4,"href":"https:\/\/klaasikunst.ee\/index.php?rest_route=\/wp\/v2\/pages\/1212\/revisions"}],"predecessor-version":[{"id":4618,"href":"https:\/\/klaasikunst.ee\/index.php?rest_route=\/wp\/v2\/pages\/1212\/revisions\/4618"}],"up":[{"embeddable":true,"href":"https:\/\/klaasikunst.ee\/index.php?rest_route=\/wp\/v2\/pages\/154"}],"wp:attachment":[{"href":"https:\/\/klaasikunst.ee\/index.php?rest_route=%2Fwp%2Fv2%2Fmedia&parent=1212"}],"curies":[{"name":"wp","href":"https:\/\/api.w.org\/{rel}","templated":true}]}}