{"id":1198,"date":"2015-05-14T17:51:57","date_gmt":"2013-11-04T18:14:45","guid":{"rendered":"http:\/\/klaasikunst.ee\/?page_id=1198"},"modified":"2014-02-05T08:55:02","modified_gmt":"2014-02-05T08:55:02","slug":"mare-soovik-lobjakas","status":"publish","type":"page","link":"https:\/\/klaasikunst.ee\/?page_id=1198","title":{"rendered":"Mare Soovik-Lobjakas"},"content":{"rendered":"<div id=\"attachment_1364\" style=\"width: 193px\" class=\"wp-caption alignright\"><a href=\"http:\/\/klaasikunst.ee\/wp-content\/uploads\/2013\/11\/446.png\"><img loading=\"lazy\" decoding=\"async\" aria-describedby=\"caption-attachment-1364\" class=\"size-medium wp-image-1364 \" alt=\"446\" src=\"http:\/\/klaasikunst.ee\/wp-content\/uploads\/2013\/11\/446-183x300.png\" width=\"183\" height=\"300\" srcset=\"https:\/\/klaasikunst.ee\/wp-content\/uploads\/2013\/11\/446-183x300.png 183w, https:\/\/klaasikunst.ee\/wp-content\/uploads\/2013\/11\/446.png 545w\" sizes=\"auto, (max-width: 183px) 100vw, 183px\" \/><\/a><p id=\"caption-attachment-1364\" class=\"wp-caption-text\">Valgusti, 1963<\/p><\/div>\n<p>telefon: 659 67 24<\/p>\n<p>CV<br \/>\nS\u00fcnd. 05.08.1942, Tallinn<br \/>\n1962-1967 ERKI klaasi eriala<br \/>\nAlates 1972 vabakutseline kunstnik<br \/>\nAlates 1971 Kunstnike Liidu liige<br \/>\nAlates 1967 esineb n\u00e4itustel<\/p>\n<p>Tegevusalad: kuumt\u00f6\u00f6tlus, lihvimine, l\u00f5ikamine, vitraazh<\/p>\n<p>Valik n\u00e4itusi:<br \/>\n1970, 1982, 1983, 1989 eesti klaasi \u00fclevaaten\u00e4itused<br \/>\n1983 Baltimaade tarbekunstitriennaal, Tallinn<br \/>\n1987 Eesti kunsti n\u00e4itus, Moskva<\/p>\n<p>Isikun\u00e4itused:<br \/>\n1971 Tallinna Kunstisalong (M. Lobjakas, M. Mikof-Liivik, K. Parts)<\/p>\n<p>Monumentaalteoseid:<br \/>\n1983 valgustid, Tallinna Perekonnaseisuamet<br \/>\n1989 valgustid, Toompea loss, Tallinn<br \/>\n1992 vitraazh, restoran\u201cToomkooli\u201d, Tallinn<br \/>\n1972 hotelli \u201cViru\u201d restorani lagi (A. Andresma, M. Lobjakas)<br \/>\n1980 pannoo, Pirita purjespordikeskus (A. Andresma, M. Lobjakas)<br \/>\n1985 aken, Toompea loss,Tallinn (A. Andresma, M. Lobjakas)<br \/>\n1986 valgusti, Tartu \u00dclikooli Raamatukogu (A. Andresma, M. Lobjakas)<\/p>\n<p>Teoseid omavad:<br \/>\nEesti Tarbekunsti- ja disainimuuseum<br \/>\nEesti Ajaloomuuseum<br \/>\nTallinna Linnamuuseum<br \/>\nErakogud: Itaalia, Soome<\/p>\n","protected":false},"excerpt":{"rendered":"<p>telefon: 659 67 24 CV S\u00fcnd. 05.08.1942, Tallinn 1962-1967 ERKI klaasi eriala Alates 1972 vabakutseline kunstnik Alates 1971 Kunstnike Liidu liige Alates 1967 esineb n\u00e4itustel Tegevusalad: kuumt\u00f6\u00f6tlus, lihvimine, l\u00f5ikamine, vitraazh Valik n\u00e4itusi: 1970, 1982, 1983, 1989 eesti klaasi \u00fclevaaten\u00e4itused 1983 Baltimaade tarbekunstitriennaal, Tallinn 1987 Eesti kunsti n\u00e4itus, Moskva Isikun\u00e4itused: 1971 Tallinna Kunstisalong (M. Lobjakas, M. [&hellip;]<\/p>\n","protected":false},"author":1,"featured_media":0,"parent":154,"menu_order":0,"comment_status":"closed","ping_status":"closed","template":"","meta":{"footnotes":""},"class_list":["post-1198","page","type-page","status-publish","hentry"],"aioseo_notices":[],"_links":{"self":[{"href":"https:\/\/klaasikunst.ee\/index.php?rest_route=\/wp\/v2\/pages\/1198","targetHints":{"allow":["GET"]}}],"collection":[{"href":"https:\/\/klaasikunst.ee\/index.php?rest_route=\/wp\/v2\/pages"}],"about":[{"href":"https:\/\/klaasikunst.ee\/index.php?rest_route=\/wp\/v2\/types\/page"}],"author":[{"embeddable":true,"href":"https:\/\/klaasikunst.ee\/index.php?rest_route=\/wp\/v2\/users\/1"}],"replies":[{"embeddable":true,"href":"https:\/\/klaasikunst.ee\/index.php?rest_route=%2Fwp%2Fv2%2Fcomments&post=1198"}],"version-history":[{"count":4,"href":"https:\/\/klaasikunst.ee\/index.php?rest_route=\/wp\/v2\/pages\/1198\/revisions"}],"predecessor-version":[{"id":3478,"href":"https:\/\/klaasikunst.ee\/index.php?rest_route=\/wp\/v2\/pages\/1198\/revisions\/3478"}],"up":[{"embeddable":true,"href":"https:\/\/klaasikunst.ee\/index.php?rest_route=\/wp\/v2\/pages\/154"}],"wp:attachment":[{"href":"https:\/\/klaasikunst.ee\/index.php?rest_route=%2Fwp%2Fv2%2Fmedia&parent=1198"}],"curies":[{"name":"wp","href":"https:\/\/api.w.org\/{rel}","templated":true}]}}