{"id":1194,"date":"2014-02-04T13:11:39","date_gmt":"2013-11-04T18:12:49","guid":{"rendered":"http:\/\/klaasikunst.ee\/?page_id=1194"},"modified":"2026-02-20T18:02:52","modified_gmt":"2026-02-20T16:02:52","slug":"kalli-sein","status":"publish","type":"page","link":"https:\/\/klaasikunst.ee\/?page_id=1194","title":{"rendered":"Kalli Sein"},"content":{"rendered":"<p><a href=\"http:\/\/klaasikunst.ee\/wp-content\/uploads\/2023\/10\/sein2023.jpg\"><img loading=\"lazy\" decoding=\"async\" class=\"alignright size-medium wp-image-6441\" src=\"http:\/\/klaasikunst.ee\/wp-content\/uploads\/2023\/10\/sein2023-300x175.jpg\" alt=\"\" width=\"300\" height=\"175\" srcset=\"https:\/\/klaasikunst.ee\/wp-content\/uploads\/2023\/10\/sein2023-300x175.jpg 300w, https:\/\/klaasikunst.ee\/wp-content\/uploads\/2023\/10\/sein2023-1024x596.jpg 1024w, https:\/\/klaasikunst.ee\/wp-content\/uploads\/2023\/10\/sein2023-768x447.jpg 768w, https:\/\/klaasikunst.ee\/wp-content\/uploads\/2023\/10\/sein2023-624x363.jpg 624w, https:\/\/klaasikunst.ee\/wp-content\/uploads\/2023\/10\/sein2023.jpg 1200w\" sizes=\"auto, (max-width: 300px) 100vw, 300px\" \/><\/a><\/p>\n<div id=\"attachment_1693\" style=\"width: 310px\" class=\"wp-caption alignright\"><a href=\"http:\/\/klaasikunst.ee\/wp-content\/uploads\/2013\/11\/92.png\"><img loading=\"lazy\" decoding=\"async\" aria-describedby=\"caption-attachment-1693\" class=\"size-medium wp-image-1693\" src=\"http:\/\/klaasikunst.ee\/wp-content\/uploads\/2013\/11\/92-300x225.png\" alt=\"Kalli Sein. The End. 2004\" width=\"300\" height=\"225\" srcset=\"https:\/\/klaasikunst.ee\/wp-content\/uploads\/2013\/11\/92-300x225.png 300w, https:\/\/klaasikunst.ee\/wp-content\/uploads\/2013\/11\/92.png 545w\" sizes=\"auto, (max-width: 300px) 100vw, 300px\" \/><\/a><p id=\"caption-attachment-1693\" class=\"wp-caption-text\">Kalli Sein. The End. 2004<\/p><\/div>\n<p><a href=\"http:\/\/klaasikunst.ee\/wp-content\/uploads\/2013\/11\/356.png\"><img loading=\"lazy\" decoding=\"async\" class=\"size-medium wp-image-1334 alignright\" src=\"http:\/\/klaasikunst.ee\/wp-content\/uploads\/2013\/11\/356-300x224.png\" alt=\"356\" width=\"300\" height=\"224\" srcset=\"https:\/\/klaasikunst.ee\/wp-content\/uploads\/2013\/11\/356-300x224.png 300w, https:\/\/klaasikunst.ee\/wp-content\/uploads\/2013\/11\/356.png 545w\" sizes=\"auto, (max-width: 300px) 100vw, 300px\" \/>\u00a0<\/a><a href=\"http:\/\/klaasikunst.ee\/wp-content\/uploads\/2014\/02\/19.png\"><img loading=\"lazy\" decoding=\"async\" class=\"size-medium wp-image-3466 alignright\" src=\"http:\/\/klaasikunst.ee\/wp-content\/uploads\/2014\/02\/19-300x200.png\" alt=\"19\" width=\"300\" height=\"200\" srcset=\"https:\/\/klaasikunst.ee\/wp-content\/uploads\/2014\/02\/19-300x200.png 300w, https:\/\/klaasikunst.ee\/wp-content\/uploads\/2014\/02\/19.png 420w\" sizes=\"auto, (max-width: 300px) 100vw, 300px\" \/><\/a><a href=\"http:\/\/klaasikunst.ee\/wp-content\/uploads\/2014\/02\/20.png\"><img loading=\"lazy\" decoding=\"async\" class=\"size-medium wp-image-3467 alignright\" src=\"http:\/\/klaasikunst.ee\/wp-content\/uploads\/2014\/02\/20-300x200.png\" alt=\"20\" width=\"300\" height=\"200\" srcset=\"https:\/\/klaasikunst.ee\/wp-content\/uploads\/2014\/02\/20-300x200.png 300w, https:\/\/klaasikunst.ee\/wp-content\/uploads\/2014\/02\/20.png 420w\" sizes=\"auto, (max-width: 300px) 100vw, 300px\" \/><\/a>e-mail: <a href=\"javascript:secureDecryptAndNavigate('zGZ4bvsxVOy7Yl1y\/xgNEU6eTjOxeJP\/Gz\/l6KGpzgbFhhWjt4MG1NxII2ZHRKXTc+RAEfp6tVn2JQ008kkmM2h7+URdptG0NDk=', '3676280a68af271c25ee9598e755fddfbbd9da6cbad6358d6a6319c7119140f6')\">kalli [at] ideeklaas [dot] ee<\/a><br \/>\nTel +372 50 322 46<br \/>\nKoduleht: <a href=\"http:\/\/www.ideeklaas.ee\">www.ideeklaas.ee<\/a><\/p>\n<p><strong>CV<\/strong><br \/>\n<strong>Kalli Sein (1966)<\/strong><\/p>\n<p><strong>Haridus<\/strong><br \/>\n1984-1986 Eesti Riiklik Kunstiinstituut, disaini eriala<br \/>\n1986-1991 samas klaasikunsti eriala<\/p>\n<p><strong>T\u00f6\u00f6tamine<\/strong><br \/>\n1991-2001 Eesti Kunstiakadeemia klaasiosakonna assistent<br \/>\n1998 oma klaasistuudio Ideeklaas jooksutaja ja kunstnik<\/p>\n<p><strong>Kuulumine<\/strong><br \/>\nEesti Kunstnike Liidu liige, Eesti Disainerite Liidu liige, Eesti Klaasikunstnike \u00dchenduse liige.<br \/>\nLoomingust<br \/>\nEelistan luua tarbitavat kunsti &#8211; klaasehetest suurte valgustiteni, palju teen tellimust\u00f6id riigiasutustele, \u00fchingutele ja erafirmadele \u2013 firmakingitused, auhinnad. Viimastel aastatel p\u00f6\u00f6ran j\u00e4rjest enam r\u00f5hku klaasi taas- ja uuskasutusele \u2013 Tarbeklaasi esemetest ehted, erinevate vanade klaasobjektide kasutamine uusloomingus.<\/p>\n<p><strong>Valik projekte ja esinemisi<\/strong><br \/>\nAlates \u00f5pingutest olen valikuliselt osalenud grupin\u00e4itustel. M\u00f5ned olulisemad personaaln\u00e4itused ja osalemised:<br \/>\n2021-2015 Eesti Disainerite Liidu j\u00e4tkusuutliku disaini n\u00e4itustel \u201eSecond Chance\u201c (Veneetsia biennaali satelliit 2021, disainin\u00e4dalatel New Yorkis 2024, Singapuris 2025, Caen\u2019is Prantsusmaal 2025)<br \/>\n\u201eJ\u00e4\u00e4, J\u00e4\u00e4!\u201c (vol.1 Tallinna Linnagalerii 2003 &#8211; klaasikunst Tiina Sarapu ja Maret Sarapu\u2019ga, fotod Fred J\u00fcssi; Vol.2 K\u00e4rdla Kultuurikeskuse galerii 2024 koos Fred J\u00fcssiga), \u201eEHE ELU EHE\u201c (koos Fred J\u00fcssiga 2007\/2008\u2013 HOP Galerii, 2008 J\u00f5hvi Linnagalerii, 2021 K\u00e4rdla Kultuurikeskus)<br \/>\n2011-2019 osalesin L\u00e4\u00e4nemere suursaarte \u00fchenduse B7 kunstiprojektides (R\u00fcgen, Bornholm, Gotland, Ahvenamaa, Saaremaa, Hiiumaa)<br \/>\nAlates 2011 kaaskuraator Hiiumaa Reigi pastoraadi suven\u00e4ituste organiseerimisel.<\/p>\n<p><strong>Tunnustused<\/strong><br \/>\nHiiumaa Kultuurip\u00e4rl 2013<\/p>\n<p>T\u00f6id omavad arvukad eraisikud, ETDM, Spordimuuseum, erakogud.<\/p>\n<p><a href=\"https:\/\/hiiuleht.ee\/kultuuriparli-preemia-palvis-klaasikunstnik-kalli-sein\/\">https:\/\/hiiuleht.ee\/kultuuriparli-preemia-palvis-klaasikunstnik-kalli-sein\/<\/a><br \/>\n<a href=\"https:\/\/hiiuleht.ee\/naitus-fred-jussi-ja-kalli-sein-tegid-taas-uhise-naituse\/\">https:\/\/hiiuleht.ee\/naitus-fred-jussi-ja-kalli-sein-tegid-taas-uhise-naituse\/<\/a><br \/>\n<a href=\"https:\/\/hiiuleht.ee\/kalli-seina-tood-valiti-veneetsias-avatud-naitusele\/\">https:\/\/hiiuleht.ee\/kalli-seina-tood-valiti-veneetsias-avatud-naitusele\/<\/a><br \/>\n<a href=\"https:\/\/hiiumaa.ee\/klaasikunstnik-kalli-sein-hiiumaa-on-loomiseks-ideaalne-paik\/\">https:\/\/hiiumaa.ee\/klaasikunstnik-kalli-sein-hiiumaa-on-loomiseks-ideaalne-paik\/<\/a><\/p>\n","protected":false},"excerpt":{"rendered":"<p>\u00a0e-mail: kalli [at] ideeklaas [dot] ee Tel +372 50 322 46 Koduleht: www.ideeklaas.ee CV Kalli Sein (1966) Haridus 1984-1986 Eesti Riiklik Kunstiinstituut, disaini eriala 1986-1991 samas klaasikunsti eriala T\u00f6\u00f6tamine 1991-2001 Eesti Kunstiakadeemia klaasiosakonna assistent 1998 oma klaasistuudio Ideeklaas jooksutaja ja kunstnik Kuulumine Eesti Kunstnike Liidu liige, Eesti Disainerite Liidu liige, Eesti Klaasikunstnike \u00dchenduse liige. Loomingust [&hellip;]<\/p>\n","protected":false},"author":1,"featured_media":0,"parent":154,"menu_order":0,"comment_status":"closed","ping_status":"closed","template":"","meta":{"footnotes":""},"class_list":["post-1194","page","type-page","status-publish","hentry"],"aioseo_notices":[],"_links":{"self":[{"href":"https:\/\/klaasikunst.ee\/index.php?rest_route=\/wp\/v2\/pages\/1194","targetHints":{"allow":["GET"]}}],"collection":[{"href":"https:\/\/klaasikunst.ee\/index.php?rest_route=\/wp\/v2\/pages"}],"about":[{"href":"https:\/\/klaasikunst.ee\/index.php?rest_route=\/wp\/v2\/types\/page"}],"author":[{"embeddable":true,"href":"https:\/\/klaasikunst.ee\/index.php?rest_route=\/wp\/v2\/users\/1"}],"replies":[{"embeddable":true,"href":"https:\/\/klaasikunst.ee\/index.php?rest_route=%2Fwp%2Fv2%2Fcomments&post=1194"}],"version-history":[{"count":10,"href":"https:\/\/klaasikunst.ee\/index.php?rest_route=\/wp\/v2\/pages\/1194\/revisions"}],"predecessor-version":[{"id":7739,"href":"https:\/\/klaasikunst.ee\/index.php?rest_route=\/wp\/v2\/pages\/1194\/revisions\/7739"}],"up":[{"embeddable":true,"href":"https:\/\/klaasikunst.ee\/index.php?rest_route=\/wp\/v2\/pages\/154"}],"wp:attachment":[{"href":"https:\/\/klaasikunst.ee\/index.php?rest_route=%2Fwp%2Fv2%2Fmedia&parent=1194"}],"curies":[{"name":"wp","href":"https:\/\/api.w.org\/{rel}","templated":true}]}}