{"id":1191,"date":"2014-02-04T13:28:05","date_gmt":"2013-11-04T18:11:54","guid":{"rendered":"http:\/\/klaasikunst.ee\/?page_id=1191"},"modified":"2026-02-20T17:49:21","modified_gmt":"2026-02-20T15:49:21","slug":"1191-2","status":"publish","type":"page","link":"https:\/\/klaasikunst.ee\/?page_id=1191","title":{"rendered":"Tiina Sarapu"},"content":{"rendered":"<p><a href=\"http:\/\/klaasikunst.ee\/wp-content\/uploads\/2024\/11\/TTM8550.jpg\"><img loading=\"lazy\" decoding=\"async\" class=\"alignright size-medium wp-image-7073\" src=\"http:\/\/klaasikunst.ee\/wp-content\/uploads\/2024\/11\/TTM8550-300x200.jpg\" alt=\"\" width=\"300\" height=\"200\" srcset=\"https:\/\/klaasikunst.ee\/wp-content\/uploads\/2024\/11\/TTM8550-300x200.jpg 300w, https:\/\/klaasikunst.ee\/wp-content\/uploads\/2024\/11\/TTM8550-1024x683.jpg 1024w, https:\/\/klaasikunst.ee\/wp-content\/uploads\/2024\/11\/TTM8550-768x512.jpg 768w, https:\/\/klaasikunst.ee\/wp-content\/uploads\/2024\/11\/TTM8550-1536x1024.jpg 1536w, https:\/\/klaasikunst.ee\/wp-content\/uploads\/2024\/11\/TTM8550-2048x1365.jpg 2048w, https:\/\/klaasikunst.ee\/wp-content\/uploads\/2024\/11\/TTM8550-624x416.jpg 624w\" sizes=\"auto, (max-width: 300px) 100vw, 300px\" \/><\/a><a href=\"http:\/\/klaasikunst.ee\/wp-content\/uploads\/2013\/11\/302.png\"><img loading=\"lazy\" decoding=\"async\" class=\"size-medium wp-image-1285 alignright\" src=\"http:\/\/klaasikunst.ee\/wp-content\/uploads\/2013\/11\/302-300x219.png\" alt=\"302\" width=\"300\" height=\"219\" srcset=\"https:\/\/klaasikunst.ee\/wp-content\/uploads\/2013\/11\/302-300x219.png 300w, https:\/\/klaasikunst.ee\/wp-content\/uploads\/2013\/11\/302.png 545w\" sizes=\"auto, (max-width: 300px) 100vw, 300px\" \/><\/a><a href=\"http:\/\/klaasikunst.ee\/wp-content\/uploads\/2013\/11\/52.png\"><img loading=\"lazy\" decoding=\"async\" class=\"size-medium wp-image-1252 alignright\" src=\"http:\/\/klaasikunst.ee\/wp-content\/uploads\/2013\/11\/52-300x189.png\" alt=\"52\" width=\"300\" height=\"189\" srcset=\"https:\/\/klaasikunst.ee\/wp-content\/uploads\/2013\/11\/52-300x189.png 300w, https:\/\/klaasikunst.ee\/wp-content\/uploads\/2013\/11\/52.png 545w\" sizes=\"auto, (max-width: 300px) 100vw, 300px\" \/><\/a> <a href=\"http:\/\/klaasikunst.ee\/wp-content\/uploads\/2013\/11\/51.png\"><img loading=\"lazy\" decoding=\"async\" class=\"size-medium wp-image-1251 alignright\" src=\"http:\/\/klaasikunst.ee\/wp-content\/uploads\/2013\/11\/51-300x300.png\" alt=\"51\" width=\"300\" height=\"300\" srcset=\"https:\/\/klaasikunst.ee\/wp-content\/uploads\/2013\/11\/51-300x300.png 300w, https:\/\/klaasikunst.ee\/wp-content\/uploads\/2013\/11\/51-150x150.png 150w, https:\/\/klaasikunst.ee\/wp-content\/uploads\/2013\/11\/51.png 545w\" sizes=\"auto, (max-width: 300px) 100vw, 300px\" \/><\/a> <a href=\"http:\/\/klaasikunst.ee\/wp-content\/uploads\/2013\/11\/50.png\"><img loading=\"lazy\" decoding=\"async\" class=\"size-medium wp-image-1250 alignright\" src=\"http:\/\/klaasikunst.ee\/wp-content\/uploads\/2013\/11\/50-300x217.png\" alt=\"50\" width=\"300\" height=\"217\" srcset=\"https:\/\/klaasikunst.ee\/wp-content\/uploads\/2013\/11\/50-300x217.png 300w, https:\/\/klaasikunst.ee\/wp-content\/uploads\/2013\/11\/50.png 545w\" sizes=\"auto, (max-width: 300px) 100vw, 300px\" \/><\/a><a href=\"http:\/\/klaasikunst.ee\/wp-content\/uploads\/2013\/11\/145.png\"><img loading=\"lazy\" decoding=\"async\" class=\"size-medium wp-image-1264 alignright\" src=\"http:\/\/klaasikunst.ee\/wp-content\/uploads\/2013\/11\/145-300x225.png\" alt=\"145\" width=\"300\" height=\"225\" srcset=\"https:\/\/klaasikunst.ee\/wp-content\/uploads\/2013\/11\/145-300x225.png 300w, https:\/\/klaasikunst.ee\/wp-content\/uploads\/2013\/11\/145.png 545w\" sizes=\"auto, (max-width: 300px) 100vw, 300px\" \/><\/a><a href=\"http:\/\/klaasikunst.ee\/wp-content\/uploads\/2013\/11\/144.png\"><img loading=\"lazy\" decoding=\"async\" class=\"size-medium wp-image-1263 alignright\" src=\"http:\/\/klaasikunst.ee\/wp-content\/uploads\/2013\/11\/144-300x227.png\" alt=\"144\" width=\"300\" height=\"227\" srcset=\"https:\/\/klaasikunst.ee\/wp-content\/uploads\/2013\/11\/144-300x227.png 300w, https:\/\/klaasikunst.ee\/wp-content\/uploads\/2013\/11\/144.png 545w\" sizes=\"auto, (max-width: 300px) 100vw, 300px\" \/><\/a> <a href=\"http:\/\/klaasikunst.ee\/wp-content\/uploads\/2013\/11\/143.png\"><img loading=\"lazy\" decoding=\"async\" class=\"size-medium wp-image-1262 alignright\" src=\"http:\/\/klaasikunst.ee\/wp-content\/uploads\/2013\/11\/143-300x187.png\" alt=\"143\" width=\"300\" height=\"187\" srcset=\"https:\/\/klaasikunst.ee\/wp-content\/uploads\/2013\/11\/143-300x187.png 300w, https:\/\/klaasikunst.ee\/wp-content\/uploads\/2013\/11\/143.png 545w\" sizes=\"auto, (max-width: 300px) 100vw, 300px\" \/><\/a><br \/>\nE-mail: <a href=\"javascript:secureDecryptAndNavigate('Ib5tVpIWsTg9WxLu9\/SDdv5iWtj83lddEMQ5HGFYKcNq0qUnWXrOIgQW3lLQRAFUv+EYhxk8yfhDrlNgqfT1J9tLLXlImPIFat1qPNk=', '3676280a68af271c25ee9598e755fddfbbd9da6cbad6358d6a6319c7119140f6')\">tiina [dot] sarapu [at] gmail [dot] com<\/a><br \/>\nTel: +372 55 36 129<br \/>\nKoduleht:<a href=\"http:\/\/tiinasarapu.ee\/\">tiinasarapu.ee<\/a><\/p>\n<div class=\"page\" title=\"Page 1\">\n<div class=\"layoutArea\">\n<div class=\"column\">\n<p>Tiina Sarapu (s 1971) loomingut iseloomustab minimalistlik vormikeel. Perfektselt teostatud vorm on peaaegu alati a\u0308a\u0308rmiselt lihtne ja selle u\u0308le domineerib mo\u0303te. Olles viimastel aastatel u\u0308les astunud peaaegu erandituslt installatsioonikunstnikuna, on ta sageli muutnud u\u0308he algidee ta\u0308hendusi eri kontekstidesse viimisega (mitmed installatsioonid noodipultide ja peeglitega), loonud niiviisi illusoorseid ruume, visualiseerinud helisid, avardanud tajupiire. Kontseptuaalse kunstnikuna kasutab ta klaasi elu mitmekihilisuse idee va\u0308ljendamiseks, tegeldes klaasis kui materjalis olevate opositsioonidega.<\/p>\n<p>(Reeli Ko\u0303iv)<\/p>\n<\/div>\n<\/div>\n<\/div>\n<p>Klaas t\u00e4histab minu t\u00f6\u00f6des maailma l\u00e4bipaistmatu ja l\u00e4bipaistva, n\u00e4htava ja n\u00e4htamatu, materiaalse ja immateriaalse, reaalse ja irreaalse vahel. See maailm on hajusate piiridega, tulvil p\u00f5nevat ning raskestitabatavat.<\/p>\n<p><strong>CV<\/strong><br \/>\nS\u00fcndinud: 16.11.1971 P\u00e4rnumaa, Kilingi-N\u00f5mme<br \/>\nHaridus:<br \/>\n1990-1996 Tallinna Kunsti\u00fclikool (praegu: Eesti Kunstiakadeemia), klaasikunsti eriala:, 1995 BA, 1996 MA<\/p>\n<p><strong>Teenistusk\u00e4ik:<\/strong><br \/>\n2003-\u2026Eesti Kunstiakadeemia klaasikunsti osakond, dotsent<br \/>\n1997-2003 klaasistuudio &#8220;Ideeklaas&#8221; \u00fcks asutajatest, kunstnik<br \/>\n1996-2003 Eesti Kunstiakadeemia, klaasikunsti osakonna meister, lepinguline \u00f5ppej\u00f5ud<\/p>\n<p><strong>Isiku- ja grupin\u00e4itused:<\/strong><br \/>\n2007 N\u00e4ituste seeria \u201cBerliini klaasi\u00f6\u00f6d\u201d, Glasbr\u00fccke Berlin, Saksamaa<br \/>\n2007 \u201eTaevas maa peal&#8221;, Manilaid, P\u00e4rnumaa<br \/>\n2006 &#8220;Vaikivad h\u00e4\u00e4led&#8221; (koos M.Saare&#8217;ga), Tallinna Kunstihoone galerii, Tallinn<br \/>\n2005 &#8220;Maagilised alad&#8221; (koos M. Saare, A. Riemer&#8217;i, L. Boudens&#8217;iga), ArtoNivo galerii, Br\u00fcgge, Belgia<br \/>\n2005 &#8220;Habras hetk&#8221; (koos E. K\u00e4sper&#8217;iga), Tallinn<br \/>\n2004 &#8220;EaTable Glass&#8221;, Museo Revoltella, Trieste, Itaalia<br \/>\n2004 &#8220;EaTable Glass&#8221;, Ca Rezzonico, Veneetsia, Itaalia<br \/>\n2004 &#8220;P\u00e4rip\u00e4eva&#8221;, (koos M. Sarapu, E. Piir&#8217;iga), Slagelse, Copenhagen, Taani<br \/>\n2003 &#8220;J\u00e4\u00e4, j\u00e4\u00e4!&#8221; (koos F. J\u00fcssi, K. Sein&#8217;i, M. Sarapu&#8217;ga), Linnagalerii, Tallinn<br \/>\n1999 &#8220;Fall-Fly&#8221; (koos M. Sarapu&#8217;ga), Slagelse, Taani<br \/>\n1998 &#8220;Sild&#8221; (koos I. Kivik-Luisk&#8217;iga), galerii Sammas, Tallinn<br \/>\n1997 &#8220;M\u00e4lu v\u00e4li&#8221; (koos E. K\u00e4sper&#8217;i, V. Kiil&#8217;iga), galerii Arttia, Tallinn<br \/>\n1996 &#8220;3X3X&#8221;, galerii Aatrium, Tallinn<br \/>\n1995 &#8220;S\u00f5nulseletamatut&#8221; (koos K. Kullamaa, I. Luisk&#8217;iga), Kastellaanimaja galerii, Tallinn<\/p>\n<p><strong>\u00dcldn\u00e4itused:<\/strong><br \/>\n2007 \u201cGlass Garden III\u201d, Galerii XX, Panevezys, Leedu<br \/>\n2007 \u201cRingk\u00e4ik\u201d, Albu m\u00f5is, J\u00e4rvamaa<br \/>\n2007 \u201cAsjade seis\u201d, Tallinna Kunstihoone<br \/>\n2007 &#8220;Liivast s\u00fcndinud&#8221;, Rakvere galerii, Rakvere<br \/>\n2007 &#8220;Eesti Klaasikunst 70: k\u00fcmne aasta paremik&#8221;, Eesti Tarbekunsti- ja Disainimuuseum, Tallinn<br \/>\n2006 &#8220;Baltimaade kaasaegse klaasikunsti n\u00e4ituste seeria&#8221;, galerii Academija, Vilnius; Tekstiili- ja maalikunstnike gildi galerii ja Graafikagalerii, Kaunas; Galerii XX ja Panevezyse linna kunstigalerii, Panevezys, Leedu<br \/>\n2006 &#8220;Glass Voice&#8221;, Riia Tarbekunsti ja Disainimuuseum, Riia, L\u00e4ti<br \/>\n2006 &#8220;Glass Garden&#8221;, Panevezys, Leedu<br \/>\n2006 &#8220;Beautiful&#8221;, Tallinna Kunstihoone galerii, Tallinn<br \/>\n2006 Valge klaasi p\u00e4evade n\u00e4itus, Evald Okase Muuseum, Haapsalu<br \/>\n2006 &#8220;Experimental Spirit in Glass Sculpture&#8221;, Mentzendorff&#8217;s Museum, Riia, L\u00e4ti<br \/>\n2005\/2006 &#8220;Vitrum Balticum III&#8221;, Ceramics Museum, Kaunas, Leedu<br \/>\n2005 &#8220;Katkised asjad&#8221;, Viljandi Linnagalerii, Viljandi<br \/>\n2005 &#8220;Katkised asjad&#8221;, Jaani Seek, Tallinn<br \/>\n2004 &#8220;Fookus&#8221;, Hobusepea galerii, Tallinn<br \/>\n2003 &#8220;Notes. 3 Dimentional Estonian Art&#8221;, M\u00fcveszetMalom, Szentendre, Ungari<br \/>\n2003 &#8220;Vaagen&#8221;, Hobusepea galerii, Tallinn<br \/>\n2003 &#8220;Vastu merd&#8221;, Meremuuseum, Tallinn<br \/>\n2002 &#8220;Estonian Product Design 2002&#8221;, Design Forum Finland, Helsingi, Soome<br \/>\n2002 &#8220;Disain. Klaas. EKA. Lorup&#8221;, Disainigalerii, Tallinn<br \/>\n2002 &#8220;Enampakkumine&#8221;, Eesti Tarbekunsti- ja Disainimuuseum, Tallinn<br \/>\n2002 &#8220;Ilma vaated&#8221;, Haus galerii, Tallinn<br \/>\n2002 &#8220;Emerging Artist from Europe, Young and Hot&#8221;, Society Baby, Amsterdam, Holland<br \/>\n2001 &#8220;Lorupist Lorupini&#8221;, Raekoja galerii, Tallinn<br \/>\n2001 &#8220;Eesti graveering&#8221;, Rahvusraamatukogu, Tallinn<br \/>\n2001 &#8220;Glass with Care&#8221;, EKA galerii, Tallinn<br \/>\n2001 Baltimaade kunstik\u00f5rgkoolide klaasikunsti n\u00e4itus, Riia Kunstiakadeemia, L\u00e4ti<br \/>\n2001 Eesti kunst, Galleri Tersaeus ja Dansens Hus, Stockholm, Rootsi<br \/>\n2001 &#8220;Koosk\u00f5lad&#8221;, Haus galerii, Tallinn<br \/>\n2001 &#8220;Sleipnir&#8221;, Raekoja galerii, Tallinn<br \/>\n2001 &#8220;L\u00e4bi klaasi&#8221;, Raekoja galerii, Tallinn<br \/>\n2001 &#8220;Nordic Glass 2000&#8221;, Riihim\u00e4ki, Soome<br \/>\n2000 &#8220;Nordic Glass 2000&#8221;, Copenhagen, Taani<br \/>\n1999 &#8220;Graveering klaasil. XX\/XXI&#8221;, Adamson-Ericu muuseum, Tallinn<br \/>\n1999, 1998 &#8220;Kuuluvad kokku&#8221;, Imagia, Tallinn<br \/>\n1998 &#8220;Uus elu klaasis&#8221;, Rakvere galerii, Rakvere<br \/>\n1997 &#8220;Eesti klaasikunst 60&#8221;, Kunstihoone, Tallinn<br \/>\n1997 &#8220;Noored tarbekunsti tipud&#8221;, Eesti Rahvusmuuseum, Tartu<br \/>\n1997 &#8220;Viidad&#8221;, Haapsalu Linnagalerii, Haapsalu<br \/>\n1994 &#8220;Vastus&#8221;, Rahvusraamatukogu, Tallinn<\/p>\n<p><strong>S\u00fcmpoosionid ja konverentsid:<\/strong><br \/>\n2007 Rahvusvaheline klaasihariduse konverents \u201cMeeting Point II. VITRA\u201d, Nancy ja Vannes-le-Chatel, Prantsusmaa<br \/>\n2006 Rahvusvaheline s\u00fcmpoosion &#8220;Glass Garden&#8221;, Panevezys, Leedu<br \/>\n2006 Valge klaasi p\u00e4evade workshop, Evald Okase Muuseum, Haapsalu<br \/>\n2006 Kunilepa helmep\u00e4evad, Kunilepa talu, Rapla maakond<br \/>\n2006 rahvusvaheline klaasihariduse konverents &#8220;Meeting Point I &#8211; Tallinn&#8221;, Tallinn<br \/>\n2006 rahvusvaheline s\u00fcmpoosion &#8220;Eksperimental Spirit in Glass Sculpture&#8221;, Grizinkalns&#8217;i klaasitehas, Riia, L\u00e4ti<br \/>\n2003 konverents &#8220;Eesti klaasit\u00f6\u00f6stuse v\u00e4\u00e4rikas ajalugu &#8211; H\u00fcti klaasikoda 1628-1664 Hiiumaal&#8221; sarjast &#8220;Klaas &#8211; minevik ja t\u00e4nap\u00e4ev IV&#8221; 26.11.2003, Meistrite hoovi konverentsisaal, Tallinn; Ettekanne &#8220;Kaasaegne disain ja Eesti klaasi ajalooline p\u00e4rand &#8211; s\u00fcmbioos v\u00f5i vastandus&#8221;.<br \/>\n2002 G. A. S. (Glass Art Society) 32. konverents, Amsterdam, Holland<br \/>\n2000 rahvusvaheline klaasikonverents &#8220;Nordic Glass 2000&#8221;, Holmegaard, Taani<br \/>\n1998 I rahvusvaheline naiste klaasiworkshop, Nuutaj\u00e4rvi, Soome<\/p>\n<p><strong>Tunnustused:<\/strong><\/p>\n<p>2023 Kristjan Raua preemia<br \/>\n2021-2023 kunstnikupalga saaja<br \/>\n2020 \u201cTunnustatud klaasikunstnik 2018\u20132019\u201d<br \/>\n2019 Kultuurkapitali aastapreemia<br \/>\n2007 Jutta Cuny-Franz Memorial Award \u2013 valitud t\u00f6\u00f6<br \/>\n2007 Kristjan Raua preemia<br \/>\n2006 Eesti Klaasikunstnike \u00dchenduse preemia ja aunimetus &#8220;Tunnustatud klaasikunstnik 2004-2005&#8221;<br \/>\n2004 6th International Design Contest Trieste Contemporanea, Itaalia, (grand prix)<br \/>\n2000 klaasitehase Scancrystal disainikonkurss (t\u00f6\u00f6d valitud tootmisse)<br \/>\n1997 Jutta Cuny-Franz Memorial Award 1997, D\u00fcsseldorf, Saksamaa (honourable mention)<br \/>\n1997 III preemia rahvusvahelise messi &#8220;Naine 97&#8221; n\u00e4itus-konkursil projektiga &#8220;M\u00e4lu v\u00e4li&#8221;<\/p>\n<p><strong>N\u00e4ituste kureerimine:<\/strong><br \/>\n2006 &#8220;Kaks l\u00e4hedast&#8221;, Eesti Tarbekunsti- ja Disainimuuseum, Tallinn (t\u00f6\u00f6grupi liige)<br \/>\n2006 &#8220;Discovery&#8221;, Kullo galerii, Tallinn (koos M. Saare&#8217;ga)<br \/>\n2001 &#8220;Glass with Care&#8221;, EKA galerii, Tallinn (koos E. K\u00e4sper&#8217;iga)<br \/>\n1998 &#8220;Uus elu klaasis&#8221;, Rakvere galerii, Rakvere<br \/>\n1994 &#8220;Vastus&#8221;, Rahvusraamatukogu, Tallinn (koos K. Kullamaa&#8217;ga)<\/p>\n<p><strong>Teaduslik tegevus:<\/strong><br \/>\n2003\/2004 Klaasiajaloo loengumaterjalide ettevalmistus<br \/>\n2004 Beveridge Ph, Domenech I, Pascual E, &#8220;Klaas.Sulatustehnikad&#8221; Parramon Ediciones 2003, Tormikiri 2004, eestikeelse v\u00e4ljaande konsultant<br \/>\n2001 &#8220;Kunstileksikon&#8221; (+CD ROM), (\u00fcks autoritest), Eesti Klassikakirjastus, \u00dchinenud Kirjastused AS, Tallinn<br \/>\n1996 &#8220;Klaasskulptuur. Antiikklaasi seletuss\u00f5nastik&#8221;, EKA, Tallinn, (MA t\u00f6\u00f6)<\/p>\n<p><strong>Kuulumine liitudesse:<\/strong><br \/>\nAlates 2007 Eesti Kunstnike Liit<br \/>\nAlates 2003 Tallinna Rakenduskunsti Triennaali \u00dchendus<br \/>\nAlates 2002 Eesti Klaasikunstnike \u00dchendus<\/p>\n<p><strong>T\u00f6id kollektsioonides:<\/strong><br \/>\nEesti Tarebekunsti- ja Disainimuuseum, Tallinn<br \/>\nTallinna Linnamuuseum, Tallinn<br \/>\nTallinna Ajaloomuuseum, Tallinn<br \/>\nTrieste Contemporanea, Trieste, Itaalia<br \/>\nRakvere galerii, Rakvere<br \/>\nMentzendorffs House. City-dwellers&#8217; House Museum, Riia, L\u00e4ti<br \/>\nErakollektsioonid Austrias, Jaapanis, U.S.As, Saksamaal, Taanis, L\u00e4tis, Soomes, Venemaal, Eestis jm.<\/p>\n<p>[portfolio_slideshow id=1191]<\/p>\n","protected":false},"excerpt":{"rendered":"<p>E-mail: tiina [dot] sarapu [at] gmail [dot] com Tel: +372 55 36 129 Koduleht:tiinasarapu.ee Tiina Sarapu (s 1971) loomingut iseloomustab minimalistlik vormikeel. Perfektselt teostatud vorm on peaaegu alati a\u0308a\u0308rmiselt lihtne ja selle u\u0308le domineerib mo\u0303te. Olles viimastel aastatel u\u0308les astunud peaaegu erandituslt installatsioonikunstnikuna, on ta sageli muutnud u\u0308he algidee ta\u0308hendusi eri kontekstidesse viimisega (mitmed installatsioonid [&hellip;]<\/p>\n","protected":false},"author":1,"featured_media":0,"parent":154,"menu_order":0,"comment_status":"closed","ping_status":"closed","template":"","meta":{"footnotes":""},"class_list":["post-1191","page","type-page","status-publish","hentry"],"aioseo_notices":[],"_links":{"self":[{"href":"https:\/\/klaasikunst.ee\/index.php?rest_route=\/wp\/v2\/pages\/1191","targetHints":{"allow":["GET"]}}],"collection":[{"href":"https:\/\/klaasikunst.ee\/index.php?rest_route=\/wp\/v2\/pages"}],"about":[{"href":"https:\/\/klaasikunst.ee\/index.php?rest_route=\/wp\/v2\/types\/page"}],"author":[{"embeddable":true,"href":"https:\/\/klaasikunst.ee\/index.php?rest_route=\/wp\/v2\/users\/1"}],"replies":[{"embeddable":true,"href":"https:\/\/klaasikunst.ee\/index.php?rest_route=%2Fwp%2Fv2%2Fcomments&post=1191"}],"version-history":[{"count":10,"href":"https:\/\/klaasikunst.ee\/index.php?rest_route=\/wp\/v2\/pages\/1191\/revisions"}],"predecessor-version":[{"id":7735,"href":"https:\/\/klaasikunst.ee\/index.php?rest_route=\/wp\/v2\/pages\/1191\/revisions\/7735"}],"up":[{"embeddable":true,"href":"https:\/\/klaasikunst.ee\/index.php?rest_route=\/wp\/v2\/pages\/154"}],"wp:attachment":[{"href":"https:\/\/klaasikunst.ee\/index.php?rest_route=%2Fwp%2Fv2%2Fmedia&parent=1191"}],"curies":[{"name":"wp","href":"https:\/\/api.w.org\/{rel}","templated":true}]}}