{"id":1185,"date":"2015-05-14T17:49:17","date_gmt":"2013-11-04T18:06:49","guid":{"rendered":"http:\/\/klaasikunst.ee\/?page_id=1185"},"modified":"2026-02-17T13:44:18","modified_gmt":"2026-02-17T11:44:18","slug":"kairi-orgusaar","status":"publish","type":"page","link":"https:\/\/klaasikunst.ee\/?page_id=1185","title":{"rendered":"Kairi Orgusaar"},"content":{"rendered":"<p><a href=\"http:\/\/klaasikunst.ee\/wp-content\/uploads\/2026\/02\/kairi2.jpg\"><img loading=\"lazy\" decoding=\"async\" class=\"size-medium wp-image-7663 alignright\" src=\"http:\/\/klaasikunst.ee\/wp-content\/uploads\/2026\/02\/kairi2-284x300.jpg\" alt=\"\" width=\"284\" height=\"300\" srcset=\"https:\/\/klaasikunst.ee\/wp-content\/uploads\/2026\/02\/kairi2-284x300.jpg 284w, https:\/\/klaasikunst.ee\/wp-content\/uploads\/2026\/02\/kairi2-768x812.jpg 768w, https:\/\/klaasikunst.ee\/wp-content\/uploads\/2026\/02\/kairi2-624x659.jpg 624w, https:\/\/klaasikunst.ee\/wp-content\/uploads\/2026\/02\/kairi2.jpg 844w\" sizes=\"auto, (max-width: 284px) 100vw, 284px\" \/><\/a>E-post:\u00a0<a href=\"javascript:secureDecryptAndNavigate('1ytycdMJjFhykLQsDMH7HZrfved\/b1PLWabdHRzjphahLPNm5blklcpo0xK7PmGipgQRf9ZOaaRAuY34xWFJn\/gw0d1cBW84CSmp2Pc=', '3676280a68af271c25ee9598e755fddfbbd9da6cbad6358d6a6319c7119140f6')\">kairi [dot] orgusaar [at] mail [dot] ee<\/a><br \/>\nTel: +372 53 40 3124<br \/>\nKoduleht: <a href=\"http:\/\/kairi.raplakunst.eu\" target=\"_blank\" rel=\"noopener\">kairi.raplakunst.eu<\/a><\/p>\n<p>Kairi Orgusaar (s 1969) on l\u00f5petanud Eesti Kunstiakadeemia maalikunsti eriala (1995), aastal 2002 omandas ta magistrikraadi klaasikunstis. 1996. aastast alates on ta osalenud n\u00e4itustel erinevates galeriides ja muuseumites Eestis ja kaugemal, sh Veneetsias Palazzo Loredanis, Jelagini saare Klaasikunsti Muuseumis St. Peterburis Venemaal, Soome Klaasikunsti Muuseumis Riihim\u00e4el, Lette Klaasimuuseumis Saksamaal ( The Ersting Foundation Alter Hof Herding) jm. Kairi Orgusaar on kolmel korral p\u00e4lvinud Eesti Kultuurkapitali maakondliku aastapreemia. Tema t\u00f6id leidub Erstingu klaasikogus (The Ernsting Foundation Alter of Herdingi), Eesti Tarbekunsti- ja Disainimuuseumi kogus ning mitmetes erakogudes.<\/p>\n<p>Alates 2002. aastast tegutseb Orgusaar oma klaasistuudios O\u00dc Kunivorm, aastast 2010 on ta Raplamaa Kaasaegse Kunsti Keskuse juhatuse liige ja mitmete n\u00e4ituste kuraator.<\/p>\n\n\t\t<style type=\"text\/css\">\n\t\t\t#gallery-1 {\n\t\t\t\tmargin: auto;\n\t\t\t}\n\t\t\t#gallery-1 .gallery-item {\n\t\t\t\tfloat: left;\n\t\t\t\tmargin-top: 10px;\n\t\t\t\ttext-align: center;\n\t\t\t\twidth: 20%;\n\t\t\t}\n\t\t\t#gallery-1 img {\n\t\t\t\tborder: 2px solid #cfcfcf;\n\t\t\t}\n\t\t\t#gallery-1 .gallery-caption {\n\t\t\t\tmargin-left: 0;\n\t\t\t}\n\t\t\t\/* see gallery_shortcode() in wp-includes\/media.php *\/\n\t\t<\/style>\n\t\t<div id='gallery-1' class='gallery galleryid-1185 gallery-columns-5 gallery-size-thumbnail'><dl class='gallery-item'>\n\t\t\t<dt class='gallery-icon portrait'>\n\t\t\t\t<a href='https:\/\/klaasikunst.ee\/wp-content\/uploads\/2017\/11\/465925921_9152826701396565_5080672521894720576_n.jpg'><img loading=\"lazy\" decoding=\"async\" width=\"150\" height=\"150\" src=\"https:\/\/klaasikunst.ee\/wp-content\/uploads\/2017\/11\/465925921_9152826701396565_5080672521894720576_n-150x150.jpg\" class=\"attachment-thumbnail size-thumbnail\" alt=\"\" \/><\/a>\n\t\t\t<\/dt><\/dl><dl class='gallery-item'>\n\t\t\t<dt class='gallery-icon landscape'>\n\t\t\t\t<a href='https:\/\/klaasikunst.ee\/wp-content\/uploads\/2020\/10\/09-OCT-2020-S-13.jpg'><img loading=\"lazy\" decoding=\"async\" width=\"150\" height=\"150\" src=\"https:\/\/klaasikunst.ee\/wp-content\/uploads\/2020\/10\/09-OCT-2020-S-13-150x150.jpg\" class=\"attachment-thumbnail size-thumbnail\" alt=\"\" \/><\/a>\n\t\t\t<\/dt><\/dl><dl class='gallery-item'>\n\t\t\t<dt class='gallery-icon landscape'>\n\t\t\t\t<a href='https:\/\/klaasikunst.ee\/wp-content\/uploads\/2020\/10\/09-OCT-2020-S-12.jpg'><img loading=\"lazy\" decoding=\"async\" width=\"150\" height=\"150\" src=\"https:\/\/klaasikunst.ee\/wp-content\/uploads\/2020\/10\/09-OCT-2020-S-12-150x150.jpg\" class=\"attachment-thumbnail size-thumbnail\" alt=\"\" \/><\/a>\n\t\t\t<\/dt><\/dl><dl class='gallery-item'>\n\t\t\t<dt class='gallery-icon landscape'>\n\t\t\t\t<a href='https:\/\/klaasikunst.ee\/wp-content\/uploads\/2020\/10\/09-OCT-2020-S-5.jpg'><img loading=\"lazy\" decoding=\"async\" width=\"150\" height=\"150\" src=\"https:\/\/klaasikunst.ee\/wp-content\/uploads\/2020\/10\/09-OCT-2020-S-5-150x150.jpg\" class=\"attachment-thumbnail size-thumbnail\" alt=\"\" \/><\/a>\n\t\t\t<\/dt><\/dl><dl class='gallery-item'>\n\t\t\t<dt class='gallery-icon portrait'>\n\t\t\t\t<a href='https:\/\/klaasikunst.ee\/wp-content\/uploads\/2025\/04\/27-APR-2025-o-3.jpg'><img loading=\"lazy\" decoding=\"async\" width=\"150\" height=\"150\" src=\"https:\/\/klaasikunst.ee\/wp-content\/uploads\/2025\/04\/27-APR-2025-o-3-150x150.jpg\" class=\"attachment-thumbnail size-thumbnail\" alt=\"\" \/><\/a>\n\t\t\t<\/dt><\/dl><br style=\"clear: both\" \/><dl class='gallery-item'>\n\t\t\t<dt class='gallery-icon landscape'>\n\t\t\t\t<a href='https:\/\/klaasikunst.ee\/wp-content\/uploads\/2023\/10\/01-JUL-2023-K-31.jpg'><img loading=\"lazy\" decoding=\"async\" width=\"150\" height=\"150\" src=\"https:\/\/klaasikunst.ee\/wp-content\/uploads\/2023\/10\/01-JUL-2023-K-31-150x150.jpg\" class=\"attachment-thumbnail size-thumbnail\" alt=\"\" \/><\/a>\n\t\t\t<\/dt><\/dl><dl class='gallery-item'>\n\t\t\t<dt class='gallery-icon landscape'>\n\t\t\t\t<a href='https:\/\/klaasikunst.ee\/wp-content\/uploads\/2025\/09\/02-AUG-2025-V-2-scaled.jpg'><img loading=\"lazy\" decoding=\"async\" width=\"150\" height=\"150\" src=\"https:\/\/klaasikunst.ee\/wp-content\/uploads\/2025\/09\/02-AUG-2025-V-2-150x150.jpg\" class=\"attachment-thumbnail size-thumbnail\" alt=\"\" \/><\/a>\n\t\t\t<\/dt><\/dl><dl class='gallery-item'>\n\t\t\t<dt class='gallery-icon landscape'>\n\t\t\t\t<a href='https:\/\/klaasikunst.ee\/wp-content\/uploads\/2025\/09\/kairi.jpg'><img loading=\"lazy\" decoding=\"async\" width=\"150\" height=\"150\" src=\"https:\/\/klaasikunst.ee\/wp-content\/uploads\/2025\/09\/kairi-150x150.jpg\" class=\"attachment-thumbnail size-thumbnail\" alt=\"\" \/><\/a>\n\t\t\t<\/dt><\/dl><dl class='gallery-item'>\n\t\t\t<dt class='gallery-icon landscape'>\n\t\t\t\t<a href='https:\/\/klaasikunst.ee\/wp-content\/uploads\/2024\/09\/17-SEP-2024-B-8-scaled.jpg'><img loading=\"lazy\" decoding=\"async\" width=\"150\" height=\"150\" src=\"https:\/\/klaasikunst.ee\/wp-content\/uploads\/2024\/09\/17-SEP-2024-B-8-150x150.jpg\" class=\"attachment-thumbnail size-thumbnail\" alt=\"\" \/><\/a>\n\t\t\t<\/dt><\/dl><dl class='gallery-item'>\n\t\t\t<dt class='gallery-icon landscape'>\n\t\t\t\t<a href='https:\/\/klaasikunst.ee\/wp-content\/uploads\/2024\/09\/12-SEP-2024-G-21-scaled.jpg'><img loading=\"lazy\" decoding=\"async\" width=\"150\" height=\"150\" src=\"https:\/\/klaasikunst.ee\/wp-content\/uploads\/2024\/09\/12-SEP-2024-G-21-150x150.jpg\" class=\"attachment-thumbnail size-thumbnail\" alt=\"\" \/><\/a>\n\t\t\t<\/dt><\/dl><br style=\"clear: both\" \/><dl class='gallery-item'>\n\t\t\t<dt class='gallery-icon landscape'>\n\t\t\t\t<a href='https:\/\/klaasikunst.ee\/wp-content\/uploads\/2022\/05\/280988574_5488487094497229_2680859072548334570_n.jpg'><img loading=\"lazy\" decoding=\"async\" width=\"150\" height=\"150\" src=\"https:\/\/klaasikunst.ee\/wp-content\/uploads\/2022\/05\/280988574_5488487094497229_2680859072548334570_n-150x150.jpg\" class=\"attachment-thumbnail size-thumbnail\" alt=\"\" \/><\/a>\n\t\t\t<\/dt><\/dl><dl class='gallery-item'>\n\t\t\t<dt class='gallery-icon landscape'>\n\t\t\t\t<a href='https:\/\/klaasikunst.ee\/wp-content\/uploads\/2015\/09\/kairi2-e1443281725908.jpg'><img loading=\"lazy\" decoding=\"async\" width=\"150\" height=\"150\" src=\"https:\/\/klaasikunst.ee\/wp-content\/uploads\/2015\/09\/kairi2-150x150.jpg\" class=\"attachment-thumbnail size-thumbnail\" alt=\"\" \/><\/a>\n\t\t\t<\/dt><\/dl><dl class='gallery-item'>\n\t\t\t<dt class='gallery-icon landscape'>\n\t\t\t\t<a href='https:\/\/klaasikunst.ee\/wp-content\/uploads\/2013\/10\/102.png'><img loading=\"lazy\" decoding=\"async\" width=\"150\" height=\"150\" src=\"https:\/\/klaasikunst.ee\/wp-content\/uploads\/2013\/10\/102-150x150.png\" class=\"attachment-thumbnail size-thumbnail\" alt=\"\" aria-describedby=\"gallery-1-3618\" \/><\/a>\n\t\t\t<\/dt>\n\t\t\t\t<dd class='wp-caption-text gallery-caption' id='gallery-1-3618'>\n\t\t\t\tKairi Orgusaar\n\t\t\t\t<\/dd><\/dl>\n\t\t\t<br style='clear: both' \/>\n\t\t<\/div>\n\n","protected":false},"excerpt":{"rendered":"<p>E-post:\u00a0kairi [dot] orgusaar [at] mail [dot] ee Tel: +372 53 40 3124 Koduleht: kairi.raplakunst.eu Kairi Orgusaar (s 1969) on l\u00f5petanud Eesti Kunstiakadeemia maalikunsti eriala (1995), aastal 2002 omandas ta magistrikraadi klaasikunstis. 1996. aastast alates on ta osalenud n\u00e4itustel erinevates galeriides ja muuseumites Eestis ja kaugemal, sh Veneetsias Palazzo Loredanis, Jelagini saare Klaasikunsti Muuseumis St. Peterburis [&hellip;]<\/p>\n","protected":false},"author":1,"featured_media":0,"parent":154,"menu_order":0,"comment_status":"closed","ping_status":"closed","template":"","meta":{"footnotes":""},"class_list":["post-1185","page","type-page","status-publish","hentry"],"aioseo_notices":[],"_links":{"self":[{"href":"https:\/\/klaasikunst.ee\/index.php?rest_route=\/wp\/v2\/pages\/1185","targetHints":{"allow":["GET"]}}],"collection":[{"href":"https:\/\/klaasikunst.ee\/index.php?rest_route=\/wp\/v2\/pages"}],"about":[{"href":"https:\/\/klaasikunst.ee\/index.php?rest_route=\/wp\/v2\/types\/page"}],"author":[{"embeddable":true,"href":"https:\/\/klaasikunst.ee\/index.php?rest_route=\/wp\/v2\/users\/1"}],"replies":[{"embeddable":true,"href":"https:\/\/klaasikunst.ee\/index.php?rest_route=%2Fwp%2Fv2%2Fcomments&post=1185"}],"version-history":[{"count":24,"href":"https:\/\/klaasikunst.ee\/index.php?rest_route=\/wp\/v2\/pages\/1185\/revisions"}],"predecessor-version":[{"id":7666,"href":"https:\/\/klaasikunst.ee\/index.php?rest_route=\/wp\/v2\/pages\/1185\/revisions\/7666"}],"up":[{"embeddable":true,"href":"https:\/\/klaasikunst.ee\/index.php?rest_route=\/wp\/v2\/pages\/154"}],"wp:attachment":[{"href":"https:\/\/klaasikunst.ee\/index.php?rest_route=%2Fwp%2Fv2%2Fmedia&parent=1185"}],"curies":[{"name":"wp","href":"https:\/\/api.w.org\/{rel}","templated":true}]}}