{"id":1183,"date":"2015-05-14T17:31:46","date_gmt":"2013-11-04T18:05:47","guid":{"rendered":"http:\/\/klaasikunst.ee\/?page_id=1183"},"modified":"2025-11-12T13:37:49","modified_gmt":"2025-11-12T11:37:49","slug":"kristi-ringkjob","status":"publish","type":"page","link":"https:\/\/klaasikunst.ee\/?page_id=1183","title":{"rendered":"Kristi Ringkjob"},"content":{"rendered":"<p><a href=\"http:\/\/klaasikunst.ee\/wp-content\/uploads\/2013\/11\/577.png\"><img loading=\"lazy\" decoding=\"async\" class=\"size-medium wp-image-1380 alignright\" src=\"http:\/\/klaasikunst.ee\/wp-content\/uploads\/2013\/11\/577-300x181.png\" alt=\"577\" width=\"300\" height=\"181\" srcset=\"https:\/\/klaasikunst.ee\/wp-content\/uploads\/2013\/11\/577-300x181.png 300w, https:\/\/klaasikunst.ee\/wp-content\/uploads\/2013\/11\/577.png 545w\" sizes=\"auto, (max-width: 300px) 100vw, 300px\" \/><\/a> <a href=\"http:\/\/klaasikunst.ee\/wp-content\/uploads\/2013\/11\/576.png\"><img loading=\"lazy\" decoding=\"async\" class=\"size-medium wp-image-1379 alignright\" src=\"http:\/\/klaasikunst.ee\/wp-content\/uploads\/2013\/11\/576-300x200.png\" alt=\"576\" width=\"300\" height=\"200\" srcset=\"https:\/\/klaasikunst.ee\/wp-content\/uploads\/2013\/11\/576-300x200.png 300w, https:\/\/klaasikunst.ee\/wp-content\/uploads\/2013\/11\/576.png 545w\" sizes=\"auto, (max-width: 300px) 100vw, 300px\" \/><\/a> <a href=\"http:\/\/klaasikunst.ee\/wp-content\/uploads\/2013\/11\/575.png\"><img loading=\"lazy\" decoding=\"async\" class=\"size-medium wp-image-1378 alignright\" src=\"http:\/\/klaasikunst.ee\/wp-content\/uploads\/2013\/11\/575-300x200.png\" alt=\"575\" width=\"300\" height=\"200\" srcset=\"https:\/\/klaasikunst.ee\/wp-content\/uploads\/2013\/11\/575-300x200.png 300w, https:\/\/klaasikunst.ee\/wp-content\/uploads\/2013\/11\/575.png 545w\" sizes=\"auto, (max-width: 300px) 100vw, 300px\" \/><\/a><\/p>\n<p><a href=\"http:\/\/www.krisring.ee\" target=\"_blank\" rel=\"nofollow noopener\">www.krisring.ee<\/a><br \/>\nTel: (+372) 56 566 442<\/p>\n<p>S\u00fcndinud 08. detsembril 1973 Tallinnas<\/p>\n<p>Haridus:<br \/>\n2003\u20132007 Eesti Kunstiakadeemia \u2013 bakalaureusekraad \u2013 eriala: klaasikunst<br \/>\n1998 The Travel Trade School Inc. Colorado USA<br \/>\n1992\u20131994 Tallinna Majandustehnikum hotellimajanduse eriala<\/p>\n<p>T\u00f6\u00f6k\u00e4ik:<br \/>\n2007\u2013&#8230; O\u00dc Annkris-Glass \u2013 asutaja, juhatuse liige, klaasikunstnik<br \/>\n2005\u20132007 MT\u00dc Stuudio Hoff, galerist<br \/>\n1998\u20132000 Travelink Inc. Colorado USA, reisiagent<br \/>\n1993\u20131996 Tallinntour, reisiagent<\/p>\n<p>N\u00e4itused:<br \/>\n2007 Mark Anguse juhendamisel toimunud klaasimaali meistriklassi n\u00e4itus J\u00e4rvakandi klaasimuuseumis<br \/>\n2007 Eesti Kunstiakadeemia \u00fcli\u00f5pilast\u00f6\u00f6de n\u00e4itus \u201eTase \u201907\u201c, Eesti Tarbekunsti- ja disainimuuseumis<br \/>\n2006 Valgustite n\u00e4itus, Stuudio Hoff, Tallinn<br \/>\n2006 J\u00f5ulun\u00e4itus katoliku kirikus<br \/>\n2006 \u201eExperimental Spirit in Glass Sculpture\u201c, Mentzendorff`s Museum, Riia, L\u00e4ti<br \/>\n2006 Rahvusvaheline klaasikunsti \u00fcli\u00f5pilast\u00f6\u00f6de n\u00e4itus \u201eDiscovery\u201c, Kullo Galerii Tallinn<br \/>\n2005 \u201eEve Koha ja \u00f5pilased\u201c, Disaini- ja arhitektuurigalerii, Tallinn<\/p>\n<p><a href=\"http:\/\/klaasikunst.ee\/wp-content\/uploads\/2013\/11\/574.png\"><img loading=\"lazy\" decoding=\"async\" class=\"alignleft\" src=\"http:\/\/klaasikunst.ee\/wp-content\/uploads\/2013\/11\/574-200x300.png\" alt=\"574\" width=\"200\" height=\"300\" \/><\/a>Kursused, meistriklassid, konverentsid, s\u00fcmpoosionid:<br \/>\n2007 Rahvusvaheline klaasihariduse konverents \u201cMeeting Point II. VITRA\u201d, Nancy ja Vannes-le-Chatel, Prantsusmaa<br \/>\n2007 Mark Anguse klaasimaali workshop<br \/>\n2006 Rahvusvaheline s\u00fcmpoosion \u201eExperimental Spirit in Glass Sculpture\u201c, Grizinkalnsi klaasitehas, Riia, L\u00e4ti<br \/>\n2006 Konverentsi ja n\u00e4ituse korraldamine, juhendaja M. Saare<br \/>\n2006 Rahvuvaheline klaasihariduse konverents \u201eMeeting Point I. TALLINN\u201c, Tallinn<br \/>\n2006 Vitraa\u017ei kursus, juhendaja H. Lassi<br \/>\n2005 Klaasipuhumise workshop Helsingis, Soome, juhendaja K. Nakada<br \/>\n2005 Paide kiriku vitraa\u017eide restaureerimine, juhendaja E. Koha<br \/>\n2004 Vitraa\u017ei kursus, juhendaja T. Riisalu<\/p>\n<p>Tehnikad:<br \/>\nk\u00fclmt\u00f6\u00f6tlus (lihvimine, l\u00f5ikamine, graveerimine), sulatus (p\u00e2te de verre, koolutus, valu, mosaiikklaas, kokkusulatus jne), kuumt\u00f6\u00f6tlus, vitraa\u017ei restaureerimine, klaasimaali restaureerimine (koopia maalimine), klaasimaali tehnikad, vitraa\u017ei tehnikad, hapes\u00f6\u00f6vitus, liivs\u00f6\u00f6vitus, siiditr\u00fckk, klaasmosaiik<\/p>\n<p>&nbsp;<\/p>\n","protected":false},"excerpt":{"rendered":"<p>www.krisring.ee Tel: (+372) 56 566 442 S\u00fcndinud 08. detsembril 1973 Tallinnas Haridus: 2003\u20132007 Eesti Kunstiakadeemia \u2013 bakalaureusekraad \u2013 eriala: klaasikunst 1998 The Travel Trade School Inc. Colorado USA 1992\u20131994 Tallinna Majandustehnikum hotellimajanduse eriala T\u00f6\u00f6k\u00e4ik: 2007\u2013&#8230; O\u00dc Annkris-Glass \u2013 asutaja, juhatuse liige, klaasikunstnik 2005\u20132007 MT\u00dc Stuudio Hoff, galerist 1998\u20132000 Travelink Inc. Colorado USA, reisiagent 1993\u20131996 Tallinntour, [&hellip;]<\/p>\n","protected":false},"author":1,"featured_media":0,"parent":154,"menu_order":0,"comment_status":"closed","ping_status":"closed","template":"","meta":{"footnotes":""},"class_list":["post-1183","page","type-page","status-publish","hentry"],"aioseo_notices":[],"_links":{"self":[{"href":"https:\/\/klaasikunst.ee\/index.php?rest_route=\/wp\/v2\/pages\/1183","targetHints":{"allow":["GET"]}}],"collection":[{"href":"https:\/\/klaasikunst.ee\/index.php?rest_route=\/wp\/v2\/pages"}],"about":[{"href":"https:\/\/klaasikunst.ee\/index.php?rest_route=\/wp\/v2\/types\/page"}],"author":[{"embeddable":true,"href":"https:\/\/klaasikunst.ee\/index.php?rest_route=\/wp\/v2\/users\/1"}],"replies":[{"embeddable":true,"href":"https:\/\/klaasikunst.ee\/index.php?rest_route=%2Fwp%2Fv2%2Fcomments&post=1183"}],"version-history":[{"count":4,"href":"https:\/\/klaasikunst.ee\/index.php?rest_route=\/wp\/v2\/pages\/1183\/revisions"}],"predecessor-version":[{"id":7274,"href":"https:\/\/klaasikunst.ee\/index.php?rest_route=\/wp\/v2\/pages\/1183\/revisions\/7274"}],"up":[{"embeddable":true,"href":"https:\/\/klaasikunst.ee\/index.php?rest_route=\/wp\/v2\/pages\/154"}],"wp:attachment":[{"href":"https:\/\/klaasikunst.ee\/index.php?rest_route=%2Fwp%2Fv2%2Fmedia&parent=1183"}],"curies":[{"name":"wp","href":"https:\/\/api.w.org\/{rel}","templated":true}]}}