{"id":1179,"date":"2015-05-14T17:29:32","date_gmt":"2013-11-04T18:04:04","guid":{"rendered":"http:\/\/klaasikunst.ee\/?page_id=1179"},"modified":"2013-11-05T12:17:52","modified_gmt":"2013-11-05T12:17:52","slug":"maie-ann-raun","status":"publish","type":"page","link":"https:\/\/klaasikunst.ee\/?page_id=1179","title":{"rendered":"Maie-Ann Raun"},"content":{"rendered":"<p><a href=\"http:\/\/klaasikunst.ee\/wp-content\/uploads\/2013\/11\/364.png\"><img loading=\"lazy\" decoding=\"async\" class=\"size-medium wp-image-1341 alignright\" alt=\"364\" src=\"http:\/\/klaasikunst.ee\/wp-content\/uploads\/2013\/11\/364-300x242.png\" width=\"300\" height=\"242\" srcset=\"https:\/\/klaasikunst.ee\/wp-content\/uploads\/2013\/11\/364-300x242.png 300w, https:\/\/klaasikunst.ee\/wp-content\/uploads\/2013\/11\/364.png 545w\" sizes=\"auto, (max-width: 300px) 100vw, 300px\" \/><\/a><a href=\"http:\/\/klaasiaeg.webs.com\">klaasiaeg.webs.com<\/a><br \/>\ne-mail:\u00a0<a href=\"javascript:secureDecryptAndNavigate('9appdLzlWUznIKXcLp\/MTLzl4bdnO\/Dlc9JsPqEXVGPuHXiSMEWFvuptT+ub0x48MgxBbDPUZBAHIRbV5tm+nImaTdAGBq+ewA==', '3676280a68af271c25ee9598e755fddfbbd9da6cbad6358d6a6319c7119140f6')\">maieraun [at] gmail [dot] com<\/a><br \/>\n<\/a><\/p>\n<p>telefon: 602 27 83<br \/>\nGSM: +372 55 18 378<\/p>\n<p>Maie-Ann Raun (1938) on klaasikunstnik, klaasiajaloolane ja emeriitprofessor\u00a0&#8211; t\u00e4naseks k\u00f5ige pikema, ligi 40-aastase staa\u017eiga klaasikunsti pedagoog Eestis. Klaasikunsti erialaga on ta seotud olnud 50 aastat, oma \u00f5pingute algusest ERKI-s 1958 a. Alates 1969. aastast on k\u00f5ik noored Eesti klaasikunstnikud, keda praeguseks on juba mitu p\u00f5lvkonda, olnud tema \u00f5pilased.<\/p>\n<p><a href=\"http:\/\/klaasikunst.ee\/wp-content\/uploads\/2013\/11\/363.png\"><img loading=\"lazy\" decoding=\"async\" class=\"alignleft\" alt=\"363\" src=\"http:\/\/klaasikunst.ee\/wp-content\/uploads\/2013\/11\/363-200x300.png\" width=\"200\" height=\"300\" \/><\/a>Eesti klaasiajaloo uurimisega tegeleb 1960. aastast, v\u00f5ttes osa esimese Eesti klaasit\u00f6\u00f6stuse &#8211; H\u00fcti klaasikoja v\u00e4ljakaevamistest Hiiumaal Maks Roosma juhendamisel.<br \/>\nOlles EKL liige 1972. aastast, on M.-A. Raun t\u00e4naseni loominguliselt aktiivne. 2007. aastal esines ta erinevate teostega kolmel Eesti klaasikunsti 70. juubelit t\u00e4histaval n\u00e4itusel.<br \/>\nM.-A. Rauni hinnatakse kui k\u00f5ige asjatundlikumat eksperti Eesti klaasiajaloo alal. Ta on teaduslik konsultant Eesti klaasiajaloo uurimisvaldkonnas Eesti Ajaloomuuseumis, Tallinna Linnamuuseumis, Eesti Tarbekunsti- ja Disainimuuseumis ja J\u00e4rvakandi Klaasimuuseumis.<\/p>\n<p>&nbsp;<\/p>\n<p>&nbsp;<\/p>\n<p><a href=\"http:\/\/klaasikunst.ee\/wp-content\/uploads\/2013\/11\/365.png\"><img loading=\"lazy\" decoding=\"async\" class=\"alignright\" alt=\"365\" src=\"http:\/\/klaasikunst.ee\/wp-content\/uploads\/2013\/11\/365-224x300.png\" width=\"224\" height=\"300\" \/><\/a>HARIDUS<br \/>\n1953\u20131958 Tartu Kujutava Kunsti Kool (kunsti\u00f5petaja diplom kiitusega)<br \/>\n1958\u20131964 Eesti Riiklik Kunstiinstituut, klaasehist\u00f6\u00f6 eriala (tarbekunstniku diplom kiitusega)<br \/>\n1966\u20131969 Moskva K\u00f5rgem T\u00f6\u00f6stuskunstikool (end. Stroganovi), aspirantuur<br \/>\n1993 Bornholmi klaasikool, Taani, stuudioklaasi t\u00e4iend\u00f5pe<\/p>\n<p>TEENISTUSK\u00c4IK<br \/>\n1965\u20131966 J.Sverdlovi nim. klaasitehas, Vladimiri oblast, Vene NFSV, kunstnik<\/p>\n<p>1969.aastast Eesti Kunstiakadeemia \u00f5ppej\u00f5ud, sellest:<br \/>\n1969\u20131989 Eesti Riikliku Kunstiintituudi (ERKI) klaasehist\u00f6\u00f6 \u00f5ppej\u00f5ud<br \/>\n1989\u20131996 Tallinna Kunsti\u00fclikooli (TK\u00dc) &#8212;&#8212;&#8211;\u201e&#8212;&#8212;&#8212;&#8212;<br \/>\n1996\u20132002 Eesti Kunstiakadeemia (EKA)klaasikunsti \u00f5ppej\u00f5ud<br \/>\n1984\u20131993 ERKI \/ TK\u00dc keraamika ja klaasehist\u00f6\u00f6 kateedri juhataja<br \/>\n1996. aastast EKA professor<br \/>\n2003. aastast EKA emeriitprofessor<\/p>\n<p><a href=\"http:\/\/klaasikunst.ee\/wp-content\/uploads\/2013\/11\/479.png\"><img loading=\"lazy\" decoding=\"async\" class=\"alignleft\" alt=\"479\" src=\"http:\/\/klaasikunst.ee\/wp-content\/uploads\/2013\/11\/479-300x205.png\" width=\"300\" height=\"205\" \/><\/a>2002\u20132003 klaasivabrik SKANKRISTALLI AS (pankrotis), peakunstnik<br \/>\n2004\u20132005 klaasivabrik TARBEKLAAS, peakunstnik<\/p>\n<p>1972. aastast Eesti Kunstnike Liidu liige<br \/>\n1993. aastast Eesti Klaasikunstnike \u00dchenduse liige<br \/>\n1966. aastast esineb n\u00e4itustel<\/p>\n<p>ISIKN\u00c4ITUSED<br \/>\n1995 \u201eKaugused\u201d, Domini Canes galerii, Tallinn<br \/>\n2004 \u201e365 p\u00e4eva\u201d, Meistrite Hoovi galerii, Tallinn (65 a. juubelin\u00e4itus)<br \/>\n2004 \u201eLained\u201d, Kuke galerii, Haapsalu<br \/>\n2004 \u201eMeri\u201d, Disaini- ja Arhitektuurigalerii, Tallinn<br \/>\n2004 \u201eKlaasmeri\u201d, Meistrite Hoovi galerii, Tallinn<br \/>\n2004 \u201eEma-klaas-j\u00f5gi\u201d, Tartu Kunstimaja, Tartu<br \/>\n2005 \u201eSild \u00fcle vaevavete\u201d, Tartu \u00dclikooli raamatukogu, Tartu<br \/>\n2008\u20132009 \u201eKlaasiaeg\u201d, J\u00e4rvakandi Klaasimuuseumi n\u00e4itusemaja (70 a. juubelin\u00e4itus)<\/p>\n<p>GRUPIN\u00c4ITUSED<br \/>\n1970\u20131971 \u201eMaks Roosma ja tema \u00f5pilaste looming\u201d, Tallinna Linnamuuseum, Tallinn<br \/>\n1982 Eesti ehisklaasi n\u00e4itus, Tartu Kunstimuuseum (vabariiklik ehisklaasi n\u00e4itus)<br \/>\n1983 \u201eEesti klaasikunst 1970\u20131983\u201d, Tallinna Linnamuuseum<br \/>\n1984 \u201eN\u00f5ukogude Liidu klaas\u201d, Soome Klaasimuuseum, Riihim\u00e4ki, Soome<br \/>\n1989\u20131990 \u201eKlaas, vesi, \u00f5hk, maa\u201d, Lillepaviljon, Tallinn (eesti klaasi \u00fclevaaten\u00e4itus)<br \/>\n1993 \u201eBalti klaasikunstnikud Bornholmil\u201d, Welcome Centre, Ronne, Taani<br \/>\n1997 \u201eEesti klaasikunst 60\u201d, Tallinna Kunstihoone, Tallinn (retrospektiivne n\u00e4itus perioodist 1936\u20131996).<br \/>\n2002\u20132003 \u201eVastu merd\u201d, Eesti Meremuuseum, Tallinn (Eesti Klaasikunstnike \u00dchenduse aastan\u00e4itus).<br \/>\n2003 \u201eTalvevalgus\u201d, Meistrite Hoovi galerii, Tallinn (Skankristalli kunstnike ja EKA klaasikunsti \u00fcli\u00f5pilaste uustooted)<br \/>\n2003 \u201eVaagen\u201d, Hobusepea galerii, Tallinn (Eesti Klaasikunstnike \u00dchenduse aastan\u00e4itus)<br \/>\n2004 \u201eTalvevalgus II\u201d, Meistrite Hoovi galerii, Tallinn (Tarbeklaasi kunstnike uustooted)<br \/>\n2006 \u201eBeautiful\u201d, Kunstihoone galerii, Tallinn (EKK\u00dc aastan\u00e4itus)<br \/>\n2007 \u201eEesti klaasikunst 70: k\u00fcmne aasta paremik\u201d, ETDM, Tallinn<br \/>\n2007 \u201eLiivast s\u00fcndinud\u201d, Rakvere Galerii<br \/>\n2007 Klaasikunstin\u00e4itus \u201eRingk\u00e4ik\u201d, Albu m\u00f5is, J\u00e4rvamaa (EKK\u00dc aastan\u00e4itus)<br \/>\n2009 \u201eLend\u201d (Ene Pikk: akvarellid; Maie-Ann Raun: klaasinstallatsioon), Kastellaanimaja Galerii, Tallinn (70 a. juubelin\u00e4itus)<\/p>\n<p>\u00dcLDN\u00c4ITUSED<br \/>\n1966\u20131998 Eesti vabariiklikud tarbekunsti n\u00e4itused Tallinnas, Tartus, teistes Eesti linnades ja v\u00e4lismaal<\/p>\n<p>1968 Eesti tarbekunsti n\u00e4itus, Berliin, Saksamaa<br \/>\n1969 Eesti tarbekunsti n\u00e4itus, Vilnius, Leedu<br \/>\n1972 Eesti tarbekunsti n\u00e4itus, Moskva<br \/>\n1973 Baltimaade kujutava ja tarbekunsti n\u00e4itus, Moskva<br \/>\n1977 NSV Liidu kujutava ja tarbekunsti n\u00e4itus \u201eLeninlikul teel\u201d, Moskva<br \/>\n1978 \u00fcleliiduline n\u00e4itus \u201eN\u00f5ukogudemaa noorus\u201d, Moskva<br \/>\n1979, 1983 I,II Baltimaade tarbekunstitriennaal, Tallinn<br \/>\n1979 Eesti tarbekunsti n\u00e4itus, Leningrad<br \/>\n1980 Eesti tarbekunsti n\u00e4itus, Jerevan, Armeenia<br \/>\n1984 Eesti maali ja tarbekunsti n\u00e4itus, Tbilisi, Gruusia<br \/>\n1966\u20131986 Eesti vabariiklikud tarbekunstin\u00e4itused, Tallinn, Tartu<br \/>\n1991 \u201eTarbekunst Eestis 1960. aastatel\u201d, Tarbekunstimuuseum, Tallinn<br \/>\n1998 Disainin\u00e4itus, ETDM, Tallinn<br \/>\nAlates Eesti Tarbekunsti- ja Disainimuuseumi avamisest 1981.aastast ja ka k\u00e4esoleval ajal (2010. a.) eksponeeritakse Maie-Ann Rauni erinevate perioodide klaasikunstiteoseid ETDM-i p\u00fcsiekspositsioonis.<\/p>\n<p>KONVERENTSID (korraldamine ja ettekanded)<br \/>\n1970 \u201eEesti klaasi arenguv\u00f5imalused\u201d, Tallinna Linnamuuseum<br \/>\n2001 \u201e Klaas &#8211; ajalugu ja t\u00e4nap\u00e4ev,\u201d EKA klaasikunsti osakond, Tallinn<br \/>\n2002 \u201eKlaasikunst ja Eesti,\u201d Kollane Maja, Supilinn, Tartu<br \/>\n2003 \u201eEesti klaasit\u00f6\u00f6stuse v\u00e4\u00e4rikas ajalugu \u2013 H\u00fcti klaasikoda 1628\u20131664\u201d, Meistrite Hoovi konverentsisaal, Tallinn<br \/>\n2004 \u201eH\u00fcti klaasikoda 375\u201d, Tartu \u00dclikooli raamatukogu konverentsisaal, Tartu<br \/>\n2005 \u201e1000 aastat klaasi Eestis\u201d, Meistrite Hoovi konverentsisaal, Tallinn<br \/>\n2008 &#8220;H\u00fcti klaasikoda 1628\u20131664 \u2013 EESTI KLAAS 380&#8221;, J\u00e4rvakandi Klaasimuuseum, kaks ettekannet: &#8220;H\u00fcti klaasikoja ahjud&#8221; ja &#8220;380 aastat klaasit\u00f6\u00f6stuse algusest Eestis H\u00fcti klaasikojas Hiiumaal&#8221;.<br \/>\n2009 &#8220;Eesti klaasilaste \u00fcrgisa.Klaasikunstnik Maks Roosma 100&#8221;, Eesti Ajaloomuuseum, ettekanne &#8220;Maks Roosma \u2013 Eesti klaasikunsti rajaja&#8221;<br \/>\n2009 &#8220;Maks Roosma 100&#8221;, Tallinna Linnamuuseumi ettekannetep\u00e4eval. 2009 &#8220;Maks Roosma 100&#8221;, T\u00f5rva Kammersaal, ettekanne &#8220;Maks Roosma \u2013 Eesti klaasikunsti rajaja&#8221;.<\/p>\n<p>N\u00c4ITUSTE KORRALDAMINE<br \/>\n1970\u20131971 \u201eMaks Roosma ja tema \u00f5pilaste looming\u201d, Tallinna Linnamuuseum<br \/>\n1975 \u201eLeida J\u00fcrgeni klaas\u201d, Tallinna Linnamuuseum<br \/>\n1983 &#8220;Eesti klaasikunst 1970\u20131983\u201d, Tallinna Linnamuuseum (koos E. Kohaga)<br \/>\n1994 \u201eAadu Mardi klaas\u201d, Tallinna Linnamuuseum (koos E. Kohaga)<br \/>\n1995 \u201eKlaasi v\u00f5lu\u201d, Tallinna Raemuuseum (koos E. Kohaga)<br \/>\n2001 \u201eEesti graveeritud klaas\u201d, Rahvusraamatukogu pean\u00e4itusesaal, Tallinn<br \/>\n2001 \u201eEesti klaas Lorupist Lorupini\u201d, Tallinna Raekoja galerii, Tallinn<br \/>\n2002 \u201eDisain \u2013 klaas \u2013 EKA \u2013 Lorup\u201d, Disaini- ja Arhitektuurigalerii, Tallinn<br \/>\n2003 \u201eTalvevalgus\u201d, Meistrite Hoovi galerii, Tallinn, (tooten\u00e4idised klaasivabrikule Skankristalli AS)<br \/>\n2003 \u201eH\u00fcti klaasikoda Hiiumaal 375\u201d, Meistrite Hoovi galerii, Tallinn<br \/>\n2004 \u201eH\u00fcti klaasikoda Hiiumaal 375\u201d, Tartu \u00dclikooli raamatukogu galerii, Tartu<br \/>\n2004 \u201eUue laine t\u00f5us\u201d, Disaini- ja Arhitektuurigalerii, Tallinn (EKA l\u00f5petanute \u2013 Kristi Kase, Kaja ja Eero Vaikre tooten\u00e4idised Tarbeklaas O\u00dc-le)<br \/>\n2004 \u201eTriip ja t\u00e4pp\u201d, K\u00e4sit\u00f6\u00f6maailm, Tallinn (Kristi Kase disainklaas)<br \/>\n2004 \u201eEesti vanim klaas H\u00fctist Roosmani\u201d, Meistrite Hoovi galerii, Tallinn<br \/>\n(H\u00fcti, Piirsalu, Gorodjonka, Laashoone, Rekka-Lehtse klaasikodade tooted, Maks Roosma teosed, installatsioon \u201eH\u00fcti 375\u201d)<br \/>\n2008 &#8220;H\u00fcti klaasikoda 1628\u20131664 \u2013 EESTI KLAAS 380&#8221;, J\u00e4rvakandi Klaasimuuseum, v\u00e4ljakaevamiste materjalid Hiiumaalt Eesti Ajaloomuuseumi kogudest.<br \/>\n2008 &#8220;Klaasiaeg&#8221;, J\u00e4rvakandi Klaasimuuseum<br \/>\n2009 &#8220;Eesti klaasilaste \u00fcrgisa. Klaasikunstnik Maks Roosma 100&#8221;, Eesti Ajaloomuuseum, n\u00e4ituse teaduslik konsultant<br \/>\n2009 &#8220;Maks Roosma 100. Eesti vanimad klaasikojad: H\u00fcti, Piirsalu, Gorodjonka, Laashoone, Lehtse\/Rekka&#8221;, J\u00e4rvakandi Klaasimuuseum<\/p>\n<p>AUTASUD<br \/>\n1983 I auhind (J. Kuuskemaa, T. Lauk, A. Nurk, M.-A. Raun), Tallinna Matkamaja rekonstrueerimise konkurss<br \/>\n2005 t\u00e4nukiri, Eesti vabatahtlike tunnustus\u00fcritus 2005, patroon Vabariigi President<\/p>\n<p>T\u00d6\u00d6D KOGUDES<br \/>\nEesti Tarbekunsti- ja Disainimuuseum, Eesti Ajaloomuuseum, Eesti Kunstifond,<br \/>\nTallinna Linnamuuseum, Tartu Kunstimuuseum; erakogud Eestis, Soomes, Rootsis, Norras, \u0160otimaal, Austraalias, USA-s jm.<\/p>\n<p>T\u00d6\u00d6D AVALIKES HOONETES<br \/>\n1964 vitraa\u017e \u201eGalaktikad\u201d, Tartu Observatoorium, T\u00f5ravere<br \/>\n1984,1986 vitraa\u017eid \u201eValgus aknas\u201d, Tallinna Matkamaja (d\u00f6rnses ja kaminasaalis)<br \/>\n1995 vitraa\u017e \u201eTallinn\u201d, Tallinna Kaubasadama administratiivhoone<\/p>\n<p>TELLIMUST\u00d6\u00d6D<br \/>\nalused \u201eRaadiolained\u201d, Eesti Telefoni 10. juubeli meened<br \/>\npidulikud pokaalid \u201eVictoria\u201d, Tallink Grupp<br \/>\npidulikud pokaalid \u201eHansapank\u201d, Hansapanga vip-meened<br \/>\nobjekt-r\u00e4ndauhind &#8220;L\u00e4\u00e4nemerelaine\u201d, Mittetulundus\u00fchingute Baltikumi \u00dchendusele<\/p>\n<p>BIBLIOGRAAFIA<br \/>\nEesti NSV Riiklik Kunstiinstituut 1914\u20131964,Tallinn,1964, ill. lk. 429, 430<br \/>\nMaks Roosma ja tema \u00f5pilaste looming, Tallinna Linnamuuseum, 1970, lk. 2, 4\u20138, 23, ill. 22, 23<br \/>\nLiin, E. \u201eKaasaja Eesti klaasist\u201d, almanahh Kunst 39\/1, 1971, lk.36, 37<br \/>\nJeletsky, J. \u201eERKI vanem\u00f5petaja, klaasikunstnik Maie-Ann Raun\u201d, \u00d5htuleht, 09.11.1972<br \/>\nVoronov, N. \u201eSoviet Glass\u201d, Aurora Art Publishers,Leningrad, 1981, ill. 184, lk. 341<br \/>\nRat\u0161uk, E. \u201eSovetskoje tsvetnoje steklo\u201d, Moskva, 1982, lk. 184, 199, ill. 160<br \/>\nTeder, I. \u201eTarbekunstimuuseum\u201d, kirjastus Perioodika, Tallinn, 1985, lk. 33, ill.XXIX<br \/>\nEAKBL (Eesti Kunsti ja Arhitektuuri Biograafiline Leksikon), Eesti Ents\u00fclopeedikirjastus,<br \/>\nTallinn, 1996, lk. 429, 430<br \/>\nKoha, E. \u201eEesti klaasikunst 60\u201d, Eesti Klaasikunstnike \u00dchendus, Tallinn, 1996, lk. 25, 44, 92, 106<br \/>\nSaare, M. \u201eGraveering klaasil XX\/XXI\u201d, EKA klaasikunsti osakond, Adamson-Ericu muuseum,<br \/>\nTallinn, 1999, lk. 33, 34 (lk.-d nummerdamata)<br \/>\nEesti Kunstiakadeemia, Tallinn, 2001, lk. 45, 166<br \/>\nTrossek, A. \u201eKlaasi valatud talvevalgus\u201d, Eesti P\u00e4evaleht Tallinn, 03.02.2003, lk.5<br \/>\nPajupuu, L. \u201eVanamoodi v\u00f5luv klaas\u201d, K\u00f6\u00f6k, 9.12.2004, lk. 70, 71<br \/>\nLiivrand, H. \u201eRauna klaasist meri\u201d, Eesti Ekspress, 22.07.2004, lk. 40 (TV Ekspress)<br \/>\nKulpsoo, L. \u201eKunstimajas lookleb klaasj\u00f5gi\u201d, Tartu Postimees, 26.08.2004<br \/>\nPeil, M. \u201eEhtne ja eestimaine Lorup\u201d, Kodukiri, m\u00e4rts 2005<br \/>\nPaulus, K. \u201eEesti vanim klaas H\u00fctist Roosmani\u201d, Eesti Ekspress, 10.03.2005<br \/>\n\u201eSild \u00fcle vaevavete\u201d, Universitas Tartuensis, 24.03.2005, lk. 3<br \/>\nToome, E. \u201eEesti klaas\u201d, Postimees, Arter, 19.11.2005 lk. 22<\/p>\n<p>ERIALASED KIRJUTISED<br \/>\n\u201eVaaraodest t\u00e4napaevani\u201d, Kultuur ja Elu, nr. 5, 1968 (klaasiajaloon\u00e4itus Ermitaa\u017eis)<br \/>\n\u201eMaks Roosma ja tema \u00f5pilaste looming\u201d, Tallinn Linnamuuseum, Tallinn, 1970<br \/>\n(eess\u00f5na, biograafiline teatmik, koostamine)<br \/>\n\u201e21 kunstnikku\u201d, Kultuur ja Elu, nr. 3, 1970<br \/>\n\u201eLeida J\u00fcrgeni klaas\u201d, kataloog, Tallinna Linnamuuseum, 1976<br \/>\n\u201eTeine \u00fclevaatlik klaasin\u00e4itus Linnamuuseumis\u201d,Sirp ja Vasar, 15.07.1983<br \/>\n\u201eMis on kristall\u201d, Kunst ja Kodu, nr. 53, 1984<br \/>\n\u201eLillepaviljoni klaas, vesi, \u00f5hk ja maa\u201d, Eesti Elu, nr. 1, 1990<br \/>\n\u201eSaateks vana klaasi n\u00e4itusele\u201d, Kultuur ja Elu, 1990<br \/>\n\u201eKas ring on t\u00e4is, kas algab Eesti klaasi uus t\u00f5us\u201d, Hommikuleht, 25.03.1994<br \/>\n\u201eEesti klaasikunst 1936\u20131996\u201d, ees\u00f5na albumile \u201eEesti klaasikunst 60\u201d, Tallinn,1996, lk. 1\u20138<br \/>\nEAKBL, Tallinn, 1996, ca 30 biograafilist artiklit eesti klaasikunstnikest<br \/>\nEesti Arhitektuuri ja Kunsti Biograafiline Leksikon<br \/>\n\u201eGraveering klaasil XX\/XXI\u201d, eess\u00f5na albumile \u201eGraveering klaasil XX\/XXI\u201d, Adamson-<br \/>\nEricu muuseum, Tallinn, 1999, lk. 1-4<br \/>\nEesti Elulood, EE 14, Eesti Ents\u00fcklopeediakirjastus, Tallinn, 2000 (7 artiklit: Koha, E; Lill, I;<br \/>\nMikof-Liivik, M; Pr\u00e4\u00e4ts, R; Roosma, M; Raudvee, S; Saare, M) lk. 171, 246, 298, 380, 414, 433, 449<br \/>\n\u201eKuraatori m\u00f5tteid\u201d, Sirp, 11.2001 (kahest klaasin\u00e4itusest)<br \/>\n\u201eAastakunstnik Urmo Raus\u201d, Sirp, 24.05.2002 lk. 9<br \/>\n\u201eM\u00fc\u00fcri taga v\u00f5i m\u00fc\u00fcri sees ja ees \u2013 m\u00f5tteid Rait Pr\u00e4\u00e4tsa isikun\u00e4ituselt\u201d, Sirp, 14.06.2002, lk. 8<br \/>\n\u201eM\u00f5tteid \u00fclepakkumisest, enampakkumisest ja alapakkumisest\u201d, Sirp, 16.08.2002 lk.10<br \/>\n\u201eTulevikulootusi paljastav n\u00e4itus \u2013 Disain \u2013 klaas \u2013 EKA \u2013 Lorup\u201d, Eesti Ekspress, Areen, 22.08.2002 lk. B10\u2013B11<br \/>\n\u201eMerle Lobjaka kineetilised klaasobjektid\u201d, Sirp, 28.01.2005<br \/>\n\u201eTuntud ja tundmatu Lorup\u201d, Eesti Naine, jaanuar 2006 lk. 78\u201380<br \/>\n&#8220;Maks Roosma 1909\u20131971&#8221;, LEE 15, Tartu, 2009, Eesti Rahva Muuseum,lk 34\u201340<\/p>\n<p>VIDEOD<br \/>\n\u201eMeri\u201d, operaator Hans Vaisma<br \/>\n\u201eUue laine t\u00f5us\u201d, operaator Hans Vaisma<br \/>\n\u201eEesti vanim klaas H\u00fctist Roosmani\u201d, operaator Uno Ugandi<\/p>\n<p>TELESAATED<br \/>\n2003 ETV, Kadi Alatalu, \u201eH\u00fcti klaas 375\u201d, ajalooliste klaaside rekonstruktsioonide tegemine klaasivabrikus Skankristalli AS peakunstniku M.-A. Rauni juhendamisel.<br \/>\n2004 ETV, Kadi Alatalu, \u201eLorup 70\u201d, M.-A. Rauni Johannese pokaalide puhumine klaasivabrikus Tarbeklaas autori juhendamisel<br \/>\n2004 ETV, Aktuaalne Kaamera, M.-A. Rauni isikun\u00e4itus \u201eMeri\u201d Disainigaleriis<br \/>\n2005 ETV, Tasakaal, \u201eMaie-Ann Rauni klaas klaasivabrikus\u201d<br \/>\n2005 ETV, Elluj\u00e4\u00e4mise kunst, \u201eKlaasikunst ja \u2013disain\u201d (intervjuu peakunstnik M.-A. Rauniga klaasivabrikus Tarbeklaas)<br \/>\n2008 ETV, Aktuaalne Kaamera, intervjuu n\u00e4itusel &#8220;H\u00fcti klaasikoda 1628\u20131664&#8221; J\u00e4rvakandi Klaasimuuseumis<\/p>\n","protected":false},"excerpt":{"rendered":"<p>klaasiaeg.webs.com e-mail:\u00a0maieraun [at] gmail [dot] com telefon: 602 27 83 GSM: +372 55 18 378 Maie-Ann Raun (1938) on klaasikunstnik, klaasiajaloolane ja emeriitprofessor\u00a0&#8211; t\u00e4naseks k\u00f5ige pikema, ligi 40-aastase staa\u017eiga klaasikunsti pedagoog Eestis. Klaasikunsti erialaga on ta seotud olnud 50 aastat, oma \u00f5pingute algusest ERKI-s 1958 a. Alates 1969. aastast on k\u00f5ik noored Eesti klaasikunstnikud, keda [&hellip;]<\/p>\n","protected":false},"author":1,"featured_media":0,"parent":154,"menu_order":0,"comment_status":"closed","ping_status":"closed","template":"","meta":{"footnotes":""},"class_list":["post-1179","page","type-page","status-publish","hentry"],"aioseo_notices":[],"_links":{"self":[{"href":"https:\/\/klaasikunst.ee\/index.php?rest_route=\/wp\/v2\/pages\/1179","targetHints":{"allow":["GET"]}}],"collection":[{"href":"https:\/\/klaasikunst.ee\/index.php?rest_route=\/wp\/v2\/pages"}],"about":[{"href":"https:\/\/klaasikunst.ee\/index.php?rest_route=\/wp\/v2\/types\/page"}],"author":[{"embeddable":true,"href":"https:\/\/klaasikunst.ee\/index.php?rest_route=\/wp\/v2\/users\/1"}],"replies":[{"embeddable":true,"href":"https:\/\/klaasikunst.ee\/index.php?rest_route=%2Fwp%2Fv2%2Fcomments&post=1179"}],"version-history":[{"count":7,"href":"https:\/\/klaasikunst.ee\/index.php?rest_route=\/wp\/v2\/pages\/1179\/revisions"}],"predecessor-version":[{"id":1495,"href":"https:\/\/klaasikunst.ee\/index.php?rest_route=\/wp\/v2\/pages\/1179\/revisions\/1495"}],"up":[{"embeddable":true,"href":"https:\/\/klaasikunst.ee\/index.php?rest_route=\/wp\/v2\/pages\/154"}],"wp:attachment":[{"href":"https:\/\/klaasikunst.ee\/index.php?rest_route=%2Fwp%2Fv2%2Fmedia&parent=1179"}],"curies":[{"name":"wp","href":"https:\/\/api.w.org\/{rel}","templated":true}]}}