{"id":1171,"date":"2015-05-14T17:25:18","date_gmt":"2013-11-04T18:00:26","guid":{"rendered":"http:\/\/klaasikunst.ee\/?page_id=1171"},"modified":"2026-02-17T16:18:04","modified_gmt":"2026-02-17T14:18:04","slug":"heli-press","status":"publish","type":"page","link":"https:\/\/klaasikunst.ee\/?page_id=1171","title":{"rendered":"Heli Press-Ruthe"},"content":{"rendered":"<p>e-mail:\u00a0<a href=\"javascript:secureDecryptAndNavigate('4kOGq1Edr7tVvjHPo4ow+c9h7Ic+Q9EPtvYalpXrMOp\/xcc+NfRgwKiu+vlz3R83erruyvcttRomPw\/4qiQ6pMhHBMU9Qa6K7Q==', '3676280a68af271c25ee9598e755fddfbbd9da6cbad6358d6a6319c7119140f6')\" target=\"_blank\" rel=\"noopener noreferrer\">hpress25 [at] gmail [dot] com<\/a><br \/>\nTelefon: +372 56499048<\/p>\n<p>Minu jaoks on loodus ja selle suhe inimesega olnud t\u00e4htis teema \u00fcle aegade. Me oleme looduse osa ja me ei saa kuidagi alahinnata looduse t\u00e4htsust. Loodus meie \u00fcmber defineerib meie tegeliku olemuse, meie hinge ja meie elu siin. Oma n\u00e4ituset\u00f6\u00f6dega olen alati tahtnud midagi \u00f6elda, mulle on t\u00e4htis s\u00f5num ja klaasi kui materjali, selle k\u00f5ige ilusamas v\u00e4ljenduses esitlemine.<\/p>\n\n\t\t<style type=\"text\/css\">\n\t\t\t#gallery-1 {\n\t\t\t\tmargin: auto;\n\t\t\t}\n\t\t\t#gallery-1 .gallery-item {\n\t\t\t\tfloat: left;\n\t\t\t\tmargin-top: 10px;\n\t\t\t\ttext-align: center;\n\t\t\t\twidth: 20%;\n\t\t\t}\n\t\t\t#gallery-1 img {\n\t\t\t\tborder: 2px solid #cfcfcf;\n\t\t\t}\n\t\t\t#gallery-1 .gallery-caption {\n\t\t\t\tmargin-left: 0;\n\t\t\t}\n\t\t\t\/* see gallery_shortcode() in wp-includes\/media.php *\/\n\t\t<\/style>\n\t\t<div id='gallery-1' class='gallery galleryid-1171 gallery-columns-5 gallery-size-thumbnail'><dl class='gallery-item'>\n\t\t\t<dt class='gallery-icon portrait'>\n\t\t\t\t<a href='https:\/\/klaasikunst.ee\/wp-content\/uploads\/2024\/11\/FB_IMG_1732102099465.jpg'><img loading=\"lazy\" decoding=\"async\" width=\"150\" height=\"150\" src=\"https:\/\/klaasikunst.ee\/wp-content\/uploads\/2024\/11\/FB_IMG_1732102099465-150x150.jpg\" class=\"attachment-thumbnail size-thumbnail\" alt=\"\" \/><\/a>\n\t\t\t<\/dt><\/dl><dl class='gallery-item'>\n\t\t\t<dt class='gallery-icon portrait'>\n\t\t\t\t<a href='https:\/\/klaasikunst.ee\/wp-content\/uploads\/2024\/11\/FB_IMG_1732102250624.jpg'><img loading=\"lazy\" decoding=\"async\" width=\"150\" height=\"150\" src=\"https:\/\/klaasikunst.ee\/wp-content\/uploads\/2024\/11\/FB_IMG_1732102250624-150x150.jpg\" class=\"attachment-thumbnail size-thumbnail\" alt=\"\" \/><\/a>\n\t\t\t<\/dt><\/dl><dl class='gallery-item'>\n\t\t\t<dt class='gallery-icon landscape'>\n\t\t\t\t<a href='https:\/\/klaasikunst.ee\/wp-content\/uploads\/2024\/11\/FB_IMG_1732102294201.jpg'><img loading=\"lazy\" decoding=\"async\" width=\"150\" height=\"150\" src=\"https:\/\/klaasikunst.ee\/wp-content\/uploads\/2024\/11\/FB_IMG_1732102294201-150x150.jpg\" class=\"attachment-thumbnail size-thumbnail\" alt=\"\" \/><\/a>\n\t\t\t<\/dt><\/dl><dl class='gallery-item'>\n\t\t\t<dt class='gallery-icon portrait'>\n\t\t\t\t<a href='https:\/\/klaasikunst.ee\/wp-content\/uploads\/2024\/11\/FB_IMG_1732102430135.jpg'><img loading=\"lazy\" decoding=\"async\" width=\"150\" height=\"150\" src=\"https:\/\/klaasikunst.ee\/wp-content\/uploads\/2024\/11\/FB_IMG_1732102430135-150x150.jpg\" class=\"attachment-thumbnail size-thumbnail\" alt=\"\" \/><\/a>\n\t\t\t<\/dt><\/dl><dl class='gallery-item'>\n\t\t\t<dt class='gallery-icon portrait'>\n\t\t\t\t<a href='https:\/\/klaasikunst.ee\/wp-content\/uploads\/2024\/11\/FB_IMG_1732102459807.jpg'><img loading=\"lazy\" decoding=\"async\" width=\"150\" height=\"150\" src=\"https:\/\/klaasikunst.ee\/wp-content\/uploads\/2024\/11\/FB_IMG_1732102459807-150x150.jpg\" class=\"attachment-thumbnail size-thumbnail\" alt=\"\" \/><\/a>\n\t\t\t<\/dt><\/dl><br style=\"clear: both\" \/><dl class='gallery-item'>\n\t\t\t<dt class='gallery-icon portrait'>\n\t\t\t\t<a href='https:\/\/klaasikunst.ee\/wp-content\/uploads\/2024\/11\/FB_IMG_1732102469539.jpg'><img loading=\"lazy\" decoding=\"async\" width=\"150\" height=\"150\" src=\"https:\/\/klaasikunst.ee\/wp-content\/uploads\/2024\/11\/FB_IMG_1732102469539-150x150.jpg\" class=\"attachment-thumbnail size-thumbnail\" alt=\"\" \/><\/a>\n\t\t\t<\/dt><\/dl><dl class='gallery-item'>\n\t\t\t<dt class='gallery-icon landscape'>\n\t\t\t\t<a href='https:\/\/klaasikunst.ee\/wp-content\/uploads\/2024\/11\/FB_IMG_1732102528079.jpg'><img loading=\"lazy\" decoding=\"async\" width=\"150\" height=\"150\" src=\"https:\/\/klaasikunst.ee\/wp-content\/uploads\/2024\/11\/FB_IMG_1732102528079-150x150.jpg\" class=\"attachment-thumbnail size-thumbnail\" alt=\"\" \/><\/a>\n\t\t\t<\/dt><\/dl><dl class='gallery-item'>\n\t\t\t<dt class='gallery-icon portrait'>\n\t\t\t\t<a href='https:\/\/klaasikunst.ee\/wp-content\/uploads\/2024\/11\/FB_IMG_1732102588358.jpg'><img loading=\"lazy\" decoding=\"async\" width=\"150\" height=\"150\" src=\"https:\/\/klaasikunst.ee\/wp-content\/uploads\/2024\/11\/FB_IMG_1732102588358-150x150.jpg\" class=\"attachment-thumbnail size-thumbnail\" alt=\"\" \/><\/a>\n\t\t\t<\/dt><\/dl><dl class='gallery-item'>\n\t\t\t<dt class='gallery-icon portrait'>\n\t\t\t\t<a href='https:\/\/klaasikunst.ee\/wp-content\/uploads\/2024\/11\/heli.jpg'><img loading=\"lazy\" decoding=\"async\" width=\"150\" height=\"150\" src=\"https:\/\/klaasikunst.ee\/wp-content\/uploads\/2024\/11\/heli-150x150.jpg\" class=\"attachment-thumbnail size-thumbnail\" alt=\"\" \/><\/a>\n\t\t\t<\/dt><\/dl>\n\t\t\t<br style='clear: both' \/>\n\t\t<\/div>\n\n<p>CV<br \/>\nS\u00fcnniaeg: 10.06.1971<br \/>\nHaridusk\u00e4ik:<br \/>\n1981-1985 J\u00f5hvi Kunstikool, Ida-Virumaa<br \/>\n1985-1988 Iisaku Keskkool, Ida-Virumaa<br \/>\n1989-1990 Tallinna Tehnika\u00fclikool, ehituse-ja arhitektuuri eriala<br \/>\n1990-1995 Tallinna Kunsti\u00fclikool, klaasikunsti eriala<br \/>\n2017-&#8230; Soome, Tampere, Kansalaisopiston Kurssit Ahjola ja Ty\u00f6v\u00e4enopisto Sampola. Graafika, joonistus, portselanmaal, klaasikursus.<\/p>\n<p>Grupin\u00e4itused:<br \/>\n1994 &#8220;Vastus&#8221; Rahvusraamatukogu, Tallinn<br \/>\n1995 Raevangla, Tallinn<br \/>\n2001 &#8220;Glass with care&#8221; EKA Galerii, Tallinn<br \/>\n2002 &#8220;Kolm naist ja v\u00e4rvid&#8221; Purtse Kindlus, Ida-Virumaa<\/p>\n<p>Isikn\u00e4itus:<br \/>\n1997 &#8220;S\u00fcnd&#8221; Draakoni Galerii, Tallinn<\/p>\n<p>Teenistusk\u00e4ik:<br \/>\n1996-1997 AS Bellissima, \u00f5mbluslisandite hulgim\u00fc\u00fck, m\u00fc\u00fcgijuht<br \/>\n1997-1999 lapsepuhkus<br \/>\n1999-2004 Klaasistuudio Heli Press, vitraazhide valmistamine<br \/>\n2005-2006 AS DHL Estonia, klienditeenindaja<br \/>\n2006-2007 O\u00dc Monsero, kunstnik-projektijuht, vitraa\u017eide valmistamine, klaasi sulatustehnikad<br \/>\n2007-2008 lapsepuhkus<br \/>\n2009-&#8230; Fenolux O\u00dc, omanik, vabakutseline kunstnik.<\/p>\n","protected":false},"excerpt":{"rendered":"<p>e-mail:\u00a0hpress25 [at] gmail [dot] com Telefon: +372 56499048 Minu jaoks on loodus ja selle suhe inimesega olnud t\u00e4htis teema \u00fcle aegade. Me oleme looduse osa ja me ei saa kuidagi alahinnata looduse t\u00e4htsust. Loodus meie \u00fcmber defineerib meie tegeliku olemuse, meie hinge ja meie elu siin. Oma n\u00e4ituset\u00f6\u00f6dega olen alati tahtnud midagi \u00f6elda, mulle on [&hellip;]<\/p>\n","protected":false},"author":1,"featured_media":0,"parent":154,"menu_order":0,"comment_status":"closed","ping_status":"closed","template":"","meta":{"footnotes":""},"class_list":["post-1171","page","type-page","status-publish","hentry"],"aioseo_notices":[],"_links":{"self":[{"href":"https:\/\/klaasikunst.ee\/index.php?rest_route=\/wp\/v2\/pages\/1171","targetHints":{"allow":["GET"]}}],"collection":[{"href":"https:\/\/klaasikunst.ee\/index.php?rest_route=\/wp\/v2\/pages"}],"about":[{"href":"https:\/\/klaasikunst.ee\/index.php?rest_route=\/wp\/v2\/types\/page"}],"author":[{"embeddable":true,"href":"https:\/\/klaasikunst.ee\/index.php?rest_route=\/wp\/v2\/users\/1"}],"replies":[{"embeddable":true,"href":"https:\/\/klaasikunst.ee\/index.php?rest_route=%2Fwp%2Fv2%2Fcomments&post=1171"}],"version-history":[{"count":11,"href":"https:\/\/klaasikunst.ee\/index.php?rest_route=\/wp\/v2\/pages\/1171\/revisions"}],"predecessor-version":[{"id":7722,"href":"https:\/\/klaasikunst.ee\/index.php?rest_route=\/wp\/v2\/pages\/1171\/revisions\/7722"}],"up":[{"embeddable":true,"href":"https:\/\/klaasikunst.ee\/index.php?rest_route=\/wp\/v2\/pages\/154"}],"wp:attachment":[{"href":"https:\/\/klaasikunst.ee\/index.php?rest_route=%2Fwp%2Fv2%2Fmedia&parent=1171"}],"curies":[{"name":"wp","href":"https:\/\/api.w.org\/{rel}","templated":true}]}}