{"id":1169,"date":"2015-05-09T08:50:34","date_gmt":"2013-11-04T17:59:37","guid":{"rendered":"http:\/\/klaasikunst.ee\/?page_id=1169"},"modified":"2013-11-05T15:14:30","modified_gmt":"2013-11-05T15:14:30","slug":"anne-oks","status":"publish","type":"page","link":"https:\/\/klaasikunst.ee\/?page_id=1169","title":{"rendered":"Anne Oks"},"content":{"rendered":"<p><a href=\"http:\/\/klaasikunst.ee\/wp-content\/uploads\/2013\/11\/408.png\"><img loading=\"lazy\" decoding=\"async\" class=\"alignright\" alt=\"408\" src=\"http:\/\/klaasikunst.ee\/wp-content\/uploads\/2013\/11\/408-300x288.png\" width=\"300\" height=\"288\" \/><\/a>e-mail:\u00a0<a href=\"javascript:secureDecryptAndNavigate('emRr5ytx5k2Sduely61AsQXjhZl59LRgEpjij24YqVGsAvy2ra+8wdzZ8MFdbPIs83JK\/xaziZQo4rVaKEyqf\/QMMLOnJQ87Cw==', '3676280a68af271c25ee9598e755fddfbbd9da6cbad6358d6a6319c7119140f6')\">oksorama [at] gmail [dot] com<\/a><br \/>\ntelefon: 659 07 87<br \/>\nGSM: +372 55 75 175<\/p>\n<p>CV<br \/>\nS\u00fcnd. 04.06.1949, Albu vald, J\u00e4rvamaa<br \/>\n1972-1977 ERKI klaasi eriala<br \/>\n1979-1985 \u00f5ppej\u00f5ud, ERKI klaasi eriala<br \/>\nDisainer-videograafik, Eesti Televisioon<br \/>\nAlates 1992 Kunstnike Liidu liige<br \/>\nTegevusalad: graveerimine, kuumt\u00f6\u00f6tlus, plastiline lihv<br \/>\nAlates 1978 esineb n\u00e4itustel<\/p>\n<p>Valik n\u00e4itusi:<br \/>\n1981, 1982 vabariiklikud joonistusn\u00e4itused, Tallinn<br \/>\n1983, 1985 Baltimaade tarbekunstitriennaal, Tallinn<br \/>\n1983, 1989 eesti klaasi \u00fclevaaten\u00e4itused, Tallinn<br \/>\n1990 \u201cGraveering eesti klaasikunstis\u201d, Tarbekunstimuuseum, Tallinn<\/p>\n<p>Isikun\u00e4itused:<br \/>\n1985 P\u00e4rnu Koduloomuuseum (A. Oks, \u00d5. Paap, T. Saidla)<br \/>\n1989 Tallinna Linnamuuseum (A. Oks, A. Orup\u00f5ld ja M. P\u00e4rk)<\/p>\n<p>Teoseid omavad: Eesti Tarbekunsti- ja disainimuuseum, Eesti Ajaloomuuseum, Eesti Kunstifond<\/p>\n","protected":false},"excerpt":{"rendered":"<p>e-mail:\u00a0oksorama [at] gmail [dot] com telefon: 659 07 87 GSM: +372 55 75 175 CV S\u00fcnd. 04.06.1949, Albu vald, J\u00e4rvamaa 1972-1977 ERKI klaasi eriala 1979-1985 \u00f5ppej\u00f5ud, ERKI klaasi eriala Disainer-videograafik, Eesti Televisioon Alates 1992 Kunstnike Liidu liige Tegevusalad: graveerimine, kuumt\u00f6\u00f6tlus, plastiline lihv Alates 1978 esineb n\u00e4itustel Valik n\u00e4itusi: 1981, 1982 vabariiklikud joonistusn\u00e4itused, Tallinn 1983, 1985 [&hellip;]<\/p>\n","protected":false},"author":1,"featured_media":0,"parent":154,"menu_order":0,"comment_status":"closed","ping_status":"closed","template":"","meta":{"footnotes":""},"class_list":["post-1169","page","type-page","status-publish","hentry"],"aioseo_notices":[],"_links":{"self":[{"href":"https:\/\/klaasikunst.ee\/index.php?rest_route=\/wp\/v2\/pages\/1169","targetHints":{"allow":["GET"]}}],"collection":[{"href":"https:\/\/klaasikunst.ee\/index.php?rest_route=\/wp\/v2\/pages"}],"about":[{"href":"https:\/\/klaasikunst.ee\/index.php?rest_route=\/wp\/v2\/types\/page"}],"author":[{"embeddable":true,"href":"https:\/\/klaasikunst.ee\/index.php?rest_route=\/wp\/v2\/users\/1"}],"replies":[{"embeddable":true,"href":"https:\/\/klaasikunst.ee\/index.php?rest_route=%2Fwp%2Fv2%2Fcomments&post=1169"}],"version-history":[{"count":3,"href":"https:\/\/klaasikunst.ee\/index.php?rest_route=\/wp\/v2\/pages\/1169\/revisions"}],"predecessor-version":[{"id":1554,"href":"https:\/\/klaasikunst.ee\/index.php?rest_route=\/wp\/v2\/pages\/1169\/revisions\/1554"}],"up":[{"embeddable":true,"href":"https:\/\/klaasikunst.ee\/index.php?rest_route=\/wp\/v2\/pages\/154"}],"wp:attachment":[{"href":"https:\/\/klaasikunst.ee\/index.php?rest_route=%2Fwp%2Fv2%2Fmedia&parent=1169"}],"curies":[{"name":"wp","href":"https:\/\/api.w.org\/{rel}","templated":true}]}}