{"id":1167,"date":"2015-05-14T17:23:21","date_gmt":"2013-11-04T17:59:02","guid":{"rendered":"http:\/\/klaasikunst.ee\/?page_id=1167"},"modified":"2013-11-05T15:13:22","modified_gmt":"2013-11-05T15:13:22","slug":"pilvi-ojamaa","status":"publish","type":"page","link":"https:\/\/klaasikunst.ee\/?page_id=1167","title":{"rendered":"Pilvi Ojamaa"},"content":{"rendered":"<p><a href=\"http:\/\/klaasikunst.ee\/wp-content\/uploads\/2013\/11\/7.png\"><img loading=\"lazy\" decoding=\"async\" class=\"alignright\" alt=\"7\" src=\"http:\/\/klaasikunst.ee\/wp-content\/uploads\/2013\/11\/7-200x300.png\" width=\"200\" height=\"300\" \/><\/a><img loading=\"lazy\" decoding=\"async\" class=\"size-medium wp-image-1223 alignright\" alt=\"8\" src=\"http:\/\/klaasikunst.ee\/wp-content\/uploads\/2013\/11\/8-200x300.png\" width=\"200\" height=\"300\" srcset=\"https:\/\/klaasikunst.ee\/wp-content\/uploads\/2013\/11\/8-200x300.png 200w, https:\/\/klaasikunst.ee\/wp-content\/uploads\/2013\/11\/8.png 280w\" sizes=\"auto, (max-width: 200px) 100vw, 200px\" \/>telefon: 644 71 82<br \/>\nGSM: +372 52 977 92<\/p>\n<p>Tegevusalad: t\u00f6\u00f6stustoodangu kujundamine, graveerimine, joongraveering, kristallil\u00f5ige, liivs\u00f6\u00f6vitus, kuumt\u00f6\u00f6tlustehnikad.<\/p>\n<p>CV<br \/>\nS\u00fcndinud 1930<br \/>\n1956 l\u00f5petanud ERKI klaasi eriala<br \/>\n1956-1958 kunstnik-graveerija, Leningradi Kunstilise Klaasi Tehas<br \/>\n1965-1991 vanemkunstnik tehases &#8220;Tarbeklaas&#8221; Tallinnas<br \/>\nAlates 1993 EKA klaasi eriala \u00f5ppej\u00f5ud<br \/>\nAlates 1970 Kunstnike Liidu liige<br \/>\nAlates 1989 Disainerite Liidu liige<br \/>\nAlates 1957 esineb n\u00e4itustel<\/p>\n<p>Teoseid omavad: Eesti Tarbekunstimuuseum, Eesti Ajaloomuuseum, Tallinna Linnamuuseum, Vene Muuseum ,St. Peterburg, Leningradi Kunstilise Klaasi Tehase Muuseum, tehase &#8220;Mikond&#8221; muuseum, Tashkent<\/p>\n","protected":false},"excerpt":{"rendered":"<p>telefon: 644 71 82 GSM: +372 52 977 92 Tegevusalad: t\u00f6\u00f6stustoodangu kujundamine, graveerimine, joongraveering, kristallil\u00f5ige, liivs\u00f6\u00f6vitus, kuumt\u00f6\u00f6tlustehnikad. CV S\u00fcndinud 1930 1956 l\u00f5petanud ERKI klaasi eriala 1956-1958 kunstnik-graveerija, Leningradi Kunstilise Klaasi Tehas 1965-1991 vanemkunstnik tehases &#8220;Tarbeklaas&#8221; Tallinnas Alates 1993 EKA klaasi eriala \u00f5ppej\u00f5ud Alates 1970 Kunstnike Liidu liige Alates 1989 Disainerite Liidu liige Alates 1957 esineb [&hellip;]<\/p>\n","protected":false},"author":1,"featured_media":0,"parent":154,"menu_order":0,"comment_status":"closed","ping_status":"closed","template":"","meta":{"footnotes":""},"class_list":["post-1167","page","type-page","status-publish","hentry"],"aioseo_notices":[],"_links":{"self":[{"href":"https:\/\/klaasikunst.ee\/index.php?rest_route=\/wp\/v2\/pages\/1167","targetHints":{"allow":["GET"]}}],"collection":[{"href":"https:\/\/klaasikunst.ee\/index.php?rest_route=\/wp\/v2\/pages"}],"about":[{"href":"https:\/\/klaasikunst.ee\/index.php?rest_route=\/wp\/v2\/types\/page"}],"author":[{"embeddable":true,"href":"https:\/\/klaasikunst.ee\/index.php?rest_route=\/wp\/v2\/users\/1"}],"replies":[{"embeddable":true,"href":"https:\/\/klaasikunst.ee\/index.php?rest_route=%2Fwp%2Fv2%2Fcomments&post=1167"}],"version-history":[{"count":5,"href":"https:\/\/klaasikunst.ee\/index.php?rest_route=\/wp\/v2\/pages\/1167\/revisions"}],"predecessor-version":[{"id":1553,"href":"https:\/\/klaasikunst.ee\/index.php?rest_route=\/wp\/v2\/pages\/1167\/revisions\/1553"}],"up":[{"embeddable":true,"href":"https:\/\/klaasikunst.ee\/index.php?rest_route=\/wp\/v2\/pages\/154"}],"wp:attachment":[{"href":"https:\/\/klaasikunst.ee\/index.php?rest_route=%2Fwp%2Fv2%2Fmedia&parent=1167"}],"curies":[{"name":"wp","href":"https:\/\/api.w.org\/{rel}","templated":true}]}}