{"id":1159,"date":"2015-05-14T17:19:22","date_gmt":"2013-11-04T17:57:09","guid":{"rendered":"http:\/\/klaasikunst.ee\/?page_id=1159"},"modified":"2014-02-05T07:27:44","modified_gmt":"2014-02-05T07:27:44","slug":"maie-mikof-liivik","status":"publish","type":"page","link":"https:\/\/klaasikunst.ee\/?page_id=1159","title":{"rendered":"Maie Mikof-Liivik"},"content":{"rendered":"<div id=\"attachment_1247\" style=\"width: 310px\" class=\"wp-caption alignright\"><a href=\"http:\/\/klaasikunst.ee\/wp-content\/uploads\/2013\/11\/47.png\"><img loading=\"lazy\" decoding=\"async\" aria-describedby=\"caption-attachment-1247\" class=\"size-medium wp-image-1247 \" alt=\"47\" src=\"http:\/\/klaasikunst.ee\/wp-content\/uploads\/2013\/11\/47-300x217.png\" width=\"300\" height=\"217\" srcset=\"https:\/\/klaasikunst.ee\/wp-content\/uploads\/2013\/11\/47-300x217.png 300w, https:\/\/klaasikunst.ee\/wp-content\/uploads\/2013\/11\/47.png 545w\" sizes=\"auto, (max-width: 300px) 100vw, 300px\" \/><\/a><p id=\"caption-attachment-1247\" class=\"wp-caption-text\">ONE_EYE klaas, leekp\u00f5letitehnika<\/p><\/div>\n<p>e-mail:\u00a0<a href=\"javascript:secureDecryptAndNavigate('Vc2r2tObfc5VLnNzVF5AHJATkQZyWAVKqrs+NdvYTNR69HTd\/Rl1ZUo5FExX0n3BAEHuIYMkWh8VkXknH3QyhhN9+6l3ocbZYYxLvw==', '3676280a68af271c25ee9598e755fddfbbd9da6cbad6358d6a6319c7119140f6')\">mikimaiekas [at] gmail [dot] com<\/a><br \/>\ntelefon: 644 49 76<br \/>\nGSM: +372 52 68 807<\/p>\n<p>1967 l\u00f5petanud ERKI klaasi eriala<br \/>\nalates 1975 vabakutseline kunstnik<br \/>\nalates 1972 Kunstnike Liidu liige<br \/>\ntegevusalad: kuumt\u00f6\u00f6tlus, graveering, leekp\u00f5letitehnika, klaasimaal<br \/>\nalates 1969 esineb n\u00e4itustel<br \/>\nteoseid omavad: Eesti Tarbekunstimuuseum, Eesti Ajaloomuuseum, Tallinna Linnamuuseum, Vene Tarbekunstimuuseum Moskvas<\/p>\n<div style=\"width: 210px\" class=\"wp-caption alignleft\"><a href=\"http:\/\/klaasikunst.ee\/wp-content\/uploads\/2013\/11\/22.png\"><img loading=\"lazy\" decoding=\"async\" alt=\"22\" src=\"http:\/\/klaasikunst.ee\/wp-content\/uploads\/2013\/11\/22-200x300.png\" width=\"200\" height=\"300\" \/><\/a><p class=\"wp-caption-text\">LADDER IN THE EGG klaas, leekp\u00f5letitehnika<\/p><\/div>\n<div style=\"width: 210px\" class=\"wp-caption alignleft\"><a href=\"http:\/\/klaasikunst.ee\/wp-content\/uploads\/2013\/11\/23.png\"><img loading=\"lazy\" decoding=\"async\" alt=\"23\" src=\"http:\/\/klaasikunst.ee\/wp-content\/uploads\/2013\/11\/23-200x300.png\" width=\"200\" height=\"300\" \/><\/a><p class=\"wp-caption-text\">DEFEATED BIRD I and II klaas, leekp\u00f5letitehnika<\/p><\/div>\n<p>&nbsp;<\/p>\n","protected":false},"excerpt":{"rendered":"<p>e-mail:\u00a0mikimaiekas [at] gmail [dot] com telefon: 644 49 76 GSM: +372 52 68 807 1967 l\u00f5petanud ERKI klaasi eriala alates 1975 vabakutseline kunstnik alates 1972 Kunstnike Liidu liige tegevusalad: kuumt\u00f6\u00f6tlus, graveering, leekp\u00f5letitehnika, klaasimaal alates 1969 esineb n\u00e4itustel teoseid omavad: Eesti Tarbekunstimuuseum, Eesti Ajaloomuuseum, Tallinna Linnamuuseum, Vene Tarbekunstimuuseum Moskvas &nbsp;<\/p>\n","protected":false},"author":1,"featured_media":0,"parent":154,"menu_order":0,"comment_status":"closed","ping_status":"closed","template":"","meta":{"footnotes":""},"class_list":["post-1159","page","type-page","status-publish","hentry"],"aioseo_notices":[],"_links":{"self":[{"href":"https:\/\/klaasikunst.ee\/index.php?rest_route=\/wp\/v2\/pages\/1159","targetHints":{"allow":["GET"]}}],"collection":[{"href":"https:\/\/klaasikunst.ee\/index.php?rest_route=\/wp\/v2\/pages"}],"about":[{"href":"https:\/\/klaasikunst.ee\/index.php?rest_route=\/wp\/v2\/types\/page"}],"author":[{"embeddable":true,"href":"https:\/\/klaasikunst.ee\/index.php?rest_route=\/wp\/v2\/users\/1"}],"replies":[{"embeddable":true,"href":"https:\/\/klaasikunst.ee\/index.php?rest_route=%2Fwp%2Fv2%2Fcomments&post=1159"}],"version-history":[{"count":5,"href":"https:\/\/klaasikunst.ee\/index.php?rest_route=\/wp\/v2\/pages\/1159\/revisions"}],"predecessor-version":[{"id":3434,"href":"https:\/\/klaasikunst.ee\/index.php?rest_route=\/wp\/v2\/pages\/1159\/revisions\/3434"}],"up":[{"embeddable":true,"href":"https:\/\/klaasikunst.ee\/index.php?rest_route=\/wp\/v2\/pages\/154"}],"wp:attachment":[{"href":"https:\/\/klaasikunst.ee\/index.php?rest_route=%2Fwp%2Fv2%2Fmedia&parent=1159"}],"curies":[{"name":"wp","href":"https:\/\/api.w.org\/{rel}","templated":true}]}}