{"id":1154,"date":"2014-02-04T12:51:29","date_gmt":"2013-11-04T17:54:50","guid":{"rendered":"http:\/\/klaasikunst.ee\/?page_id=1154"},"modified":"2025-04-05T14:24:18","modified_gmt":"2025-04-05T12:24:18","slug":"anne-liis-leht","status":"publish","type":"page","link":"https:\/\/klaasikunst.ee\/?page_id=1154","title":{"rendered":"Anne-Liis Leht"},"content":{"rendered":"<p><a href=\"http:\/\/klaasikunst.ee\/wp-content\/uploads\/2025\/04\/Klaasidisainer-Anne-Liis-Leht_1_fotograafMariRostfeldt_-201002_0033_1_1.jpg\"><img loading=\"lazy\" decoding=\"async\" class=\"alignright wp-image-7152 size-medium\" src=\"http:\/\/klaasikunst.ee\/wp-content\/uploads\/2025\/04\/Klaasidisainer-Anne-Liis-Leht_1_fotograafMariRostfeldt_-201002_0033_1_1-264x300.jpg\" alt=\"\" width=\"264\" height=\"300\" srcset=\"https:\/\/klaasikunst.ee\/wp-content\/uploads\/2025\/04\/Klaasidisainer-Anne-Liis-Leht_1_fotograafMariRostfeldt_-201002_0033_1_1-264x300.jpg 264w, https:\/\/klaasikunst.ee\/wp-content\/uploads\/2025\/04\/Klaasidisainer-Anne-Liis-Leht_1_fotograafMariRostfeldt_-201002_0033_1_1-900x1024.jpg 900w, https:\/\/klaasikunst.ee\/wp-content\/uploads\/2025\/04\/Klaasidisainer-Anne-Liis-Leht_1_fotograafMariRostfeldt_-201002_0033_1_1-768x874.jpg 768w, https:\/\/klaasikunst.ee\/wp-content\/uploads\/2025\/04\/Klaasidisainer-Anne-Liis-Leht_1_fotograafMariRostfeldt_-201002_0033_1_1-624x710.jpg 624w, https:\/\/klaasikunst.ee\/wp-content\/uploads\/2025\/04\/Klaasidisainer-Anne-Liis-Leht_1_fotograafMariRostfeldt_-201002_0033_1_1.jpg 1125w\" sizes=\"auto, (max-width: 264px) 100vw, 264px\" \/><\/a>ANNE \u2013 LIIS LEHT<br \/>\nTelefon: + 372 56 481 121<br \/>\nE-mail: <a href=\"javascript:secureDecryptAndNavigate('F48hO0sjOC7vbB6zVJGxnQH0RKy92tNsOnbkiAdN4T9kegvQgXKLLVlrsUqZJPO37eWP6M2nvUXXKLIMsXytdKcl3u9+RJlfaXW+AspJ', '3676280a68af271c25ee9598e755fddfbbd9da6cbad6358d6a6319c7119140f6')\">anneliis [at] hytidesign [dot] com<\/a><br \/>\nKodulehek\u00fclg: <a href=\"http:\/\/www.hytidesign.com\" target=\"_blank\" rel=\"noopener\">www.hytidesign.com<\/a><\/p>\n<p>CV<\/p>\n<p>S\u00fcndinud: 10.04.1984 K\u00e4rdlas Hiiumaal<\/p>\n<p>Haridus:<br \/>\n2010 &#8211; 2017 Eesti Kunstiakadeemia \u2013 magistrikraad \u2013 eriala: kunsti\u00f5petaja\u20282002 &#8211; 2007 Eesti Kunstiakadeemia \u2013 bakalaureusekraad \u2013 eriala: klaasikunst<br \/>\n2006 \u2013 2006 Ecole Sup\u00e9rieure des Arts D\u00e9coratifs de Strasbourg (Prantsusmaa)<\/p>\n<p>T\u00f6\u00f6k\u00e4ik:<br \/>\n2016 &#8211; \u2026 Namari O\u00dc (HYTI br\u00e4nd) \u2013 disainer, asutaja, juhatuse liige<br \/>\n2015 (4 kuud) vabatahtlik Ghanas &#8211; naiste ettev\u00f5tluse arendamine, korvide disainimine<br \/>\n07.2007 \u2013 05. 2015 O\u00dc Annkris-Glass \u2013 disainer, asutaja, juhatuse liige \u202807.2005 &#8211; &#8230; O\u00dc Starmaker \u2013 klaasispetsialist<\/p>\n<p>N\u00e4itused:<br \/>\n2024 \u201eUPMADE in EE\u201d, Eesti j\u00e4tkusuutliku disaini n\u00e4itus, New York, Ameerika \u00dchendriigid<br \/>\n2024 \u201eTeine v\u00f5imalus\u201d Eesti s\u00e4\u00e4stva disaini r\u00e4ndn\u00e4itus, Tallin , Eesti<br \/>\n2023 \u201cGenius Loci IV. ELU. 1628. 1928. 2023\u201d Eesti klaasikunstnike aastan\u00e4itus, Reigi, Hiiumaa<br \/>\n2022 \u201cBRUNO\u00b422\u201d Eesti disainiauhindade n\u00e4itus, Balti Manufaktuur, Tallinn<br \/>\n2017 \u201cSize Doesn\u2019t Matter\u201d Eesti disaini tutvustav n\u00e4itus, Pariis, Prantsusmaa<br \/>\n2016 \u201cSize Doesn\u2019t Matter\u201d Eesti disaini tutvustav n\u00e4itus, Stokholm, Rootsi<br \/>\n2015 \u201cSize Doesn\u2019t Matter\u201d Eesti disaini tutvustav n\u00e4itus, Viin, Austria<br \/>\n2014 \u201cSize Doesn\u2019t Matter\u201d Eesti disaini tutvustav n\u00e4itus, Br\u00fcssel, Belgia<br \/>\n2013 \u201eEesti Juurte Juurde\u201c disainikonkursi nominentide n\u00e4itus, Arhitektuuri- ja disainigalerii, Tallinn<br \/>\n2013 \u201cMateeria\u201c erinevaid materjale \u00fchendav disainin\u00e4itus, Elevaator, Rotermanni kvartal, Tallinn<br \/>\n2013 \u201cLiivast oled sa v\u00f5etud\u201c Eesti klaasikunsti \u00fchisn\u00e4itus, Reigi pastoraat, Reigi, Hiiumaa<br \/>\n2013 \u201eKlaasist ja kangast\u201c \u00fchisn\u00e4itus koos koos Kristi Ringkjobi ja tekstiilidisainer Monika J\u00e4rgiga, Eesti Maja, Helsingi, Soome<br \/>\n2012 \u201cEesti kaasaegne klaasikunst\u201c Jelagini saare klaasikunstimuuseum, Peterburg, Venemaa<br \/>\n2012 \u201cEesti vaagen\u201c Eestis valmistatud klaasvaagnate n\u00e4itus, Galeriipink, Tallinn<br \/>\n2012 \u201eSuur haprus\u201c Eesti klaasikunstnike aastan\u00e4itus, Tallinna Kunstihoone, Tallinn<br \/>\n2012 \u201cRingl\u00f5ige\u201c viie tarbekunstniku \u00fchisn\u00e4itus, Galeriipink, Tallinn<br \/>\n2012 \u201cKohtumine klaasiga\u201c EKA tudengite ja vilistlaste klaasikunsti n\u00e4itus, Tallinna Loomeinkubaator, Tallinn<br \/>\n2012 \u201cKroonl\u00fchter\u201c valgustite n\u00e4itus, Rapla Kaasaegse Kunsti Keskus, Rapla<br \/>\n2011 \u201cPaar\u201c Eesti klaasikunstnike aastan\u00e4itus, Kullo Galerii, Tallinn<br \/>\n2010 \u201cHiidlast ehtides\u201c ehtekunstin\u00e4itus, Hiiumaa Muuseumi Pikk Maja, K\u00e4rdla<br \/>\n2010 \u201cBrilliantly Birmingham\u201c kaasaegse ehtekunstin\u00e4itus, Birmingham Museum and Art Gallery, Birmingham, Inglismaa<br \/>\n2010 \u201cOlekud\u201c Eesti klaasikunstnike aastan\u00e4itus, Arhitektuuri- ja disainigalerii, Tallinn<br \/>\n2010 \u201cBruno 2010\u201c Eesti disaini auhind, Arhitektuuri- ja disainigalerii, Tallinn<br \/>\n2010 \u201cV\u00f5\u00f5rad suled\u201c isikun\u00e4itus (koos K. Ringkjobiga), Tallinna Botaanikaaed, Tallinn<br \/>\n2008 \u201cTuulest toodud\u201c isikun\u00e4itus (koos K. Ringkjobiga), K\u00f5rgessaare vallmaja, Hiiumaa<br \/>\n2007 \u201cTase \u201907\u201c Eesti Kunstiakadeemia \u00fcli\u00f5pilaste t\u00f6\u00f6de n\u00e4itus, Eesti Tarbekunsti- ja Disainimuuseum, Tallinn<br \/>\n2006 Valgustite n\u00e4itus, Stuudio Hoff, Tallinn<br \/>\n2006 \u201cDiscovery\u201c rahvusvaheline klaasikunsti \u00fcli\u00f5pilast\u00f6\u00f6de n\u00e4itus, Kullo Galerii, Tallinn<br \/>\n2002 Hiiumaa kunstnike aastan\u00e4itus, K\u00e4rdla, Hiiumaa<\/p>\n<p>Liidud:<br \/>\nAlates 2012 Eesti Disainerite Liidu Liige<br \/>\nAlates 2007 Eesti Klaasikunstnike \u00dchenduse liige<\/p>\n<p>Tunnustused:<br \/>\n2022 Konkurss \u201cBRUNO\u00b422\u201d \u2013 nominent<br \/>\n2022 Konkurss \u201cRoheAsi\u201d \u2013 I koht<br \/>\n2013 Konkurss \u201cEesti Juurte Juurde\u201d (koos K. Ringkjobiga) \u2013 nominent<br \/>\n2013 Konkurss \u201cMeeste Asi\u201d (koos K. Ringkjobiga) \u2013 nominent<br \/>\n2012 Konkurss \u201cV\u00e4ike Asi\u201d (koos K. Ringkjobiga ning loov- ja disainiagentuuriga Pult) \u2013 \u00e4ra m\u00e4rgitud t\u00f6\u00f6<br \/>\n2011 Konkurss \u201cTartu suveniir 2011\u201d (koos K. Ringkjobiga) \u2013 \u00e4ra m\u00e4rgitud t\u00f6\u00f6<br \/>\n2010 Eesti disaini auhind \u201cBruno 2010\u201c (koos K. Ringkjobiga) \u2013 valitud t\u00f6\u00f6<br \/>\n2009 Konkurss \u201cEetiline Eesti suveniir\u201c (koos K. Ringkjobiga) \u2013 I koht<br \/>\nKursused, meistriklassid, konverentsid:<br \/>\n2023 Rahvusvaheline konverents ja kontaktide loomine \u201cCreativity meets Clusters\u201d, Bari, Itaalia<br \/>\n2021 Koost\u00f6\u00f6 ja eksporditegevuste arendamine Eesti ja Gruusia disainerite vahel \u201cDesign Export\u201c, Gruusia, Eesti<br \/>\n2010 Rahvusvaheline ehtekunsti festival Brillinatly Birmingham, Birmingham, Inglismaa<br \/>\n2010 Rahvusvahelised \u00f5pperisid \u201cNordic &#8211; Baltic Cooperation in Glass Design\u201d, Taani, Island, Soome<br \/>\n2010 \u201cBr\u00e4ndi loomise praktikum\u201d koolitaja Anu-Mall Naarits<br \/>\n2010 \u201cTurunduse planeerimine\u201d koolitaja Anu-Mall Naarits<br \/>\n2010 Rahvusvaheline konverents \u201eCreative Metropoles Experiance Exchange 2010\u201c, Stockholm, Rootsi<br \/>\n2009 \u00d5ppereis ja seminar \u201eEttev\u00f5tlus, arendustegevus ja sotsiaalne sidusus\u201c, Aland, Soome<br \/>\n2008 Ettev\u00f5tlusalane baaskoolitus, koolitaja ESA<br \/>\n2007 Rahvusvaheline klaasihariduse konverents \u201cMeeting Point II. VITRA\u201d, Nancy ja Vannes-le-Chatel, Prantsusmaa<br \/>\n2006 Rahvuvaheline klaasihariduse konverents \u201eMeeting Point I \u2013 Tallinn\u201c, Tallinn<br \/>\n2005 Klaasipuhumise workshop Helsingi, Soome, juhendaja K. Nakada<\/p>\n<p>Tehnikad:<br \/>\nk\u00fclmt\u00f6\u00f6tlus (lihvimine, l\u00f5ikamine, graveerimine), sulatus (p\u00e2te de verre, koolutus, valu, mosaiikklaas, kokkusulatus jne), kuumt\u00f6\u00f6tlus, vitraa\u017ei restaureerimine, klaasimaali restaureerimine (koopia maalimine), klaasimaali tehnikad, vitraa\u017ei tehnikad, hapes\u00f6\u00f6vitus, liivs\u00f6\u00f6vitus.<\/p>\n\n\t\t<style type=\"text\/css\">\n\t\t\t#gallery-1 {\n\t\t\t\tmargin: auto;\n\t\t\t}\n\t\t\t#gallery-1 .gallery-item {\n\t\t\t\tfloat: left;\n\t\t\t\tmargin-top: 10px;\n\t\t\t\ttext-align: center;\n\t\t\t\twidth: 33%;\n\t\t\t}\n\t\t\t#gallery-1 img {\n\t\t\t\tborder: 2px solid #cfcfcf;\n\t\t\t}\n\t\t\t#gallery-1 .gallery-caption {\n\t\t\t\tmargin-left: 0;\n\t\t\t}\n\t\t\t\/* see gallery_shortcode() in wp-includes\/media.php *\/\n\t\t<\/style>\n\t\t<div id='gallery-1' class='gallery galleryid-1154 gallery-columns-3 gallery-size-thumbnail'><dl class='gallery-item'>\n\t\t\t<dt class='gallery-icon portrait'>\n\t\t\t\t<a href='https:\/\/klaasikunst.ee\/wp-content\/uploads\/2025\/04\/Bloom-Mystic-Dream-lilledega_1_HYTI_photo-Katrin-Press.jpg'><img loading=\"lazy\" decoding=\"async\" width=\"150\" height=\"150\" src=\"https:\/\/klaasikunst.ee\/wp-content\/uploads\/2025\/04\/Bloom-Mystic-Dream-lilledega_1_HYTI_photo-Katrin-Press-150x150.jpg\" class=\"attachment-thumbnail size-thumbnail\" alt=\"\" \/><\/a>\n\t\t\t<\/dt><\/dl><dl class='gallery-item'>\n\t\t\t<dt class='gallery-icon portrait'>\n\t\t\t\t<a href='https:\/\/klaasikunst.ee\/wp-content\/uploads\/2025\/04\/Bloom-series_1_HYTI_photo-Katrin-Press.jpg'><img loading=\"lazy\" decoding=\"async\" width=\"150\" height=\"150\" src=\"https:\/\/klaasikunst.ee\/wp-content\/uploads\/2025\/04\/Bloom-series_1_HYTI_photo-Katrin-Press-150x150.jpg\" class=\"attachment-thumbnail size-thumbnail\" alt=\"\" \/><\/a>\n\t\t\t<\/dt><\/dl><dl class='gallery-item'>\n\t\t\t<dt class='gallery-icon portrait'>\n\t\t\t\t<a href='https:\/\/klaasikunst.ee\/wp-content\/uploads\/2025\/04\/Driftwood_4_HYTI_photo-Mari-Rostfeldt-scaled.jpg'><img loading=\"lazy\" decoding=\"async\" width=\"150\" height=\"150\" src=\"https:\/\/klaasikunst.ee\/wp-content\/uploads\/2025\/04\/Driftwood_4_HYTI_photo-Mari-Rostfeldt-150x150.jpg\" class=\"attachment-thumbnail size-thumbnail\" alt=\"\" \/><\/a>\n\t\t\t<\/dt><\/dl><br style=\"clear: both\" \/><dl class='gallery-item'>\n\t\t\t<dt class='gallery-icon landscape'>\n\t\t\t\t<a href='https:\/\/klaasikunst.ee\/wp-content\/uploads\/2025\/04\/EGG-tumbler-and-wine-glasses-with-eggs_1_HYTI_photo-Katrin-Press.jpg'><img loading=\"lazy\" decoding=\"async\" width=\"150\" height=\"150\" src=\"https:\/\/klaasikunst.ee\/wp-content\/uploads\/2025\/04\/EGG-tumbler-and-wine-glasses-with-eggs_1_HYTI_photo-Katrin-Press-150x150.jpg\" class=\"attachment-thumbnail size-thumbnail\" alt=\"\" \/><\/a>\n\t\t\t<\/dt><\/dl><dl class='gallery-item'>\n\t\t\t<dt class='gallery-icon portrait'>\n\t\t\t\t<a href='https:\/\/klaasikunst.ee\/wp-content\/uploads\/2025\/04\/Skulpuur-Driftwood-roosa-ja-varvitu_HYTI_fotograafMariRostfeldt.jpg'><img loading=\"lazy\" decoding=\"async\" width=\"150\" height=\"150\" src=\"https:\/\/klaasikunst.ee\/wp-content\/uploads\/2025\/04\/Skulpuur-Driftwood-roosa-ja-varvitu_HYTI_fotograafMariRostfeldt-150x150.jpg\" class=\"attachment-thumbnail size-thumbnail\" alt=\"\" srcset=\"https:\/\/klaasikunst.ee\/wp-content\/uploads\/2025\/04\/Skulpuur-Driftwood-roosa-ja-varvitu_HYTI_fotograafMariRostfeldt-150x150.jpg 150w, https:\/\/klaasikunst.ee\/wp-content\/uploads\/2025\/04\/Skulpuur-Driftwood-roosa-ja-varvitu_HYTI_fotograafMariRostfeldt-300x300.jpg 300w, https:\/\/klaasikunst.ee\/wp-content\/uploads\/2025\/04\/Skulpuur-Driftwood-roosa-ja-varvitu_HYTI_fotograafMariRostfeldt-1024x1024.jpg 1024w, https:\/\/klaasikunst.ee\/wp-content\/uploads\/2025\/04\/Skulpuur-Driftwood-roosa-ja-varvitu_HYTI_fotograafMariRostfeldt-768x769.jpg 768w, https:\/\/klaasikunst.ee\/wp-content\/uploads\/2025\/04\/Skulpuur-Driftwood-roosa-ja-varvitu_HYTI_fotograafMariRostfeldt-1536x1536.jpg 1536w, https:\/\/klaasikunst.ee\/wp-content\/uploads\/2025\/04\/Skulpuur-Driftwood-roosa-ja-varvitu_HYTI_fotograafMariRostfeldt-2046x2048.jpg 2046w, https:\/\/klaasikunst.ee\/wp-content\/uploads\/2025\/04\/Skulpuur-Driftwood-roosa-ja-varvitu_HYTI_fotograafMariRostfeldt-624x625.jpg 624w\" sizes=\"auto, (max-width: 150px) 100vw, 150px\" \/><\/a>\n\t\t\t<\/dt><\/dl><dl class='gallery-item'>\n\t\t\t<dt class='gallery-icon portrait'>\n\t\t\t\t<a href='https:\/\/klaasikunst.ee\/wp-content\/uploads\/2025\/04\/Soap-dish-ZEN_4_HYTI_photo-Katrin-Press.jpg'><img loading=\"lazy\" decoding=\"async\" width=\"150\" height=\"150\" src=\"https:\/\/klaasikunst.ee\/wp-content\/uploads\/2025\/04\/Soap-dish-ZEN_4_HYTI_photo-Katrin-Press-150x150.jpg\" class=\"attachment-thumbnail size-thumbnail\" alt=\"\" \/><\/a>\n\t\t\t<\/dt><\/dl><br style=\"clear: both\" \/>\n\t\t<\/div>\n\n","protected":false},"excerpt":{"rendered":"<p>ANNE \u2013 LIIS LEHT Telefon: + 372 56 481 121 E-mail: anneliis [at] hytidesign [dot] com Kodulehek\u00fclg: www.hytidesign.com CV S\u00fcndinud: 10.04.1984 K\u00e4rdlas Hiiumaal Haridus: 2010 &#8211; 2017 Eesti Kunstiakadeemia \u2013 magistrikraad \u2013 eriala: kunsti\u00f5petaja\u20282002 &#8211; 2007 Eesti Kunstiakadeemia \u2013 bakalaureusekraad \u2013 eriala: klaasikunst 2006 \u2013 2006 Ecole Sup\u00e9rieure des Arts D\u00e9coratifs de Strasbourg (Prantsusmaa) T\u00f6\u00f6k\u00e4ik: [&hellip;]<\/p>\n","protected":false},"author":1,"featured_media":0,"parent":154,"menu_order":0,"comment_status":"closed","ping_status":"closed","template":"","meta":{"footnotes":""},"class_list":["post-1154","page","type-page","status-publish","hentry"],"aioseo_notices":[],"_links":{"self":[{"href":"https:\/\/klaasikunst.ee\/index.php?rest_route=\/wp\/v2\/pages\/1154","targetHints":{"allow":["GET"]}}],"collection":[{"href":"https:\/\/klaasikunst.ee\/index.php?rest_route=\/wp\/v2\/pages"}],"about":[{"href":"https:\/\/klaasikunst.ee\/index.php?rest_route=\/wp\/v2\/types\/page"}],"author":[{"embeddable":true,"href":"https:\/\/klaasikunst.ee\/index.php?rest_route=\/wp\/v2\/users\/1"}],"replies":[{"embeddable":true,"href":"https:\/\/klaasikunst.ee\/index.php?rest_route=%2Fwp%2Fv2%2Fcomments&post=1154"}],"version-history":[{"count":15,"href":"https:\/\/klaasikunst.ee\/index.php?rest_route=\/wp\/v2\/pages\/1154\/revisions"}],"predecessor-version":[{"id":7160,"href":"https:\/\/klaasikunst.ee\/index.php?rest_route=\/wp\/v2\/pages\/1154\/revisions\/7160"}],"up":[{"embeddable":true,"href":"https:\/\/klaasikunst.ee\/index.php?rest_route=\/wp\/v2\/pages\/154"}],"wp:attachment":[{"href":"https:\/\/klaasikunst.ee\/index.php?rest_route=%2Fwp%2Fv2%2Fmedia&parent=1154"}],"curies":[{"name":"wp","href":"https:\/\/api.w.org\/{rel}","templated":true}]}}