{"id":1152,"date":"2015-05-14T17:16:44","date_gmt":"2013-11-04T17:53:49","guid":{"rendered":"http:\/\/klaasikunst.ee\/?page_id=1152"},"modified":"2023-02-23T12:04:00","modified_gmt":"2023-02-23T10:04:00","slug":"eeva-kasper","status":"publish","type":"page","link":"https:\/\/klaasikunst.ee\/?page_id=1152","title":{"rendered":"Eeva K\u00e4sper"},"content":{"rendered":"<p><a href=\"http:\/\/klaasikunst.ee\/wp-content\/uploads\/2013\/10\/657.png\"><img loading=\"lazy\" decoding=\"async\" class=\"size-medium wp-image-184 alignright\" src=\"http:\/\/klaasikunst.ee\/wp-content\/uploads\/2013\/10\/657-276x300.png\" alt=\"657\" width=\"276\" height=\"300\" srcset=\"https:\/\/klaasikunst.ee\/wp-content\/uploads\/2013\/10\/657-276x300.png 276w, https:\/\/klaasikunst.ee\/wp-content\/uploads\/2013\/10\/657.png 545w\" sizes=\"auto, (max-width: 276px) 100vw, 276px\" \/><\/a><a href=\"http:\/\/eevakasper.squarespace.com\/\">http:\/\/eevakasper.squarespace.com\/<\/a><br \/>\ne-mail: <a href=\"javascript:secureDecryptAndNavigate('xOqtd15LrsLzIlCivghzk9hmmOfGHprnRnwa8PY3s9MH0dz64fOYS2QrWQKc5ilpdI56dq+skMUmDkEvlJevm8CXlGwG0WVVuHZpEA==', '3676280a68af271c25ee9598e755fddfbbd9da6cbad6358d6a6319c7119140f6')\">eeva [dot] kasper [at] gmail [dot] com<\/a><br \/>\nTel: +372 55 606 132<\/p>\n<p>Eeva K\u00e4speri loomemeetod on fenomenoloogiline \u2013 ta l\u00e4htub oma isiklikus kogemuses olevatest asjadest, m\u00e4lestustest, aistingutest v\u00f5i teadvuse vahepealsetest seisunditest. Kord l\u00e4heneb ta klaasile filigraanse meistrina, luues keerukaid vormit\u00e4pseid objekte, teinekord aga laseb klaasil vabalt voolata, peatades siis aga j\u00e4rsult kogu protsessi \u2013 nii s\u00fcndinud teostel on haaravaid seoseid loodusvormidega. Eeva K\u00e4sper t\u00f6\u00f6tab erinevates klaasi sulatustehnikates, ta on valmistanud mosaiikklaasi ja kasutanud nii k\u00fclm- kui kuumt\u00f6\u00f6tlust.<\/p>\n<p><a href=\"http:\/\/klaasikunst.ee\/wp-content\/uploads\/2013\/11\/322.png\"><img loading=\"lazy\" decoding=\"async\" class=\"size-medium wp-image-1316 alignright\" src=\"http:\/\/klaasikunst.ee\/wp-content\/uploads\/2013\/11\/322-300x216.png\" alt=\"322\" width=\"300\" height=\"216\" srcset=\"https:\/\/klaasikunst.ee\/wp-content\/uploads\/2013\/11\/322-300x216.png 300w, https:\/\/klaasikunst.ee\/wp-content\/uploads\/2013\/11\/322.png 545w\" sizes=\"auto, (max-width: 300px) 100vw, 300px\" \/><\/a> <a href=\"http:\/\/klaasikunst.ee\/wp-content\/uploads\/2013\/11\/328.png\"><img loading=\"lazy\" decoding=\"async\" class=\"size-medium wp-image-1319 alignright\" src=\"http:\/\/klaasikunst.ee\/wp-content\/uploads\/2013\/11\/328-300x225.png\" alt=\"328\" width=\"300\" height=\"225\" srcset=\"https:\/\/klaasikunst.ee\/wp-content\/uploads\/2013\/11\/328-300x225.png 300w, https:\/\/klaasikunst.ee\/wp-content\/uploads\/2013\/11\/328.png 545w\" sizes=\"auto, (max-width: 300px) 100vw, 300px\" \/><\/a> <a href=\"http:\/\/klaasikunst.ee\/wp-content\/uploads\/2013\/11\/327.png\"><img loading=\"lazy\" decoding=\"async\" class=\"size-medium wp-image-1318 alignright\" src=\"http:\/\/klaasikunst.ee\/wp-content\/uploads\/2013\/11\/327-300x200.png\" alt=\"327\" width=\"300\" height=\"200\" srcset=\"https:\/\/klaasikunst.ee\/wp-content\/uploads\/2013\/11\/327-300x200.png 300w, https:\/\/klaasikunst.ee\/wp-content\/uploads\/2013\/11\/327.png 545w\" sizes=\"auto, (max-width: 300px) 100vw, 300px\" \/><\/a> <a href=\"http:\/\/klaasikunst.ee\/wp-content\/uploads\/2013\/11\/323.png\"><img loading=\"lazy\" decoding=\"async\" class=\"size-medium wp-image-1317 alignright\" src=\"http:\/\/klaasikunst.ee\/wp-content\/uploads\/2013\/11\/323-300x225.png\" alt=\"323\" width=\"300\" height=\"225\" srcset=\"https:\/\/klaasikunst.ee\/wp-content\/uploads\/2013\/11\/323-300x225.png 300w, https:\/\/klaasikunst.ee\/wp-content\/uploads\/2013\/11\/323.png 545w\" sizes=\"auto, (max-width: 300px) 100vw, 300px\" \/><\/a>Eeva K\u00e4sper on l\u00f5petanud Eesti Kunstiakadeemia klaasikunsti erialal 1998. aastal ja t\u00f6\u00f6tab p\u00e4rast magistrikraadi kaitsmist 2003. aastal samas osakonnas \u00f5ppej\u00f5una. 2006. aastal praktiseeris ta k\u00fclalis\u00f5ppej\u00f5una Anatoolia \u00fclikooli klaasikunsti osakonnas T\u00fcrgis. Kureerinud mitmeid klaasikunsti n\u00e4itusi ning osalenud konverentsidel, s\u00fcmpoosionidel ja workshop\u2019idel Itaalias, Rootsis, Saksamaal, Venemaal, Hollandis, Prantsusmaal, Suurbritannias ja Baltimaades. Stuudio \u201cKlaasiklubi\u201d asutajaliige (2009).<br \/>\nOsalenud alates 1997. aastast enam kui poolesajal n\u00e4itusel nii kodumaal kui teistes Euroopa maades. Alates 2007 Eesti Kunstnike Liidu liige, \u00fchtlasi volikogus; 2005. aastast kuulub Eesti Klaasikunstnike \u00dchendusse, juhatuses alates 2007. P\u00e4lvinud \u00e4ram\u00e4rkimisi ja autasusid mitmetel rahvusvahelistel klaasikunsti konkurssidel, Eesti Noore Disaineri konkursil S\u00c4SI 2007 \u201cV\u00e4ike S\u00c4SI\u201d. Mitmete institutsioonide k\u00f5rval on Eeva K\u00e4speri t\u00f6id omandanud Eesti Tarbekunsti- ja Disainimuuseum.<\/p>\n<p>\/tekst Reeli K\u00f5iv\/<\/p>\n<p>&nbsp;<\/p>\n","protected":false},"excerpt":{"rendered":"<p>http:\/\/eevakasper.squarespace.com\/ e-mail: eeva [dot] kasper [at] gmail [dot] com Tel: +372 55 606 132 Eeva K\u00e4speri loomemeetod on fenomenoloogiline \u2013 ta l\u00e4htub oma isiklikus kogemuses olevatest asjadest, m\u00e4lestustest, aistingutest v\u00f5i teadvuse vahepealsetest seisunditest. Kord l\u00e4heneb ta klaasile filigraanse meistrina, luues keerukaid vormit\u00e4pseid objekte, teinekord aga laseb klaasil vabalt voolata, peatades siis aga j\u00e4rsult kogu protsessi [&hellip;]<\/p>\n","protected":false},"author":1,"featured_media":0,"parent":154,"menu_order":0,"comment_status":"closed","ping_status":"closed","template":"","meta":{"footnotes":""},"class_list":["post-1152","page","type-page","status-publish","hentry"],"aioseo_notices":[],"_links":{"self":[{"href":"https:\/\/klaasikunst.ee\/index.php?rest_route=\/wp\/v2\/pages\/1152","targetHints":{"allow":["GET"]}}],"collection":[{"href":"https:\/\/klaasikunst.ee\/index.php?rest_route=\/wp\/v2\/pages"}],"about":[{"href":"https:\/\/klaasikunst.ee\/index.php?rest_route=\/wp\/v2\/types\/page"}],"author":[{"embeddable":true,"href":"https:\/\/klaasikunst.ee\/index.php?rest_route=\/wp\/v2\/users\/1"}],"replies":[{"embeddable":true,"href":"https:\/\/klaasikunst.ee\/index.php?rest_route=%2Fwp%2Fv2%2Fcomments&post=1152"}],"version-history":[{"count":7,"href":"https:\/\/klaasikunst.ee\/index.php?rest_route=\/wp\/v2\/pages\/1152\/revisions"}],"predecessor-version":[{"id":6366,"href":"https:\/\/klaasikunst.ee\/index.php?rest_route=\/wp\/v2\/pages\/1152\/revisions\/6366"}],"up":[{"embeddable":true,"href":"https:\/\/klaasikunst.ee\/index.php?rest_route=\/wp\/v2\/pages\/154"}],"wp:attachment":[{"href":"https:\/\/klaasikunst.ee\/index.php?rest_route=%2Fwp%2Fv2%2Fmedia&parent=1152"}],"curies":[{"name":"wp","href":"https:\/\/api.w.org\/{rel}","templated":true}]}}