{"id":1148,"date":"2015-05-14T17:14:06","date_gmt":"2013-11-04T17:49:49","guid":{"rendered":"http:\/\/klaasikunst.ee\/?page_id=1148"},"modified":"2022-01-02T17:21:57","modified_gmt":"2022-01-02T15:21:57","slug":"helena-kreem","status":"publish","type":"page","link":"https:\/\/klaasikunst.ee\/?page_id=1148","title":{"rendered":"Helena Kreem"},"content":{"rendered":"<p><a href=\"http:\/\/klaasikunst.ee\/wp-content\/uploads\/2013\/11\/604.png\"><img loading=\"lazy\" decoding=\"async\" class=\"size-medium wp-image-1381 alignright\" src=\"http:\/\/klaasikunst.ee\/wp-content\/uploads\/2013\/11\/604-300x190.png\" alt=\"604\" width=\"300\" height=\"190\" srcset=\"https:\/\/klaasikunst.ee\/wp-content\/uploads\/2013\/11\/604-300x190.png 300w, https:\/\/klaasikunst.ee\/wp-content\/uploads\/2013\/11\/604.png 545w\" sizes=\"auto, (max-width: 300px) 100vw, 300px\" \/><\/a><a href=\"http:\/\/klaasikunst.ee\/wp-content\/uploads\/2013\/11\/605.png\"><img loading=\"lazy\" decoding=\"async\" class=\"size-medium wp-image-1382 alignright\" src=\"http:\/\/klaasikunst.ee\/wp-content\/uploads\/2013\/11\/605-300x272.png\" alt=\"605\" width=\"300\" height=\"272\" srcset=\"https:\/\/klaasikunst.ee\/wp-content\/uploads\/2013\/11\/605-300x272.png 300w, https:\/\/klaasikunst.ee\/wp-content\/uploads\/2013\/11\/605.png 545w\" sizes=\"auto, (max-width: 300px) 100vw, 300px\" \/><\/a>e-mail:\u00a0<a href=\"mailto:helekreem\">helekreem (\u00e4t) gmail.com<\/a><br \/>\ntelefon: +372 55 673167<\/p>\n<p>CV<br \/>\ns\u00fcnd. 26.05.1979 Kuressaares<br \/>\nalates 2003 Eesti Kunstiakadeemia, klaasikunsti magistratuur<br \/>\n2001\u00a0Taani Disainikool, klaasikunsti eriala<br \/>\n1997 &#8211; 2002 Eesti Kunstiakadeemia, klaasikunsti osakond, BA<\/p>\n<p>N\u00e4itused:<br \/>\n2005 &#8220;Katkised asjad&#8221; Jaani seegi varemed, Tallinn<br \/>\n2004\u00a0\u201cFookus\u201d Klaasikunstnike \u00dchenduse aastan\u00e4itus, Hobusepea galerii, Tallinn<br \/>\n2004\u00a0\u201cMaritima\u201d, Klaasip\u00e4evad Haapsalus, Evald Okase Muuseum, Haapsalu<br \/>\n2002 \u201cEnampakkumine\u201d, Tarbekunstimuuseum, Tallinn<br \/>\n2001\u00a0&#8220;Portreed&#8221; (koos M.Sarapu, J.N\u00f5mmega), EKA galerii, Tallinn<br \/>\n2000 \u00a0rahvusvahelise s\u00fcmpoosioni \u201cNordic Glass 2000\u201d grupin\u00e4itus, Holmegaardi klaasitehas, Taani<br \/>\n1998 \u00a0\u201cOptilised objektid\u201d, Kuldjala Torni galerii, Tallinn<\/p>\n<div id=\"attachment_1694\" style=\"width: 310px\" class=\"wp-caption alignleft\"><a href=\"http:\/\/klaasikunst.ee\/wp-content\/uploads\/2013\/11\/93.png\"><img loading=\"lazy\" decoding=\"async\" aria-describedby=\"caption-attachment-1694\" class=\"size-medium wp-image-1694\" src=\"http:\/\/klaasikunst.ee\/wp-content\/uploads\/2013\/11\/93-300x225.png\" alt=\"Helena Kreem. M\u00fcrafilter. 2004\" width=\"300\" height=\"225\" srcset=\"https:\/\/klaasikunst.ee\/wp-content\/uploads\/2013\/11\/93-300x225.png 300w, https:\/\/klaasikunst.ee\/wp-content\/uploads\/2013\/11\/93.png 545w\" sizes=\"auto, (max-width: 300px) 100vw, 300px\" \/><\/a><p id=\"caption-attachment-1694\" class=\"wp-caption-text\">Helena Kreem. M\u00fcrafilter. 2004<\/p><\/div>\n<p>Konverentsid ja workshopid:<br \/>\n2000\u00a0rahvusvahelise s\u00fcmpoosioni \u201cNordic Glass 2000\u201d workshop, kuumt\u00f6\u00f6tlustehnikad, Holmegaard, Taani<br \/>\n1999\u00a0Soome klaasikunstniku P\u00e4ivi Kek\u00e4l\u00e4ineni workshop, p\u00e2te de verre, Tallinn<\/p>\n<p>Tunnustused:<br \/>\n2000\u00a0 klaasitehas Scancrystal`i poolt korraldatud klaasidisaini konkurss, valitud tootmisesse<\/p>\n","protected":false},"excerpt":{"rendered":"<p>e-mail:\u00a0helekreem (\u00e4t) gmail.com telefon: +372 55 673167 CV s\u00fcnd. 26.05.1979 Kuressaares alates 2003 Eesti Kunstiakadeemia, klaasikunsti magistratuur 2001\u00a0Taani Disainikool, klaasikunsti eriala 1997 &#8211; 2002 Eesti Kunstiakadeemia, klaasikunsti osakond, BA N\u00e4itused: 2005 &#8220;Katkised asjad&#8221; Jaani seegi varemed, Tallinn 2004\u00a0\u201cFookus\u201d Klaasikunstnike \u00dchenduse aastan\u00e4itus, Hobusepea galerii, Tallinn 2004\u00a0\u201cMaritima\u201d, Klaasip\u00e4evad Haapsalus, Evald Okase Muuseum, Haapsalu 2002 \u201cEnampakkumine\u201d, Tarbekunstimuuseum, Tallinn [&hellip;]<\/p>\n","protected":false},"author":1,"featured_media":0,"parent":154,"menu_order":0,"comment_status":"closed","ping_status":"closed","template":"","meta":{"footnotes":""},"class_list":["post-1148","page","type-page","status-publish","hentry"],"aioseo_notices":[],"_links":{"self":[{"href":"https:\/\/klaasikunst.ee\/index.php?rest_route=\/wp\/v2\/pages\/1148","targetHints":{"allow":["GET"]}}],"collection":[{"href":"https:\/\/klaasikunst.ee\/index.php?rest_route=\/wp\/v2\/pages"}],"about":[{"href":"https:\/\/klaasikunst.ee\/index.php?rest_route=\/wp\/v2\/types\/page"}],"author":[{"embeddable":true,"href":"https:\/\/klaasikunst.ee\/index.php?rest_route=\/wp\/v2\/users\/1"}],"replies":[{"embeddable":true,"href":"https:\/\/klaasikunst.ee\/index.php?rest_route=%2Fwp%2Fv2%2Fcomments&post=1148"}],"version-history":[{"count":11,"href":"https:\/\/klaasikunst.ee\/index.php?rest_route=\/wp\/v2\/pages\/1148\/revisions"}],"predecessor-version":[{"id":5701,"href":"https:\/\/klaasikunst.ee\/index.php?rest_route=\/wp\/v2\/pages\/1148\/revisions\/5701"}],"up":[{"embeddable":true,"href":"https:\/\/klaasikunst.ee\/index.php?rest_route=\/wp\/v2\/pages\/154"}],"wp:attachment":[{"href":"https:\/\/klaasikunst.ee\/index.php?rest_route=%2Fwp%2Fv2%2Fmedia&parent=1148"}],"curies":[{"name":"wp","href":"https:\/\/api.w.org\/{rel}","templated":true}]}}