{"id":1144,"date":"2015-05-14T17:12:51","date_gmt":"2013-11-04T17:47:48","guid":{"rendered":"http:\/\/klaasikunst.ee\/?page_id=1144"},"modified":"2025-11-12T14:36:33","modified_gmt":"2025-11-12T12:36:33","slug":"kai-koppel","status":"publish","type":"page","link":"https:\/\/klaasikunst.ee\/?page_id=1144","title":{"rendered":"Kai Koppel"},"content":{"rendered":"<p><a href=\"http:\/\/klaasikunst.ee\/wp-content\/uploads\/2013\/11\/346.png\"><img loading=\"lazy\" decoding=\"async\" class=\"size-medium wp-image-1327 alignright\" src=\"http:\/\/klaasikunst.ee\/wp-content\/uploads\/2013\/11\/346-300x225.png\" alt=\"346\" width=\"300\" height=\"225\" srcset=\"https:\/\/klaasikunst.ee\/wp-content\/uploads\/2013\/11\/346-300x225.png 300w, https:\/\/klaasikunst.ee\/wp-content\/uploads\/2013\/11\/346.png 545w\" sizes=\"auto, (max-width: 300px) 100vw, 300px\" \/><\/a><br \/>\ntelefon: 672 09 68<br \/>\nGSM: +372 50 89 105<br \/>\nGalerii : Vene 12, Tallinn<br \/>\ntel. 644 84 04<br \/>\n<a href=\"http:\/\/kaikoppel.ee\" target=\"_blank\" rel=\"nofollow noopener\">http:\/\/kaikoppel.ee<\/a><\/p>\n<p>Tegevusalad: kuumt\u00f6\u00f6tlustehnikad, graveerimine, lihvimine, skulptuur, vitraa\u017e<\/p>\n<p>CV<br \/>\nHaridus:<br \/>\n1970-1975 Eesti Riiklik Kunstiinstituut, klaasikunsti eriala<\/p>\n<p>Teenistusk\u00e4ik:<br \/>\n1991- klaasikoda \u201cKoppel &amp; Keerdo Klaasikoja O\u00dc\u201d<br \/>\n1981- vabakutseline kunstnik<br \/>\n1977-1981 kunsti\u00f5petaja, Tallinna Laste Kunstikool<\/p>\n<p>Kuuluvus liitudesse:<br \/>\n1984- Eesti Kunstnike Liidu liige<\/p>\n<p>Isikun\u00e4itused:<br \/>\n1992\/1993 Tarbekunsti- ja Disainimuuseum, Tallinn<br \/>\n1989 Draakoni Galerii , Tallinn<br \/>\n1987 Harju KEK, Keila<br \/>\n1984 KU galerii, Tallinn<\/p>\n<p>Grupin\u00e4itused:<br \/>\n2004 Katariina Gildi n\u00e4itus, Saint-Syr-Sur-Loire, Loches, Prantsusmaa<br \/>\n2002 Katariina Gildi n\u00e4itus, St- Peterburg, Venemaa.<br \/>\n1997 Katariina Gildi grupin\u00e4itus, Svanekeg\u00e5rden, Bornholm, Katrinegadesalen ja Silkeborg, Taani<br \/>\n1994 Eesti klaasi n\u00e4itus, Hvittr\u00e4sk, Soome<br \/>\n1992 \u201cKvinnor Kan\u201d messi n\u00e4itus, Stockholm, Rootsi<\/p>\n<p>\u00dcldn\u00e4itused:<br \/>\n2003, 2004, 2005, 2006, 2007 I-V Rahvusvahelise Kuuma Klaasi S\u00fcmpoosioni n\u00e4itused, Evald Okase Muuseum, Haapsalu<br \/>\n2007 Eesti klaasikunt 70: K\u00fcmne aasta paremik (1996-2006), Tarbekunsti- ja Disainimuuseum, Tallinn<br \/>\n1997 \u201cEesti klaas 60\u201d, Tallinna Kunstihoone, Tallinn<br \/>\n1992 Eesti tarbekunst, X Euroopa kultuurip\u00e4evad, Karlsruhe, Saksamaa<br \/>\n1990 \u201cGraveering eesti klaasikunstis\u201d, Tarbekunsti- ja Disainimuuseum, Tallinn<br \/>\n1987 Eesti kunsti n\u00e4itus, Moskva<br \/>\n1982, 1983, 1989 eesti klaasi \u00fclevaaten\u00e4itused, Tallinn, Tartu<br \/>\n1982 \u201cVorm ja ruum\u201d, Moskva<br \/>\n1979, 1983, 1985, 1988, 1991 I, II, III, IV, V Baltimaade tarbekunstitriennaal, Tallinn<\/p>\n<p>S\u00fcmpoosionid:<br \/>\n2006 Gus-Hrustaln\u00f5i klaasitehas 250, rahvusvaheline klaasis\u00fcmpoosion, Gus- Hrustaln\u00f5i, Venemaa<br \/>\n2003, 2004, 2005, 2006, 2007 I-V Rahvusvaheline Kuuma Klaasi S\u00fcmpoosion, Haapsalu &#8211; korraldaja<br \/>\n2002 rahvusvaheline klaasis\u00fcmpoosion. Zeb\u00e9geny, Ungari<br \/>\n1992, 1995, 1998, 2004 II, III, IV, VI rahvusvaheline puhutud klaasi s\u00fcmpoosion, Lvov, Ukraina<br \/>\n1993,1997 rahvusvaheline klaasis\u00fcmpoosion, B\u00e1rdudvarnok , Ungari<\/p>\n<p>Tunnustusi:<br \/>\n1994 Tallinna linna preemia<br \/>\n1993 K. Raua nim. preemia<br \/>\n1992 pronksauhind, rahvusvaheline konkurss \u201cKristallnacht Project `92 \u201c, Philadelphia, USA<br \/>\n1984 Eesti Kunstnike Liidu Noortekoondise aastapreemia<br \/>\n1982 diplom, Baltimaade noorte tarbekunstitriennaal<\/p>\n<p>T\u00f6\u00f6d kogudes:<br \/>\nEesti Tarbekunsti- ja Disainimuuseum, Tallinn; Eesti Ajaloomuuseum, Tallinn; Tsaritsino Muuseum, Moskva; Lvovi Klaasimuuseum, Ukraina; P\u00e9cs\u2019i Kunstimuuseum, Ungari<\/p>\n","protected":false},"excerpt":{"rendered":"<p>telefon: 672 09 68 GSM: +372 50 89 105 Galerii : Vene 12, Tallinn tel. 644 84 04 http:\/\/kaikoppel.ee Tegevusalad: kuumt\u00f6\u00f6tlustehnikad, graveerimine, lihvimine, skulptuur, vitraa\u017e CV Haridus: 1970-1975 Eesti Riiklik Kunstiinstituut, klaasikunsti eriala Teenistusk\u00e4ik: 1991- klaasikoda \u201cKoppel &amp; Keerdo Klaasikoja O\u00dc\u201d 1981- vabakutseline kunstnik 1977-1981 kunsti\u00f5petaja, Tallinna Laste Kunstikool Kuuluvus liitudesse: 1984- Eesti Kunstnike Liidu [&hellip;]<\/p>\n","protected":false},"author":1,"featured_media":0,"parent":154,"menu_order":0,"comment_status":"closed","ping_status":"closed","template":"","meta":{"footnotes":""},"class_list":["post-1144","page","type-page","status-publish","hentry"],"aioseo_notices":[],"_links":{"self":[{"href":"https:\/\/klaasikunst.ee\/index.php?rest_route=\/wp\/v2\/pages\/1144","targetHints":{"allow":["GET"]}}],"collection":[{"href":"https:\/\/klaasikunst.ee\/index.php?rest_route=\/wp\/v2\/pages"}],"about":[{"href":"https:\/\/klaasikunst.ee\/index.php?rest_route=\/wp\/v2\/types\/page"}],"author":[{"embeddable":true,"href":"https:\/\/klaasikunst.ee\/index.php?rest_route=\/wp\/v2\/users\/1"}],"replies":[{"embeddable":true,"href":"https:\/\/klaasikunst.ee\/index.php?rest_route=%2Fwp%2Fv2%2Fcomments&post=1144"}],"version-history":[{"count":6,"href":"https:\/\/klaasikunst.ee\/index.php?rest_route=\/wp\/v2\/pages\/1144\/revisions"}],"predecessor-version":[{"id":7292,"href":"https:\/\/klaasikunst.ee\/index.php?rest_route=\/wp\/v2\/pages\/1144\/revisions\/7292"}],"up":[{"embeddable":true,"href":"https:\/\/klaasikunst.ee\/index.php?rest_route=\/wp\/v2\/pages\/154"}],"wp:attachment":[{"href":"https:\/\/klaasikunst.ee\/index.php?rest_route=%2Fwp%2Fv2%2Fmedia&parent=1144"}],"curies":[{"name":"wp","href":"https:\/\/api.w.org\/{rel}","templated":true}]}}