{"id":1132,"date":"2015-05-14T18:09:38","date_gmt":"2015-05-14T16:09:38","guid":{"rendered":"http:\/\/klaasikunst.ee\/?page_id=1132"},"modified":"2026-02-17T13:29:37","modified_gmt":"2026-02-17T11:29:37","slug":"kati-kerstna","status":"publish","type":"page","link":"https:\/\/klaasikunst.ee\/?page_id=1132","title":{"rendered":"Kati Kerstna"},"content":{"rendered":"<p><a href=\"http:\/\/klaasikunst.ee\/wp-content\/uploads\/2026\/02\/katiportree2.jpg\"><img loading=\"lazy\" decoding=\"async\" class=\"size-medium wp-image-7656 alignright\" src=\"http:\/\/klaasikunst.ee\/wp-content\/uploads\/2026\/02\/katiportree2-205x300.jpg\" alt=\"\" width=\"205\" height=\"300\" srcset=\"https:\/\/klaasikunst.ee\/wp-content\/uploads\/2026\/02\/katiportree2-205x300.jpg 205w, https:\/\/klaasikunst.ee\/wp-content\/uploads\/2026\/02\/katiportree2.jpg 504w\" sizes=\"auto, (max-width: 205px) 100vw, 205px\" \/><\/a><\/p>\n<p>E-post\u00a0<a href=\"javascript:secureDecryptAndNavigate('dm6s7bN8cWWMMZ4KpJusf3tqwaQn70+MeXp1PNlglElxpi7XwhR5S7V1N4ieRey8eLrKFNntBUka+K\/udJLQNHTerH8VMlvalShelXE=', '3676280a68af271c25ee9598e755fddfbbd9da6cbad6358d6a6319c7119140f6')\">kati [dot] kerstna [at] gmail [dot] com<\/a><br \/>\nTel: +372 529 0779<\/p>\n<p>Koduleht: <a href=\"http:\/\/katikerstna.ee\/\" target=\"_blank\" rel=\"noopener\" data-saferedirecturl=\"https:\/\/www.google.com\/url?hl=en&amp;q=http:\/\/katikerstna.ee&amp;source=gmail&amp;ust=1528883589030000&amp;usg=AFQjCNGkiCCLd1EuDqxcaRW5TBHv2FWk_Q\">katikerstna.ee<\/a><\/p>\n<p><strong>Kati Kerstna<\/strong> (1970)\u2028s\u00fcveneb oma t\u00f6\u00f6des praegu toimuvale &#8211; ajaj\u00e4rgule, mida saab vast nimetada antropotseenseks plahvatuseks. Inimkonna geoloogilises plaanis \u00fclikiire areng ja l\u00f5puni ettearvamatu m\u00f5ju elukeskkonnale. Aeg, mil tehisliku (inimtekkelise) materjali osakaal on suurem elusast materjalist, mil ookeanides olev praht \u00fcletab oma koguselt ookeanielustiku oma ja tehismaterjal ehk mikroplast on k\u00f5ikide elusorganismide paratamatu osa. Keskkond ja organismid, mis on muutumas elusast elutuks &#8211; tehismaterjal kaalumas \u00fcles orgaanilise.<br \/>\nTalle meeldib kasutada klaasi vastandlikku karakterit oma teemade visualiseerimisel. Hapruse ja tugevuse piire kompav kombinatsioon, l\u00e4bipaistvad peegeldused, reflektsioonid ja valgus kuuluvad tema t\u00f6\u00f6vahendite hulka. Loodud vorme v\u00f5iks m\u00e4\u00e4ratleda skulpturaalsete installatsioonidena, objektidena, milles samaaegselt on eksponeeritud nii ruum, vorm, kui illusoorsus.<br \/>\nKati Kerstna on samuti tegev kuraatorina ja viinud Eesti klaasikunsti n\u00e4ituseid mitmel korral ka Eestist v\u00e4ljapoole. Praegu on ta Baltimaade klaasikunsti n\u00e4ituste korraldamise t\u00f6\u00f6r\u00fchmas eestipoolne kuraator.<\/p>\n<p>Haridus: EKA klaasikunsti eriala MA<br \/>\nkuulumine liitudesse: Eesti Kunstnike Liit, Eesti Klaasikunstnike \u00dchendus, Eesti Kujurite \u00dchendus<br \/>\nPreemiad: 2023 publiku preemia Kunstnike Liidu kevadn\u00e4itusel\u20282022 \u201cTunnustatud klaasikunstnik\u201d 2020-2021\u20282021 IRMA Collaborative annual Grant<br \/>\nt\u00f6\u00f6d kollektsioonides: Ernsting Stiftung (Saksamaa), erakogud<\/p>\n<div>\n\n\t\t<style type=\"text\/css\">\n\t\t\t#gallery-1 {\n\t\t\t\tmargin: auto;\n\t\t\t}\n\t\t\t#gallery-1 .gallery-item {\n\t\t\t\tfloat: left;\n\t\t\t\tmargin-top: 10px;\n\t\t\t\ttext-align: center;\n\t\t\t\twidth: 20%;\n\t\t\t}\n\t\t\t#gallery-1 img {\n\t\t\t\tborder: 2px solid #cfcfcf;\n\t\t\t}\n\t\t\t#gallery-1 .gallery-caption {\n\t\t\t\tmargin-left: 0;\n\t\t\t}\n\t\t\t\/* see gallery_shortcode() in wp-includes\/media.php *\/\n\t\t<\/style>\n\t\t<div id='gallery-1' class='gallery galleryid-1132 gallery-columns-5 gallery-size-thumbnail'><dl class='gallery-item'>\n\t\t\t<dt class='gallery-icon portrait'>\n\t\t\t\t<a href='https:\/\/klaasikunst.ee\/wp-content\/uploads\/2016\/04\/kerstna.jpg'><img loading=\"lazy\" decoding=\"async\" width=\"150\" height=\"150\" src=\"https:\/\/klaasikunst.ee\/wp-content\/uploads\/2016\/04\/kerstna-150x150.jpg\" class=\"attachment-thumbnail size-thumbnail\" alt=\"\" \/><\/a>\n\t\t\t<\/dt><\/dl><dl class='gallery-item'>\n\t\t\t<dt class='gallery-icon landscape'>\n\t\t\t\t<a href='https:\/\/klaasikunst.ee\/wp-content\/uploads\/2017\/11\/466115633_9152825908063311_265489801797255520_n.jpg'><img loading=\"lazy\" decoding=\"async\" width=\"150\" height=\"150\" src=\"https:\/\/klaasikunst.ee\/wp-content\/uploads\/2017\/11\/466115633_9152825908063311_265489801797255520_n-150x150.jpg\" class=\"attachment-thumbnail size-thumbnail\" alt=\"\" \/><\/a>\n\t\t\t<\/dt><\/dl><dl class='gallery-item'>\n\t\t\t<dt class='gallery-icon portrait'>\n\t\t\t\t<a href='https:\/\/klaasikunst.ee\/wp-content\/uploads\/2017\/11\/466075630_9152826401396595_7325010373235628671_n.jpg'><img loading=\"lazy\" decoding=\"async\" width=\"150\" height=\"150\" src=\"https:\/\/klaasikunst.ee\/wp-content\/uploads\/2017\/11\/466075630_9152826401396595_7325010373235628671_n-150x150.jpg\" class=\"attachment-thumbnail size-thumbnail\" alt=\"\" \/><\/a>\n\t\t\t<\/dt><\/dl><dl class='gallery-item'>\n\t\t\t<dt class='gallery-icon landscape'>\n\t\t\t\t<a href='https:\/\/klaasikunst.ee\/wp-content\/uploads\/2017\/11\/10-NOV-2017-K-17.jpg'><img loading=\"lazy\" decoding=\"async\" width=\"150\" height=\"150\" src=\"https:\/\/klaasikunst.ee\/wp-content\/uploads\/2017\/11\/10-NOV-2017-K-17-150x150.jpg\" class=\"attachment-thumbnail size-thumbnail\" alt=\"\" \/><\/a>\n\t\t\t<\/dt><\/dl><dl class='gallery-item'>\n\t\t\t<dt class='gallery-icon landscape'>\n\t\t\t\t<a href='https:\/\/klaasikunst.ee\/wp-content\/uploads\/2023\/10\/01-JUL-2023-K-30.jpg'><img loading=\"lazy\" decoding=\"async\" width=\"150\" height=\"150\" src=\"https:\/\/klaasikunst.ee\/wp-content\/uploads\/2023\/10\/01-JUL-2023-K-30-150x150.jpg\" class=\"attachment-thumbnail size-thumbnail\" alt=\"\" \/><\/a>\n\t\t\t<\/dt><\/dl><br style=\"clear: both\" \/><dl class='gallery-item'>\n\t\t\t<dt class='gallery-icon portrait'>\n\t\t\t\t<a href='https:\/\/klaasikunst.ee\/wp-content\/uploads\/2024\/05\/431128602_7303304006371354_8217136337243570981_n.jpg'><img loading=\"lazy\" decoding=\"async\" width=\"150\" height=\"150\" src=\"https:\/\/klaasikunst.ee\/wp-content\/uploads\/2024\/05\/431128602_7303304006371354_8217136337243570981_n-150x150.jpg\" class=\"attachment-thumbnail size-thumbnail\" alt=\"\" \/><\/a>\n\t\t\t<\/dt><\/dl><dl class='gallery-item'>\n\t\t\t<dt class='gallery-icon landscape'>\n\t\t\t\t<a href='https:\/\/klaasikunst.ee\/wp-content\/uploads\/2024\/05\/430737928_7303303416371413_681039984249074743_n.jpg'><img loading=\"lazy\" decoding=\"async\" width=\"150\" height=\"150\" src=\"https:\/\/klaasikunst.ee\/wp-content\/uploads\/2024\/05\/430737928_7303303416371413_681039984249074743_n-150x150.jpg\" class=\"attachment-thumbnail size-thumbnail\" alt=\"\" \/><\/a>\n\t\t\t<\/dt><\/dl><dl class='gallery-item'>\n\t\t\t<dt class='gallery-icon landscape'>\n\t\t\t\t<a href='https:\/\/klaasikunst.ee\/wp-content\/uploads\/2024\/05\/430096274_7303303309704757_4282597504434552082_n.jpg'><img loading=\"lazy\" decoding=\"async\" width=\"150\" height=\"150\" src=\"https:\/\/klaasikunst.ee\/wp-content\/uploads\/2024\/05\/430096274_7303303309704757_4282597504434552082_n-150x150.jpg\" class=\"attachment-thumbnail size-thumbnail\" alt=\"\" \/><\/a>\n\t\t\t<\/dt><\/dl><dl class='gallery-item'>\n\t\t\t<dt class='gallery-icon landscape'>\n\t\t\t\t<a href='https:\/\/klaasikunst.ee\/wp-content\/uploads\/2024\/02\/418944297_7055711294463961_2489063702627886110_n.jpg'><img loading=\"lazy\" decoding=\"async\" width=\"150\" height=\"150\" src=\"https:\/\/klaasikunst.ee\/wp-content\/uploads\/2024\/02\/418944297_7055711294463961_2489063702627886110_n-150x150.jpg\" class=\"attachment-thumbnail size-thumbnail\" alt=\"\" \/><\/a>\n\t\t\t<\/dt><\/dl><dl class='gallery-item'>\n\t\t\t<dt class='gallery-icon landscape'>\n\t\t\t\t<a href='https:\/\/klaasikunst.ee\/wp-content\/uploads\/2022\/09\/values.jpg'><img loading=\"lazy\" decoding=\"async\" width=\"150\" height=\"150\" src=\"https:\/\/klaasikunst.ee\/wp-content\/uploads\/2022\/09\/values-150x150.jpg\" class=\"attachment-thumbnail size-thumbnail\" alt=\"\" \/><\/a>\n\t\t\t<\/dt><\/dl><br style=\"clear: both\" \/><dl class='gallery-item'>\n\t\t\t<dt class='gallery-icon landscape'>\n\t\t\t\t<a href='https:\/\/klaasikunst.ee\/wp-content\/uploads\/2022\/01\/12-JAN-2022-M-31-scaled.jpg'><img loading=\"lazy\" decoding=\"async\" width=\"150\" height=\"150\" src=\"https:\/\/klaasikunst.ee\/wp-content\/uploads\/2022\/01\/12-JAN-2022-M-31-150x150.jpg\" class=\"attachment-thumbnail size-thumbnail\" alt=\"\" \/><\/a>\n\t\t\t<\/dt><\/dl><dl class='gallery-item'>\n\t\t\t<dt class='gallery-icon landscape'>\n\t\t\t\t<a href='https:\/\/klaasikunst.ee\/wp-content\/uploads\/2022\/01\/12-JAN-2022-M-29-scaled.jpg'><img loading=\"lazy\" decoding=\"async\" width=\"150\" height=\"150\" src=\"https:\/\/klaasikunst.ee\/wp-content\/uploads\/2022\/01\/12-JAN-2022-M-29-150x150.jpg\" class=\"attachment-thumbnail size-thumbnail\" alt=\"\" \/><\/a>\n\t\t\t<\/dt><\/dl><dl class='gallery-item'>\n\t\t\t<dt class='gallery-icon landscape'>\n\t\t\t\t<a href='https:\/\/klaasikunst.ee\/wp-content\/uploads\/2022\/01\/12-JAN-2022-M-28-scaled.jpg'><img loading=\"lazy\" decoding=\"async\" width=\"150\" height=\"150\" src=\"https:\/\/klaasikunst.ee\/wp-content\/uploads\/2022\/01\/12-JAN-2022-M-28-150x150.jpg\" class=\"attachment-thumbnail size-thumbnail\" alt=\"\" \/><\/a>\n\t\t\t<\/dt><\/dl><dl class='gallery-item'>\n\t\t\t<dt class='gallery-icon landscape'>\n\t\t\t\t<a href='https:\/\/klaasikunst.ee\/wp-content\/uploads\/2022\/01\/12-JAN-2022-M-23-scaled.jpg'><img loading=\"lazy\" decoding=\"async\" width=\"150\" height=\"150\" src=\"https:\/\/klaasikunst.ee\/wp-content\/uploads\/2022\/01\/12-JAN-2022-M-23-150x150.jpg\" class=\"attachment-thumbnail size-thumbnail\" alt=\"\" \/><\/a>\n\t\t\t<\/dt><\/dl><dl class='gallery-item'>\n\t\t\t<dt class='gallery-icon landscape'>\n\t\t\t\t<a href='https:\/\/klaasikunst.ee\/wp-content\/uploads\/2022\/01\/12-JAN-2022-M-22-scaled.jpg'><img loading=\"lazy\" decoding=\"async\" width=\"150\" height=\"150\" src=\"https:\/\/klaasikunst.ee\/wp-content\/uploads\/2022\/01\/12-JAN-2022-M-22-150x150.jpg\" class=\"attachment-thumbnail size-thumbnail\" alt=\"\" \/><\/a>\n\t\t\t<\/dt><\/dl><br style=\"clear: both\" \/><dl class='gallery-item'>\n\t\t\t<dt class='gallery-icon landscape'>\n\t\t\t\t<a href='https:\/\/klaasikunst.ee\/wp-content\/uploads\/2022\/01\/12-JAN-2022-M-3.jpg'><img loading=\"lazy\" decoding=\"async\" width=\"150\" height=\"150\" src=\"https:\/\/klaasikunst.ee\/wp-content\/uploads\/2022\/01\/12-JAN-2022-M-3-150x150.jpg\" class=\"attachment-thumbnail size-thumbnail\" alt=\"\" \/><\/a>\n\t\t\t<\/dt><\/dl><dl class='gallery-item'>\n\t\t\t<dt class='gallery-icon landscape'>\n\t\t\t\t<a href='https:\/\/klaasikunst.ee\/wp-content\/uploads\/2022\/01\/12-JAN-2022-M-4.jpg'><img loading=\"lazy\" decoding=\"async\" width=\"150\" height=\"150\" src=\"https:\/\/klaasikunst.ee\/wp-content\/uploads\/2022\/01\/12-JAN-2022-M-4-150x150.jpg\" class=\"attachment-thumbnail size-thumbnail\" alt=\"\" srcset=\"https:\/\/klaasikunst.ee\/wp-content\/uploads\/2022\/01\/12-JAN-2022-M-4-150x150.jpg 150w, https:\/\/klaasikunst.ee\/wp-content\/uploads\/2022\/01\/12-JAN-2022-M-4-300x300.jpg 300w, https:\/\/klaasikunst.ee\/wp-content\/uploads\/2022\/01\/12-JAN-2022-M-4-1024x1021.jpg 1024w, https:\/\/klaasikunst.ee\/wp-content\/uploads\/2022\/01\/12-JAN-2022-M-4-768x766.jpg 768w, https:\/\/klaasikunst.ee\/wp-content\/uploads\/2022\/01\/12-JAN-2022-M-4-1536x1532.jpg 1536w, https:\/\/klaasikunst.ee\/wp-content\/uploads\/2022\/01\/12-JAN-2022-M-4-624x622.jpg 624w, https:\/\/klaasikunst.ee\/wp-content\/uploads\/2022\/01\/12-JAN-2022-M-4.jpg 1949w\" sizes=\"auto, (max-width: 150px) 100vw, 150px\" \/><\/a>\n\t\t\t<\/dt><\/dl><dl class='gallery-item'>\n\t\t\t<dt class='gallery-icon landscape'>\n\t\t\t\t<a href='https:\/\/klaasikunst.ee\/wp-content\/uploads\/2022\/01\/12-JAN-2022-M-17-scaled.jpg'><img loading=\"lazy\" decoding=\"async\" width=\"150\" height=\"150\" src=\"https:\/\/klaasikunst.ee\/wp-content\/uploads\/2022\/01\/12-JAN-2022-M-17-150x150.jpg\" class=\"attachment-thumbnail size-thumbnail\" alt=\"\" \/><\/a>\n\t\t\t<\/dt><\/dl><dl class='gallery-item'>\n\t\t\t<dt class='gallery-icon landscape'>\n\t\t\t\t<a href='https:\/\/klaasikunst.ee\/wp-content\/uploads\/2022\/01\/12-JAN-2022-M-9-scaled.jpg'><img loading=\"lazy\" decoding=\"async\" width=\"150\" height=\"150\" src=\"https:\/\/klaasikunst.ee\/wp-content\/uploads\/2022\/01\/12-JAN-2022-M-9-150x150.jpg\" class=\"attachment-thumbnail size-thumbnail\" alt=\"\" \/><\/a>\n\t\t\t<\/dt><\/dl><dl class='gallery-item'>\n\t\t\t<dt class='gallery-icon landscape'>\n\t\t\t\t<a href='https:\/\/klaasikunst.ee\/wp-content\/uploads\/2022\/01\/12-JAN-2022-M-7-scaled.jpg'><img loading=\"lazy\" decoding=\"async\" width=\"150\" height=\"150\" src=\"https:\/\/klaasikunst.ee\/wp-content\/uploads\/2022\/01\/12-JAN-2022-M-7-150x150.jpg\" class=\"attachment-thumbnail size-thumbnail\" alt=\"\" \/><\/a>\n\t\t\t<\/dt><\/dl><br style=\"clear: both\" \/><dl class='gallery-item'>\n\t\t\t<dt class='gallery-icon landscape'>\n\t\t\t\t<a href='https:\/\/klaasikunst.ee\/wp-content\/uploads\/2022\/01\/12-JAN-2022-M-8-scaled.jpg'><img loading=\"lazy\" decoding=\"async\" width=\"150\" height=\"150\" src=\"https:\/\/klaasikunst.ee\/wp-content\/uploads\/2022\/01\/12-JAN-2022-M-8-150x150.jpg\" class=\"attachment-thumbnail size-thumbnail\" alt=\"\" \/><\/a>\n\t\t\t<\/dt><\/dl><dl class='gallery-item'>\n\t\t\t<dt class='gallery-icon landscape'>\n\t\t\t\t<a href='https:\/\/klaasikunst.ee\/wp-content\/uploads\/2022\/01\/P1038373-1.jpg'><img loading=\"lazy\" decoding=\"async\" width=\"150\" height=\"150\" src=\"https:\/\/klaasikunst.ee\/wp-content\/uploads\/2022\/01\/P1038373-1-150x150.jpg\" class=\"attachment-thumbnail size-thumbnail\" alt=\"\" \/><\/a>\n\t\t\t<\/dt><\/dl><dl class='gallery-item'>\n\t\t\t<dt class='gallery-icon landscape'>\n\t\t\t\t<a href='https:\/\/klaasikunst.ee\/wp-content\/uploads\/2014\/12\/10731056_758249474210206_1943900496678196251_n.jpg'><img loading=\"lazy\" decoding=\"async\" width=\"150\" height=\"150\" src=\"https:\/\/klaasikunst.ee\/wp-content\/uploads\/2014\/12\/10731056_758249474210206_1943900496678196251_n-150x150.jpg\" class=\"attachment-thumbnail size-thumbnail\" alt=\"\" \/><\/a>\n\t\t\t<\/dt><\/dl><dl class='gallery-item'>\n\t\t\t<dt class='gallery-icon landscape'>\n\t\t\t\t<a href='https:\/\/klaasikunst.ee\/wp-content\/uploads\/2014\/07\/IMGP1160-e1413355137290.jpg'><img loading=\"lazy\" decoding=\"async\" width=\"150\" height=\"150\" src=\"https:\/\/klaasikunst.ee\/wp-content\/uploads\/2014\/07\/IMGP1160-150x150.jpg\" class=\"attachment-thumbnail size-thumbnail\" alt=\"\" \/><\/a>\n\t\t\t<\/dt><\/dl>\n\t\t\t<br style='clear: both' \/>\n\t\t<\/div>\n\n<\/div>\n","protected":false},"excerpt":{"rendered":"<p>E-post\u00a0kati [dot] kerstna [at] gmail [dot] com Tel: +372 529 0779 Koduleht: katikerstna.ee Kati Kerstna (1970)\u2028s\u00fcveneb oma t\u00f6\u00f6des praegu toimuvale &#8211; ajaj\u00e4rgule, mida saab vast nimetada antropotseenseks plahvatuseks. Inimkonna geoloogilises plaanis \u00fclikiire areng ja l\u00f5puni ettearvamatu m\u00f5ju elukeskkonnale. Aeg, mil tehisliku (inimtekkelise) materjali osakaal on suurem elusast materjalist, mil ookeanides olev praht \u00fcletab oma koguselt [&hellip;]<\/p>\n","protected":false},"author":1,"featured_media":0,"parent":154,"menu_order":0,"comment_status":"closed","ping_status":"closed","template":"","meta":{"footnotes":""},"class_list":["post-1132","page","type-page","status-publish","hentry"],"aioseo_notices":[],"_links":{"self":[{"href":"https:\/\/klaasikunst.ee\/index.php?rest_route=\/wp\/v2\/pages\/1132","targetHints":{"allow":["GET"]}}],"collection":[{"href":"https:\/\/klaasikunst.ee\/index.php?rest_route=\/wp\/v2\/pages"}],"about":[{"href":"https:\/\/klaasikunst.ee\/index.php?rest_route=\/wp\/v2\/types\/page"}],"author":[{"embeddable":true,"href":"https:\/\/klaasikunst.ee\/index.php?rest_route=\/wp\/v2\/users\/1"}],"replies":[{"embeddable":true,"href":"https:\/\/klaasikunst.ee\/index.php?rest_route=%2Fwp%2Fv2%2Fcomments&post=1132"}],"version-history":[{"count":12,"href":"https:\/\/klaasikunst.ee\/index.php?rest_route=\/wp\/v2\/pages\/1132\/revisions"}],"predecessor-version":[{"id":7661,"href":"https:\/\/klaasikunst.ee\/index.php?rest_route=\/wp\/v2\/pages\/1132\/revisions\/7661"}],"up":[{"embeddable":true,"href":"https:\/\/klaasikunst.ee\/index.php?rest_route=\/wp\/v2\/pages\/154"}],"wp:attachment":[{"href":"https:\/\/klaasikunst.ee\/index.php?rest_route=%2Fwp%2Fv2%2Fmedia&parent=1132"}],"curies":[{"name":"wp","href":"https:\/\/api.w.org\/{rel}","templated":true}]}}