{"id":1130,"date":"2015-05-09T09:50:26","date_gmt":"2013-11-04T17:30:55","guid":{"rendered":"http:\/\/klaasikunst.ee\/?page_id=1130"},"modified":"2013-11-05T14:38:58","modified_gmt":"2013-11-05T14:38:58","slug":"viivi-ann-keerdo","status":"publish","type":"page","link":"https:\/\/klaasikunst.ee\/?page_id=1130","title":{"rendered":"Viivi-Ann Keerdo"},"content":{"rendered":"<p><a href=\"http:\/\/klaasikunst.ee\/wp-content\/uploads\/2013\/11\/4.png\"><img loading=\"lazy\" decoding=\"async\" class=\"size-medium wp-image-1219 alignright\" alt=\"4\" src=\"http:\/\/klaasikunst.ee\/wp-content\/uploads\/2013\/11\/4-300x200.png\" width=\"300\" height=\"200\" srcset=\"https:\/\/klaasikunst.ee\/wp-content\/uploads\/2013\/11\/4-300x200.png 300w, https:\/\/klaasikunst.ee\/wp-content\/uploads\/2013\/11\/4.png 420w\" sizes=\"auto, (max-width: 300px) 100vw, 300px\" \/><\/a> <a href=\"http:\/\/klaasikunst.ee\/wp-content\/uploads\/2013\/11\/5.png\"><img loading=\"lazy\" decoding=\"async\" class=\"size-medium wp-image-1220 alignright\" alt=\"5\" src=\"http:\/\/klaasikunst.ee\/wp-content\/uploads\/2013\/11\/5-300x300.png\" width=\"300\" height=\"300\" srcset=\"https:\/\/klaasikunst.ee\/wp-content\/uploads\/2013\/11\/5-300x300.png 300w, https:\/\/klaasikunst.ee\/wp-content\/uploads\/2013\/11\/5-150x150.png 150w, https:\/\/klaasikunst.ee\/wp-content\/uploads\/2013\/11\/5.png 400w\" sizes=\"auto, (max-width: 300px) 100vw, 300px\" \/><\/a><a href=\"http:\/\/klaasikunst.ee\/wp-content\/uploads\/2013\/11\/352.png\"><img loading=\"lazy\" decoding=\"async\" class=\"size-medium wp-image-1330 alignright\" alt=\"352\" src=\"http:\/\/klaasikunst.ee\/wp-content\/uploads\/2013\/11\/352-300x200.png\" width=\"300\" height=\"200\" srcset=\"https:\/\/klaasikunst.ee\/wp-content\/uploads\/2013\/11\/352-300x200.png 300w, https:\/\/klaasikunst.ee\/wp-content\/uploads\/2013\/11\/352.png 545w\" sizes=\"auto, (max-width: 300px) 100vw, 300px\" \/><\/a> <a href=\"http:\/\/klaasikunst.ee\/wp-content\/uploads\/2013\/11\/351.png\"><img loading=\"lazy\" decoding=\"async\" class=\"size-medium wp-image-1329 alignright\" alt=\"351\" src=\"http:\/\/klaasikunst.ee\/wp-content\/uploads\/2013\/11\/351-300x200.png\" width=\"300\" height=\"200\" srcset=\"https:\/\/klaasikunst.ee\/wp-content\/uploads\/2013\/11\/351-300x200.png 300w, https:\/\/klaasikunst.ee\/wp-content\/uploads\/2013\/11\/351.png 545w\" sizes=\"auto, (max-width: 300px) 100vw, 300px\" \/><\/a><a href=\"http:\/\/klaasikunst.ee\/wp-content\/uploads\/2013\/11\/304.png\"><img loading=\"lazy\" decoding=\"async\" class=\"size-medium wp-image-811 alignright\" alt=\"304\" src=\"http:\/\/klaasikunst.ee\/wp-content\/uploads\/2013\/11\/304-300x225.png\" width=\"300\" height=\"225\" srcset=\"https:\/\/klaasikunst.ee\/wp-content\/uploads\/2013\/11\/304-300x225.png 300w, https:\/\/klaasikunst.ee\/wp-content\/uploads\/2013\/11\/304.png 545w\" sizes=\"auto, (max-width: 300px) 100vw, 300px\" \/><\/a><br \/>\ne-mail:\u00a0<a href=\"javascript:secureDecryptAndNavigate('GmDEkZ6L0uol9iOxk0jEBqWh+yGubd9Xzj7Y3nNP6hZOqSNnNHAoLiinx1nHj5Yz84ESIrFGRqt3lTKur41MAKipRYpd5OSdMko=', '3676280a68af271c25ee9598e755fddfbbd9da6cbad6358d6a6319c7119140f6')\">annkeerdo [at] gmail [dot] com<\/a><br \/>\ntelefon: 644 84 04<\/p>\n<p>CV<br \/>\nHaridus:<br \/>\n1975 Eesti Riiklik Kunstiinstituut, klaasikunsti eriala<br \/>\nTeenistusk\u00e4ik:<br \/>\n1991- klaasikoda \u201cKoppel &amp; Keerdo Klaasikoja O\u00dc\u201d<br \/>\n1989- vabakutseline kunstnik<br \/>\n1975-1989 kunstnik, tehas \u201eEstoplast\u201c<\/p>\n<p>Kuuluvus liitudesse:<br \/>\n2001- kunstnike \u00fchenduse \u201eMUHU KESS\u201c liige<br \/>\n1995- Katariina Gildi liige<br \/>\n1990- \u201eON\u201c- grupi asutajaliige<br \/>\n1984- Eesti Kunstnike Liidu liige<\/p>\n<p>Isikn\u00e4itused:<br \/>\n2007 &#8220;Aed&#8221;, Haapsalu Kultuurikeskus<br \/>\n2006 \u201eAed Aias\u201c, Tallinna Botaanikaaia palmimaja, Tallinn<br \/>\n1999 Hansa Galerii, Kuressaare, Eesti<br \/>\n1997 Valga Kultuurikeskus, Valga, Eesti<br \/>\n1993 L\u00fchikese Jala Galerii, Tallinn<br \/>\n1985 Draakoni Galerii, Tallinn<br \/>\n1982 Tallinna Linnamuuseum, Tallinn<\/p>\n<p>Grupi- ja \u00fcldn\u00e4itused:<br \/>\n2007 &#8220;Klaasi\u00f6\u00f6 Berliinis&#8221;, Glasbr\u00fccke Berlin, Saksamaa<br \/>\n2007 &#8220;Ringk\u00e4ik&#8221;, Albu m\u00f5is, J\u00e4rvamaa<br \/>\n2007&#8243;Muhu kunstnikud Koguva Kunstitallis ll&#8221;<br \/>\n2007 Eesti klaasikunst 70: K\u00fcmne aasta paremik (1996-2006), Tarbekunsti- ja Disainimuuseum, Tallinn<br \/>\n2006 \u201eBeautiful\u201c, KU galerii, Tallinn<br \/>\n2005 \u201eKunstnikud Muhus\u201c, Koguva k\u00fcla, Muhu<br \/>\n2004 Katariina Gildi n\u00e4itus, Saint-Syr-Sur-Loire, Loches, Prantsusmaa<br \/>\n2003-2004 \u201eON\u201c-grupi n\u00e4itus \u201eRoos on roos\u201c, Tallinn, P\u00e4rnu, Haapsalu<br \/>\n2003 \u201cK\u00e4ttev\u00f5tmise asi\u201d, Tallinna Kunstihoone, Tallinn<br \/>\n2002 Katariina Gildi n\u00e4itus, St- Peterburg, Venemaa.<br \/>\n1999 Rahvusvaheline n\u00e4itus GAS EXPO II, Tampa, USA<br \/>\n1997 \u201eTarbetud asjad\u201c, rahvusvaheline tarbekunstitriennaal, Tallinn<br \/>\n1997 Katariina Gildi grupin\u00e4itus, Svanekeg\u00e5rden, Bornholm, Katrinegadesalen ja Silkeborg, Taani<br \/>\n1997 \u201cEesti klaas 60\u201d, Tallinna Kunstihoone, Tallinn<br \/>\n1994 Eesti klaasi n\u00e4itus, Hvittr\u00e4sk, Soome<br \/>\n1992 \u201cKvinnor Kan\u201d messi n\u00e4itus, Stockholm, Rootsi<br \/>\n1990 rahvusvaheline klaasikunsti n\u00e4itus, Dieulefit\u2019 Linnamuuseum, Prantsusmaa<br \/>\n1990, 1992, 1993, 1995, 1998 \u201eON\u201c-grupi n\u00e4itused Tallinn, Haapsalu<br \/>\n1990 \u201cGraveering eesti klaasikunstis\u201d, Tarbekunsti- ja Disainimuuseum, Tallinn<br \/>\n1987 Eesti kunsti n\u00e4itus, Moskva<br \/>\n1986 I Baltimaade Medalikunstitriennaal. Vilnius, Leedu<br \/>\n1979,1983 I, II Baltimaade tarbekunstitriennaal, Tallinn<br \/>\n1982, 1983, 1989 eesti klaasi \u00fclevaaten\u00e4itused, Tallinn, Tartu<br \/>\n1978 &#8211; tarbekunsti \u00fclevaaten\u00e4itused, Tallinn<\/p>\n<p>S\u00fcmpoosionid:<br \/>\n2006 Gus- Hrustaln\u00f5i klaasitehas 250, rahvusvaheline klaasis\u00fcmpoosion, Gus- Hrustaln\u00f5i, Venemaa<br \/>\n2006 IV Rahvusvaheline Kuuma Klaasi S\u00fcmpoosion, Evald Okase Muuseum, Haapsalu<br \/>\n2005 III Rahvusvaheline Kuuma Klaasi S\u00fcmpoosion &#8220;Valge Klaasi P\u00e4evad&#8221;, Evald Okase Muuseum, Haapsalu<br \/>\n2003 I Rahvusvaheline Kuuma Klaasi S\u00fcmpoosion \u201cTuli&amp;Vesi\u201d, Evald Okase Muuseum, Haapsalu<br \/>\n2002 rahvusvaheline klaasis\u00fcmpoosion, Zeb\u00e9geny, Ungari<br \/>\n1995, 1998, 2004 III, IV, VI rahvusvaheline puhutud klaasi s\u00fcmpoosion, Lvov, Ukraina<br \/>\n1993,1997 rahvusvaheline klaasis\u00fcmpoosion, B\u00e1rdudvarnok , Ungari<\/p>\n<p>Tunnustusi:<br \/>\n1993 Tallinna aastapreemia<br \/>\n1990, 2005 Corning\u2019i Klaasimuuseumi konkurss, USA \u2013 valitud t\u00f6\u00f6d<br \/>\n1993- Eesti Vabariigi Aasta Naise r\u00e4ndauhinna autor<\/p>\n<p>T\u00f6\u00f6d kogudes:<br \/>\nEesti Tarbekunsti- ja Disainimuuseum,Tallinn; Eesti Ajaloomuuseum, Tallinn; Tallinna Linnamuuseum, Tallinn; Kaposv\u00e1ri Muuseum, Ungari; Lvovi Klaasimuuseum, Ukraina;<\/p>\n","protected":false},"excerpt":{"rendered":"<p>e-mail:\u00a0annkeerdo [at] gmail [dot] com telefon: 644 84 04 CV Haridus: 1975 Eesti Riiklik Kunstiinstituut, klaasikunsti eriala Teenistusk\u00e4ik: 1991- klaasikoda \u201cKoppel &amp; Keerdo Klaasikoja O\u00dc\u201d 1989- vabakutseline kunstnik 1975-1989 kunstnik, tehas \u201eEstoplast\u201c Kuuluvus liitudesse: 2001- kunstnike \u00fchenduse \u201eMUHU KESS\u201c liige 1995- Katariina Gildi liige 1990- \u201eON\u201c- grupi asutajaliige 1984- Eesti Kunstnike Liidu liige Isikn\u00e4itused: 2007 [&hellip;]<\/p>\n","protected":false},"author":1,"featured_media":0,"parent":154,"menu_order":0,"comment_status":"closed","ping_status":"closed","template":"","meta":{"footnotes":""},"class_list":["post-1130","page","type-page","status-publish","hentry"],"aioseo_notices":[],"_links":{"self":[{"href":"https:\/\/klaasikunst.ee\/index.php?rest_route=\/wp\/v2\/pages\/1130","targetHints":{"allow":["GET"]}}],"collection":[{"href":"https:\/\/klaasikunst.ee\/index.php?rest_route=\/wp\/v2\/pages"}],"about":[{"href":"https:\/\/klaasikunst.ee\/index.php?rest_route=\/wp\/v2\/types\/page"}],"author":[{"embeddable":true,"href":"https:\/\/klaasikunst.ee\/index.php?rest_route=\/wp\/v2\/users\/1"}],"replies":[{"embeddable":true,"href":"https:\/\/klaasikunst.ee\/index.php?rest_route=%2Fwp%2Fv2%2Fcomments&post=1130"}],"version-history":[{"count":4,"href":"https:\/\/klaasikunst.ee\/index.php?rest_route=\/wp\/v2\/pages\/1130\/revisions"}],"predecessor-version":[{"id":1538,"href":"https:\/\/klaasikunst.ee\/index.php?rest_route=\/wp\/v2\/pages\/1130\/revisions\/1538"}],"up":[{"embeddable":true,"href":"https:\/\/klaasikunst.ee\/index.php?rest_route=\/wp\/v2\/pages\/154"}],"wp:attachment":[{"href":"https:\/\/klaasikunst.ee\/index.php?rest_route=%2Fwp%2Fv2%2Fmedia&parent=1130"}],"curies":[{"name":"wp","href":"https:\/\/api.w.org\/{rel}","templated":true}]}}