{"id":1128,"date":"2015-05-09T09:48:05","date_gmt":"2013-11-04T17:29:42","guid":{"rendered":"http:\/\/klaasikunst.ee\/?page_id=1128"},"modified":"2026-02-17T13:12:08","modified_gmt":"2026-02-17T11:12:08","slug":"malle-karik-hallimae","status":"publish","type":"page","link":"https:\/\/klaasikunst.ee\/?page_id=1128","title":{"rendered":"Malle Karik-Hallim\u00e4e"},"content":{"rendered":"<div id=\"attachment_5802\" style=\"width: 310px\" class=\"wp-caption alignright\"><a href=\"http:\/\/klaasikunst.ee\/wp-content\/uploads\/2022\/01\/Kyllus_Malle-Karik-Hallimae_2-1.jpg\"><img loading=\"lazy\" decoding=\"async\" aria-describedby=\"caption-attachment-5802\" class=\"size-medium wp-image-5802\" src=\"http:\/\/klaasikunst.ee\/wp-content\/uploads\/2022\/01\/Kyllus_Malle-Karik-Hallimae_2-1-300x225.jpg\" alt=\"\" width=\"300\" height=\"225\" srcset=\"https:\/\/klaasikunst.ee\/wp-content\/uploads\/2022\/01\/Kyllus_Malle-Karik-Hallimae_2-1-300x225.jpg 300w, https:\/\/klaasikunst.ee\/wp-content\/uploads\/2022\/01\/Kyllus_Malle-Karik-Hallimae_2-1-1024x768.jpg 1024w, https:\/\/klaasikunst.ee\/wp-content\/uploads\/2022\/01\/Kyllus_Malle-Karik-Hallimae_2-1-768x576.jpg 768w, https:\/\/klaasikunst.ee\/wp-content\/uploads\/2022\/01\/Kyllus_Malle-Karik-Hallimae_2-1-624x468.jpg 624w, https:\/\/klaasikunst.ee\/wp-content\/uploads\/2022\/01\/Kyllus_Malle-Karik-Hallimae_2-1.jpg 1200w\" sizes=\"auto, (max-width: 300px) 100vw, 300px\" \/><\/a><p id=\"caption-attachment-5802\" class=\"wp-caption-text\">Malle Karik-Hallim\u00e4e<\/p><\/div>\n<p>CV<br \/>\nMalle (Karik-) Hallim\u00e4e<br \/>\nS\u00fcndinud 21.12.1959\u2028Telefon\u00a0+372 56676358<br \/>\nEmail <a href=\"javascript:secureDecryptAndNavigate('Zpl2ErceXqQsyHBN7F8CIgwLLVlu4Z\/cSSogTBJSUNhxpDgofOAa8xF8nZhBwxdKi82vhW4LrOP6qmjJ0El6sE8FSZ0RT8mbxhX1h7oM', '3676280a68af271c25ee9598e755fddfbbd9da6cbad6358d6a6319c7119140f6')\">mallehallimae [at] gmail [dot] com<\/a><\/p>\n<p>Haridus:<br \/>\n1985 Eesti Riiklik Kunstiinstituut, klaasehist\u00f6\u00f6\u20281978 Tallinna 2.Keskkool (Reaalkool)<br \/>\n\u200bIsikn\u00e4itused:<br \/>\n1995 \u201eV\u00f5imalused\u201c, galerii Sammas, Tallinn<br \/>\n2012 \u201eM\u00f5te\u201c, Olustvere m\u00f5isa klaasi- ja keraamikakoja galerii, Olustvere\u20282013 \u201eM\u00f5te\u201c, Galerii PINK, Tallinn<br \/>\n2016 \u201eMeie klaas\u201c, koos Maie-Ann Raun\u2019iga Valga muuseum, Valga<br \/>\n2021 \u201eKimbatus\u201c koos Eili Soonega, Vana V\u00f5romaa Kultuurikoda<br \/>\n2023 \u201eKumab\u201c koos Eili Soonega, Rapla Kaasaegse Kunsti Keskus<\/p>\n<p>Grupin\u00e4itused (valikuliselt)<br \/>\n2025 Klaasi- ja graafikan\u00e4itus \u201eL\u00e4bir\u00e4\u00e4kimised\u201c P\u00e4rnu Uue Kunstimuuseum<br \/>\nEesti Klaasikunstnike \u00dchenduse (EKK\u00dc) aasta n\u00e4itus \u201eS\u00e4ravate asjade salajane hing\u201c\u2028 Viimsi Artium<br \/>\n2023 EKK\u00dc aastan\u00e4itus \u201eLegendide aeg\u201c Kondase muuseum, Viljandi<br \/>\n2022 Eesti Klaasikunstnike \u00dchenduse (EKK\u00dc) aastan\u00e4itus \u201eV\u00e4rv \u2013 PUNANE 2.0\u201c,<br \/>\nKohtla-J\u00e4rve P\u00f5levkivimuuseumi Valge Saal<br \/>\n2020 EKK\u00dc aastan\u00e4itus \u201eV\u00e4rv &#8211; PUNANE\u201c, ARS Projektiruum, Tallinn<br \/>\n2019 EKK\u00dc aastan\u00e4itus \u201eResonants\u201c, Vana-V\u00f5romaa Kultuurikoda, V\u00f5ru<br \/>\n2018 EKK\u00dc aastan\u00e4itus \u201eTULI KLAAS\u201c Hiiumaa Muuseum Pikk Maja, Hiiumaa<br \/>\n2017 EKK\u00dc aastan\u00e4itus \u201eK\u00fclm \u2013 Kuum\u201c, Kultuurikatel, Tallinn<br \/>\n2017 Klaasikunst Kohvikus \u201eAjavahe\u201c 7. Tallinna rakenduskunsti triennaali satelliitn\u00e4itus,\u2028 Wabaduse kohvik, Tallinn<br \/>\n2016 EKK\u00dc aastan\u00e4itus \u201eTsivilisatsioon 2: Aja p\u00fcksid\u201c, Tallinna Lennusadama akvaarium,<br \/>\nTallinn<br \/>\n2015 EKK\u00dc\u00a0aastan\u00e4itus \u201eHetk\u201c, J\u00e4rvakandi Hetkegalerii, J\u00e4rvakandi<br \/>\n2014 \u201eZU GAST: ESTLAND\u201c Eesti klaasikunst Saksamaal, Erstingi Klaasimuuseum, Coefeld,<br \/>\nSaksamaa<br \/>\n2013 \u201eLiivast oled sa v\u00f5etud\u201c Reigi pastoraat, Hiiumaa<br \/>\n2013 EKK\u00dc aastan\u00e4itus \u201eLinnutee\u201c, SEB pangahoone saal, Rakvere<br \/>\n2011 Eesti Klaasikunstnike \u00dchenduse aastan\u00e4itus \u201dPaar\u201d, Kullo galerii, Tallinn<br \/>\n2010 EKK\u00dc aastan\u00e4itus \u201eOlekud\u201c, Disaini- ja arhitektuurigalerii, Tallinn\u20282009 EKK\u00dc aastan\u00e4itus \u201eRahvuslik p\u00e4rand\u201c, P\u00e4rnu Linnagalerii,<br \/>\nP\u00e4rnu kontserdimaja, P\u00e4rnu<br \/>\n2009 \u201eRahvuslik p\u00e4rand\u201c Rakvere Galerii, Rakvere<br \/>\n2005 EKK\u00dc aastan\u00e4itus \u201eKatkised asjad\u201c, Tallinna Linnamuuseum,\u2028 Tallinn<br \/>\n2004 EKK\u00dc aastan\u00e4itus \u201eFookus\u201c, Hobusepea Galerii, Tallinn<br \/>\n2001 EKK\u00dc aastan\u00e4itus, Tallinna Raekoda, Tallinn<br \/>\n2000 \u201eKlaasikunst j\u00f5uluvalgel\u201c, Viljandi kunstisaal, Viljandi<br \/>\n1997 \u201eEesti klaas 60\u201c, Kunstihoone, Tallinn<br \/>\n1994 Pisiplastika n\u00e4itus, galerii \u201eSammas\u201c, Tallinn<br \/>\n1994 \u201eKlaasvormid ja siidimaal \u2013 Malle Karik-Hallim\u00e4e, Kadri Viires\u201c, Saaremaa muuseum,<br \/>\nKuressaare<br \/>\n1993 Tarbekunsti kevadn\u00e4itus, Kunstihoone, Tallinn<br \/>\n1992 \u201eNelja kunstniku n\u00e4itus\u201c Saaremaa muuseum, Kuressaare<br \/>\n1991 Tarbekunsti \u00fclevaaten\u00e4itus, Sakala konverentsikeskus, Tallinn<\/p>\n<p>Osalemine meistrikursustel ja koolitustel:<br \/>\n2020 Koolituskursus \u201eKlaasist k\u00e4sit\u00f6\u00f6toodete disainimine, valmistamine ja nende turundami-<br \/>\nne sotsiaalmeedias\u201c , juhendajad Eili Soon ja Raahel Apsalon, Olustvere Klaasikoda,<br \/>\nOlustvere<br \/>\n2018 Klaasisulatustehnika Pate de verre ehk klaasipasta \u00fchendamine klaasipuhumisega,<br \/>\njuhendaja Simone Fezer, Saksamaa, Olustvere Klaasikoda, Olustvere<br \/>\n2014 Koolituskursus \u201eMurano tehnikad ja roll-up mustrid\u201c, juhendaja Torsten R\u00f6tzsch,<br \/>\nSaksamaa, Olustvere Klaasikoda, Olustvere<\/p>\n<p>Kuulumine liitudesse ja organisatsioonidesse:\u2028Eesti Klaasikunstnike \u00dchendus<br \/>\nEesti Kunstnike Liit<br \/>\nMuu erialane tegevus:<br \/>\nEesti Klaasikunstnike \u00dchenduse juhataja 1997-2001 ja 2018 \u2013 2021<br \/>\nVIII \u00fcle-eestilise \u00f5pilaste kunstikonkursi-n\u00e4ituse \u201eMinu klaas -2015\u201c \u017e\u00fcrii liige<br \/>\nVII \u00fcle-eestilise \u00f5pilaste kunstikonkursi-n\u00e4ituse \u201eMinu klaas 2013\u201c \u017e\u00fcrii liige<\/p>\n\n\t\t<style type=\"text\/css\">\n\t\t\t#gallery-1 {\n\t\t\t\tmargin: auto;\n\t\t\t}\n\t\t\t#gallery-1 .gallery-item {\n\t\t\t\tfloat: left;\n\t\t\t\tmargin-top: 10px;\n\t\t\t\ttext-align: center;\n\t\t\t\twidth: 20%;\n\t\t\t}\n\t\t\t#gallery-1 img {\n\t\t\t\tborder: 2px solid #cfcfcf;\n\t\t\t}\n\t\t\t#gallery-1 .gallery-caption {\n\t\t\t\tmargin-left: 0;\n\t\t\t}\n\t\t\t\/* see gallery_shortcode() in wp-includes\/media.php *\/\n\t\t<\/style>\n\t\t<div id='gallery-1' class='gallery galleryid-1128 gallery-columns-5 gallery-size-thumbnail'><dl class='gallery-item'>\n\t\t\t<dt class='gallery-icon portrait'>\n\t\t\t\t<a href='https:\/\/klaasikunst.ee\/wp-content\/uploads\/2005\/12\/malle-hallim__e_001.jpg'><img loading=\"lazy\" decoding=\"async\" width=\"150\" height=\"150\" src=\"https:\/\/klaasikunst.ee\/wp-content\/uploads\/2005\/12\/malle-hallim__e_001-150x150.jpg\" class=\"attachment-thumbnail size-thumbnail\" alt=\"\" \/><\/a>\n\t\t\t<\/dt><\/dl><dl class='gallery-item'>\n\t\t\t<dt class='gallery-icon landscape'>\n\t\t\t\t<a href='https:\/\/klaasikunst.ee\/wp-content\/uploads\/2022\/01\/Kyllus_Malle-Karik-Hallimae_2-1.jpg'><img loading=\"lazy\" decoding=\"async\" width=\"150\" height=\"150\" src=\"https:\/\/klaasikunst.ee\/wp-content\/uploads\/2022\/01\/Kyllus_Malle-Karik-Hallimae_2-1-150x150.jpg\" class=\"attachment-thumbnail size-thumbnail\" alt=\"\" aria-describedby=\"gallery-1-5802\" \/><\/a>\n\t\t\t<\/dt>\n\t\t\t\t<dd class='wp-caption-text gallery-caption' id='gallery-1-5802'>\n\t\t\t\tMalle Karik-Hallim\u00e4e\n\t\t\t\t<\/dd><\/dl><dl class='gallery-item'>\n\t\t\t<dt class='gallery-icon landscape'>\n\t\t\t\t<a href='https:\/\/klaasikunst.ee\/wp-content\/uploads\/2016\/04\/hallimae.jpg'><img loading=\"lazy\" decoding=\"async\" width=\"150\" height=\"150\" src=\"https:\/\/klaasikunst.ee\/wp-content\/uploads\/2016\/04\/hallimae-150x150.jpg\" class=\"attachment-thumbnail size-thumbnail\" alt=\"\" \/><\/a>\n\t\t\t<\/dt><\/dl><dl class='gallery-item'>\n\t\t\t<dt class='gallery-icon landscape'>\n\t\t\t\t<a href='https:\/\/klaasikunst.ee\/wp-content\/uploads\/2019\/09\/IMGP4090.jpg'><img loading=\"lazy\" decoding=\"async\" width=\"150\" height=\"150\" src=\"https:\/\/klaasikunst.ee\/wp-content\/uploads\/2019\/09\/IMGP4090-150x150.jpg\" class=\"attachment-thumbnail size-thumbnail\" alt=\"\" \/><\/a>\n\t\t\t<\/dt><\/dl><dl class='gallery-item'>\n\t\t\t<dt class='gallery-icon portrait'>\n\t\t\t\t<a href='https:\/\/klaasikunst.ee\/wp-content\/uploads\/2023\/10\/01-JUL-2023-K-25.jpg'><img loading=\"lazy\" decoding=\"async\" width=\"150\" height=\"150\" src=\"https:\/\/klaasikunst.ee\/wp-content\/uploads\/2023\/10\/01-JUL-2023-K-25-150x150.jpg\" class=\"attachment-thumbnail size-thumbnail\" alt=\"\" \/><\/a>\n\t\t\t<\/dt><\/dl><br style=\"clear: both\" \/><dl class='gallery-item'>\n\t\t\t<dt class='gallery-icon landscape'>\n\t\t\t\t<a href='https:\/\/klaasikunst.ee\/wp-content\/uploads\/2023\/10\/01-JUL-2023-K-24.jpg'><img loading=\"lazy\" decoding=\"async\" width=\"150\" height=\"150\" src=\"https:\/\/klaasikunst.ee\/wp-content\/uploads\/2023\/10\/01-JUL-2023-K-24-150x150.jpg\" class=\"attachment-thumbnail size-thumbnail\" alt=\"\" \/><\/a>\n\t\t\t<\/dt><\/dl><dl class='gallery-item'>\n\t\t\t<dt class='gallery-icon landscape'>\n\t\t\t\t<a href='https:\/\/klaasikunst.ee\/wp-content\/uploads\/2023\/10\/01-JUL-2023-K-23.jpg'><img loading=\"lazy\" decoding=\"async\" width=\"150\" height=\"150\" src=\"https:\/\/klaasikunst.ee\/wp-content\/uploads\/2023\/10\/01-JUL-2023-K-23-150x150.jpg\" class=\"attachment-thumbnail size-thumbnail\" alt=\"\" \/><\/a>\n\t\t\t<\/dt><\/dl><dl class='gallery-item'>\n\t\t\t<dt class='gallery-icon portrait'>\n\t\t\t\t<a href='https:\/\/klaasikunst.ee\/wp-content\/uploads\/2023\/12\/P1042861.jpg'><img loading=\"lazy\" decoding=\"async\" width=\"150\" height=\"150\" src=\"https:\/\/klaasikunst.ee\/wp-content\/uploads\/2023\/12\/P1042861-150x150.jpg\" class=\"attachment-thumbnail size-thumbnail\" alt=\"\" \/><\/a>\n\t\t\t<\/dt><\/dl><dl class='gallery-item'>\n\t\t\t<dt class='gallery-icon portrait'>\n\t\t\t\t<a href='https:\/\/klaasikunst.ee\/wp-content\/uploads\/2022\/05\/281649977_5488466457832626_2385899776358628250_n.jpg'><img loading=\"lazy\" decoding=\"async\" width=\"150\" height=\"150\" src=\"https:\/\/klaasikunst.ee\/wp-content\/uploads\/2022\/05\/281649977_5488466457832626_2385899776358628250_n-150x150.jpg\" class=\"attachment-thumbnail size-thumbnail\" alt=\"\" \/><\/a>\n\t\t\t<\/dt><\/dl>\n\t\t\t<br style='clear: both' \/>\n\t\t<\/div>\n\n","protected":false},"excerpt":{"rendered":"<p>CV Malle (Karik-) Hallim\u00e4e S\u00fcndinud 21.12.1959\u2028Telefon\u00a0+372 56676358 Email mallehallimae [at] gmail [dot] com Haridus: 1985 Eesti Riiklik Kunstiinstituut, klaasehist\u00f6\u00f6\u20281978 Tallinna 2.Keskkool (Reaalkool) \u200bIsikn\u00e4itused: 1995 \u201eV\u00f5imalused\u201c, galerii Sammas, Tallinn 2012 \u201eM\u00f5te\u201c, Olustvere m\u00f5isa klaasi- ja keraamikakoja galerii, Olustvere\u20282013 \u201eM\u00f5te\u201c, Galerii PINK, Tallinn 2016 \u201eMeie klaas\u201c, koos Maie-Ann Raun\u2019iga Valga muuseum, Valga 2021 \u201eKimbatus\u201c koos Eili Soonega, [&hellip;]<\/p>\n","protected":false},"author":1,"featured_media":0,"parent":154,"menu_order":0,"comment_status":"closed","ping_status":"closed","template":"","meta":{"footnotes":""},"class_list":["post-1128","page","type-page","status-publish","hentry"],"aioseo_notices":[],"_links":{"self":[{"href":"https:\/\/klaasikunst.ee\/index.php?rest_route=\/wp\/v2\/pages\/1128","targetHints":{"allow":["GET"]}}],"collection":[{"href":"https:\/\/klaasikunst.ee\/index.php?rest_route=\/wp\/v2\/pages"}],"about":[{"href":"https:\/\/klaasikunst.ee\/index.php?rest_route=\/wp\/v2\/types\/page"}],"author":[{"embeddable":true,"href":"https:\/\/klaasikunst.ee\/index.php?rest_route=\/wp\/v2\/users\/1"}],"replies":[{"embeddable":true,"href":"https:\/\/klaasikunst.ee\/index.php?rest_route=%2Fwp%2Fv2%2Fcomments&post=1128"}],"version-history":[{"count":5,"href":"https:\/\/klaasikunst.ee\/index.php?rest_route=\/wp\/v2\/pages\/1128\/revisions"}],"predecessor-version":[{"id":7654,"href":"https:\/\/klaasikunst.ee\/index.php?rest_route=\/wp\/v2\/pages\/1128\/revisions\/7654"}],"up":[{"embeddable":true,"href":"https:\/\/klaasikunst.ee\/index.php?rest_route=\/wp\/v2\/pages\/154"}],"wp:attachment":[{"href":"https:\/\/klaasikunst.ee\/index.php?rest_route=%2Fwp%2Fv2%2Fmedia&parent=1128"}],"curies":[{"name":"wp","href":"https:\/\/api.w.org\/{rel}","templated":true}]}}