{"id":1120,"date":"2015-05-09T09:06:27","date_gmt":"2013-11-04T17:24:08","guid":{"rendered":"http:\/\/klaasikunst.ee\/?page_id=1120"},"modified":"2013-11-05T14:35:39","modified_gmt":"2013-11-05T14:35:39","slug":"eha-pilvi-jogi","status":"publish","type":"page","link":"https:\/\/klaasikunst.ee\/?page_id=1120","title":{"rendered":"Eha-Pilvi J\u00f5gi"},"content":{"rendered":"<p><a href=\"http:\/\/klaasikunst.ee\/wp-content\/uploads\/2013\/11\/440.png\"><img loading=\"lazy\" decoding=\"async\" class=\"size-medium wp-image-1363 alignright\" alt=\"440\" src=\"http:\/\/klaasikunst.ee\/wp-content\/uploads\/2013\/11\/440-300x220.png\" width=\"300\" height=\"220\" srcset=\"https:\/\/klaasikunst.ee\/wp-content\/uploads\/2013\/11\/440-300x220.png 300w, https:\/\/klaasikunst.ee\/wp-content\/uploads\/2013\/11\/440.png 545w\" sizes=\"auto, (max-width: 300px) 100vw, 300px\" \/><\/a> <a href=\"http:\/\/klaasikunst.ee\/wp-content\/uploads\/2013\/11\/434.png\"><img loading=\"lazy\" decoding=\"async\" class=\"size-medium wp-image-1360 alignright\" alt=\"434\" src=\"http:\/\/klaasikunst.ee\/wp-content\/uploads\/2013\/11\/434-300x213.png\" width=\"300\" height=\"213\" srcset=\"https:\/\/klaasikunst.ee\/wp-content\/uploads\/2013\/11\/434-300x213.png 300w, https:\/\/klaasikunst.ee\/wp-content\/uploads\/2013\/11\/434.png 545w\" sizes=\"auto, (max-width: 300px) 100vw, 300px\" \/><\/a> <a href=\"http:\/\/klaasikunst.ee\/wp-content\/uploads\/2013\/11\/439.png\"><img loading=\"lazy\" decoding=\"async\" class=\"size-medium wp-image-1362 alignright\" alt=\"439\" src=\"http:\/\/klaasikunst.ee\/wp-content\/uploads\/2013\/11\/439-300x215.png\" width=\"300\" height=\"215\" srcset=\"https:\/\/klaasikunst.ee\/wp-content\/uploads\/2013\/11\/439-300x215.png 300w, https:\/\/klaasikunst.ee\/wp-content\/uploads\/2013\/11\/439.png 545w\" sizes=\"auto, (max-width: 300px) 100vw, 300px\" \/><\/a> <a href=\"http:\/\/klaasikunst.ee\/wp-content\/uploads\/2013\/11\/435.png\"><img loading=\"lazy\" decoding=\"async\" class=\"size-medium wp-image-1361 alignright\" alt=\"435\" src=\"http:\/\/klaasikunst.ee\/wp-content\/uploads\/2013\/11\/435-300x215.png\" width=\"300\" height=\"215\" srcset=\"https:\/\/klaasikunst.ee\/wp-content\/uploads\/2013\/11\/435-300x215.png 300w, https:\/\/klaasikunst.ee\/wp-content\/uploads\/2013\/11\/435.png 545w\" sizes=\"auto, (max-width: 300px) 100vw, 300px\" \/><\/a> <a href=\"http:\/\/klaasikunst.ee\/wp-content\/uploads\/2013\/11\/433.png\"><img loading=\"lazy\" decoding=\"async\" class=\"size-medium wp-image-1359 alignright\" alt=\"433\" src=\"http:\/\/klaasikunst.ee\/wp-content\/uploads\/2013\/11\/433-300x224.png\" width=\"300\" height=\"224\" srcset=\"https:\/\/klaasikunst.ee\/wp-content\/uploads\/2013\/11\/433-300x224.png 300w, https:\/\/klaasikunst.ee\/wp-content\/uploads\/2013\/11\/433.png 545w\" sizes=\"auto, (max-width: 300px) 100vw, 300px\" \/><\/a> <a href=\"http:\/\/klaasikunst.ee\/wp-content\/uploads\/2013\/11\/432.png\"><img loading=\"lazy\" decoding=\"async\" class=\"size-medium wp-image-1358 alignright\" alt=\"432\" src=\"http:\/\/klaasikunst.ee\/wp-content\/uploads\/2013\/11\/432-300x199.png\" width=\"300\" height=\"199\" srcset=\"https:\/\/klaasikunst.ee\/wp-content\/uploads\/2013\/11\/432-300x199.png 300w, https:\/\/klaasikunst.ee\/wp-content\/uploads\/2013\/11\/432.png 545w\" sizes=\"auto, (max-width: 300px) 100vw, 300px\" \/><\/a><br \/>\ntelefon: 637 64 63<br \/>\n<a href=\"http:\/\/picasaweb.google.com\/klaasikunstnikud\/EhaPilviJGi#  \">Valik fotosid teostest<\/a><\/p>\n<p>CV<br \/>\nS\u00fcndinud 8.06.1936 Tallinnas<br \/>\nHaridus: 1962-1968 ERKI klaasi eriala<\/p>\n<p>Teenistusk\u00e4ik:<br \/>\n1994-2000 \u00f5ppeabi-metoodik, Tallinna Tehnika\u00fclikooli Majandusarvestuse Instituut<br \/>\n1982-1992 kunstiline toimetaja, \u201cEesti Ents\u00fcklopeedia\u201d<br \/>\n1975-1982 kunstnik, \u00dcleliidulise Rahvatarbekaupade N\u00e4idispaviljoni Eesti Filiaal<br \/>\n1969-1975 kunstnik, klaasitehas \u201cKrasn\u00f5i Mai\u201d, V\u00f5\u0161ni Volot\u0161ok, Venemaa<br \/>\n1967-1969 kunstnik, teeninduskombinaat &#8220;T\u00f6\u00f6&#8221;<\/p>\n<p>Alates 1973 Kunstnike Liidu liige<br \/>\nTegevusalad: t\u00f6\u00f6stustoodangu kujundamine, kuumt\u00f6\u00f6tlus, vitraazh<\/p>\n<p>\u00dcldn\u00e4itused:<br \/>\n2005 &#8220;Katkised asjad&#8221;, Jaani Seek, Tallinn<br \/>\n2004 &#8220;Fookus&#8221;, Hobusepea galerii, Tallinn<br \/>\n2004 &#8220;Maritima&#8221;, Evald Okase Muuseum, Haapsalu<br \/>\n2003 &#8220;Vaagen&#8221;, Hobusepea galerii, Tallinn<br \/>\n1997 &#8220;Eesti klaasikunst 60&#8221;, Kunstihoone, Tallinn<br \/>\n1982, 1989 Balti triennaalid, Tallinna Lillepaviljon<br \/>\n1975 klaasin\u00e4itus, Tartu<br \/>\n1968, 1970 &#8220;Maks Roosma ja tema koolkond&#8221;, Tallinna Linnamuuseum<br \/>\n1979, 1983, 1985 Baltimaade tarbekunsti triennaalid<br \/>\n1976 Eesti tarbekunsti n\u00e4itus, Leningrad<br \/>\n1973 Balti vabariikide tarbekunsti n\u00e4itus, Moskva<br \/>\n1972 Eesti tarbekunsti n\u00e4itus, Jo\u0161kar-Ola, Mari ANSV<br \/>\n1970-1975, 1977, 1982 Vabariiklik tarbekunstin\u00e4itus, Tallinn<br \/>\n1969 Vabariiklik tarbekunstin\u00e4itus, Tartu<br \/>\n1968 Vabariiklik skulptuuri- ja monumentaalkunsti n\u00e4itus, Tallinna Lillepaviljon<br \/>\n1968 ERKI \u00f5pilas- ja diplomit\u00f6\u00f6de n\u00e4itus, Leningrad<br \/>\n1967 ERKI \u00f5pilas- ja diplomit\u00f6\u00f6de n\u00e4itus, Tallinn<\/p>\n<p>Grupin\u00e4itused (koos Vene klaasikunstnikega):<br \/>\n1974 \u00dcleliiduline t\u00f6\u00f6stuskunsti n\u00e4itus, Manee\u017e, Moskva (diplom)<br \/>\n1974 n\u00e4itus Prahas<br \/>\n1973 n\u00e4itus Br\u00fcsselis<br \/>\n1973 noorten\u00e4itus, Kalinini kunstigalerii, Tver<br \/>\n1973 Vene F\u00f6deratsiooni Vabariiklike klaasivabrikute n\u00e4itus, Moskva (diplom)<br \/>\n1972 \u00dcleliiduline noorte kunstin\u00e4itus, Akademia Hudo\u0161estve SSR, Moskva<br \/>\n1972 klaasitehase \u201cKrasn\u00f5i Mai\u201dkunstnike n\u00e4itus, Gorki tn. salong, Moskva<br \/>\n1972 klaasitehase \u201cKrasn\u00f5i Mai\u201dkunstnike n\u00e4itus, Moskva Kunstnike Maja<\/p>\n<p>Isikun\u00e4itused:<br \/>\n2006 Retrospektiivn\u00e4itus, Ardu P\u00f5hikool<br \/>\n1972 Tveri Kunstigalerii, Venemaa<br \/>\n1973 Tallinna Kunstihoone v\u00e4ike saal<\/p>\n<p>Tunnustusi:<br \/>\n1978 ergutusauhind, Tallinna Niguliste kiriku vitraazhikavandite konkurss<br \/>\n1974 NSVL Ministrite N\u00f5ukogu diplom &#8220;\u00dcleliiduline t\u00f6\u00f6stuskunst Moskvas&#8221;<br \/>\n1973 preemia, Vene F\u00f6deratsiooni vabariiklik klaasin\u00e4itus, Moskva<br \/>\n1970 diplom, rahvamajanduse n\u00e4itus &#8220;T\u00f6\u00f6stuskunst NSVL-s&#8221;<\/p>\n<p>Teoseid omavad:<br \/>\nEesti Tarbekunsti- ja Disainimuuseum, Eesti Kunstifond, Tallinna Linnamuuseum; Tveri Kunstigalerii, Venemaa; V\u00f5\u0161ni Volot\u0161oki koduloomuuseum, Venemaa; &#8220;Krasn\u00f5i Mai&#8221; vabrikumuuseum, Venemaa; erakogud Kanadas, USA-s, Rootsis<\/p>\n","protected":false},"excerpt":{"rendered":"<p>telefon: 637 64 63 Valik fotosid teostest CV S\u00fcndinud 8.06.1936 Tallinnas Haridus: 1962-1968 ERKI klaasi eriala Teenistusk\u00e4ik: 1994-2000 \u00f5ppeabi-metoodik, Tallinna Tehnika\u00fclikooli Majandusarvestuse Instituut 1982-1992 kunstiline toimetaja, \u201cEesti Ents\u00fcklopeedia\u201d 1975-1982 kunstnik, \u00dcleliidulise Rahvatarbekaupade N\u00e4idispaviljoni Eesti Filiaal 1969-1975 kunstnik, klaasitehas \u201cKrasn\u00f5i Mai\u201d, V\u00f5\u0161ni Volot\u0161ok, Venemaa 1967-1969 kunstnik, teeninduskombinaat &#8220;T\u00f6\u00f6&#8221; Alates 1973 Kunstnike Liidu liige Tegevusalad: t\u00f6\u00f6stustoodangu kujundamine, [&hellip;]<\/p>\n","protected":false},"author":1,"featured_media":0,"parent":154,"menu_order":0,"comment_status":"closed","ping_status":"closed","template":"","meta":{"footnotes":""},"class_list":["post-1120","page","type-page","status-publish","hentry"],"aioseo_notices":[],"_links":{"self":[{"href":"https:\/\/klaasikunst.ee\/index.php?rest_route=\/wp\/v2\/pages\/1120","targetHints":{"allow":["GET"]}}],"collection":[{"href":"https:\/\/klaasikunst.ee\/index.php?rest_route=\/wp\/v2\/pages"}],"about":[{"href":"https:\/\/klaasikunst.ee\/index.php?rest_route=\/wp\/v2\/types\/page"}],"author":[{"embeddable":true,"href":"https:\/\/klaasikunst.ee\/index.php?rest_route=\/wp\/v2\/users\/1"}],"replies":[{"embeddable":true,"href":"https:\/\/klaasikunst.ee\/index.php?rest_route=%2Fwp%2Fv2%2Fcomments&post=1120"}],"version-history":[{"count":4,"href":"https:\/\/klaasikunst.ee\/index.php?rest_route=\/wp\/v2\/pages\/1120\/revisions"}],"predecessor-version":[{"id":1537,"href":"https:\/\/klaasikunst.ee\/index.php?rest_route=\/wp\/v2\/pages\/1120\/revisions\/1537"}],"up":[{"embeddable":true,"href":"https:\/\/klaasikunst.ee\/index.php?rest_route=\/wp\/v2\/pages\/154"}],"wp:attachment":[{"href":"https:\/\/klaasikunst.ee\/index.php?rest_route=%2Fwp%2Fv2%2Fmedia&parent=1120"}],"curies":[{"name":"wp","href":"https:\/\/api.w.org\/{rel}","templated":true}]}}