{"id":1114,"date":"2015-05-09T09:03:32","date_gmt":"2013-11-04T17:21:44","guid":{"rendered":"http:\/\/klaasikunst.ee\/?page_id=1114"},"modified":"2025-11-12T13:53:10","modified_gmt":"2025-11-12T11:53:10","slug":"piret-ellamaa","status":"publish","type":"page","link":"https:\/\/klaasikunst.ee\/?page_id=1114","title":{"rendered":"Piret Ellamaa"},"content":{"rendered":"<div id=\"attachment_1384\" style=\"width: 310px\" class=\"wp-caption alignright\"><a href=\"http:\/\/klaasikunst.ee\/wp-content\/uploads\/2013\/11\/672.png\"><img loading=\"lazy\" decoding=\"async\" aria-describedby=\"caption-attachment-1384\" class=\"size-medium wp-image-1384 \" src=\"http:\/\/klaasikunst.ee\/wp-content\/uploads\/2013\/11\/672-300x263.png\" alt=\"672\" width=\"300\" height=\"263\" srcset=\"https:\/\/klaasikunst.ee\/wp-content\/uploads\/2013\/11\/672-300x263.png 300w, https:\/\/klaasikunst.ee\/wp-content\/uploads\/2013\/11\/672.png 545w\" sizes=\"auto, (max-width: 300px) 100vw, 300px\" \/><\/a><p id=\"caption-attachment-1384\" class=\"wp-caption-text\">Parandused, 2009<\/p><\/div>\n<p><a href=\"http:\/\/www.klaasjasavi.ee\/est\/piret-ellamaa\/\" target=\"_blank\" rel=\"nofollow noopener\">http:\/\/www.klaasjasavi.ee\/est\/piret-ellamaa\/<\/a><br \/>\ne-mail:\u00a0<a href=\"mailto:piret.ellamaa(at)mail.ee\">piret.ellamaa(at)mail.ee<\/a><br \/>\nGSM: +372 56633773<\/p>\n<p>CV<br \/>\nS\u00fcndinud: 12.12.1978<br \/>\nHARIDUS<br \/>\n2007 &#8211; 2009 Eesti Kunstiakadeemia, klaasikunsti eriala, magistri\u00f5pe<br \/>\n1999 &#8211; 2003 Tallinna Pedagoogika\u00fclikool, kunsti\u00f5petaja eriala, bakalaureuse\u00f5pe<br \/>\n1997 &#8211; 1999 Tallinna Sidekool, kujundaja-kunstniku abi<br \/>\n1986 &#8211; 1997 Rakke g\u00fcmnaasium<\/p>\n<p>T\u00d6\u00d6KOGEMUS<br \/>\n2011 &#8211; &#8230; Design Works, keraamik<br \/>\n2010 &#8211; &#8230; Tallinna Kesklinna Sotsiaalkeskus, klaasistuudio juhendaja<br \/>\n2006 &#8211; 2010 Lasnam\u00e4e Noorsoot\u00f6\u00f6keskus, klaasistuudio juhendaja<br \/>\n2009 &#8211; 2010 Twin Design, keraamik<br \/>\n2006 &#8211; 2008 Tallinna Keraamikatehas, tehnoloog-juhendaja<br \/>\n2004 &#8211; 2006 Twin Design, keraamikatoodete kunstnik-valmistaja<\/p>\n<div style=\"width: 224px\" class=\"wp-caption alignleft\"><a href=\"http:\/\/klaasikunst.ee\/wp-content\/uploads\/2013\/11\/671.png\"><img loading=\"lazy\" decoding=\"async\" src=\"http:\/\/klaasikunst.ee\/wp-content\/uploads\/2013\/11\/671-214x300.png\" alt=\"671\" width=\"214\" height=\"300\" \/><\/a><p class=\"wp-caption-text\">Seaduse nimel, 2012<\/p><\/div>\n<p>OSALEMINE N\u00c4ITUSTEL JA KONVERENTSIDEL<\/p>\n<p>2012 \u201eKaasaegne Eesti klaasikunst\u201d Jelagini saare tarbekunstimuuseum, Peterburi<br \/>\n2012 \u201eSuur haprus\u201d Tallinna Kunstihoone, Tallinn<br \/>\n2012 \u201eKaasaegne Eesti klaasikunst\u201d P\u00e4rnu Uuekunsti Muuseum, P\u00e4rnu<br \/>\n2012 \u201eKaasaegne Eesti Klaasikunst\u201d Eesti Tarbekunsti- ja Disainimuuseum, Tallinn<br \/>\n2012 \u201eKroonl\u00fchter\u201d Rapla Kaasaegse Kunsti Keskus, Rapla<br \/>\n2011 Klaasikunstnike \u00dchenduse aastan\u00e4itus \u201ePaar\u201d Kullo Lastegalerii, Tallinn<br \/>\n2011 \u201eRagulka\u201d Tallinna Kunstihoone, Tallinn<br \/>\n2010 Klaasikunstnike\u00fchenduse aastan\u00e4itus \u201eOlekud\u201d, Disaini ja Arhitektuuri galerii, Tallinn<br \/>\n2010 \u201eVibalik 25\u201d Uue Kunsti Muuseum, P\u00e4rnu<br \/>\n2010 \u201eVibalik 25\u201d Vabaduse galerii, Tallinn<br \/>\n2010 \u201eMees ja naine\u201d Uue Kunsti Muuseum, P\u00e4rnu<br \/>\n2009 \u201eKnow How\u201d EKAG Galerii, Tallinn<br \/>\n2009 \u201eStanislav Libensky Award Exhebition\u201d, Praha, T\u0161ehhi<br \/>\n2009 \u201ePocket Rocket\u201d Gerrit Rietveld Academie, Amsterdam, Holland<br \/>\n2009 \u201e Klaasikunstnike\u00fchenduse aastan\u00e4itus\u201d, P\u00e4rnu Linnagalerii<br \/>\n2009 \u201eTase\u201d, R\u00fc\u00fctelkonna hoone, Tallinn<br \/>\n2009 \u201eEesti n\u00e4gu\u201d, Kunstihoone Galerii<br \/>\n2008 \u201eIse olemine\u201d, Y-galerii, Tartu<br \/>\n2008 \u201eAjatuse j\u00e4lgedel\u201d, Kullo Lastegalerii, Tallinn<br \/>\n2003 \u201eAhne\u201d, Eesti-Soome \u00fcli\u00f5pilast\u00f6\u00f6de n\u00e4itus, Rahvusraamatukogu, Tallinn.<\/p>\n<div style=\"width: 310px\" class=\"wp-caption alignright\"><a href=\"http:\/\/klaasikunst.ee\/wp-content\/uploads\/2013\/11\/673.png\"><img loading=\"lazy\" decoding=\"async\" src=\"http:\/\/klaasikunst.ee\/wp-content\/uploads\/2013\/11\/673-300x200.png\" alt=\"673\" width=\"300\" height=\"200\" \/><\/a><p class=\"wp-caption-text\">Pesa, 2011<\/p><\/div>\n<p>2011 Rahvusvaheline klaasikonverents \u201c Next 100 years\u201d Helsinki, Soome<br \/>\n2009 Rahvusvaheline klaasikonverents \u201eScratching the Surface \u2013 Matters of Perception\u201d, Amsterdam, Holland<br \/>\n2007 Rahvusvaheline klaasihariduse konverents \u201cMeeting Point II. VITRA\u201d, Nancy ja Vannes-le-Chatel, Prantsusmaa<\/p>\n<p>TUNNUSTUSED<br \/>\n2010 Maks Roosma nimeline loominguline stipendium<\/p>\n<p>MUU<br \/>\nAastast 2009 Eesti Klaasikunstnike \u00dchenduse liige<br \/>\nMT\u00dc N\u00f5mme Klaasi- ja Keraamikastuudio juhatuse liige<\/p>\n<p><a href=\"http:\/\/klaasikunst.ee\/wp-content\/uploads\/2013\/10\/547.png\"><img loading=\"lazy\" decoding=\"async\" class=\"alignnone size-full wp-image-383\" src=\"http:\/\/klaasikunst.ee\/wp-content\/uploads\/2013\/10\/547.png\" alt=\"547\" width=\"545\" height=\"363\" srcset=\"https:\/\/klaasikunst.ee\/wp-content\/uploads\/2013\/10\/547.png 545w, https:\/\/klaasikunst.ee\/wp-content\/uploads\/2013\/10\/547-300x199.png 300w\" sizes=\"auto, (max-width: 545px) 100vw, 545px\" \/><\/a> <a href=\"http:\/\/klaasikunst.ee\/wp-content\/uploads\/2013\/10\/545.png\"><img loading=\"lazy\" decoding=\"async\" class=\"alignnone size-full wp-image-381\" src=\"http:\/\/klaasikunst.ee\/wp-content\/uploads\/2013\/10\/545.png\" alt=\"545\" width=\"545\" height=\"363\" srcset=\"https:\/\/klaasikunst.ee\/wp-content\/uploads\/2013\/10\/545.png 545w, https:\/\/klaasikunst.ee\/wp-content\/uploads\/2013\/10\/545-300x199.png 300w\" sizes=\"auto, (max-width: 545px) 100vw, 545px\" \/><\/a> <a href=\"http:\/\/klaasikunst.ee\/wp-content\/uploads\/2013\/10\/546.png\"><img loading=\"lazy\" decoding=\"async\" class=\"alignnone size-full wp-image-382\" src=\"http:\/\/klaasikunst.ee\/wp-content\/uploads\/2013\/10\/546.png\" alt=\"546\" width=\"545\" height=\"363\" srcset=\"https:\/\/klaasikunst.ee\/wp-content\/uploads\/2013\/10\/546.png 545w, https:\/\/klaasikunst.ee\/wp-content\/uploads\/2013\/10\/546-300x199.png 300w\" sizes=\"auto, (max-width: 545px) 100vw, 545px\" \/><\/a><\/p>\n","protected":false},"excerpt":{"rendered":"<p>http:\/\/www.klaasjasavi.ee\/est\/piret-ellamaa\/ e-mail:\u00a0piret.ellamaa(at)mail.ee GSM: +372 56633773 CV S\u00fcndinud: 12.12.1978 HARIDUS 2007 &#8211; 2009 Eesti Kunstiakadeemia, klaasikunsti eriala, magistri\u00f5pe 1999 &#8211; 2003 Tallinna Pedagoogika\u00fclikool, kunsti\u00f5petaja eriala, bakalaureuse\u00f5pe 1997 &#8211; 1999 Tallinna Sidekool, kujundaja-kunstniku abi 1986 &#8211; 1997 Rakke g\u00fcmnaasium T\u00d6\u00d6KOGEMUS 2011 &#8211; &#8230; Design Works, keraamik 2010 &#8211; &#8230; Tallinna Kesklinna Sotsiaalkeskus, klaasistuudio juhendaja 2006 &#8211; 2010 [&hellip;]<\/p>\n","protected":false},"author":1,"featured_media":0,"parent":154,"menu_order":0,"comment_status":"closed","ping_status":"closed","template":"","meta":{"footnotes":""},"class_list":["post-1114","page","type-page","status-publish","hentry"],"aioseo_notices":[],"_links":{"self":[{"href":"https:\/\/klaasikunst.ee\/index.php?rest_route=\/wp\/v2\/pages\/1114","targetHints":{"allow":["GET"]}}],"collection":[{"href":"https:\/\/klaasikunst.ee\/index.php?rest_route=\/wp\/v2\/pages"}],"about":[{"href":"https:\/\/klaasikunst.ee\/index.php?rest_route=\/wp\/v2\/types\/page"}],"author":[{"embeddable":true,"href":"https:\/\/klaasikunst.ee\/index.php?rest_route=\/wp\/v2\/users\/1"}],"replies":[{"embeddable":true,"href":"https:\/\/klaasikunst.ee\/index.php?rest_route=%2Fwp%2Fv2%2Fcomments&post=1114"}],"version-history":[{"count":8,"href":"https:\/\/klaasikunst.ee\/index.php?rest_route=\/wp\/v2\/pages\/1114\/revisions"}],"predecessor-version":[{"id":7282,"href":"https:\/\/klaasikunst.ee\/index.php?rest_route=\/wp\/v2\/pages\/1114\/revisions\/7282"}],"up":[{"embeddable":true,"href":"https:\/\/klaasikunst.ee\/index.php?rest_route=\/wp\/v2\/pages\/154"}],"wp:attachment":[{"href":"https:\/\/klaasikunst.ee\/index.php?rest_route=%2Fwp%2Fv2%2Fmedia&parent=1114"}],"curies":[{"name":"wp","href":"https:\/\/api.w.org\/{rel}","templated":true}]}}