{"id":1112,"date":"2015-05-09T09:02:07","date_gmt":"2013-11-04T17:20:55","guid":{"rendered":"http:\/\/klaasikunst.ee\/?page_id=1112"},"modified":"2014-02-04T13:28:43","modified_gmt":"2014-02-04T13:28:43","slug":"valentina-drovjannikova","status":"publish","type":"page","link":"https:\/\/klaasikunst.ee\/?page_id=1112","title":{"rendered":"Valentina Drovjannikova"},"content":{"rendered":"<p>telefon: +372 5027125<\/p>\n<p>S\u00fcndinud 16.06.1963, Riia, L\u00e4ti<br \/>\nHaridus: 1984-1990 ERKI-TK\u00dc klaasi eriala<\/p>\n<p>Tegevusalad: klaasimaal, tinavitraazh, liivs\u00f6\u00f6vitus, skulptuur<\/p>\n<p>Teoseid omavad: Soome Instituut; Soome Vabariigi saatkond Tallinnas; Saksamaa Liitvabariigi saatkond Tallinnas<br \/>\nErakogud: Jaapan, Taani, Norra , Saksamaa<\/p>\n<p>&nbsp;<\/p>\n","protected":false},"excerpt":{"rendered":"<p>telefon: +372 5027125 S\u00fcndinud 16.06.1963, Riia, L\u00e4ti Haridus: 1984-1990 ERKI-TK\u00dc klaasi eriala Tegevusalad: klaasimaal, tinavitraazh, liivs\u00f6\u00f6vitus, skulptuur Teoseid omavad: Soome Instituut; Soome Vabariigi saatkond Tallinnas; Saksamaa Liitvabariigi saatkond Tallinnas Erakogud: Jaapan, Taani, Norra , Saksamaa &nbsp;<\/p>\n","protected":false},"author":1,"featured_media":0,"parent":154,"menu_order":0,"comment_status":"closed","ping_status":"closed","template":"","meta":{"footnotes":""},"class_list":["post-1112","page","type-page","status-publish","hentry"],"aioseo_notices":[],"_links":{"self":[{"href":"https:\/\/klaasikunst.ee\/index.php?rest_route=\/wp\/v2\/pages\/1112","targetHints":{"allow":["GET"]}}],"collection":[{"href":"https:\/\/klaasikunst.ee\/index.php?rest_route=\/wp\/v2\/pages"}],"about":[{"href":"https:\/\/klaasikunst.ee\/index.php?rest_route=\/wp\/v2\/types\/page"}],"author":[{"embeddable":true,"href":"https:\/\/klaasikunst.ee\/index.php?rest_route=\/wp\/v2\/users\/1"}],"replies":[{"embeddable":true,"href":"https:\/\/klaasikunst.ee\/index.php?rest_route=%2Fwp%2Fv2%2Fcomments&post=1112"}],"version-history":[{"count":2,"href":"https:\/\/klaasikunst.ee\/index.php?rest_route=\/wp\/v2\/pages\/1112\/revisions"}],"predecessor-version":[{"id":3132,"href":"https:\/\/klaasikunst.ee\/index.php?rest_route=\/wp\/v2\/pages\/1112\/revisions\/3132"}],"up":[{"embeddable":true,"href":"https:\/\/klaasikunst.ee\/index.php?rest_route=\/wp\/v2\/pages\/154"}],"wp:attachment":[{"href":"https:\/\/klaasikunst.ee\/index.php?rest_route=%2Fwp%2Fv2%2Fmedia&parent=1112"}],"curies":[{"name":"wp","href":"https:\/\/api.w.org\/{rel}","templated":true}]}}