{"id":1110,"date":"2015-05-09T09:00:17","date_gmt":"2013-11-04T17:20:25","guid":{"rendered":"http:\/\/klaasikunst.ee\/?page_id=1110"},"modified":"2020-03-14T17:10:50","modified_gmt":"2020-03-14T15:10:50","slug":"merle-bukovec","status":"publish","type":"page","link":"https:\/\/klaasikunst.ee\/?page_id=1110","title":{"rendered":"Merle Lobjakas"},"content":{"rendered":"<p><div id=\"attachment_1356\" style=\"width: 310px\" class=\"wp-caption alignright\"><a href=\"http:\/\/klaasikunst.ee\/wp-content\/uploads\/2013\/11\/420.png\"><img loading=\"lazy\" decoding=\"async\" aria-describedby=\"caption-attachment-1356\" class=\"size-medium wp-image-1356 \" src=\"http:\/\/klaasikunst.ee\/wp-content\/uploads\/2013\/11\/420-300x213.png\" alt=\"420\" width=\"300\" height=\"213\" srcset=\"https:\/\/klaasikunst.ee\/wp-content\/uploads\/2013\/11\/420-300x213.png 300w, https:\/\/klaasikunst.ee\/wp-content\/uploads\/2013\/11\/420.png 545w\" sizes=\"auto, (max-width: 300px) 100vw, 300px\" \/><\/a><p id=\"caption-attachment-1356\" class=\"wp-caption-text\">Ajatusen\u00e4itaja VI 2004 Foto: Tiina Sarapu<\/p><\/div><a href=\"http:\/\/merlebukovec.wordpress.com\">http:\/\/merlebukovec.wordpress.com<\/a><br \/>\ne-mail:\u00a0<a href=\"mailto:merle.bukovec\">merle.lobjakas (\u00e4t) gmail.com<\/a><br \/>\nGSM: +372 52 269 51<\/p>\n<p>CV<br \/>\nS\u00fcndinud 1978 L\u00e4\u00e4nemaal, Linnusel<br \/>\nHaridus:<br \/>\n2009 Eesti Kunstiakadeemia, klaasikunst, MA<br \/>\n2002 EKA, klaasikunst, BA<br \/>\n1997 Tartu Kunstikool, kunstiline kujundamine<\/p>\n<p>Teenistusk\u00e4ik:<br \/>\n2012\u2013&#8230; EKA disainiteaduskonna magistri\u00f5ppe koordinaator<br \/>\n2008\u20132012 EKA klaasikunsti osakonna juhataja abi<br \/>\n2003\u20132008 MT\u00dc Urban (Meistrite Hoovi Galerii), m\u00fc\u00fcja, galeristi abi<\/p>\n<p><div id=\"attachment_1357\" style=\"width: 310px\" class=\"wp-caption alignright\"><a href=\"http:\/\/klaasikunst.ee\/wp-content\/uploads\/2013\/11\/422.png\"><img loading=\"lazy\" decoding=\"async\" aria-describedby=\"caption-attachment-1357\" class=\"size-medium wp-image-1357 \" src=\"http:\/\/klaasikunst.ee\/wp-content\/uploads\/2013\/11\/422-300x198.png\" alt=\"422\" width=\"300\" height=\"198\" srcset=\"https:\/\/klaasikunst.ee\/wp-content\/uploads\/2013\/11\/422-300x198.png 300w, https:\/\/klaasikunst.ee\/wp-content\/uploads\/2013\/11\/422.png 545w\" sizes=\"auto, (max-width: 300px) 100vw, 300px\" \/><\/a><p id=\"caption-attachment-1357\" class=\"wp-caption-text\">Maitse asi 2004<\/p><\/div>Isikun\u00e4itused:<br \/>\n2008 \u201eVoolujooned\u201c (magistrit\u00f6\u00f6 n\u00e4itus), Hop galerii, Tallinn<br \/>\n2005 &#8220;Ajatusen\u00e4itajad&#8221; Tartu Kunstimaja; N\u00f5mme Galerii, Tallinn<br \/>\n2004 &#8220;Ajatusen\u00e4itajad&#8221; Meistrite Hoovi Galerii, Tallinn<\/p>\n<p>\u00dcldn\u00e4itused:<br \/>\n2010 &#8220;\u00d6\u00f6valgus&#8221;, Kalamaja Kalmistupark, Tallinn<br \/>\n2009 &#8220;Eesti n\u00e4gu&#8221;, KU galerii, Tallinn<br \/>\n2008 &#8220;Avatud&#8221;, Paide Raekoda<br \/>\n2007 &#8220;Ringk\u00e4ik&#8221;, Albu m\u00f5is, J\u00e4rva maakond<br \/>\n2006 &#8220;Discovery&#8221;, Kullo galerii, Tallinn<br \/>\n2004 &#8220;Maritima&#8221;, Evald Okase Muuseum, Haapsalu<br \/>\n2003 &#8220;Vaagen&#8221;, Hobusepea Galerii, Tallinn<br \/>\n2003 &#8220;Vastu merd&#8221;, Meremuuseum, Tallinn<br \/>\n2003 &#8220;Talvevalgus&#8221;, Meistrite Hoovi Galerii, Tallinn<br \/>\n2003 &#8220;Klaasist&#8221;, Karja 6, Haapsalu<br \/>\n2002 &#8220;Eesti disain&#8221;, Design Forum Finland, Helsingi, Soome<br \/>\n2002 &#8220;Disain &#8211; klaas &#8211; EKA &#8211; Lorup&#8221;, Disaini- ja Arhitektuurigalerii, Tallinn<br \/>\n2002 &#8220;Enampakkumine&#8221;, Eesti Tarbekunsti- ja Disainimuuseum, Tallinn<br \/>\n2001 &#8220;Slow-tech&#8221;, Tartu Kunstimuuseum<br \/>\n2001 &#8220;Eesti graveeritud klaas&#8221;, Rahvusraamatukogu, Tallinn<br \/>\n2001 &#8220;Glass with care&#8221;, EKA galerii, Tallinn<br \/>\n2000 &#8220;Pocket Exhibition&#8221;, Holmegaard, Taani<br \/>\n2000 &#8220;L\u00e4bi klaasi&#8221;, Tallinna Raekoja keldrisaal<\/p>\n<p><div id=\"attachment_1370\" style=\"width: 308px\" class=\"wp-caption alignright\"><a href=\"http:\/\/klaasikunst.ee\/wp-content\/uploads\/2013\/11\/481.png\"><img loading=\"lazy\" decoding=\"async\" aria-describedby=\"caption-attachment-1370\" class=\"size-medium wp-image-1370 \" src=\"http:\/\/klaasikunst.ee\/wp-content\/uploads\/2013\/11\/481-298x300.png\" alt=\"481\" width=\"298\" height=\"300\" srcset=\"https:\/\/klaasikunst.ee\/wp-content\/uploads\/2013\/11\/481-298x300.png 298w, https:\/\/klaasikunst.ee\/wp-content\/uploads\/2013\/11\/481-150x150.png 150w, https:\/\/klaasikunst.ee\/wp-content\/uploads\/2013\/11\/481.png 545w\" sizes=\"auto, (max-width: 298px) 100vw, 298px\" \/><\/a><p id=\"caption-attachment-1370\" class=\"wp-caption-text\">Voolujooned 2008 Foto: Mare Saare<\/p><\/div>Tunnustused:<br \/>\n2008 Maks Roosma nimeline loominguline stipendium<br \/>\n2002 klaasitehase AS Skankristall disainikonkursi \u00fcks esikohtadest<\/p>\n<p>Teost omab:<br \/>\nEesti Tarbekunsti- ja Disainimuuseum<\/p>\n<p>Konverentsidel ja meistriklassides osalemine:<br \/>\n2007 J\u00e4rvakandi Klaasimuuseumi II klaasip\u00e4evad, ettekanne<br \/>\n2005, 2007 Kunilepa helmep\u00e4evad, Kunilepa talu, Rapla maakond<br \/>\n2003 Palamuse klaasikoda, primitiivklaasitehnikad<br \/>\n1999 P\u00e4ivi Kek\u00e4l\u00e4ise meistriklass, p\u00e2te-de-verre, Tallinn<\/p>\n<p>Kuulumine liitudesse:<br \/>\nalates 2004 Eesti Klaasikunstnike \u00dchendus (2007\u20132012 juhatuse liige)<\/p>\n<p>&nbsp;<\/p>\n","protected":false},"excerpt":{"rendered":"<p>http:\/\/merlebukovec.wordpress.com e-mail:\u00a0merle.lobjakas (\u00e4t) gmail.com GSM: +372 52 269 51 CV S\u00fcndinud 1978 L\u00e4\u00e4nemaal, Linnusel Haridus: 2009 Eesti Kunstiakadeemia, klaasikunst, MA 2002 EKA, klaasikunst, BA 1997 Tartu Kunstikool, kunstiline kujundamine Teenistusk\u00e4ik: 2012\u2013&#8230; EKA disainiteaduskonna magistri\u00f5ppe koordinaator 2008\u20132012 EKA klaasikunsti osakonna juhataja abi 2003\u20132008 MT\u00dc Urban (Meistrite Hoovi Galerii), m\u00fc\u00fcja, galeristi abi Isikun\u00e4itused: 2008 \u201eVoolujooned\u201c (magistrit\u00f6\u00f6 n\u00e4itus), [&hellip;]<\/p>\n","protected":false},"author":1,"featured_media":0,"parent":154,"menu_order":0,"comment_status":"closed","ping_status":"closed","template":"","meta":{"footnotes":""},"class_list":["post-1110","page","type-page","status-publish","hentry"],"aioseo_notices":[],"_links":{"self":[{"href":"https:\/\/klaasikunst.ee\/index.php?rest_route=\/wp\/v2\/pages\/1110","targetHints":{"allow":["GET"]}}],"collection":[{"href":"https:\/\/klaasikunst.ee\/index.php?rest_route=\/wp\/v2\/pages"}],"about":[{"href":"https:\/\/klaasikunst.ee\/index.php?rest_route=\/wp\/v2\/types\/page"}],"author":[{"embeddable":true,"href":"https:\/\/klaasikunst.ee\/index.php?rest_route=\/wp\/v2\/users\/1"}],"replies":[{"embeddable":true,"href":"https:\/\/klaasikunst.ee\/index.php?rest_route=%2Fwp%2Fv2%2Fcomments&post=1110"}],"version-history":[{"count":15,"href":"https:\/\/klaasikunst.ee\/index.php?rest_route=\/wp\/v2\/pages\/1110\/revisions"}],"predecessor-version":[{"id":5292,"href":"https:\/\/klaasikunst.ee\/index.php?rest_route=\/wp\/v2\/pages\/1110\/revisions\/5292"}],"up":[{"embeddable":true,"href":"https:\/\/klaasikunst.ee\/index.php?rest_route=\/wp\/v2\/pages\/154"}],"wp:attachment":[{"href":"https:\/\/klaasikunst.ee\/index.php?rest_route=%2Fwp%2Fv2%2Fmedia&parent=1110"}],"curies":[{"name":"wp","href":"https:\/\/api.w.org\/{rel}","templated":true}]}}