{"id":1108,"date":"2015-05-09T08:52:53","date_gmt":"2013-11-04T17:19:19","guid":{"rendered":"http:\/\/klaasikunst.ee\/?page_id=1108"},"modified":"2014-02-04T16:32:34","modified_gmt":"2014-02-04T16:32:34","slug":"tatjana-buhhenskaja","status":"publish","type":"page","link":"https:\/\/klaasikunst.ee\/?page_id=1108","title":{"rendered":"Tatjana Buhhenskaja"},"content":{"rendered":"<div id=\"attachment_1351\" style=\"width: 238px\" class=\"wp-caption alignright\"><a href=\"http:\/\/klaasikunst.ee\/wp-content\/uploads\/2013\/11\/413.png\"><img loading=\"lazy\" decoding=\"async\" aria-describedby=\"caption-attachment-1351\" class=\"size-medium wp-image-1351 \" alt=\"413\" src=\"http:\/\/klaasikunst.ee\/wp-content\/uploads\/2013\/11\/413-228x300.png\" width=\"228\" height=\"300\" srcset=\"https:\/\/klaasikunst.ee\/wp-content\/uploads\/2013\/11\/413-228x300.png 228w, https:\/\/klaasikunst.ee\/wp-content\/uploads\/2013\/11\/413.png 545w\" sizes=\"auto, (max-width: 228px) 100vw, 228px\" \/><\/a><p id=\"caption-attachment-1351\" class=\"wp-caption-text\">Mere \u00e4\u00e4res, 1992<\/p><\/div>\n<p>telefon: 644 27 76<br \/>\nGSM: 56617975<\/p>\n<p>CV<br \/>\nS\u00fcndinud 31.07.1949<br \/>\nHaridus: 1971-1977 ERKI klaasi eriala<br \/>\nAlates 1987 Kunstnike Liidu liige<br \/>\nTegevusalad: vabapuhumine, lihvimine, liivs\u00f6\u00f6vitus, vitraazh<\/p>\n<p>Valik n\u00e4itusi:<br \/>\n1978 II tarbekunstikvadriennaal, Erfurt, Saksamaa<br \/>\n1979 \u00fcleliiduline tarbekunstin\u00e4itus, Moskva<br \/>\n1983, 1989 eesti klaasi \u00fclevaaten\u00e4itus, Tallinn<br \/>\n1983 II Baltimaade tarbekunstitriennaal, Tallinn<br \/>\n1994 tarbekunstin\u00e4itus, K\u00f6ln, Saksamaa<br \/>\n1995 Baltimaade vitraazhin\u00e4itus, Leedu Rahvusgalerii,Vilnius<\/p>\n<p>Isikun\u00e4itused:<br \/>\n1985 Tallinna Linnamuuseum (T. Buhhenskaja, R. Ohna, A. Papp)<br \/>\n1996 galerii \u201cRosa Azora\u201d, Moskva<\/p>\n<p>Teoseid omavad:<br \/>\nEesti Tarbekunsti- ja disainimuuseum, Eesti Kunstifond<br \/>\nErakogud: Rootsi, USA<\/p>\n<p>&nbsp;<\/p>\n","protected":false},"excerpt":{"rendered":"<p>telefon: 644 27 76 GSM: 56617975 CV S\u00fcndinud 31.07.1949 Haridus: 1971-1977 ERKI klaasi eriala Alates 1987 Kunstnike Liidu liige Tegevusalad: vabapuhumine, lihvimine, liivs\u00f6\u00f6vitus, vitraazh Valik n\u00e4itusi: 1978 II tarbekunstikvadriennaal, Erfurt, Saksamaa 1979 \u00fcleliiduline tarbekunstin\u00e4itus, Moskva 1983, 1989 eesti klaasi \u00fclevaaten\u00e4itus, Tallinn 1983 II Baltimaade tarbekunstitriennaal, Tallinn 1994 tarbekunstin\u00e4itus, K\u00f6ln, Saksamaa 1995 Baltimaade vitraazhin\u00e4itus, Leedu Rahvusgalerii,Vilnius [&hellip;]<\/p>\n","protected":false},"author":1,"featured_media":0,"parent":154,"menu_order":0,"comment_status":"closed","ping_status":"closed","template":"","meta":{"footnotes":""},"class_list":["post-1108","page","type-page","status-publish","hentry"],"aioseo_notices":[],"_links":{"self":[{"href":"https:\/\/klaasikunst.ee\/index.php?rest_route=\/wp\/v2\/pages\/1108","targetHints":{"allow":["GET"]}}],"collection":[{"href":"https:\/\/klaasikunst.ee\/index.php?rest_route=\/wp\/v2\/pages"}],"about":[{"href":"https:\/\/klaasikunst.ee\/index.php?rest_route=\/wp\/v2\/types\/page"}],"author":[{"embeddable":true,"href":"https:\/\/klaasikunst.ee\/index.php?rest_route=\/wp\/v2\/users\/1"}],"replies":[{"embeddable":true,"href":"https:\/\/klaasikunst.ee\/index.php?rest_route=%2Fwp%2Fv2%2Fcomments&post=1108"}],"version-history":[{"count":4,"href":"https:\/\/klaasikunst.ee\/index.php?rest_route=\/wp\/v2\/pages\/1108\/revisions"}],"predecessor-version":[{"id":3378,"href":"https:\/\/klaasikunst.ee\/index.php?rest_route=\/wp\/v2\/pages\/1108\/revisions\/3378"}],"up":[{"embeddable":true,"href":"https:\/\/klaasikunst.ee\/index.php?rest_route=\/wp\/v2\/pages\/154"}],"wp:attachment":[{"href":"https:\/\/klaasikunst.ee\/index.php?rest_route=%2Fwp%2Fv2%2Fmedia&parent=1108"}],"curies":[{"name":"wp","href":"https:\/\/api.w.org\/{rel}","templated":true}]}}