{"id":1106,"date":"2014-02-04T13:26:20","date_gmt":"2013-11-04T17:17:56","guid":{"rendered":"http:\/\/klaasikunst.ee\/?page_id=1106"},"modified":"2020-05-17T19:24:56","modified_gmt":"2020-05-17T17:24:56","slug":"sofi-arsas","status":"publish","type":"page","link":"https:\/\/klaasikunst.ee\/?page_id=1106","title":{"rendered":"Sofi Ar\u0161as"},"content":{"rendered":"<p><a href=\"http:\/\/klaasikunst.ee\/wp-content\/uploads\/2014\/02\/Sofi-kl-objekti-taustal.jpg\"><img loading=\"lazy\" decoding=\"async\" class=\"alignright wp-image-3984\" src=\"http:\/\/klaasikunst.ee\/wp-content\/uploads\/2014\/02\/Sofi-kl-objekti-taustal-536x1024.jpg\" alt=\"Sofi kl-objekti taustal\" width=\"206\" height=\"445\" \/><\/a><br \/>\ne-mail: <a href=\"javascript:secureDecryptAndNavigate('BqugNEBa0k4g1sudyze8+OkBXxnAkcWl1NCKCBW6z8JznlEwqSfnDG6MMc0obKNnPkQQMGht5rmKmVlzqRl23SO8T1\/wtyXUTTfL', '3676280a68af271c25ee9598e755fddfbbd9da6cbad6358d6a6319c7119140f6')\">sofiarchas [at] gmail [dot] com<\/a><br \/>\nGSM: +372 56 957 052<br \/>\n<a href=\"http:\/\/sofiarshas.weebly.com\" target=\"_blank\" rel=\"noopener noreferrer\">http:\/\/sofiarshas.weebly.com<\/a><br \/>\n<a href=\"https:\/\/stuudiomustvalge.eu\" target=\"_blank\" rel=\"noopener noreferrer\">https:\/\/stuudiomustvalge.eu<\/a><\/p>\n<p><strong>CV<\/strong><br \/>\nHaridus:<br \/>\n1994 -1998 TP\u00dc magistratuur<br \/>\n1992 Tallinna Kunsti\u00fclikool (EKA), klaasikunstnik<br \/>\nTeenistusk\u00e4ik:<br \/>\n2007 TL\u00dc kunstiosakonna juhataja kohuset\u00e4itja<br \/>\n1998 TP\u00dc kunstiosakonnas klaasikunsti lektor<br \/>\n1992 TP\u00dc kunstiosakonnas joonistamise \u00f5petaja.<br \/>\nKehtivad t\u00f6\u00f6suhted:<br \/>\nTL\u00dc-s Kunstide teaduskond, kunstihariduse osakonnas klaasikunsti lektor<\/p>\n<p><a href=\"http:\/\/klaasikunst.ee\/wp-content\/uploads\/2013\/11\/29.png\"><img loading=\"lazy\" decoding=\"async\" class=\"alignleft\" src=\"http:\/\/klaasikunst.ee\/wp-content\/uploads\/2013\/11\/29-200x300.png\" alt=\"29\" width=\"200\" height=\"300\" \/><br \/>\n<\/a><strong><span style=\"color: #000000;\">Isikn\u00e4itused:<\/span><\/strong><br \/>\n<span style=\"color: #000000;\"> 2013 &#8220;Oli kord suvi&#8221; Kloostriait, Tallinn<\/span><br \/>\n<span style=\"color: #000000;\"> 2010 &#8220;Rajad l\u00e4bi vee ja aja&#8221; Kastellaanimaja Galerii 10.10 &#8211; 31.10.2011<\/span><br \/>\n<span style=\"color: #000000;\"> 2005 \u201dKlaas\u201d Kunstiosakonna galerii<\/span><br \/>\n<span style=\"color: #000000;\"> 2004 \u201cSonett\u201d Lammasgalerii, Otep\u00e4\u00e4<\/span><br \/>\n<span style=\"color: #000000;\"> 2003 \u201cKlaas ja muusika\u201d Haapsalu Kuursaal<\/span><br \/>\n<span style=\"color: #000000;\"> 2003 Vitraa\u017ein\u00e4itus Dominicanese galerii<\/span><br \/>\n<span style=\"color: #000000;\"> 2002 \u201dJ\u00e4relkaja\u201d Mustam\u00e4e P\u00e4evakeskus Kaja<\/span><br \/>\n<span style=\"color: #000000;\"> 2001 Klaasinstallatsioonide n\u00e4itus \u201cS\u00fcnasteesia\u201d Kastellaanimaja galerii<\/span><br \/>\n<span style=\"color: #000000;\"> 2000 \u201eKontakt\u201d Sammasgalerii, Tallinn <\/span><\/p>\n<p><strong>Viimase 5 aasta \u00fchisn\u00e4itused:<\/strong><br \/>\n2013 \u201cValgus\u201d, Raplamaa Kaasaegse Kunsti Keskus<br \/>\n2013 299,792,548 m\/s Eesti valguskunstibiennaal<br \/>\nDisaini- ja Arhitektuurigalerii, P\u00e4rnu mnt. 6<br \/>\n21.11- 01.12 2013,<br \/>\nKinos Helios 24.11- 01.12.2013<br \/>\n2013 \u201cLiivast oled sa v\u00f5etud\u2026\u201d, Reigi pastoraat, Hiiumaa<br \/>\n2013 \u201cKoosk\u00f5la\u201d, Haus galerii, Tallinn<br \/>\n2012 \u201cContemporary Estonian Glass Art\u201d, Jelagini saare Klaasimuuseum, Peterburi,<br \/>\n2012 \u201cSuur haprus\u201d, Kunstihoone, Tallinn<br \/>\n2012 \u201cTervitades, Teie.. \u201d Uue Kunsti Muuseum, P\u00e4rnu<br \/>\n2012 \u201cIs plokstumos\u201d (\u201c2D \u2192\u201d ) Arka galerii, Vilnius, Leedu<br \/>\n2012 Kaasaegne Eesti klaasikunst Tarbekunsti- ja Disainimuuseum<br \/>\n2011 VITRUM BALTICUM V.IMAGE MEMORY rahvusvaheline n\u00e4itus 24.11. 2011 &#8211; 9.01.2012 Kaunase Fotograafia Galerii<br \/>\n2011 Eesti klaasikunstnike aastan\u00e4itus \u201dPaar\u201d Kullo galerii<br \/>\n2011 Eesti tarbekunstnike aastan\u00e4itus Ragulka, Tallinna Kunstihoone<br \/>\n2010 Eesti klaasikunstnike aastan\u00e4itus \u201dOlekud\u201d Arhitektuuri- ja disainigalerii<br \/>\n2010 Rahvusvaheline aktin\u00e4itus \u201dMees ja naine\u201d P\u00e4rnu uue kunsti muuseum<br \/>\n2009 Eesti Kunstnike Liidu aastan\u00e4itus \u201dEnesepaljastus\u201d<\/p>\n<p><strong><span style=\"color: #000000;\">Muu erialane tegevus:<\/span><\/strong><br \/>\n<span style=\"color: #000000;\"> 2007 Eesti Kunstnike Liidu liige<\/span><br \/>\n<span style=\"color: #000000;\"> 2001 Eesti Klaasikunstnike \u00dchenduse liige,<\/span><br \/>\n<span style=\"color: #000000;\"> 2001-2003 EKK\u00dc juhatuse liige<\/span><br \/>\n<span style=\"color: #000000;\"> 2011 Aknakujundus ja klaasimaalid Haapsalu Kuursaalile<\/span><br \/>\n<span style=\"color: #000000;\"> 2009 Kohaspetsiifiline kunstiprojekt \u201dInterventions\u201d Walestonia Llanfyllin Workhouse, Wales<\/span><br \/>\n<span style=\"color: #000000;\"> Projekteeritud ja teostatud vitraa\u017ee ja klaasobjekte b\u00fcroodesse, laevadele, eramutesse jne, Olulisemad neist:<\/span><br \/>\n<span style=\"color: #000000;\"> 2011 Vitraa\u017eid kingitusteks Tallinna \u00dclikooli t\u00e4iend\u00f5ppekeskusele<\/span><br \/>\n<span style=\"color: #000000;\"> 2011 Vitraa\u017e kingituseksTallinna \u00dclikooli poolt Moskva Riiklikule \u00dclikoolile<\/span><br \/>\n<span style=\"color: #000000;\"> Auhinnad Castrol EDGE tellimusel:<\/span><br \/>\n<span style=\"color: #000000;\"> 2010 Castrol jalgpalli turniir<\/span><br \/>\n<span style=\"color: #000000;\"> 2009 R\u00e4ndauhind Castrol jalgpalli turniirile<\/span><br \/>\n<span style=\"color: #000000;\"> 2008 Castrol EDGE Racing 2008<\/span><br \/>\n<span style=\"color: #000000;\"> vitraa\u017e-pannoo Eesti Kaitsepolitsei kaminasaali,<\/span><br \/>\n<span style=\"color: #000000;\"> klaasobjektid TP\u00dc kultuuriteaduskonna rezhii \u00f5ppetooli akendele,<\/span><br \/>\n<span style=\"color: #000000;\"> figuraalsed vitraa\u017eid Vana Testamendi ainetel USA reisilaeva kabelisse.<\/span><br \/>\n<span style=\"color: #000000;\"> Teostatud on ka mitmeid klaasobjekte ja vitraa\u017ee eramajadesse<\/span><br \/>\n<strong><span style=\"color: #000000;\"> T\u00f6id kollektsioonides:<\/span><\/strong><br \/>\n<span style=\"color: #000000;\"> \u201cKontakt valgusega\u201d I ; II &#8211; Tallinna Linnamuuseum 1999<\/span><br \/>\n<span style=\"color: #000000;\"> Vitraa\u017ee erakogudes Soomes, Rootsis, Israelis, Saksamaal, USA-s<\/span><\/p>\n<p><a href=\"http:\/\/klaasikunst.ee\/wp-content\/uploads\/2013\/11\/30.png\"><img loading=\"lazy\" decoding=\"async\" class=\"alignleft\" src=\"http:\/\/klaasikunst.ee\/wp-content\/uploads\/2013\/11\/30-300x200.png\" alt=\"30\" width=\"300\" height=\"200\" \/><\/a><\/p>\n<div><\/div>\n<p>&nbsp;<\/p>\n<p>&nbsp;<\/p>\n<p>&nbsp;<\/p>\n<p>&nbsp;<\/p>\n<p>&nbsp;<\/p>\n<p>&nbsp;<\/p>\n<p><a href=\"http:\/\/klaasikunst.ee\/wp-content\/uploads\/2014\/02\/sukeldus-p\u00e4ikese-poole1.jpg\"><img loading=\"lazy\" decoding=\"async\" class=\"alignnone wp-image-3989\" src=\"http:\/\/klaasikunst.ee\/wp-content\/uploads\/2014\/02\/sukeldus-p\u00e4ikese-poole1-1024x773.jpg\" alt=\"sukeldus p\u00e4ikese poole1\" width=\"308\" height=\"232\" srcset=\"https:\/\/klaasikunst.ee\/wp-content\/uploads\/2014\/02\/sukeldus-p\u00e4ikese-poole1-1024x773.jpg 1024w, https:\/\/klaasikunst.ee\/wp-content\/uploads\/2014\/02\/sukeldus-p\u00e4ikese-poole1-300x226.jpg 300w, https:\/\/klaasikunst.ee\/wp-content\/uploads\/2014\/02\/sukeldus-p\u00e4ikese-poole1-624x471.jpg 624w, https:\/\/klaasikunst.ee\/wp-content\/uploads\/2014\/02\/sukeldus-p\u00e4ikese-poole1.jpg 1098w\" sizes=\"auto, (max-width: 308px) 100vw, 308px\" \/><\/a><\/p>\n<p>&nbsp;<\/p>\n<p><img loading=\"lazy\" decoding=\"async\" class=\"alignnone wp-image-3990\" src=\"http:\/\/klaasikunst.ee\/wp-content\/uploads\/2014\/02\/uus-rulluksin.jpg\" alt=\"uus rulluksin\" width=\"306\" height=\"229\" srcset=\"https:\/\/klaasikunst.ee\/wp-content\/uploads\/2014\/02\/uus-rulluksin.jpg 1000w, https:\/\/klaasikunst.ee\/wp-content\/uploads\/2014\/02\/uus-rulluksin-300x225.jpg 300w, https:\/\/klaasikunst.ee\/wp-content\/uploads\/2014\/02\/uus-rulluksin-624x468.jpg 624w\" sizes=\"auto, (max-width: 306px) 100vw, 306px\" \/><\/p>\n<p><img loading=\"lazy\" decoding=\"async\" class=\"alignnone wp-image-3991\" src=\"http:\/\/klaasikunst.ee\/wp-content\/uploads\/2014\/02\/Tagasivaatepeeglid-\u00f5ige-1024x778.jpg\" alt=\"Tagasivaatepeeglid (\u00f5ige)\" width=\"408\" height=\"310\" srcset=\"https:\/\/klaasikunst.ee\/wp-content\/uploads\/2014\/02\/Tagasivaatepeeglid-\u00f5ige-1024x778.jpg 1024w, https:\/\/klaasikunst.ee\/wp-content\/uploads\/2014\/02\/Tagasivaatepeeglid-\u00f5ige-300x227.jpg 300w, https:\/\/klaasikunst.ee\/wp-content\/uploads\/2014\/02\/Tagasivaatepeeglid-\u00f5ige-624x474.jpg 624w\" sizes=\"auto, (max-width: 408px) 100vw, 408px\" \/><\/p>\n<p><a href=\"http:\/\/klaasikunst.ee\/wp-content\/uploads\/2014\/02\/s\u00f5natu-j\u00f5ud-I-posits.jpg\"><img loading=\"lazy\" decoding=\"async\" class=\"alignnone wp-image-3992\" src=\"http:\/\/klaasikunst.ee\/wp-content\/uploads\/2014\/02\/s\u00f5natu-j\u00f5ud-I-posits-1024x682.jpg\" alt=\"s\u00f5na(tu) j\u00f5ud I posits\" width=\"413\" height=\"275\" srcset=\"https:\/\/klaasikunst.ee\/wp-content\/uploads\/2014\/02\/s\u00f5natu-j\u00f5ud-I-posits-1024x682.jpg 1024w, https:\/\/klaasikunst.ee\/wp-content\/uploads\/2014\/02\/s\u00f5natu-j\u00f5ud-I-posits-300x199.jpg 300w, https:\/\/klaasikunst.ee\/wp-content\/uploads\/2014\/02\/s\u00f5natu-j\u00f5ud-I-posits-624x415.jpg 624w, https:\/\/klaasikunst.ee\/wp-content\/uploads\/2014\/02\/s\u00f5natu-j\u00f5ud-I-posits.jpg 2000w\" sizes=\"auto, (max-width: 413px) 100vw, 413px\" \/><\/a><\/p>\n<p>&nbsp;<\/p>\n<p><a href=\"http:\/\/klaasikunst.ee\/wp-content\/uploads\/2014\/02\/klaasit\u00f6\u00f6stuse-p\u00f5ik.jpg\"><img loading=\"lazy\" decoding=\"async\" class=\"alignnone wp-image-3995\" src=\"http:\/\/klaasikunst.ee\/wp-content\/uploads\/2014\/02\/klaasit\u00f6\u00f6stuse-p\u00f5ik-1024x678.jpg\" alt=\"klaasit\u00f6\u00f6stuse p\u00f5ik\" width=\"414\" height=\"274\" srcset=\"https:\/\/klaasikunst.ee\/wp-content\/uploads\/2014\/02\/klaasit\u00f6\u00f6stuse-p\u00f5ik-1024x678.jpg 1024w, https:\/\/klaasikunst.ee\/wp-content\/uploads\/2014\/02\/klaasit\u00f6\u00f6stuse-p\u00f5ik-300x198.jpg 300w, https:\/\/klaasikunst.ee\/wp-content\/uploads\/2014\/02\/klaasit\u00f6\u00f6stuse-p\u00f5ik-624x413.jpg 624w, https:\/\/klaasikunst.ee\/wp-content\/uploads\/2014\/02\/klaasit\u00f6\u00f6stuse-p\u00f5ik.jpg 2000w\" sizes=\"auto, (max-width: 414px) 100vw, 414px\" \/><\/a><a href=\"http:\/\/klaasikunst.ee\/wp-content\/uploads\/2014\/02\/Klaasit\u00f6\u00f6stuse-p\u00f5ik-Tarbeklaas-fragment.jpg\"><img loading=\"lazy\" decoding=\"async\" class=\"alignright wp-image-3996\" src=\"http:\/\/klaasikunst.ee\/wp-content\/uploads\/2014\/02\/Klaasit\u00f6\u00f6stuse-p\u00f5ik-Tarbeklaas-fragment-1024x678.jpg\" alt=\"Klaasit\u00f6\u00f6stuse p\u00f5ik, Tarbeklaas (fragment)\" width=\"323\" height=\"214\" srcset=\"https:\/\/klaasikunst.ee\/wp-content\/uploads\/2014\/02\/Klaasit\u00f6\u00f6stuse-p\u00f5ik-Tarbeklaas-fragment-1024x678.jpg 1024w, https:\/\/klaasikunst.ee\/wp-content\/uploads\/2014\/02\/Klaasit\u00f6\u00f6stuse-p\u00f5ik-Tarbeklaas-fragment-300x198.jpg 300w, https:\/\/klaasikunst.ee\/wp-content\/uploads\/2014\/02\/Klaasit\u00f6\u00f6stuse-p\u00f5ik-Tarbeklaas-fragment-624x413.jpg 624w\" sizes=\"auto, (max-width: 323px) 100vw, 323px\" \/><\/a><\/p>\n<p>&nbsp;<\/p>\n<p>&nbsp;<\/p>\n<p>&nbsp;<\/p>\n<p>&nbsp;<\/p>\n<p>&nbsp;<\/p>\n<p>&nbsp;<\/p>\n<p><img loading=\"lazy\" decoding=\"async\" class=\"alignright wp-image-3994\" src=\"http:\/\/klaasikunst.ee\/wp-content\/uploads\/2014\/02\/S\u00f5natu-j\u00f5ud-I-767x1024.jpg\" alt=\"S\u00f5natu j\u00f5ud I\" width=\"325\" height=\"434\" srcset=\"https:\/\/klaasikunst.ee\/wp-content\/uploads\/2014\/02\/S\u00f5natu-j\u00f5ud-I-767x1024.jpg 767w, https:\/\/klaasikunst.ee\/wp-content\/uploads\/2014\/02\/S\u00f5natu-j\u00f5ud-I-224x300.jpg 224w, https:\/\/klaasikunst.ee\/wp-content\/uploads\/2014\/02\/S\u00f5natu-j\u00f5ud-I-624x832.jpg 624w, https:\/\/klaasikunst.ee\/wp-content\/uploads\/2014\/02\/S\u00f5natu-j\u00f5ud-I.jpg 2000w\" sizes=\"auto, (max-width: 325px) 100vw, 325px\" \/><\/p>\n<p>&nbsp;<\/p>\n<p>&nbsp;<\/p>\n<p>&nbsp;<\/p>\n<p>&nbsp;<\/p>\n","protected":false},"excerpt":{"rendered":"<p>e-mail: sofiarchas [at] gmail [dot] com GSM: +372 56 957 052 http:\/\/sofiarshas.weebly.com https:\/\/stuudiomustvalge.eu CV Haridus: 1994 -1998 TP\u00dc magistratuur 1992 Tallinna Kunsti\u00fclikool (EKA), klaasikunstnik Teenistusk\u00e4ik: 2007 TL\u00dc kunstiosakonna juhataja kohuset\u00e4itja 1998 TP\u00dc kunstiosakonnas klaasikunsti lektor 1992 TP\u00dc kunstiosakonnas joonistamise \u00f5petaja. Kehtivad t\u00f6\u00f6suhted: TL\u00dc-s Kunstide teaduskond, kunstihariduse osakonnas klaasikunsti lektor Isikn\u00e4itused: 2013 &#8220;Oli kord suvi&#8221; Kloostriait, [&hellip;]<\/p>\n","protected":false},"author":1,"featured_media":0,"parent":154,"menu_order":0,"comment_status":"closed","ping_status":"closed","template":"","meta":{"footnotes":""},"class_list":["post-1106","page","type-page","status-publish","hentry"],"aioseo_notices":[],"_links":{"self":[{"href":"https:\/\/klaasikunst.ee\/index.php?rest_route=\/wp\/v2\/pages\/1106","targetHints":{"allow":["GET"]}}],"collection":[{"href":"https:\/\/klaasikunst.ee\/index.php?rest_route=\/wp\/v2\/pages"}],"about":[{"href":"https:\/\/klaasikunst.ee\/index.php?rest_route=\/wp\/v2\/types\/page"}],"author":[{"embeddable":true,"href":"https:\/\/klaasikunst.ee\/index.php?rest_route=\/wp\/v2\/users\/1"}],"replies":[{"embeddable":true,"href":"https:\/\/klaasikunst.ee\/index.php?rest_route=%2Fwp%2Fv2%2Fcomments&post=1106"}],"version-history":[{"count":13,"href":"https:\/\/klaasikunst.ee\/index.php?rest_route=\/wp\/v2\/pages\/1106\/revisions"}],"predecessor-version":[{"id":5368,"href":"https:\/\/klaasikunst.ee\/index.php?rest_route=\/wp\/v2\/pages\/1106\/revisions\/5368"}],"up":[{"embeddable":true,"href":"https:\/\/klaasikunst.ee\/index.php?rest_route=\/wp\/v2\/pages\/154"}],"wp:attachment":[{"href":"https:\/\/klaasikunst.ee\/index.php?rest_route=%2Fwp%2Fv2%2Fmedia&parent=1106"}],"curies":[{"name":"wp","href":"https:\/\/api.w.org\/{rel}","templated":true}]}}