{"id":1102,"date":"2015-05-09T08:39:02","date_gmt":"2013-11-04T17:16:42","guid":{"rendered":"http:\/\/klaasikunst.ee\/?page_id=1102"},"modified":"2013-11-05T14:19:05","modified_gmt":"2013-11-05T14:19:05","slug":"aet-andresma-tamm","status":"publish","type":"page","link":"https:\/\/klaasikunst.ee\/?page_id=1102","title":{"rendered":"Aet Andresma-Tamm"},"content":{"rendered":"<p>e-mail:\u00a0<a href=\"mailto:aet.andresma\">aet.andresma (\u00e4t) gmail.com<\/a><br \/>\nGSM: +372 5081772<\/p>\n<p>CV<br \/>\nS\u00fcndinud 19.05.1938 Viljandis<br \/>\nHaridus: 1960-1966 ERKI klaasi eriala<br \/>\nAlates 1971 Kunstnike Liidu liige<br \/>\nTegevusalad: vitraazh, kuumt\u00f6\u00f6tlus, valamine, lihvimine<\/p>\n<p>Valik n\u00e4itusi:<br \/>\n1968 Eesti tarbekunstin\u00e4itus, Berliin, Saksamaa<br \/>\n1970, 1982, 1983, 1989 eesti klaasi \u00fclevaaten\u00e4itused, Tallinn, Tartu<br \/>\n1987 Eesti kunsti n\u00e4itus, Moskva<br \/>\n1994 Eesti klaasi n\u00e4itus, Hvittr\u00e4sk, Soome<\/p>\n<p>Monumentaalteoseid:<br \/>\n1979 skulptuur ja valgustid, Pirita rannahoone, Tallinn<br \/>\n1989 pannoo, kohvik \u201cGnoom\u201d, Tallinn<br \/>\n1990 dekoratiivpeeglid, kohvik \u201cMaiasmokk\u201d, Tallinn<br \/>\n1994 uksed ja peegelseinad, teater \u201cEndla\u201d, P\u00e4rnu<br \/>\n1994 ruumiline kompositsioon, Paide G\u00fcmnaasium<br \/>\n1972 hotelli \u201cViru\u201d restorani lagi, Tallinn (A. Andresma, M. Lobjakas)<br \/>\n1980 pannoo, Pirita purjespordikeskus (A. Andresma, M. Lobjakas)<br \/>\n1985 aken, Toompea loss,Tallinn (A. Andresma, M. Lobjakas)<br \/>\n1986 valgusti, Tartu \u00dclikooli Raamatukogu (A. Andresma, M. Lobjakas)<\/p>\n<p>Teoseid omavad: Eesti Tarbekunsti- ja disainimuuseum, Eesti Ajaloomuuseum, Tallinna Linnamuuseum, Eesti Kunstifond; Vene Tarbekunstimuuseum, Moskva; Lvovi Klaasimuuseum, Ukraina<\/p>\n","protected":false},"excerpt":{"rendered":"<p>e-mail:\u00a0aet.andresma (\u00e4t) gmail.com GSM: +372 5081772 CV S\u00fcndinud 19.05.1938 Viljandis Haridus: 1960-1966 ERKI klaasi eriala Alates 1971 Kunstnike Liidu liige Tegevusalad: vitraazh, kuumt\u00f6\u00f6tlus, valamine, lihvimine Valik n\u00e4itusi: 1968 Eesti tarbekunstin\u00e4itus, Berliin, Saksamaa 1970, 1982, 1983, 1989 eesti klaasi \u00fclevaaten\u00e4itused, Tallinn, Tartu 1987 Eesti kunsti n\u00e4itus, Moskva 1994 Eesti klaasi n\u00e4itus, Hvittr\u00e4sk, Soome Monumentaalteoseid: 1979 skulptuur [&hellip;]<\/p>\n","protected":false},"author":1,"featured_media":0,"parent":154,"menu_order":0,"comment_status":"closed","ping_status":"closed","template":"","meta":{"footnotes":""},"class_list":["post-1102","page","type-page","status-publish","hentry"],"aioseo_notices":[],"_links":{"self":[{"href":"https:\/\/klaasikunst.ee\/index.php?rest_route=\/wp\/v2\/pages\/1102","targetHints":{"allow":["GET"]}}],"collection":[{"href":"https:\/\/klaasikunst.ee\/index.php?rest_route=\/wp\/v2\/pages"}],"about":[{"href":"https:\/\/klaasikunst.ee\/index.php?rest_route=\/wp\/v2\/types\/page"}],"author":[{"embeddable":true,"href":"https:\/\/klaasikunst.ee\/index.php?rest_route=\/wp\/v2\/users\/1"}],"replies":[{"embeddable":true,"href":"https:\/\/klaasikunst.ee\/index.php?rest_route=%2Fwp%2Fv2%2Fcomments&post=1102"}],"version-history":[{"count":2,"href":"https:\/\/klaasikunst.ee\/index.php?rest_route=\/wp\/v2\/pages\/1102\/revisions"}],"predecessor-version":[{"id":1528,"href":"https:\/\/klaasikunst.ee\/index.php?rest_route=\/wp\/v2\/pages\/1102\/revisions\/1528"}],"up":[{"embeddable":true,"href":"https:\/\/klaasikunst.ee\/index.php?rest_route=\/wp\/v2\/pages\/154"}],"wp:attachment":[{"href":"https:\/\/klaasikunst.ee\/index.php?rest_route=%2Fwp%2Fv2%2Fmedia&parent=1102"}],"curies":[{"name":"wp","href":"https:\/\/api.w.org\/{rel}","templated":true}]}}